{"id":5,"date":"2013-05-08T16:20:17","date_gmt":"2013-05-08T16:20:17","guid":{"rendered":"http:\/\/sites.ipleiria.pt\/conferenciainternacionalobidoscriativa\/?page_id=5"},"modified":"2013-05-13T21:01:05","modified_gmt":"2013-05-13T21:01:05","slug":"comissao-cientifica","status":"publish","type":"page","link":"https:\/\/sites.ipleiria.pt\/conferenciainternacionalobidoscriativa\/comissao-cientifica\/","title":{"rendered":"Comiss\u00e3o Cientifica"},"content":{"rendered":"<p><strong>Jo\u00e3o Formosinho.<\/strong> \u00c9 professor catedr\u00e1tico do Departamento de Ci\u00eancias Sociais da Educa\u00e7\u00e3o do Instituto de Educa\u00e7\u00e3o da Universidade do Minho. \u00c9 Presidente do Conselho Cient\u00edfico-Pedag\u00f3gico da Forma\u00e7\u00e3o Cont\u00ednua de Professores. Foi Coordenador do Grupo de Trabalho de Administra\u00e7\u00e3o e Gest\u00e3o Escolar, no \u00e2mbito da Comiss\u00e3o de Reforma do Sistema Educativo (1987-89) e membro do Conselho Nacional de Educa\u00e7\u00e3o (1989-1999). No \u00e2mbito da avalia\u00e7\u00e3o institucional foi presidente da Comiss\u00e3o de Avalia\u00e7\u00e3o Externa dos Cursos de Forma\u00e7\u00e3o de Professores em Educa\u00e7\u00e3o de Inf\u00e2ncia e Ensino B\u00e1sico do Primeiro Ciclo, 2004-2005,e membro da comiss\u00e3o de avalia\u00e7\u00e3o da Faculdade de Educa\u00e7\u00e3o da Universidade de S\u00e3o Paulo\u201d (Mar\u00e7o, 2005). Foi consultor e avaliador do programa de forma\u00e7\u00e3o em lideran\u00e7a na educa\u00e7\u00e3o de inf\u00e2ncia do governo ingl\u00eas. \u00c9 atualmente avaliador da Ag\u00eancia de Avalia\u00e7\u00e3o e Acredita\u00e7\u00e3o do Ensino Superior (A3ES). Em 2012 presidiu \u00e0 Confer\u00eancia Anual da Associa\u00e7\u00e3o Europeia de Investiga\u00e7\u00e3o e Educa\u00e7\u00e3o de Inf\u00e2ncia (EECERA), numa parceria entre a Associa\u00e7\u00e3o Crian\u00e7a e o Instituto Polit\u00e9cnico do Porto. \u00c9 autor de diversas publica\u00e7\u00f5es nas \u00e1reas de Teoria de Forma\u00e7\u00e3o de Professores, Administra\u00e7\u00e3o Escolar, Sociologia da Educa\u00e7\u00e3o, Curr\u00edculo, Educa\u00e7\u00e3o Pr\u00e9-Escolar, Ensino Prim\u00e1rio e Pol\u00edticas Educativas.<\/p>\n<p><strong>J\u00falia Oliveira-Formosinho. <\/strong>\u00c9 Professora da Universidade do Minho e Diretora do Centro de Investiga\u00e7\u00e3o da Associa\u00e7\u00e3o Crian\u00e7a. Co-autora com Jo\u00e3o Formosinho da Perspetiva Pedag\u00f3gica da Associa\u00e7\u00e3o Crian\u00e7a: a Pedagogia-em-Participa\u00e7\u00e3o que hoje aqui se apresenta. Integra a Dire\u00e7\u00e3o da Associa\u00e7\u00e3o Europeia de Educa\u00e7\u00e3o de Inf\u00e2ncia (EECERA), \u00e9 membro do Conselho Editorial da respetiva revista (EECERj) e respons\u00e1vel dos seus n\u00fameros monogr\u00e1ficos. Tem publicado extensivamente, a n\u00edvel nacional e internacional, em temas como Forma\u00e7\u00e3o de Educadoras, Forma\u00e7\u00e3o em Contexto de Trabalho, Pedagogia da Inf\u00e2ncia, Aprendizagem Experiencial. Tem supervisionado teses de doutoramento em Portugal, Brasil e Inglaterra no \u00e2mbito das tem\u00e1ticas em que publica. No \u00e2mbito duma longa parceria da Associa\u00e7\u00e3o Crian\u00e7a com a Funda\u00e7\u00e3o Aga Khan desempenha pap\u00e9is de supervis\u00e3o da pedagogia e da forma\u00e7\u00e3o em contexto no Centro Infantil Olivais Sul e faz a coordena\u00e7\u00e3o da investiga\u00e7\u00e3o sobre aprendizagens das crian\u00e7as e dos adultos.<\/p>\n<p><strong>Nat\u00e9rcio Afonso.<\/strong> \u00c9 Professor Associado Aposentado do Instituto de Educa\u00e7\u00e3o da Universidade de Lisboa. \u00c9 Doutor em Education (Educational Leadership, Administration, na Boston University, School of Education (EUA) em 1993. \u00c9 Mestre em Educa\u00e7\u00e3o (Ed.M.),Social Education, na Boston University, School of Education (EUA), em 1985. \u00c9 Licenciado em Hist\u00f3ria na Faculdade de Letras da Universidade de Lisboa, em 1974. Entre 2009 e 2011 foi Subdiretor do Instituto de Educa\u00e7\u00e3o da Universidade de Lisboa. Na d\u00e9cada de 90 foi Inspetor-Geral da Educa\u00e7\u00e3o (Minist\u00e9rio da Educa\u00e7\u00e3o), Vice-Presidente do Instituto de Inova\u00e7\u00e3o Educacional e Diretor de Servi\u00e7os de Investiga\u00e7\u00e3o e Inova\u00e7\u00e3o Educacional do Instituto de Inova\u00e7\u00e3o Educacional. Entre 1985 e 1990 foi Presidente da Comiss\u00e3o Instaladora da Escola Superior de Educa\u00e7\u00e3o de Portalegre. Coordenou o Projeto \u201cMetas de Aprendizagem\u201d em 2009\/2011.<\/p>\n<p><strong>Miguel Oliveira.<\/strong> \u00c9 docente na Escola Superior de Educa\u00e7\u00e3o e Ci\u00eancias Sociais do Instituto Polit\u00e9cnico de Leiria desde 2000. Tem desenvolvido atividades como Investigador Efetivo do Centro de Investiga\u00e7\u00e3o Identidades e Diversidades (CIID). \u00c9 fundador da Associa\u00e7\u00e3o Nacional de Anima\u00e7\u00e3o e Educa\u00e7\u00e3o (ANAE) onde \u00e9 presidente e coordena o Observat\u00f3rio de Politicas Educativas e Desenvolvimento Curricular e orienta in\u00fameros estudos de investiga\u00e7\u00e3o. Licenciado em Educa\u00e7\u00e3o de Inf\u00e2ncia pelo Instituto Polit\u00e9cnico de Leiria e P\u00f3s-Graduado em Ci\u00eancias da Educa\u00e7\u00e3o \u2013 Teoria e Desenvolvimento Curricular pelo Instituto de Educa\u00e7\u00e3o da Universidade de Lisboa. \u00c9 Doutorando em Educa\u00e7\u00e3o na Universidade de Tr\u00e1s-os-Montes e Alto Douro e elemento dos \u00f3rg\u00e3os sociais do Grupo de Estudos para o Desenvolvimento da Educa\u00e7\u00e3o de Inf\u00e2ncia (GEDEI) desde 2010. Fundou em 2006 a Revista Anima\u00e7\u00e3o e Educa\u00e7\u00e3o (RAE) onde \u00e9 Diretor e membro do comit\u00e9 editorial. \u00c9 deputado Municipal na Camara Municipal de \u00d3bidos, integrando a equipa que coordena os Projetos &#8220;Escola Municipal&#8221; e \u201cAbordagem \u00d3bidos Criativa\u201d.<\/p>\n<p><strong>Ana Sofia Godinho. <\/strong>Licenciada em Ci\u00eancias da Educa\u00e7\u00e3o pela Universidade de Coimbra, fez Especializa\u00e7\u00e3o em Administra\u00e7\u00e3o Educacional pelo Instituto de Educa\u00e7\u00e3o da Universidade de Lisboa, sendo actualmente mestranda na mesma \u00e1rea. \u00c9 funcion\u00e1ria do Munic\u00edpio de \u00d3bidos desde 2002, integrando a equipa que coordena os Projetos &#8220;Escola Municipal&#8221; e \u201cAbordagem \u00d3bidos Criativa\u201d.. Desde 2008 assume fun\u00e7\u00f5es de coordenadora do Servi\u00e7o de Educa\u00e7\u00e3o do Munic\u00edpio de \u00d3bidos estando respons\u00e1vel pela \u00e1rea de educa\u00e7\u00e3o, servi\u00e7o de apoio \u00e0 fam\u00edlia e servi\u00e7o social. Em 2010 visitou pela primeira vez Reggio Emilia que serviu de inspira\u00e7\u00e3o para a cria\u00e7\u00e3o do programa F\u00e1brica da Criatividade.<\/p>\n<p><strong>Telmo Faria.<\/strong> \u00c9 licenciado em Hist\u00f3ria, pela Universidade de Coimbra, p\u00f3s-graduado em Rela\u00e7\u00f5es Internacionais pela Universidade T\u00e9cnica de Lisboa e Mestre em Hist\u00f3ria do S\u00e9culo XX, pela Universidade Nova de Lisboa. Foi eleito Presidente da C\u00e2mara Municipal de \u00d3bidos em Dezembro de 2001, com 30 anos, cargo que exerce atualmente. Foi professor universit\u00e1rio, regente de diversas cadeiras nos Departamentos de Ci\u00eancia Pol\u00edtica e de Rela\u00e7\u00f5es Internacionais da Universidade Lus\u00edada e colaborador da Universidade Aberta, onde foi autor de v\u00e1rios v\u00eddeos sobre Hist\u00f3ria contempor\u00e2nea, editados em televis\u00e3o. Pertence atualmente ao quadro de investigadores do Instituto de Hist\u00f3ria Contempor\u00e2nea da Faculdade de Ci\u00eancias Sociais e Humanas da Universidade Nova de Lisboa. Foi distinguido com v\u00e1rios pr\u00e9mios e distin\u00e7\u00f5es, de entre os quais se destacam: Medalha de M\u00e9rito Tur\u00edstico, atribu\u00edda pelo Governo Portugu\u00eas; Pr\u00e9mio \u201cMarketing Awards\u201d, atribu\u00eddo pela Associa\u00e7\u00e3o Portuguesa de Profissionais de Marketing; Pr\u00e9mio de \u201cPersonalidade Tur\u00edstica do Ano 2007\u201d; Pr\u00e9mio de Defesa Nacional; Pr\u00e9mio \u201cVictor S\u00e1 &#8211; Hist\u00f3ria Contempor\u00e2nea Portuguesa\u201d; Pr\u00e9mio \u201cPersonalidade do Ano\u201d; Men\u00e7\u00e3o Honrosa do Pr\u00e9mio de Hist\u00f3ria Contempor\u00e2nea da Funda\u00e7\u00e3o M\u00e1rio Soares. Recebeu ainda, em nome do Munic\u00edpio de \u00d3bidos, o pr\u00e9mio \u201cCastelo de \u00d3bidos \u2013 7 Maravilhas de Portugal\u201d, em 2007 e o Pr\u00e9mio \u201cAutarquias &#8211; 2009\u201d.<\/p>\n","protected":false},"excerpt":{"rendered":"<p>Jo\u00e3o Formosinho. \u00c9 professor catedr\u00e1tico do Departamento de Ci\u00eancias Sociais da Educa\u00e7\u00e3o do Instituto de Educa\u00e7\u00e3o da Universidade do Minho. \u00c9 Presidente do Conselho Cient\u00edfico-Pedag\u00f3gico da Forma\u00e7\u00e3o Cont\u00ednua de Professores. Foi Coordenador do Grupo de Trabalho de Administra\u00e7\u00e3o e Gest\u00e3o Escolar, no \u00e2mbito da Comiss\u00e3o de Reforma do Sistema Educativo (1987-89) e membro do Conselho [&hellip;]<\/p>\n","protected":false},"author":102,"featured_media":0,"parent":0,"menu_order":2,"comment_status":"closed","ping_status":"closed","template":"","meta":{"footnotes":""},"class_list":["post-5","page","type-page","status-publish","hentry"],"_links":{"self":[{"href":"https:\/\/sites.ipleiria.pt\/conferenciainternacionalobidoscriativa\/wp-json\/wp\/v2\/pages\/5","targetHints":{"allow":["GET"]}}],"collection":[{"href":"https:\/\/sites.ipleiria.pt\/conferenciainternacionalobidoscriativa\/wp-json\/wp\/v2\/pages"}],"about":[{"href":"https:\/\/sites.ipleiria.pt\/conferenciainternacionalobidoscriativa\/wp-json\/wp\/v2\/types\/page"}],"author":[{"embeddable":true,"href":"https:\/\/sites.ipleiria.pt\/conferenciainternacionalobidoscriativa\/wp-json\/wp\/v2\/users\/102"}],"replies":[{"embeddable":true,"href":"https:\/\/sites.ipleiria.pt\/conferenciainternacionalobidoscriativa\/wp-json\/wp\/v2\/comments?post=5"}],"version-history":[{"count":7,"href":"https:\/\/sites.ipleiria.pt\/conferenciainternacionalobidoscriativa\/wp-json\/wp\/v2\/pages\/5\/revisions"}],"predecessor-version":[{"id":19,"href":"https:\/\/sites.ipleiria.pt\/conferenciainternacionalobidoscriativa\/wp-json\/wp\/v2\/pages\/5\/revisions\/19"}],"wp:attachment":[{"href":"https:\/\/sites.ipleiria.pt\/conferenciainternacionalobidoscriativa\/wp-json\/wp\/v2\/media?parent=5"}],"curies":[{"name":"wp","href":"https:\/\/api.w.org\/{rel}","templated":true}]}}