{"id":7,"date":"2013-05-08T16:20:27","date_gmt":"2013-05-08T16:20:27","guid":{"rendered":"http:\/\/sites.ipleiria.pt\/conferenciainternacionalobidoscriativa\/?page_id=7"},"modified":"2013-05-17T14:39:14","modified_gmt":"2013-05-17T14:39:14","slug":"comissao-organizadora","status":"publish","type":"page","link":"https:\/\/sites.ipleiria.pt\/conferenciainternacionalobidoscriativa\/comissao-organizadora\/","title":{"rendered":"Comiss\u00e3o Organizadora"},"content":{"rendered":"<p>Ana Sofia Godinho &#8211; Municipio de \u00d3bidos &#8211; <a href=\"mailto:gab.educacao@cm-obidos.pt\">gab.educacao@cm-obidos.pt<\/a><\/p>\n<p>Miguel Oliveira &#8211; Instituto Polit\u00e9cnico de Leiria &#8211; <a href=\"mailto:miguel.oliveira@ipleiria.pt\">miguel.oliveira@ipleiria.pt<\/a><\/p>\n<p>Sabina Silva &#8211; Municipio de \u00d3bidos &#8211; <a href=\"mailto:sabina.silva@cm-obidos.pt\">sabina.silva@cm-obidos.pt<\/a><\/p>\n<p>Svetlana Barradas &#8211; Municipio de \u00d3bidos &#8211; <a href=\"mailto:svetlana.coropceanu@cm-obidos.pt\">svetlana.coropceanu@cm-obidos.pt<\/a><\/p>\n<p>Jo\u00e3o Agostinho &#8211; Municipio de \u00d3bidos &#8211; <a href=\"mailto:joao.agostinho@cm-obidos.pt\">joao.agostinho@cm-obidos.pt<\/a><\/p>\n<p>Cl\u00e1udio Barroca &#8211; Municipio de \u00d3bidos &#8211; <a href=\"mailto:claudiombarroca@gmail.com\">claudiombarroca@gmail.com<\/a><\/p>\n<p><strong>Oradores, Moderadores e outros Colaboradores:<\/strong><\/p>\n<p>Telmo Faria \u2013 Presidente do Munic\u00edpio de \u00d3bidos<br \/>\nElisabete Castanheira \u2013 Munic\u00edpio de \u00d3bidos<br \/>\nJo\u00e3o Jorge \u2013 Munic\u00edpio de \u00d3bidos<\/p>\n<p>Fernando Silva \u2013 Diretor do Agrupamento de Escolas Josefa de \u00d3bidos<br \/>\nAna Soares \u2013 Agrupamento de Escolas Josefa de \u00d3bidos<br \/>\nF\u00e1tima Santos \u2013 Agrupamento de Escolas Josefa de \u00d3bidos<br \/>\nHelena Cardoso \u2013 Agrupamento de Escolas Josefa de \u00d3bidos<br \/>\nAna Soares \u2013 Agrupamento de Escolas Josefa de \u00d3bidos<\/p>\n<p>Mirella Ruozzi \u2013 Instituto de Creches e Jardins de Inf\u00e2ncia do Munic\u00edpio de Reggio Emilia<br \/>\nMarina Mori &#8211; Instituto de Creches e Jardins de Inf\u00e2ncia do Munic\u00edpio de Reggio Emilia<br \/>\nMatteo Bini &#8211; Instituto de Creches e Jardins de Inf\u00e2ncia do Munic\u00edpio de Reggio Emilia<\/p>\n<p>Jo\u00e3o Formosinho \u2013 Comiss\u00e3o Cient\u00edfica da Abordagem \u00d3bidos Criativa<br \/>\nJ\u00falia Oliveira-Formosinho \u2013 Associa\u00e7\u00e3o Crian\u00e7a<br \/>\nIsabel Lopes da Silva \u2013 Instituto de Inova\u00e7\u00e3o Educacional<br \/>\nNat\u00e9rcio Afonso \u2013 Instituto de Educa\u00e7\u00e3o<br \/>\nJorge Pinto \u2013 Instituto Polit\u00e9cnico de Set\u00fabal<br \/>\nMaria Jo\u00e3o Cardona \u2013 Instituto Polit\u00e9cnico de Santar\u00e9m<br \/>\nGraciete Monge<br \/>\nMarlene Migu\u00e9is \u2013 Universidade de Aveiro<br \/>\nRita Alves \u2013 Instituto Piaget de Almada<\/p>\n","protected":false},"excerpt":{"rendered":"<p>Ana Sofia Godinho &#8211; Municipio de \u00d3bidos &#8211; gab.educacao@cm-obidos.pt Miguel Oliveira &#8211; Instituto Polit\u00e9cnico de Leiria &#8211; miguel.oliveira@ipleiria.pt Sabina Silva &#8211; Municipio de \u00d3bidos &#8211; sabina.silva@cm-obidos.pt Svetlana Barradas &#8211; Municipio de \u00d3bidos &#8211; svetlana.coropceanu@cm-obidos.pt Jo\u00e3o Agostinho &#8211; Municipio de \u00d3bidos &#8211; joao.agostinho@cm-obidos.pt Cl\u00e1udio Barroca &#8211; Municipio de \u00d3bidos &#8211; claudiombarroca@gmail.com Oradores, Moderadores e outros Colaboradores: [&hellip;]<\/p>\n","protected":false},"author":102,"featured_media":0,"parent":0,"menu_order":3,"comment_status":"closed","ping_status":"closed","template":"","meta":{"footnotes":""},"class_list":["post-7","page","type-page","status-publish","hentry"],"_links":{"self":[{"href":"https:\/\/sites.ipleiria.pt\/conferenciainternacionalobidoscriativa\/wp-json\/wp\/v2\/pages\/7","targetHints":{"allow":["GET"]}}],"collection":[{"href":"https:\/\/sites.ipleiria.pt\/conferenciainternacionalobidoscriativa\/wp-json\/wp\/v2\/pages"}],"about":[{"href":"https:\/\/sites.ipleiria.pt\/conferenciainternacionalobidoscriativa\/wp-json\/wp\/v2\/types\/page"}],"author":[{"embeddable":true,"href":"https:\/\/sites.ipleiria.pt\/conferenciainternacionalobidoscriativa\/wp-json\/wp\/v2\/users\/102"}],"replies":[{"embeddable":true,"href":"https:\/\/sites.ipleiria.pt\/conferenciainternacionalobidoscriativa\/wp-json\/wp\/v2\/comments?post=7"}],"version-history":[{"count":8,"href":"https:\/\/sites.ipleiria.pt\/conferenciainternacionalobidoscriativa\/wp-json\/wp\/v2\/pages\/7\/revisions"}],"predecessor-version":[{"id":22,"href":"https:\/\/sites.ipleiria.pt\/conferenciainternacionalobidoscriativa\/wp-json\/wp\/v2\/pages\/7\/revisions\/22"}],"wp:attachment":[{"href":"https:\/\/sites.ipleiria.pt\/conferenciainternacionalobidoscriativa\/wp-json\/wp\/v2\/media?parent=7"}],"curies":[{"name":"wp","href":"https:\/\/api.w.org\/{rel}","templated":true}]}}