{"id":16,"date":"2019-05-30T14:40:11","date_gmt":"2019-05-30T14:40:11","guid":{"rendered":"http:\/\/sites.ipleiria.pt\/resolucaoproblemasprimeirosanos\/?page_id=16"},"modified":"2023-06-30T06:53:59","modified_gmt":"2023-06-30T06:53:59","slug":"inscricoes","status":"publish","type":"page","link":"https:\/\/sites.ipleiria.pt\/congressoklaara\/inscricoes\/","title":{"rendered":"Inscri\u00e7\u00f5es &#8211; ENCERRADAS"},"content":{"rendered":"\n<hr class=\"wp-block-separator has-text-color has-background has-white-background-color has-white-color\" \/>\n\n\n\n<hr class=\"wp-block-separator has-text-color has-background has-white-background-color has-white-color\" \/>\n\n\n\n<div class=\"wp-block-buttons is-layout-flex wp-block-buttons-is-layout-flex\">\n<div class=\"wp-block-button is-style-outline is-style-outline--1\"><a class=\"wp-block-button__link\" href=\"https:\/\/forms.office.com\/Pages\/ResponsePage.aspx?id=fgbtb6vslk-y3dhB-BEjKYdyD-wCQutFvyu6LUs0RzNUNUpXRjc0UE5FNE5EOUZRQVpaUElBWEk5MS4u\" style=\"border-radius:0px\">Inscri\u00e7\u00f5es aqui<\/a><\/div>\n<\/div>\n\n\n\n<p class=\"has-small-font-size\"><strong>A sua inscri\u00e7\u00e3o s\u00f3 \u00e9 v\u00e1lida ap\u00f3s rece\u00e7\u00e3o do pagamento.<\/strong><\/p>\n\n\n\n<p class=\"has-white-color has-black-background-color has-text-color has-background\"><strong>Early bird&nbsp;<\/strong>&#8211; 31 dezembro 2022 | 15 maio 2023<\/p>\n\n\n\n<ul class=\"wp-block-list\"><li>Early bird &#8211; 60\u20ac&nbsp;<\/li><li>Early bird estudante &#8211; 30\u20ac&nbsp;<\/li><li>Early bird Associadas da FENACERCI &#8211; 30\u20ac&nbsp;<\/li><li>Early bird com apresenta\u00e7\u00e3o &#8211; 80\u20ac&nbsp;&nbsp;<\/li><li>Early bird online &#8211; 55\u20ac&nbsp;<\/li><li>Docentes &#8211; 30 \u20ac<\/li><li>Pessoa com defici\u00eancia &#8211; 30\u20ac<\/li><\/ul>\n\n\n\n<p class=\"has-white-color has-black-background-color has-text-color has-background\"><strong>Regular<\/strong>&nbsp;&#8211; 16 maio 2023 | 15 junho 2023<\/p>\n\n\n\n<ul class=\"wp-block-list\"><li>Inscri\u00e7\u00e3o &#8211; 70\u20ac&nbsp;&nbsp;<\/li><li>Estudante &#8211; 40\u20ac&nbsp;&nbsp;<\/li><li>Associadas da FENACERCI &#8211; 40\u20ac&nbsp;&nbsp;<\/li><li>Com apresenta\u00e7\u00e3o &#8211; 90\u20ac&nbsp;&nbsp;<\/li><li>Online &#8211; 60\u20ac&nbsp;&nbsp;<\/li><li>Docentes &#8211; 40 \u20ac<\/li><li>Pessoa com defici\u00eancia &#8211; 40\u20ac<\/li><\/ul>\n\n\n\n<div class=\"wp-block-columns is-layout-flex wp-container-core-columns-is-layout-1 wp-block-columns-is-layout-flex\">\n<div class=\"wp-block-column is-layout-flow wp-block-column-is-layout-flow\">\n<p class=\"has-black-background-color has-background\"> <\/p>\n<\/div>\n<\/div>\n\n\n\n<p><strong>Dados para pagamento&nbsp;<\/strong>&#8211; A descri\u00e7\u00e3o da transfer\u00eancia deve ser respeitar o seguinte formato: &#8220;KLAARA2023+\u00faltimo nome&#8221;<\/p>\n\n\n\n<p>NIB: 000700000820200019223&nbsp;&nbsp;<\/p>\n\n\n\n<p>IBAN: PT50000700000820200019223&nbsp;<\/p>\n\n\n\n<p>BIC\/SWIFT: BESCPTPL&nbsp;<\/p>\n\n\n\n<div class=\"wp-block-columns is-layout-flex wp-container-core-columns-is-layout-2 wp-block-columns-is-layout-flex\">\n<div class=\"wp-block-column has-black-background-color has-background is-layout-flow wp-block-column-is-layout-flow\">\n<p><\/p>\n<\/div>\n<\/div>\n\n\n\n<p class=\"has-small-font-size\"><strong>Pol\u00edtica de cancelamento da inscri\u00e7\u00e3o<\/strong><br>Se um participante n\u00e3o puder participar num evento por qualquer raz\u00e3o, pode passar a sua inscri\u00e7\u00e3o a outra pessoa, por acordo com a organiza\u00e7\u00e3o.<br>Se o participante n\u00e3o puder comparecer, e n\u00e3o puder transferir o seu lugar para outra pessoa, ent\u00e3o aplicam-se os seguintes acordos de reembolso:<br><br><strong>Autores:<\/strong><br>As inscri\u00e7\u00f5es canceladas em resultado de um trabalho n\u00e3o aceite s\u00e3o eleg\u00edveis para um reembolso de 80% das taxas de inscri\u00e7\u00e3o pagas. Os restantes 20% da taxa contribuem para os custos administrativos incorridos.<br>As inscri\u00e7\u00f5es canceladas mais de 60 dias antes do evento s\u00e3o eleg\u00edveis para um reembolso de 80% das taxas de inscri\u00e7\u00e3o pagas. Inscri\u00e7\u00f5es canceladas menos de 60 dias mas mais de 30 dias antes do evento s\u00e3o eleg\u00edveis para um reembolso de 50% das taxas de inscri\u00e7\u00e3o pagas.<br>As inscri\u00e7\u00f5es canceladas menos de 30 dias antes do evento j\u00e1 n\u00e3o s\u00e3o eleg\u00edveis para um reembolso.<\/p>\n\n\n\n<p class=\"has-small-font-size\"><\/p>\n\n\n\n<p class=\"has-small-font-size\"><strong>N\u00e3o-autores:<\/strong><br>As inscri\u00e7\u00f5es canceladas mais de 30 dias antes do evento s\u00e3o eleg\u00edveis para um reembolso das taxas de inscri\u00e7\u00e3o pagas, menos uma taxa administrativa de 20 euros.<br>As inscri\u00e7\u00f5es canceladas menos de 30 dias antes do evento j\u00e1 n\u00e3o s\u00e3o eleg\u00edveis para um reembolso.<\/p>\n\n\n\n<p><\/p>\n\n\n\n<p><\/p>\n\n\n\n<p><\/p>\n","protected":false},"excerpt":{"rendered":"<p>A sua inscri\u00e7\u00e3o s\u00f3 \u00e9 v\u00e1lida ap\u00f3s rece\u00e7\u00e3o do pagamento. Early bird&nbsp;&#8211; 31 dezembro 2022 | 15 maio 2023 Early bird &#8211; 60\u20ac&nbsp; Early bird estudante &#8211; 30\u20ac&nbsp; Early bird Associadas da FENACERCI &#8211; 30\u20ac&nbsp; Early bird com apresenta\u00e7\u00e3o &#8211;&hellip;  <\/p>\n<p class=\"more-link\"><a href=\"https:\/\/sites.ipleiria.pt\/congressoklaara\/inscricoes\/\">Continue reading <span class=\"meta-nav\">&rarr;<\/span><\/a><\/p>\n","protected":false},"author":102,"featured_media":0,"parent":0,"menu_order":0,"comment_status":"closed","ping_status":"closed","template":"","meta":{"_monsterinsights_skip_tracking":false,"_monsterinsights_sitenote_active":false,"_monsterinsights_sitenote_note":"","_monsterinsights_sitenote_category":0,"footnotes":""},"class_list":["post-16","page","type-page","status-publish","hentry"],"yoast_head":"<!-- This site is optimized with the Yoast SEO plugin v26.8 - https:\/\/yoast.com\/product\/yoast-seo-wordpress\/ -->\n<title>Inscri\u00e7\u00f5es - ENCERRADAS - Klaara 2023<\/title>\n<meta name=\"robots\" content=\"index, follow, max-snippet:-1, max-image-preview:large, max-video-preview:-1\" \/>\n<link rel=\"canonical\" href=\"https:\/\/sites.ipleiria.pt\/congressoklaara\/inscricoes\/\" \/>\n<meta property=\"og:locale\" content=\"pt_PT\" \/>\n<meta property=\"og:type\" content=\"article\" \/>\n<meta property=\"og:title\" content=\"Inscri\u00e7\u00f5es - ENCERRADAS - Klaara 2023\" \/>\n<meta property=\"og:description\" content=\"A sua inscri\u00e7\u00e3o s\u00f3 \u00e9 v\u00e1lida ap\u00f3s rece\u00e7\u00e3o do pagamento. Early bird&nbsp;&#8211; 31 dezembro 2022 | 15 maio 2023 Early bird &#8211; 60\u20ac&nbsp; Early bird estudante &#8211; 30\u20ac&nbsp; Early bird Associadas da FENACERCI &#8211; 30\u20ac&nbsp; Early bird com apresenta\u00e7\u00e3o &#8211;&hellip; Continue reading &rarr;\" \/>\n<meta property=\"og:url\" content=\"https:\/\/sites.ipleiria.pt\/congressoklaara\/inscricoes\/\" \/>\n<meta property=\"og:site_name\" content=\"Klaara 2023\" \/>\n<meta property=\"article:modified_time\" content=\"2023-06-30T06:53:59+00:00\" \/>\n<meta name=\"twitter:card\" content=\"summary_large_image\" \/>\n<meta name=\"twitter:label1\" content=\"Tempo estimado de leitura\" \/>\n\t<meta name=\"twitter:data1\" content=\"2 minutos\" \/>\n<script type=\"application\/ld+json\" class=\"yoast-schema-graph\">{\"@context\":\"https:\/\/schema.org\",\"@graph\":[{\"@type\":\"WebPage\",\"@id\":\"https:\/\/sites.ipleiria.pt\/congressoklaara\/inscricoes\/\",\"url\":\"https:\/\/sites.ipleiria.pt\/congressoklaara\/inscricoes\/\",\"name\":\"Inscri\u00e7\u00f5es - ENCERRADAS - Klaara 2023\",\"isPartOf\":{\"@id\":\"https:\/\/sites.ipleiria.pt\/congressoklaara\/#website\"},\"datePublished\":\"2019-05-30T14:40:11+00:00\",\"dateModified\":\"2023-06-30T06:53:59+00:00\",\"breadcrumb\":{\"@id\":\"https:\/\/sites.ipleiria.pt\/congressoklaara\/inscricoes\/#breadcrumb\"},\"inLanguage\":\"pt-PT\",\"potentialAction\":[{\"@type\":\"ReadAction\",\"target\":[\"https:\/\/sites.ipleiria.pt\/congressoklaara\/inscricoes\/\"]}]},{\"@type\":\"BreadcrumbList\",\"@id\":\"https:\/\/sites.ipleiria.pt\/congressoklaara\/inscricoes\/#breadcrumb\",\"itemListElement\":[{\"@type\":\"ListItem\",\"position\":1,\"name\":\"In\u00edcio\",\"item\":\"https:\/\/sites.ipleiria.pt\/congressoklaara\/\"},{\"@type\":\"ListItem\",\"position\":2,\"name\":\"Inscri\u00e7\u00f5es &#8211; ENCERRADAS\"}]},{\"@type\":\"WebSite\",\"@id\":\"https:\/\/sites.ipleiria.pt\/congressoklaara\/#website\",\"url\":\"https:\/\/sites.ipleiria.pt\/congressoklaara\/\",\"name\":\"Klaara 2023\",\"description\":\"Site da 3\u00aa Confer\u00eancia sobre investiga\u00e7\u00e3o na comunica\u00e7\u00e3o e linguagem acess\u00edveis\",\"potentialAction\":[{\"@type\":\"SearchAction\",\"target\":{\"@type\":\"EntryPoint\",\"urlTemplate\":\"https:\/\/sites.ipleiria.pt\/congressoklaara\/?s={search_term_string}\"},\"query-input\":{\"@type\":\"PropertyValueSpecification\",\"valueRequired\":true,\"valueName\":\"search_term_string\"}}],\"inLanguage\":\"pt-PT\"}]}<\/script>\n<!-- \/ Yoast SEO plugin. -->","yoast_head_json":{"title":"Inscri\u00e7\u00f5es - ENCERRADAS - Klaara 2023","robots":{"index":"index","follow":"follow","max-snippet":"max-snippet:-1","max-image-preview":"max-image-preview:large","max-video-preview":"max-video-preview:-1"},"canonical":"https:\/\/sites.ipleiria.pt\/congressoklaara\/inscricoes\/","og_locale":"pt_PT","og_type":"article","og_title":"Inscri\u00e7\u00f5es - ENCERRADAS - Klaara 2023","og_description":"A sua inscri\u00e7\u00e3o s\u00f3 \u00e9 v\u00e1lida ap\u00f3s rece\u00e7\u00e3o do pagamento. Early bird&nbsp;&#8211; 31 dezembro 2022 | 15 maio 2023 Early bird &#8211; 60\u20ac&nbsp; Early bird estudante &#8211; 30\u20ac&nbsp; Early bird Associadas da FENACERCI &#8211; 30\u20ac&nbsp; Early bird com apresenta\u00e7\u00e3o &#8211;&hellip; Continue reading &rarr;","og_url":"https:\/\/sites.ipleiria.pt\/congressoklaara\/inscricoes\/","og_site_name":"Klaara 2023","article_modified_time":"2023-06-30T06:53:59+00:00","twitter_card":"summary_large_image","twitter_misc":{"Tempo estimado de leitura":"2 minutos"},"schema":{"@context":"https:\/\/schema.org","@graph":[{"@type":"WebPage","@id":"https:\/\/sites.ipleiria.pt\/congressoklaara\/inscricoes\/","url":"https:\/\/sites.ipleiria.pt\/congressoklaara\/inscricoes\/","name":"Inscri\u00e7\u00f5es - ENCERRADAS - Klaara 2023","isPartOf":{"@id":"https:\/\/sites.ipleiria.pt\/congressoklaara\/#website"},"datePublished":"2019-05-30T14:40:11+00:00","dateModified":"2023-06-30T06:53:59+00:00","breadcrumb":{"@id":"https:\/\/sites.ipleiria.pt\/congressoklaara\/inscricoes\/#breadcrumb"},"inLanguage":"pt-PT","potentialAction":[{"@type":"ReadAction","target":["https:\/\/sites.ipleiria.pt\/congressoklaara\/inscricoes\/"]}]},{"@type":"BreadcrumbList","@id":"https:\/\/sites.ipleiria.pt\/congressoklaara\/inscricoes\/#breadcrumb","itemListElement":[{"@type":"ListItem","position":1,"name":"In\u00edcio","item":"https:\/\/sites.ipleiria.pt\/congressoklaara\/"},{"@type":"ListItem","position":2,"name":"Inscri\u00e7\u00f5es &#8211; ENCERRADAS"}]},{"@type":"WebSite","@id":"https:\/\/sites.ipleiria.pt\/congressoklaara\/#website","url":"https:\/\/sites.ipleiria.pt\/congressoklaara\/","name":"Klaara 2023","description":"Site da 3\u00aa Confer\u00eancia sobre investiga\u00e7\u00e3o na comunica\u00e7\u00e3o e linguagem acess\u00edveis","potentialAction":[{"@type":"SearchAction","target":{"@type":"EntryPoint","urlTemplate":"https:\/\/sites.ipleiria.pt\/congressoklaara\/?s={search_term_string}"},"query-input":{"@type":"PropertyValueSpecification","valueRequired":true,"valueName":"search_term_string"}}],"inLanguage":"pt-PT"}]}},"_links":{"self":[{"href":"https:\/\/sites.ipleiria.pt\/congressoklaara\/wp-json\/wp\/v2\/pages\/16","targetHints":{"allow":["GET"]}}],"collection":[{"href":"https:\/\/sites.ipleiria.pt\/congressoklaara\/wp-json\/wp\/v2\/pages"}],"about":[{"href":"https:\/\/sites.ipleiria.pt\/congressoklaara\/wp-json\/wp\/v2\/types\/page"}],"author":[{"embeddable":true,"href":"https:\/\/sites.ipleiria.pt\/congressoklaara\/wp-json\/wp\/v2\/users\/102"}],"replies":[{"embeddable":true,"href":"https:\/\/sites.ipleiria.pt\/congressoklaara\/wp-json\/wp\/v2\/comments?post=16"}],"version-history":[{"count":29,"href":"https:\/\/sites.ipleiria.pt\/congressoklaara\/wp-json\/wp\/v2\/pages\/16\/revisions"}],"predecessor-version":[{"id":895,"href":"https:\/\/sites.ipleiria.pt\/congressoklaara\/wp-json\/wp\/v2\/pages\/16\/revisions\/895"}],"wp:attachment":[{"href":"https:\/\/sites.ipleiria.pt\/congressoklaara\/wp-json\/wp\/v2\/media?parent=16"}],"curies":[{"name":"wp","href":"https:\/\/api.w.org\/{rel}","templated":true}]}}