{"id":169,"date":"2022-09-19T17:57:27","date_gmt":"2022-09-19T17:57:27","guid":{"rendered":"https:\/\/sites.ipleiria.pt\/congressoklaara\/?page_id=169"},"modified":"2023-06-30T07:00:02","modified_gmt":"2023-06-30T07:00:02","slug":"call-for-papers","status":"publish","type":"page","link":"https:\/\/sites.ipleiria.pt\/congressoklaara\/call-for-papers\/","title":{"rendered":"Submiss\u00f5es &#8211; ENCERRADAS"},"content":{"rendered":"\n<p><strong>Os t\u00f3picos da confer\u00eancia s\u00e3o:<\/strong><br>1 &#8211; Linguagem clara e linguagem f\u00e1cil<br>2 &#8211; Envolvimento e participa\u00e7\u00e3o de grupos-alvo<br>3 &#8211; Linguagem f\u00e1cil no aspecto oral<br>4 &#8211; Acessibilidade dos meios de comunica\u00e7\u00e3o<br>5 &#8211; O direito \u00e0 informa\u00e7\u00e3o e \u00e0 comunica\u00e7\u00e3o<br>6 &#8211; Educa\u00e7\u00e3o, sa\u00fade, emprego\u2026 A import\u00e2ncia do acesso \u00e0 informa\u00e7\u00e3o para o exerc\u00edcio dos direitos<\/p>\n\n\n\n<div class=\"wp-block-columns is-layout-flex wp-container-core-columns-is-layout-1 wp-block-columns-is-layout-flex\">\n<div class=\"wp-block-column has-black-background-color has-background is-layout-flow wp-block-column-is-layout-flow\">\n<p> <\/p>\n<\/div>\n<\/div>\n\n\n\n<p><strong>Resumo do<\/strong> <strong>Artigo<\/strong><br>A submiss\u00e3o do&nbsp;<strong>resumo<\/strong>&nbsp;do artigo dever\u00e1 ocorrer de acordo com o modelo pr\u00e9-definido, apresentado abaixo,&nbsp;<strong>n\u00e3o devendo ultrapassar os 3500 carateres, incluindo espa\u00e7os<\/strong>. O resumo deve conter refer\u00eancia ao tema, objetivos, metodologia utilizada e conclus\u00f5es.&nbsp;As refer\u00eancias bibliogr\u00e1ficas n\u00e3o s\u00e3o contabilizadas. O resumo do artigo dever\u00e1 ser submetido abaixo &nbsp;at\u00e9 ao dia 30 de abril de 2023.<\/p>\n\n\n\n<p><a href=\"http:\/\/sites.ipleiria.pt\/congressoklaara\/files\/2023\/04\/Template_resumoartigo_3aKlaara.docx\">Template Resumo do artigo<\/a><\/p>\n\n\n\n<p><a href=\"https:\/\/easychair.org\/conferences\/?conf=klaara2023\">Easychair &#8211; Submiss\u00e3o<\/a><\/p>\n\n\n\n<hr class=\"wp-block-separator\" \/>\n\n\n\n<p><strong>Resumo do Workshop<\/strong><br>Novos t\u00f3picos ou ideias emergentes.<\/p>\n\n\n\n<p>A submiss\u00e3o do&nbsp;<strong>resumo<\/strong>&nbsp;do workshop dever\u00e1 ocorrer de acordo com o modelo pr\u00e9-definido, apresentado abaixo,&nbsp;<strong>n\u00e3o devendo ultrapassar os 1500 carateres, incluindo espa\u00e7os<\/strong>. O resumo deve conter refer\u00eancia ao tema, objetivos, metodologia proposta e impacto esperado. O resumo do workshop dever\u00e1 ser submetido abaixo &nbsp;at\u00e9 ao dia <strong>30 de abril de 2023<\/strong>.<\/p>\n\n\n\n<p><a href=\"http:\/\/sites.ipleiria.pt\/congressoklaara\/files\/2023\/03\/Modelo-de-resumo-workshops-1.docx\">Template Resumo do workshop<\/a><\/p>\n\n\n\n<p><strong>Submiss\u00e3o por email para klaara2023@gmail.com<\/strong><\/p>\n\n\n\n<hr class=\"wp-block-separator\" \/>\n\n\n\n<p><strong>Artigo<\/strong> <strong>completo<\/strong><br>A submiss\u00e3o do&nbsp;<strong>artigo completo,<\/strong>&nbsp;para publica\u00e7\u00e3o, dever\u00e1 ocorrer de acordo com o modelo pr\u00e9-definido apresentado abaixo,&nbsp;<strong>n\u00e3o devendo ultrapassar 35 000 carateres, incluindo espa\u00e7os<\/strong>. As refer\u00eancias bibliogr\u00e1ficas n\u00e3o s\u00e3o contabilizadas. Os trabalhos aceites pela organiza\u00e7\u00e3o, e apresentados pelos respetivos autores, ser\u00e3o publicados nas atas do evento, em suporte digital, para o qual foi solicitado o respetivo ISBN.&nbsp;O resumo do artigo dever\u00e1 ser submetido abaixo &nbsp;at\u00e9 ao dia <strong>30 de junho de 2023.<\/strong><\/p>\n\n\n\n<p>Caso o(s) autor(es) optem por<strong> n\u00e3o enviar resumo e enviar apenas o artigo<\/strong>, este deve ser submetido at\u00e9 ao dia <strong>30 de abril de 2023<\/strong>, para ser considerado pela comiss\u00e3o organizadora.<\/p>\n\n\n\n<p><a href=\"http:\/\/sites.ipleiria.pt\/congressoklaara\/files\/2023\/04\/Template_artigocompleto_3aKlaara.docx\">Template do artigo completo<\/a><\/p>\n\n\n\n<p><a href=\"https:\/\/easychair.org\/conferences\/?conf=klaara2023\">Easychair &#8211; Submiss\u00e3o<\/a><\/p>\n\n\n\n<hr class=\"wp-block-separator\" \/>\n\n\n\n<p><strong>Resumo dos Posters<\/strong><br>A submiss\u00e3o do p\u00f3ster a apresentar \u00e9 feita de acordo com as orienta\u00e7\u00f5es pr\u00e9-definidas. O p\u00f3ster dever\u00e1 ser estruturado em formato Power-Point,&nbsp;<strong>num \u00fanico slide<\/strong>, o qual ser\u00e1 publicado no livro de atas do evento. O tamanho do poster dever\u00e1 ser A0. O p\u00f3ster dever\u00e1 ser submetido abaixo &nbsp;at\u00e9 ao dia <strong>30 de abril de 2023<\/strong>. <\/p>\n\n\n\n<p><\/p>\n\n\n\n<p><a href=\"http:\/\/sites.ipleiria.pt\/congressoklaara\/files\/2023\/04\/Template_poster_3aklaara-hor-col-1.pptx\">Template para poster horizontal<\/a><\/p>\n\n\n\n<p><a href=\"http:\/\/sites.ipleiria.pt\/congressoklaara\/files\/2023\/04\/Template_poster_3aklaara-5.pptx\">Template para poster vertical<\/a><\/p>\n\n\n\n<p><\/p>\n\n\n\n<p><\/p>\n\n\n\n<p><a href=\"https:\/\/easychair.org\/conferences\/?conf=klaara2023\">Easychair &#8211; Submiss\u00e3o<\/a><\/p>\n\n\n\n<div class=\"wp-block-columns is-layout-flex wp-container-core-columns-is-layout-2 wp-block-columns-is-layout-flex\">\n<div class=\"wp-block-column has-black-background-color has-background is-layout-flow wp-block-column-is-layout-flow\">\n<p> <\/p>\n<\/div>\n<\/div>\n\n\n\n<p><strong>Datas importantes:<\/strong><\/p>\n\n\n\n<p>Abertura da submiss\u00e3o de resumos: 31 de dezembro de 2022<br>Prazo para submiss\u00e3o de resumos: 30 de abril de 2023<br>Notifica\u00e7\u00e3o de aceita\u00e7\u00e3o: at\u00e9 31 de maio de 2023 <\/p>\n\n\n\n<div class=\"wp-block-columns is-layout-flex wp-container-core-columns-is-layout-4 wp-block-columns-is-layout-flex\">\n<div class=\"wp-block-column has-black-color has-text-color is-layout-flow wp-block-column-is-layout-flow\">\n<div class=\"wp-block-columns is-layout-flex wp-container-core-columns-is-layout-3 wp-block-columns-is-layout-flex\">\n<div class=\"wp-block-column has-black-background-color has-background is-layout-flow wp-block-column-is-layout-flow\">\n<p> <\/p>\n<\/div>\n<\/div>\n<\/div>\n<\/div>\n\n\n\n<p><strong>A Comiss\u00e3o Cient\u00edfica deter-se-\u00e1 sobre:<\/strong><\/p>\n\n\n\n<p><strong>1. Clareza <\/strong><\/p>\n\n\n\n<p><strong>2. Formula\u00e7\u00e3o do objetivo d<\/strong>a<strong> pesquisa\/estudo\/trabalho<\/strong><\/p>\n\n\n\n<p><strong>3. Introdu\u00e7\u00e3o ao contexto e contexto do trabalho apresentado<\/strong><\/p>\n\n\n\n<p><strong>4. Metodologia utilizada<\/strong><\/p>\n\n\n\n<p><strong>5. Coer\u00eancia dos resultados<\/strong><\/p>\n\n\n\n<p><strong>6. Relev\u00e2ncia e adequa\u00e7\u00e3o das conclus\u00f5es, de acordo com o trabalho submetid<\/strong>o<\/p>\n\n\n\n<p><strong>7. Impacto do trabalho de investiga\u00e7\u00e3o<\/strong><\/p>\n\n\n\n<p><strong>A apresenta\u00e7\u00e3o dos trabalhos aceites, e a sua publica\u00e7\u00e3o em ata, obriga \u00e0 inscri\u00e7\u00e3o no&nbsp;Klaara 2023. At\u00e9 3 autores, \u00e9 obrigat\u00f3ria a inscri\u00e7\u00e3o de pelo menos um dos autores. Quatro autores implica a inscri\u00e7\u00e3o de, pelo menos, 2 dos autores. Caso o n\u00famero de autores seja superior a 4, implicar\u00e1 a inscri\u00e7\u00e3o de pelo menos 3 autores. S\u00f3 ser\u00e3o emitidos certificados de apresenta\u00e7\u00e3o de comunica\u00e7\u00e3o aos autores inscritos no evento.<\/strong><\/p>\n\n\n\n<p><a href=\"https:\/\/www.ipleiria.pt\/sdoc\/wp-content\/uploads\/sites\/10\/2021\/05\/Guia_APA_7\u00aaEd._v1.pdf\">Normas APA &#8211; Aceder aqui!<\/a><\/p>\n","protected":false},"excerpt":{"rendered":"<p>Os t\u00f3picos da confer\u00eancia s\u00e3o:1 &#8211; Linguagem clara e linguagem f\u00e1cil2 &#8211; Envolvimento e participa\u00e7\u00e3o de grupos-alvo3 &#8211; Linguagem f\u00e1cil no aspecto oral4 &#8211; Acessibilidade dos meios de comunica\u00e7\u00e3o5 &#8211; O direito \u00e0 informa\u00e7\u00e3o e \u00e0 comunica\u00e7\u00e3o6 &#8211; Educa\u00e7\u00e3o, sa\u00fade,&hellip;  <\/p>\n<p class=\"more-link\"><a href=\"https:\/\/sites.ipleiria.pt\/congressoklaara\/call-for-papers\/\">Continue reading <span class=\"meta-nav\">&rarr;<\/span><\/a><\/p>\n","protected":false},"author":102,"featured_media":0,"parent":0,"menu_order":0,"comment_status":"closed","ping_status":"closed","template":"","meta":{"_monsterinsights_skip_tracking":false,"_monsterinsights_sitenote_active":false,"_monsterinsights_sitenote_note":"","_monsterinsights_sitenote_category":0,"footnotes":""},"class_list":["post-169","page","type-page","status-publish","hentry"],"yoast_head":"<!-- This site is optimized with the Yoast SEO plugin v26.8 - https:\/\/yoast.com\/product\/yoast-seo-wordpress\/ -->\n<title>Submiss\u00f5es - ENCERRADAS - Klaara 2023<\/title>\n<meta name=\"robots\" content=\"index, follow, max-snippet:-1, max-image-preview:large, max-video-preview:-1\" \/>\n<link rel=\"canonical\" href=\"https:\/\/sites.ipleiria.pt\/congressoklaara\/call-for-papers\/\" \/>\n<meta property=\"og:locale\" content=\"pt_PT\" \/>\n<meta property=\"og:type\" content=\"article\" \/>\n<meta property=\"og:title\" content=\"Submiss\u00f5es - ENCERRADAS - Klaara 2023\" \/>\n<meta property=\"og:description\" content=\"Os t\u00f3picos da confer\u00eancia s\u00e3o:1 &#8211; Linguagem clara e linguagem f\u00e1cil2 &#8211; Envolvimento e participa\u00e7\u00e3o de grupos-alvo3 &#8211; Linguagem f\u00e1cil no aspecto oral4 &#8211; Acessibilidade dos meios de comunica\u00e7\u00e3o5 &#8211; O direito \u00e0 informa\u00e7\u00e3o e \u00e0 comunica\u00e7\u00e3o6 &#8211; Educa\u00e7\u00e3o, sa\u00fade,&hellip; Continue reading &rarr;\" \/>\n<meta property=\"og:url\" content=\"https:\/\/sites.ipleiria.pt\/congressoklaara\/call-for-papers\/\" \/>\n<meta property=\"og:site_name\" content=\"Klaara 2023\" \/>\n<meta property=\"article:modified_time\" content=\"2023-06-30T07:00:02+00:00\" \/>\n<meta name=\"twitter:card\" content=\"summary_large_image\" \/>\n<meta name=\"twitter:label1\" content=\"Tempo estimado de leitura\" \/>\n\t<meta name=\"twitter:data1\" content=\"3 minutos\" \/>\n<script type=\"application\/ld+json\" class=\"yoast-schema-graph\">{\"@context\":\"https:\/\/schema.org\",\"@graph\":[{\"@type\":\"WebPage\",\"@id\":\"https:\/\/sites.ipleiria.pt\/congressoklaara\/call-for-papers\/\",\"url\":\"https:\/\/sites.ipleiria.pt\/congressoklaara\/call-for-papers\/\",\"name\":\"Submiss\u00f5es - ENCERRADAS - Klaara 2023\",\"isPartOf\":{\"@id\":\"https:\/\/sites.ipleiria.pt\/congressoklaara\/#website\"},\"datePublished\":\"2022-09-19T17:57:27+00:00\",\"dateModified\":\"2023-06-30T07:00:02+00:00\",\"breadcrumb\":{\"@id\":\"https:\/\/sites.ipleiria.pt\/congressoklaara\/call-for-papers\/#breadcrumb\"},\"inLanguage\":\"pt-PT\",\"potentialAction\":[{\"@type\":\"ReadAction\",\"target\":[\"https:\/\/sites.ipleiria.pt\/congressoklaara\/call-for-papers\/\"]}]},{\"@type\":\"BreadcrumbList\",\"@id\":\"https:\/\/sites.ipleiria.pt\/congressoklaara\/call-for-papers\/#breadcrumb\",\"itemListElement\":[{\"@type\":\"ListItem\",\"position\":1,\"name\":\"In\u00edcio\",\"item\":\"https:\/\/sites.ipleiria.pt\/congressoklaara\/\"},{\"@type\":\"ListItem\",\"position\":2,\"name\":\"Submiss\u00f5es &#8211; ENCERRADAS\"}]},{\"@type\":\"WebSite\",\"@id\":\"https:\/\/sites.ipleiria.pt\/congressoklaara\/#website\",\"url\":\"https:\/\/sites.ipleiria.pt\/congressoklaara\/\",\"name\":\"Klaara 2023\",\"description\":\"Site da 3\u00aa Confer\u00eancia sobre investiga\u00e7\u00e3o na comunica\u00e7\u00e3o e linguagem acess\u00edveis\",\"potentialAction\":[{\"@type\":\"SearchAction\",\"target\":{\"@type\":\"EntryPoint\",\"urlTemplate\":\"https:\/\/sites.ipleiria.pt\/congressoklaara\/?s={search_term_string}\"},\"query-input\":{\"@type\":\"PropertyValueSpecification\",\"valueRequired\":true,\"valueName\":\"search_term_string\"}}],\"inLanguage\":\"pt-PT\"}]}<\/script>\n<!-- \/ Yoast SEO plugin. -->","yoast_head_json":{"title":"Submiss\u00f5es - ENCERRADAS - Klaara 2023","robots":{"index":"index","follow":"follow","max-snippet":"max-snippet:-1","max-image-preview":"max-image-preview:large","max-video-preview":"max-video-preview:-1"},"canonical":"https:\/\/sites.ipleiria.pt\/congressoklaara\/call-for-papers\/","og_locale":"pt_PT","og_type":"article","og_title":"Submiss\u00f5es - ENCERRADAS - Klaara 2023","og_description":"Os t\u00f3picos da confer\u00eancia s\u00e3o:1 &#8211; Linguagem clara e linguagem f\u00e1cil2 &#8211; Envolvimento e participa\u00e7\u00e3o de grupos-alvo3 &#8211; Linguagem f\u00e1cil no aspecto oral4 &#8211; Acessibilidade dos meios de comunica\u00e7\u00e3o5 &#8211; O direito \u00e0 informa\u00e7\u00e3o e \u00e0 comunica\u00e7\u00e3o6 &#8211; Educa\u00e7\u00e3o, sa\u00fade,&hellip; Continue reading &rarr;","og_url":"https:\/\/sites.ipleiria.pt\/congressoklaara\/call-for-papers\/","og_site_name":"Klaara 2023","article_modified_time":"2023-06-30T07:00:02+00:00","twitter_card":"summary_large_image","twitter_misc":{"Tempo estimado de leitura":"3 minutos"},"schema":{"@context":"https:\/\/schema.org","@graph":[{"@type":"WebPage","@id":"https:\/\/sites.ipleiria.pt\/congressoklaara\/call-for-papers\/","url":"https:\/\/sites.ipleiria.pt\/congressoklaara\/call-for-papers\/","name":"Submiss\u00f5es - ENCERRADAS - Klaara 2023","isPartOf":{"@id":"https:\/\/sites.ipleiria.pt\/congressoklaara\/#website"},"datePublished":"2022-09-19T17:57:27+00:00","dateModified":"2023-06-30T07:00:02+00:00","breadcrumb":{"@id":"https:\/\/sites.ipleiria.pt\/congressoklaara\/call-for-papers\/#breadcrumb"},"inLanguage":"pt-PT","potentialAction":[{"@type":"ReadAction","target":["https:\/\/sites.ipleiria.pt\/congressoklaara\/call-for-papers\/"]}]},{"@type":"BreadcrumbList","@id":"https:\/\/sites.ipleiria.pt\/congressoklaara\/call-for-papers\/#breadcrumb","itemListElement":[{"@type":"ListItem","position":1,"name":"In\u00edcio","item":"https:\/\/sites.ipleiria.pt\/congressoklaara\/"},{"@type":"ListItem","position":2,"name":"Submiss\u00f5es &#8211; ENCERRADAS"}]},{"@type":"WebSite","@id":"https:\/\/sites.ipleiria.pt\/congressoklaara\/#website","url":"https:\/\/sites.ipleiria.pt\/congressoklaara\/","name":"Klaara 2023","description":"Site da 3\u00aa Confer\u00eancia sobre investiga\u00e7\u00e3o na comunica\u00e7\u00e3o e linguagem acess\u00edveis","potentialAction":[{"@type":"SearchAction","target":{"@type":"EntryPoint","urlTemplate":"https:\/\/sites.ipleiria.pt\/congressoklaara\/?s={search_term_string}"},"query-input":{"@type":"PropertyValueSpecification","valueRequired":true,"valueName":"search_term_string"}}],"inLanguage":"pt-PT"}]}},"_links":{"self":[{"href":"https:\/\/sites.ipleiria.pt\/congressoklaara\/wp-json\/wp\/v2\/pages\/169","targetHints":{"allow":["GET"]}}],"collection":[{"href":"https:\/\/sites.ipleiria.pt\/congressoklaara\/wp-json\/wp\/v2\/pages"}],"about":[{"href":"https:\/\/sites.ipleiria.pt\/congressoklaara\/wp-json\/wp\/v2\/types\/page"}],"author":[{"embeddable":true,"href":"https:\/\/sites.ipleiria.pt\/congressoklaara\/wp-json\/wp\/v2\/users\/102"}],"replies":[{"embeddable":true,"href":"https:\/\/sites.ipleiria.pt\/congressoklaara\/wp-json\/wp\/v2\/comments?post=169"}],"version-history":[{"count":88,"href":"https:\/\/sites.ipleiria.pt\/congressoklaara\/wp-json\/wp\/v2\/pages\/169\/revisions"}],"predecessor-version":[{"id":898,"href":"https:\/\/sites.ipleiria.pt\/congressoklaara\/wp-json\/wp\/v2\/pages\/169\/revisions\/898"}],"wp:attachment":[{"href":"https:\/\/sites.ipleiria.pt\/congressoklaara\/wp-json\/wp\/v2\/media?parent=169"}],"curies":[{"name":"wp","href":"https:\/\/api.w.org\/{rel}","templated":true}]}}