{"id":171,"date":"2022-09-19T17:58:12","date_gmt":"2022-09-19T17:58:12","guid":{"rendered":"https:\/\/sites.ipleiria.pt\/congressoklaara\/?page_id=171"},"modified":"2022-12-07T11:02:24","modified_gmt":"2022-12-07T11:02:24","slug":"contactos","status":"publish","type":"page","link":"https:\/\/sites.ipleiria.pt\/congressoklaara\/contactos\/","title":{"rendered":"Contactos"},"content":{"rendered":"\n<p><strong>KLAARA 2023&nbsp;<\/strong><\/p>\n\n\n\n<p><a href=\"mailto:Klaara2023@gmail.com\">klaara2023@gmail.com<\/a>\u00a0<\/p>\n\n\n\n<p><\/p>\n\n\n\n<p><strong>FENACERCI<\/strong><\/p>\n\n\n\n<div class=\"wp-block-group\"><div class=\"wp-block-group__inner-container is-layout-flow wp-block-group-is-layout-flow\">\n<p>Rua Augusto Macedo n. 2 A<\/p>\n\n\n\n<p>1600-794 Lisboa &#8211; Portugal<\/p>\n\n\n\n<p>Tel: (+351) 217112580 \u2022 Fax:(+351) 217112581<\/p>\n\n\n\n<p>E-mail: <a href=\"mailto:fenacerci@fenacerci.pt\">fenacerci@fenacerci.pt<\/a><\/p>\n<\/div><\/div>\n\n\n\n<p><\/p>\n\n\n\n<p><strong>Escola Superior de Educa\u00e7\u00e3o e Ci\u00eancias Sociais (Leiria)<\/strong><\/p>\n\n\n\n<div class=\"wp-block-group\"><div class=\"wp-block-group__inner-container is-layout-flow wp-block-group-is-layout-flow\">\n<p>Campus 1 \u2014 Instituto Polit\u00e9cnico de Leiria<\/p>\n\n\n\n<p>Rua Dr. Jo\u00e3o Soares<\/p>\n\n\n\n<p>Apartado 4045<\/p>\n\n\n\n<p>2411-901 Leiria \u2013 Portugal<\/p>\n\n\n\n<p>Tel: (+351) 244 829400 \u2022 Fax:(+351) 244 829499<\/p>\n\n\n\n<p>E-mail:&nbsp;<a href=\"mailto:esecs@ipleiria.pt\">esecs@ipleiria.pt<\/a><\/p>\n<\/div><\/div>\n\n\n\n<p><\/p>\n","protected":false},"excerpt":{"rendered":"<p>KLAARA 2023&nbsp; klaara2023@gmail.com\u00a0 FENACERCI Rua Augusto Macedo n. 2 A 1600-794 Lisboa &#8211; Portugal Tel: (+351) 217112580 \u2022 Fax:(+351) 217112581 E-mail: fenacerci@fenacerci.pt Escola Superior de Educa\u00e7\u00e3o e Ci\u00eancias Sociais (Leiria) Campus 1 \u2014 Instituto Polit\u00e9cnico de Leiria Rua Dr. Jo\u00e3o&hellip;  <\/p>\n<p class=\"more-link\"><a href=\"https:\/\/sites.ipleiria.pt\/congressoklaara\/contactos\/\">Continue reading <span class=\"meta-nav\">&rarr;<\/span><\/a><\/p>\n","protected":false},"author":102,"featured_media":0,"parent":0,"menu_order":0,"comment_status":"closed","ping_status":"closed","template":"","meta":{"_monsterinsights_skip_tracking":false,"_monsterinsights_sitenote_active":false,"_monsterinsights_sitenote_note":"","_monsterinsights_sitenote_category":0,"footnotes":""},"class_list":["post-171","page","type-page","status-publish","hentry"],"yoast_head":"<!-- This site is optimized with the Yoast SEO plugin v26.8 - https:\/\/yoast.com\/product\/yoast-seo-wordpress\/ -->\n<title>Contactos - Klaara 2023<\/title>\n<meta name=\"robots\" content=\"index, follow, max-snippet:-1, max-image-preview:large, max-video-preview:-1\" \/>\n<link rel=\"canonical\" href=\"https:\/\/sites.ipleiria.pt\/congressoklaara\/contactos\/\" \/>\n<meta property=\"og:locale\" content=\"pt_PT\" \/>\n<meta property=\"og:type\" content=\"article\" \/>\n<meta property=\"og:title\" content=\"Contactos - Klaara 2023\" \/>\n<meta property=\"og:description\" content=\"KLAARA 2023&nbsp; klaara2023@gmail.com\u00a0 FENACERCI Rua Augusto Macedo n. 2 A 1600-794 Lisboa &#8211; Portugal Tel: (+351) 217112580 \u2022 Fax:(+351) 217112581 E-mail: fenacerci@fenacerci.pt Escola Superior de Educa\u00e7\u00e3o e Ci\u00eancias Sociais (Leiria) Campus 1 \u2014 Instituto Polit\u00e9cnico de Leiria Rua Dr. Jo\u00e3o&hellip; Continue reading &rarr;\" \/>\n<meta property=\"og:url\" content=\"https:\/\/sites.ipleiria.pt\/congressoklaara\/contactos\/\" \/>\n<meta property=\"og:site_name\" content=\"Klaara 2023\" \/>\n<meta property=\"article:modified_time\" content=\"2022-12-07T11:02:24+00:00\" \/>\n<meta name=\"twitter:card\" content=\"summary_large_image\" \/>\n<meta name=\"twitter:label1\" content=\"Tempo estimado de leitura\" \/>\n\t<meta name=\"twitter:data1\" content=\"1 minuto\" \/>\n<script type=\"application\/ld+json\" class=\"yoast-schema-graph\">{\"@context\":\"https:\/\/schema.org\",\"@graph\":[{\"@type\":\"WebPage\",\"@id\":\"https:\/\/sites.ipleiria.pt\/congressoklaara\/contactos\/\",\"url\":\"https:\/\/sites.ipleiria.pt\/congressoklaara\/contactos\/\",\"name\":\"Contactos - Klaara 2023\",\"isPartOf\":{\"@id\":\"https:\/\/sites.ipleiria.pt\/congressoklaara\/#website\"},\"datePublished\":\"2022-09-19T17:58:12+00:00\",\"dateModified\":\"2022-12-07T11:02:24+00:00\",\"breadcrumb\":{\"@id\":\"https:\/\/sites.ipleiria.pt\/congressoklaara\/contactos\/#breadcrumb\"},\"inLanguage\":\"pt-PT\",\"potentialAction\":[{\"@type\":\"ReadAction\",\"target\":[\"https:\/\/sites.ipleiria.pt\/congressoklaara\/contactos\/\"]}]},{\"@type\":\"BreadcrumbList\",\"@id\":\"https:\/\/sites.ipleiria.pt\/congressoklaara\/contactos\/#breadcrumb\",\"itemListElement\":[{\"@type\":\"ListItem\",\"position\":1,\"name\":\"In\u00edcio\",\"item\":\"https:\/\/sites.ipleiria.pt\/congressoklaara\/\"},{\"@type\":\"ListItem\",\"position\":2,\"name\":\"Contactos\"}]},{\"@type\":\"WebSite\",\"@id\":\"https:\/\/sites.ipleiria.pt\/congressoklaara\/#website\",\"url\":\"https:\/\/sites.ipleiria.pt\/congressoklaara\/\",\"name\":\"Klaara 2023\",\"description\":\"Site da 3\u00aa Confer\u00eancia sobre investiga\u00e7\u00e3o na comunica\u00e7\u00e3o e linguagem acess\u00edveis\",\"potentialAction\":[{\"@type\":\"SearchAction\",\"target\":{\"@type\":\"EntryPoint\",\"urlTemplate\":\"https:\/\/sites.ipleiria.pt\/congressoklaara\/?s={search_term_string}\"},\"query-input\":{\"@type\":\"PropertyValueSpecification\",\"valueRequired\":true,\"valueName\":\"search_term_string\"}}],\"inLanguage\":\"pt-PT\"}]}<\/script>\n<!-- \/ Yoast SEO plugin. -->","yoast_head_json":{"title":"Contactos - Klaara 2023","robots":{"index":"index","follow":"follow","max-snippet":"max-snippet:-1","max-image-preview":"max-image-preview:large","max-video-preview":"max-video-preview:-1"},"canonical":"https:\/\/sites.ipleiria.pt\/congressoklaara\/contactos\/","og_locale":"pt_PT","og_type":"article","og_title":"Contactos - Klaara 2023","og_description":"KLAARA 2023&nbsp; klaara2023@gmail.com\u00a0 FENACERCI Rua Augusto Macedo n. 2 A 1600-794 Lisboa &#8211; Portugal Tel: (+351) 217112580 \u2022 Fax:(+351) 217112581 E-mail: fenacerci@fenacerci.pt Escola Superior de Educa\u00e7\u00e3o e Ci\u00eancias Sociais (Leiria) Campus 1 \u2014 Instituto Polit\u00e9cnico de Leiria Rua Dr. Jo\u00e3o&hellip; Continue reading &rarr;","og_url":"https:\/\/sites.ipleiria.pt\/congressoklaara\/contactos\/","og_site_name":"Klaara 2023","article_modified_time":"2022-12-07T11:02:24+00:00","twitter_card":"summary_large_image","twitter_misc":{"Tempo estimado de leitura":"1 minuto"},"schema":{"@context":"https:\/\/schema.org","@graph":[{"@type":"WebPage","@id":"https:\/\/sites.ipleiria.pt\/congressoklaara\/contactos\/","url":"https:\/\/sites.ipleiria.pt\/congressoklaara\/contactos\/","name":"Contactos - Klaara 2023","isPartOf":{"@id":"https:\/\/sites.ipleiria.pt\/congressoklaara\/#website"},"datePublished":"2022-09-19T17:58:12+00:00","dateModified":"2022-12-07T11:02:24+00:00","breadcrumb":{"@id":"https:\/\/sites.ipleiria.pt\/congressoklaara\/contactos\/#breadcrumb"},"inLanguage":"pt-PT","potentialAction":[{"@type":"ReadAction","target":["https:\/\/sites.ipleiria.pt\/congressoklaara\/contactos\/"]}]},{"@type":"BreadcrumbList","@id":"https:\/\/sites.ipleiria.pt\/congressoklaara\/contactos\/#breadcrumb","itemListElement":[{"@type":"ListItem","position":1,"name":"In\u00edcio","item":"https:\/\/sites.ipleiria.pt\/congressoklaara\/"},{"@type":"ListItem","position":2,"name":"Contactos"}]},{"@type":"WebSite","@id":"https:\/\/sites.ipleiria.pt\/congressoklaara\/#website","url":"https:\/\/sites.ipleiria.pt\/congressoklaara\/","name":"Klaara 2023","description":"Site da 3\u00aa Confer\u00eancia sobre investiga\u00e7\u00e3o na comunica\u00e7\u00e3o e linguagem acess\u00edveis","potentialAction":[{"@type":"SearchAction","target":{"@type":"EntryPoint","urlTemplate":"https:\/\/sites.ipleiria.pt\/congressoklaara\/?s={search_term_string}"},"query-input":{"@type":"PropertyValueSpecification","valueRequired":true,"valueName":"search_term_string"}}],"inLanguage":"pt-PT"}]}},"_links":{"self":[{"href":"https:\/\/sites.ipleiria.pt\/congressoklaara\/wp-json\/wp\/v2\/pages\/171","targetHints":{"allow":["GET"]}}],"collection":[{"href":"https:\/\/sites.ipleiria.pt\/congressoklaara\/wp-json\/wp\/v2\/pages"}],"about":[{"href":"https:\/\/sites.ipleiria.pt\/congressoklaara\/wp-json\/wp\/v2\/types\/page"}],"author":[{"embeddable":true,"href":"https:\/\/sites.ipleiria.pt\/congressoklaara\/wp-json\/wp\/v2\/users\/102"}],"replies":[{"embeddable":true,"href":"https:\/\/sites.ipleiria.pt\/congressoklaara\/wp-json\/wp\/v2\/comments?post=171"}],"version-history":[{"count":10,"href":"https:\/\/sites.ipleiria.pt\/congressoklaara\/wp-json\/wp\/v2\/pages\/171\/revisions"}],"predecessor-version":[{"id":287,"href":"https:\/\/sites.ipleiria.pt\/congressoklaara\/wp-json\/wp\/v2\/pages\/171\/revisions\/287"}],"wp:attachment":[{"href":"https:\/\/sites.ipleiria.pt\/congressoklaara\/wp-json\/wp\/v2\/media?parent=171"}],"curies":[{"name":"wp","href":"https:\/\/api.w.org\/{rel}","templated":true}]}}