{"id":294,"date":"2022-12-15T17:18:34","date_gmt":"2022-12-15T17:18:34","guid":{"rendered":"https:\/\/sites.ipleiria.pt\/congressoklaara\/?page_id=294"},"modified":"2023-06-30T06:59:23","modified_gmt":"2023-06-30T06:59:23","slug":"294-2","status":"publish","type":"page","link":"https:\/\/sites.ipleiria.pt\/congressoklaara\/en\/294-2\/","title":{"rendered":"Organisation"},"content":{"rendered":"<div class=\"wp-block-group\">\n<div class=\"wp-block-group__inner-container\">\n<p class=\"has-text-align-left\"><strong>Organising Committee<\/strong><\/p>\n\n<ul>\n \t<li><span class=\"JsGRdQ\">Ana Pouseiro (FENACERCI)<\/span><\/li>\n \t<li><span class=\"JsGRdQ\">Carla Silva (FENACERCI)<\/span><\/li>\n \t<li><span class=\"JsGRdQ\">C\u00e9lia Sousa (ESECS, Polit\u00e9cnico de Leiria, CRID, CICS.NOVA.IPLeiria)<\/span><\/li>\n \t<li><span class=\"JsGRdQ\">Joaquim Pequicho (FENACERCI)<\/span><\/li>\n \t<li><span class=\"JsGRdQ\"><a href=\"https:\/\/www.linkedin.com\/in\/marta-nogueira-6244964b\/\">Marta Nogueira<\/a> (ESECS, Polit\u00e9cnico de Leiria)<\/span><\/li>\n \t<li><span class=\"JsGRdQ\"><a href=\"https:\/\/www.linkedin.com\/in\/pedro-morou%C3%A7o-2780b842\/\">Pedro Morou\u00e7o<\/a> (ESECS, Polit\u00e9cnico de Leiria)<\/span><\/li>\n \t<li><span class=\"JsGRdQ\"><a href=\"https:\/\/www.linkedin.com\/in\/sandra-marques-13689019\/\">Sandra Marques<\/a> (FENACERCI)<\/span><\/li>\n<\/ul>\n<\/div>\n<\/div>\n<div class=\"wp-block-group\">\n<div class=\"wp-block-group__inner-container\">\n\n<strong>Scientific Committee<\/strong>\n\n<\/div>\n<\/div>\n<!-- \/wp:paragraph --><!-- wp:paragraph -->\n<ul>\n \t<li><span class=\"JsGRdQ\">Alessandra Castelini<\/span><\/li>\n \t<li><span class=\"JsGRdQ\">Aliny Lamoglia<\/span><\/li>\n \t<li><span class=\"JsGRdQ\">Allan Damasceno<\/span><\/li>\n \t<li><span class=\"JsGRdQ\">Anna Matamala<\/span><\/li>\n \t<li><span class=\"JsGRdQ\">Anne Parpan-Blaser<\/span><\/li>\n \t<li><span class=\"JsGRdQ\">Camilla Lindholm<\/span><\/li>\n \t<li><span class=\"JsGRdQ\">Carla Freire<\/span><\/li>\n \t<li><span class=\"JsGRdQ\">Carina Alves<\/span><\/li>\n \t<li><span class=\"JsGRdQ\">Catarina Menezes<\/span><\/li>\n \t<li><span class=\"JsGRdQ\">Catarina Mangas<\/span><\/li>\n \t<li><span class=\"JsGRdQ\">C\u00e9lia Sousa<\/span><\/li>\n \t<li><span class=\"JsGRdQ\">Cristov\u00e3o Margarido<\/span><\/li>\n \t<li><span class=\"JsGRdQ\">David Rodrigues<\/span><\/li>\n \t<li><span class=\"JsGRdQ\">Deborah Chinn<\/span><\/li>\n \t<li><span class=\"JsGRdQ\">Eduardo Cardoso<\/span><\/li>\n \t<li><span class=\"JsGRdQ\">Elisa Perego<\/span><\/li>\n \t<li><span class=\"JsGRdQ\">Jos\u00e9 Carlos Laranjo Marques<\/span><\/li>\n \t<li><span class=\"JsGRdQ\">Leealaura Leskel\u00e4<\/span><\/li>\n \t<li><span class=\"JsGRdQ\">Leonel Brites<\/span><\/li>\n \t<li><span class=\"JsGRdQ\">Marta Nogueira<\/span><\/li>\n \t<li>P\u00e9ter L\u00e1szl\u00f3 Horv\u00e1th<\/li>\n \t<li><span class=\"JsGRdQ\">Sandra Marques<\/span><\/li>\n \t<li><span class=\"JsGRdQ\">Tatjana Knapp<\/span><\/li>\n \t<li><span class=\"JsGRdQ\">Thais Garcia<\/span><\/li>\n \t<li><span class=\"JsGRdQ\">Ulla Bohman<\/span><\/li>\n \t<li><span class=\"JsGRdQ\">Ulla Vanhatalo<\/span><\/li>\n<\/ul>\n<!-- \/wp:paragraph --><!-- wp:paragraph -->\n<p class=\"wp-block-image\"><\/p>","protected":false},"excerpt":{"rendered":"<p>Organising Committee Ana Pouseiro (FENACERCI) Carla Silva (FENACERCI) C\u00e9lia Sousa (ESECS, Polit\u00e9cnico de Leiria, CRID, CICS.NOVA.IPLeiria) Joaquim Pequicho (FENACERCI) Marta Nogueira (ESECS, Polit\u00e9cnico de Leiria) Pedro Morou\u00e7o (ESECS, Polit\u00e9cnico de Leiria) Sandra Marques (FENACERCI) Scientific Committee Alessandra Castelini Aliny Lamoglia&hellip;  <\/p>\n<p class=\"more-link\"><a href=\"https:\/\/sites.ipleiria.pt\/congressoklaara\/en\/294-2\/\">Continue reading <span class=\"meta-nav\">&rarr;<\/span><\/a><\/p>\n","protected":false},"author":5506,"featured_media":0,"parent":0,"menu_order":0,"comment_status":"closed","ping_status":"closed","template":"","meta":{"_monsterinsights_skip_tracking":false,"_monsterinsights_sitenote_active":false,"_monsterinsights_sitenote_note":"","_monsterinsights_sitenote_category":0,"footnotes":""},"class_list":["post-294","page","type-page","status-publish","hentry"],"yoast_head":"<!-- This site is optimized with the Yoast SEO plugin v26.8 - https:\/\/yoast.com\/product\/yoast-seo-wordpress\/ -->\n<title>Organisation - Klaara 2023<\/title>\n<meta name=\"robots\" content=\"index, follow, max-snippet:-1, max-image-preview:large, max-video-preview:-1\" \/>\n<link rel=\"canonical\" href=\"https:\/\/sites.ipleiria.pt\/congressoklaara\/en\/294-2\/\" \/>\n<meta property=\"og:locale\" content=\"pt_PT\" \/>\n<meta property=\"og:type\" content=\"article\" \/>\n<meta property=\"og:title\" content=\"Organisation - Klaara 2023\" \/>\n<meta property=\"og:description\" content=\"Organising Committee Ana Pouseiro (FENACERCI) Carla Silva (FENACERCI) C\u00e9lia Sousa (ESECS, Polit\u00e9cnico de Leiria, CRID, CICS.NOVA.IPLeiria) Joaquim Pequicho (FENACERCI) Marta Nogueira (ESECS, Polit\u00e9cnico de Leiria) Pedro Morou\u00e7o (ESECS, Polit\u00e9cnico de Leiria) Sandra Marques (FENACERCI) Scientific Committee Alessandra Castelini Aliny Lamoglia&hellip; Continue reading &rarr;\" \/>\n<meta property=\"og:url\" content=\"https:\/\/sites.ipleiria.pt\/congressoklaara\/en\/294-2\/\" \/>\n<meta property=\"og:site_name\" content=\"Klaara 2023\" \/>\n<meta property=\"article:modified_time\" content=\"2023-06-30T06:59:23+00:00\" \/>\n<meta name=\"twitter:card\" content=\"summary_large_image\" \/>\n<meta name=\"twitter:label1\" content=\"Tempo estimado de leitura\" \/>\n\t<meta name=\"twitter:data1\" content=\"1 minuto\" \/>\n<script type=\"application\/ld+json\" class=\"yoast-schema-graph\">{\"@context\":\"https:\/\/schema.org\",\"@graph\":[{\"@type\":\"WebPage\",\"@id\":\"https:\/\/sites.ipleiria.pt\/congressoklaara\/en\/294-2\/\",\"url\":\"https:\/\/sites.ipleiria.pt\/congressoklaara\/en\/294-2\/\",\"name\":\"Organisation - Klaara 2023\",\"isPartOf\":{\"@id\":\"https:\/\/sites.ipleiria.pt\/congressoklaara\/#website\"},\"datePublished\":\"2022-12-15T17:18:34+00:00\",\"dateModified\":\"2023-06-30T06:59:23+00:00\",\"breadcrumb\":{\"@id\":\"https:\/\/sites.ipleiria.pt\/congressoklaara\/en\/294-2\/#breadcrumb\"},\"inLanguage\":\"pt-PT\",\"potentialAction\":[{\"@type\":\"ReadAction\",\"target\":[\"https:\/\/sites.ipleiria.pt\/congressoklaara\/en\/294-2\/\"]}]},{\"@type\":\"BreadcrumbList\",\"@id\":\"https:\/\/sites.ipleiria.pt\/congressoklaara\/en\/294-2\/#breadcrumb\",\"itemListElement\":[{\"@type\":\"ListItem\",\"position\":1,\"name\":\"In\u00edcio\",\"item\":\"https:\/\/sites.ipleiria.pt\/congressoklaara\/\"},{\"@type\":\"ListItem\",\"position\":2,\"name\":\"Organisation\"}]},{\"@type\":\"WebSite\",\"@id\":\"https:\/\/sites.ipleiria.pt\/congressoklaara\/#website\",\"url\":\"https:\/\/sites.ipleiria.pt\/congressoklaara\/\",\"name\":\"Klaara 2023\",\"description\":\"Site da 3\u00aa Confer\u00eancia sobre investiga\u00e7\u00e3o na comunica\u00e7\u00e3o e linguagem acess\u00edveis\",\"potentialAction\":[{\"@type\":\"SearchAction\",\"target\":{\"@type\":\"EntryPoint\",\"urlTemplate\":\"https:\/\/sites.ipleiria.pt\/congressoklaara\/?s={search_term_string}\"},\"query-input\":{\"@type\":\"PropertyValueSpecification\",\"valueRequired\":true,\"valueName\":\"search_term_string\"}}],\"inLanguage\":\"pt-PT\"}]}<\/script>\n<!-- \/ Yoast SEO plugin. -->","yoast_head_json":{"title":"Organisation - Klaara 2023","robots":{"index":"index","follow":"follow","max-snippet":"max-snippet:-1","max-image-preview":"max-image-preview:large","max-video-preview":"max-video-preview:-1"},"canonical":"https:\/\/sites.ipleiria.pt\/congressoklaara\/en\/294-2\/","og_locale":"pt_PT","og_type":"article","og_title":"Organisation - Klaara 2023","og_description":"Organising Committee Ana Pouseiro (FENACERCI) Carla Silva (FENACERCI) C\u00e9lia Sousa (ESECS, Polit\u00e9cnico de Leiria, CRID, CICS.NOVA.IPLeiria) Joaquim Pequicho (FENACERCI) Marta Nogueira (ESECS, Polit\u00e9cnico de Leiria) Pedro Morou\u00e7o (ESECS, Polit\u00e9cnico de Leiria) Sandra Marques (FENACERCI) Scientific Committee Alessandra Castelini Aliny Lamoglia&hellip; Continue reading &rarr;","og_url":"https:\/\/sites.ipleiria.pt\/congressoklaara\/en\/294-2\/","og_site_name":"Klaara 2023","article_modified_time":"2023-06-30T06:59:23+00:00","twitter_card":"summary_large_image","twitter_misc":{"Tempo estimado de leitura":"1 minuto"},"schema":{"@context":"https:\/\/schema.org","@graph":[{"@type":"WebPage","@id":"https:\/\/sites.ipleiria.pt\/congressoklaara\/en\/294-2\/","url":"https:\/\/sites.ipleiria.pt\/congressoklaara\/en\/294-2\/","name":"Organisation - Klaara 2023","isPartOf":{"@id":"https:\/\/sites.ipleiria.pt\/congressoklaara\/#website"},"datePublished":"2022-12-15T17:18:34+00:00","dateModified":"2023-06-30T06:59:23+00:00","breadcrumb":{"@id":"https:\/\/sites.ipleiria.pt\/congressoklaara\/en\/294-2\/#breadcrumb"},"inLanguage":"pt-PT","potentialAction":[{"@type":"ReadAction","target":["https:\/\/sites.ipleiria.pt\/congressoklaara\/en\/294-2\/"]}]},{"@type":"BreadcrumbList","@id":"https:\/\/sites.ipleiria.pt\/congressoklaara\/en\/294-2\/#breadcrumb","itemListElement":[{"@type":"ListItem","position":1,"name":"In\u00edcio","item":"https:\/\/sites.ipleiria.pt\/congressoklaara\/"},{"@type":"ListItem","position":2,"name":"Organisation"}]},{"@type":"WebSite","@id":"https:\/\/sites.ipleiria.pt\/congressoklaara\/#website","url":"https:\/\/sites.ipleiria.pt\/congressoklaara\/","name":"Klaara 2023","description":"Site da 3\u00aa Confer\u00eancia sobre investiga\u00e7\u00e3o na comunica\u00e7\u00e3o e linguagem acess\u00edveis","potentialAction":[{"@type":"SearchAction","target":{"@type":"EntryPoint","urlTemplate":"https:\/\/sites.ipleiria.pt\/congressoklaara\/?s={search_term_string}"},"query-input":{"@type":"PropertyValueSpecification","valueRequired":true,"valueName":"search_term_string"}}],"inLanguage":"pt-PT"}]}},"_links":{"self":[{"href":"https:\/\/sites.ipleiria.pt\/congressoklaara\/wp-json\/wp\/v2\/pages\/294","targetHints":{"allow":["GET"]}}],"collection":[{"href":"https:\/\/sites.ipleiria.pt\/congressoklaara\/wp-json\/wp\/v2\/pages"}],"about":[{"href":"https:\/\/sites.ipleiria.pt\/congressoklaara\/wp-json\/wp\/v2\/types\/page"}],"author":[{"embeddable":true,"href":"https:\/\/sites.ipleiria.pt\/congressoklaara\/wp-json\/wp\/v2\/users\/5506"}],"replies":[{"embeddable":true,"href":"https:\/\/sites.ipleiria.pt\/congressoklaara\/wp-json\/wp\/v2\/comments?post=294"}],"version-history":[{"count":8,"href":"https:\/\/sites.ipleiria.pt\/congressoklaara\/wp-json\/wp\/v2\/pages\/294\/revisions"}],"predecessor-version":[{"id":897,"href":"https:\/\/sites.ipleiria.pt\/congressoklaara\/wp-json\/wp\/v2\/pages\/294\/revisions\/897"}],"wp:attachment":[{"href":"https:\/\/sites.ipleiria.pt\/congressoklaara\/wp-json\/wp\/v2\/media?parent=294"}],"curies":[{"name":"wp","href":"https:\/\/api.w.org\/{rel}","templated":true}]}}