{"id":299,"date":"2022-12-15T17:27:31","date_gmt":"2022-12-15T17:27:31","guid":{"rendered":"https:\/\/sites.ipleiria.pt\/congressoklaara\/?page_id=299"},"modified":"2023-06-30T06:56:36","modified_gmt":"2023-06-30T06:56:36","slug":"registration","status":"publish","type":"page","link":"https:\/\/sites.ipleiria.pt\/congressoklaara\/en\/registration\/","title":{"rendered":"Registration &#8211; CLOSED"},"content":{"rendered":"\n<p>Use this<a href=\"https:\/\/forms.office.com\/Pages\/ResponsePage.aspx?id=fgbtb6vslk-y3dhB-BEjKYdyD-wCQutFvyu6LUs0RzNUNVhYR0ZPMTY2MVJJOEtDUVM1WU5BWFdTSi4u\"> link to register<\/a><\/p>\n\n\n\n<p><strong>Registration is only valid after payment of the fee.<\/strong><\/p>\n\n\n\n<p><\/p>\n\n\n\n<p><strong>Early bird&nbsp;<\/strong>&#8211; 31 December 2022 | 15 May  2023<\/p>\n\n\n\n<ul class=\"wp-block-list\"><li>Early bird &#8211; 60\u20ac&nbsp;<\/li><li>Early bird students &#8211; 30\u20ac&nbsp;<\/li><li>Early bird FENACERCI Associated Members &#8211; 30\u20ac&nbsp;<\/li><li>Early bird speaker &#8211; 80\u20ac&nbsp;&nbsp;<\/li><li>Early bird online &#8211; 55\u20ac&nbsp;<\/li><li>Early bird teachers &#8211; 30 \u20ac<\/li><li>Early bird person with a disability &#8211; 30\u20ac<\/li><\/ul>\n\n\n\n<p><strong>Regular<\/strong>&nbsp;&#8211; 16 May 2023 | 15 June 2023<\/p>\n\n\n\n<ul class=\"wp-block-list\"><li>Registration &#8211; 70\u20ac&nbsp;&nbsp;<\/li><li>Students &#8211; 40\u20ac&nbsp;&nbsp;<\/li><li>FENACERCI Associated Members &#8211; 40\u20ac&nbsp;<\/li><li>Speaker &#8211; 90\u20ac&nbsp;&nbsp;<\/li><li>Online &#8211; 60\u20ac&nbsp;&nbsp;<\/li><li>Teachers &#8211; 40 \u20ac<\/li><li>Person with a disability &#8211; 40\u20ac<\/li><\/ul>\n\n\n\n<p><\/p>\n\n\n\n<p><strong>Payment informations &nbsp;<\/strong>&#8211; Please use the following identification: &#8220;KLAARA2023+surname&#8221;<\/p>\n\n\n\n<p>NIB: 000700000820200019223&nbsp;&nbsp;<\/p>\n\n\n\n<p>IBAN: PT50000700000820200019223&nbsp;<\/p>\n\n\n\n<p>BIC\/SWIFT: BESCPTPL&nbsp;<\/p>\n\n\n\n<p><\/p>\n\n\n\n<p><strong>Conference cancelation policy<\/strong><br>If a participant is unable to attend an event for any reason, it is possible to replace the participant by arrangement with the organisation.<br>If the participant is unable to attend, and is unable to transfer their place to another person, then the following refund arrangements apply:<\/p>\n\n\n\n<p><strong>Authors:<\/strong><br>Registrations cancelled as a result of an unaccepted paper are eligible for a refund of 80% of the registration fees paid. The remaining 20% of the fee contributes towards administrative costs incurred.<\/p>\n\n\n\n<p>Registrations cancelled more than 60 days prior to the event are eligible for a refund of 80% of registration fees paid.<\/p>\n\n\n\n<p>Registrations cancelled less than 60 days but more than 30 days prior to the event are eligible for a 50% refund of registration fees paid.<\/p>\n\n\n\n<p>Registrations cancelled less than 30 days prior to the event are no longer eligible for a refund.<\/p>\n\n\n\n<p><strong>Non-authors:<\/strong><\/p>\n\n\n\n<p>Registrations cancelled more than 30 days before the event are eligible for a refund of the registration fees paid, less a \u20ac20 administrative fee.<\/p>\n\n\n\n<p>Registrations cancelled less than 30 days prior to the event are no longer eligible for a refund.<\/p>\n","protected":false},"excerpt":{"rendered":"<p>Use this link to register Registration is only valid after payment of the fee. Early bird&nbsp;&#8211; 31 December 2022 | 15 May 2023 Early bird &#8211; 60\u20ac&nbsp; Early bird students &#8211; 30\u20ac&nbsp; Early bird FENACERCI Associated Members &#8211; 30\u20ac&nbsp; Early&hellip;  <\/p>\n<p class=\"more-link\"><a href=\"https:\/\/sites.ipleiria.pt\/congressoklaara\/en\/registration\/\">Continue reading <span class=\"meta-nav\">&rarr;<\/span><\/a><\/p>\n","protected":false},"author":5506,"featured_media":0,"parent":0,"menu_order":0,"comment_status":"closed","ping_status":"closed","template":"","meta":{"_monsterinsights_skip_tracking":false,"_monsterinsights_sitenote_active":false,"_monsterinsights_sitenote_note":"","_monsterinsights_sitenote_category":0,"footnotes":""},"class_list":["post-299","page","type-page","status-publish","hentry"],"yoast_head":"<!-- This site is optimized with the Yoast SEO plugin v26.8 - https:\/\/yoast.com\/product\/yoast-seo-wordpress\/ -->\n<title>Registration - CLOSED - Klaara 2023<\/title>\n<meta name=\"robots\" content=\"index, follow, max-snippet:-1, max-image-preview:large, max-video-preview:-1\" \/>\n<link rel=\"canonical\" href=\"https:\/\/sites.ipleiria.pt\/congressoklaara\/en\/registration\/\" \/>\n<meta property=\"og:locale\" content=\"pt_PT\" \/>\n<meta property=\"og:type\" content=\"article\" \/>\n<meta property=\"og:title\" content=\"Registration - CLOSED - Klaara 2023\" \/>\n<meta property=\"og:description\" content=\"Use this link to register Registration is only valid after payment of the fee. Early bird&nbsp;&#8211; 31 December 2022 | 15 May 2023 Early bird &#8211; 60\u20ac&nbsp; Early bird students &#8211; 30\u20ac&nbsp; Early bird FENACERCI Associated Members &#8211; 30\u20ac&nbsp; Early&hellip; Continue reading &rarr;\" \/>\n<meta property=\"og:url\" content=\"https:\/\/sites.ipleiria.pt\/congressoklaara\/en\/registration\/\" \/>\n<meta property=\"og:site_name\" content=\"Klaara 2023\" \/>\n<meta property=\"article:modified_time\" content=\"2023-06-30T06:56:36+00:00\" \/>\n<meta name=\"twitter:card\" content=\"summary_large_image\" \/>\n<meta name=\"twitter:label1\" content=\"Tempo estimado de leitura\" \/>\n\t<meta name=\"twitter:data1\" content=\"2 minutos\" \/>\n<script type=\"application\/ld+json\" class=\"yoast-schema-graph\">{\"@context\":\"https:\/\/schema.org\",\"@graph\":[{\"@type\":\"WebPage\",\"@id\":\"https:\/\/sites.ipleiria.pt\/congressoklaara\/en\/registration\/\",\"url\":\"https:\/\/sites.ipleiria.pt\/congressoklaara\/en\/registration\/\",\"name\":\"Registration - CLOSED - Klaara 2023\",\"isPartOf\":{\"@id\":\"https:\/\/sites.ipleiria.pt\/congressoklaara\/#website\"},\"datePublished\":\"2022-12-15T17:27:31+00:00\",\"dateModified\":\"2023-06-30T06:56:36+00:00\",\"breadcrumb\":{\"@id\":\"https:\/\/sites.ipleiria.pt\/congressoklaara\/en\/registration\/#breadcrumb\"},\"inLanguage\":\"pt-PT\",\"potentialAction\":[{\"@type\":\"ReadAction\",\"target\":[\"https:\/\/sites.ipleiria.pt\/congressoklaara\/en\/registration\/\"]}]},{\"@type\":\"BreadcrumbList\",\"@id\":\"https:\/\/sites.ipleiria.pt\/congressoklaara\/en\/registration\/#breadcrumb\",\"itemListElement\":[{\"@type\":\"ListItem\",\"position\":1,\"name\":\"In\u00edcio\",\"item\":\"https:\/\/sites.ipleiria.pt\/congressoklaara\/\"},{\"@type\":\"ListItem\",\"position\":2,\"name\":\"Registration &#8211; CLOSED\"}]},{\"@type\":\"WebSite\",\"@id\":\"https:\/\/sites.ipleiria.pt\/congressoklaara\/#website\",\"url\":\"https:\/\/sites.ipleiria.pt\/congressoklaara\/\",\"name\":\"Klaara 2023\",\"description\":\"Site da 3\u00aa Confer\u00eancia sobre investiga\u00e7\u00e3o na comunica\u00e7\u00e3o e linguagem acess\u00edveis\",\"potentialAction\":[{\"@type\":\"SearchAction\",\"target\":{\"@type\":\"EntryPoint\",\"urlTemplate\":\"https:\/\/sites.ipleiria.pt\/congressoklaara\/?s={search_term_string}\"},\"query-input\":{\"@type\":\"PropertyValueSpecification\",\"valueRequired\":true,\"valueName\":\"search_term_string\"}}],\"inLanguage\":\"pt-PT\"}]}<\/script>\n<!-- \/ Yoast SEO plugin. -->","yoast_head_json":{"title":"Registration - CLOSED - Klaara 2023","robots":{"index":"index","follow":"follow","max-snippet":"max-snippet:-1","max-image-preview":"max-image-preview:large","max-video-preview":"max-video-preview:-1"},"canonical":"https:\/\/sites.ipleiria.pt\/congressoklaara\/en\/registration\/","og_locale":"pt_PT","og_type":"article","og_title":"Registration - CLOSED - Klaara 2023","og_description":"Use this link to register Registration is only valid after payment of the fee. Early bird&nbsp;&#8211; 31 December 2022 | 15 May 2023 Early bird &#8211; 60\u20ac&nbsp; Early bird students &#8211; 30\u20ac&nbsp; Early bird FENACERCI Associated Members &#8211; 30\u20ac&nbsp; Early&hellip; Continue reading &rarr;","og_url":"https:\/\/sites.ipleiria.pt\/congressoklaara\/en\/registration\/","og_site_name":"Klaara 2023","article_modified_time":"2023-06-30T06:56:36+00:00","twitter_card":"summary_large_image","twitter_misc":{"Tempo estimado de leitura":"2 minutos"},"schema":{"@context":"https:\/\/schema.org","@graph":[{"@type":"WebPage","@id":"https:\/\/sites.ipleiria.pt\/congressoklaara\/en\/registration\/","url":"https:\/\/sites.ipleiria.pt\/congressoklaara\/en\/registration\/","name":"Registration - CLOSED - Klaara 2023","isPartOf":{"@id":"https:\/\/sites.ipleiria.pt\/congressoklaara\/#website"},"datePublished":"2022-12-15T17:27:31+00:00","dateModified":"2023-06-30T06:56:36+00:00","breadcrumb":{"@id":"https:\/\/sites.ipleiria.pt\/congressoklaara\/en\/registration\/#breadcrumb"},"inLanguage":"pt-PT","potentialAction":[{"@type":"ReadAction","target":["https:\/\/sites.ipleiria.pt\/congressoklaara\/en\/registration\/"]}]},{"@type":"BreadcrumbList","@id":"https:\/\/sites.ipleiria.pt\/congressoklaara\/en\/registration\/#breadcrumb","itemListElement":[{"@type":"ListItem","position":1,"name":"In\u00edcio","item":"https:\/\/sites.ipleiria.pt\/congressoklaara\/"},{"@type":"ListItem","position":2,"name":"Registration &#8211; CLOSED"}]},{"@type":"WebSite","@id":"https:\/\/sites.ipleiria.pt\/congressoklaara\/#website","url":"https:\/\/sites.ipleiria.pt\/congressoklaara\/","name":"Klaara 2023","description":"Site da 3\u00aa Confer\u00eancia sobre investiga\u00e7\u00e3o na comunica\u00e7\u00e3o e linguagem acess\u00edveis","potentialAction":[{"@type":"SearchAction","target":{"@type":"EntryPoint","urlTemplate":"https:\/\/sites.ipleiria.pt\/congressoklaara\/?s={search_term_string}"},"query-input":{"@type":"PropertyValueSpecification","valueRequired":true,"valueName":"search_term_string"}}],"inLanguage":"pt-PT"}]}},"_links":{"self":[{"href":"https:\/\/sites.ipleiria.pt\/congressoklaara\/wp-json\/wp\/v2\/pages\/299","targetHints":{"allow":["GET"]}}],"collection":[{"href":"https:\/\/sites.ipleiria.pt\/congressoklaara\/wp-json\/wp\/v2\/pages"}],"about":[{"href":"https:\/\/sites.ipleiria.pt\/congressoklaara\/wp-json\/wp\/v2\/types\/page"}],"author":[{"embeddable":true,"href":"https:\/\/sites.ipleiria.pt\/congressoklaara\/wp-json\/wp\/v2\/users\/5506"}],"replies":[{"embeddable":true,"href":"https:\/\/sites.ipleiria.pt\/congressoklaara\/wp-json\/wp\/v2\/comments?post=299"}],"version-history":[{"count":15,"href":"https:\/\/sites.ipleiria.pt\/congressoklaara\/wp-json\/wp\/v2\/pages\/299\/revisions"}],"predecessor-version":[{"id":896,"href":"https:\/\/sites.ipleiria.pt\/congressoklaara\/wp-json\/wp\/v2\/pages\/299\/revisions\/896"}],"wp:attachment":[{"href":"https:\/\/sites.ipleiria.pt\/congressoklaara\/wp-json\/wp\/v2\/media?parent=299"}],"curies":[{"name":"wp","href":"https:\/\/api.w.org\/{rel}","templated":true}]}}