{"id":301,"date":"2022-12-15T17:52:50","date_gmt":"2022-12-15T17:52:50","guid":{"rendered":"https:\/\/sites.ipleiria.pt\/congressoklaara\/?page_id=301"},"modified":"2023-07-21T13:24:47","modified_gmt":"2023-07-21T13:24:47","slug":"program","status":"publish","type":"page","link":"https:\/\/sites.ipleiria.pt\/congressoklaara\/en\/program\/","title":{"rendered":"Programme"},"content":{"rendered":"\n<div class=\"wp-block-group\"><div class=\"wp-block-group__inner-container is-layout-flow wp-block-group-is-layout-flow\">\n<p><strong>3 july 2023<\/strong><\/p>\n\n\n\n<blockquote class=\"wp-block-quote is-layout-flow wp-block-quote-is-layout-flow\"><p><strong>17h | <\/strong>Welcome event, Port of Honor &#8211; <a href=\"https:\/\/www.google.com\/maps\/place\/Polit%C3%A9cnico+de+Leiria+%2F+Escola+Superior+de+Educa%C3%A7%C3%A3o+e+Ci%C3%AAncias+Sociais+(ESECS)\/@39.739764,-8.8135547,17z\/data=!3m1!4b1!4m6!3m5!1s0xd227368623fdacd:0xdec23e871edb415f!8m2!3d39.739764!4d-8.811366!16s%2Fg%2F120hnrs_?entry=ttu\" target=\"_blank\" rel=\"noreferrer noopener\">ESECS<\/a>, Leiria <\/p><\/blockquote>\n<\/div><\/div>\n\n\n\n<div class=\"wp-block-group\"><div class=\"wp-block-group__inner-container is-layout-flow wp-block-group-is-layout-flow\">\n<p><strong>4 july 2023<\/strong><\/p>\n\n\n\n<div class=\"wp-block-group\"><div class=\"wp-block-group__inner-container is-layout-flow wp-block-group-is-layout-flow\">\n<div class=\"wp-block-group\"><div class=\"wp-block-group__inner-container is-layout-flow wp-block-group-is-layout-flow\">\n<blockquote class=\"wp-block-quote is-layout-flow wp-block-quote-is-layout-flow\"><p><strong>14h00 &#8211; 14h30 |<\/strong> Opening session<\/p><p><em>President of IPLeiria, Carlos Rabad\u00e3o<\/em>                                                                                                   <\/p><p><em>President of FENACERCI, Julieta Sanches<\/em><\/p><p><em>Mayor of the Ciy of Leiria, Gon\u00e7alo Lopes<\/em><\/p><p><em>Secretary of State for Inclusion, Ana Sofia Antunes<\/em><\/p><p><em>Ministry of Education, Jo\u00e3o Costa<\/em><\/p><p><strong>14h30 &#8211; 15h30 |<\/strong> Development of plain language and easy to read text. Two different audiences &#8211; <em>Cathy Basterfield<\/em><\/p><p><strong>15h30 &#8211; 16h00 | <\/strong>Coffee-break<\/p><p><strong>16h00 &#8211; 18h00 |<\/strong> <a href=\"http:\/\/sites.ipleiria.pt\/congressoklaara\/files\/2023\/07\/PARALLEL-EN-4.pdf\">Parallel Sessions<\/a> <\/p><\/blockquote>\n<\/div><\/div>\n<\/div><\/div>\n<\/div><\/div>\n\n\n\n<p><strong>5 july 2023<\/strong><\/p>\n\n\n\n<div class=\"wp-block-group\"><div class=\"wp-block-group__inner-container is-layout-flow wp-block-group-is-layout-flow\">\n<blockquote class=\"wp-block-quote is-layout-flow wp-block-quote-is-layout-flow\"><p><strong>09h30 &#8211; 10h15 | <\/strong>People with ID as content validators &#8211; <em>Tatjana Knapp e Nevenka Kos<\/em><\/p><p><strong>10h15 &#8211; 11h00 |<\/strong> Linguistic asymmetry and conversation analysis: A proposal model &#8211; <em>Leealaura Leskel\u00e4<\/em><\/p><p><strong>11h00 &#8211; 11h30 | <\/strong>Coffee-break <\/p><p><strong>11h30 &#8211; 12h30 | <\/strong><a href=\"http:\/\/sites.ipleiria.pt\/congressoklaara\/files\/2023\/07\/PARALLEL-EN-5.pdf\">Parallels Sessions <\/a><\/p><p><strong>12h30 &#8211; 14h00 |<\/strong> Lunch break<\/p><p><strong>14h00 &#8211; 16h00 | <\/strong>An accessible community &#8211;  Round table<\/p><p><strong>16h30 | <\/strong><em>Visit to&nbsp;<\/em><a href=\"https:\/\/www.cm-leiria.pt\/pages\/229\" target=\"_blank\" rel=\"noreferrer noopener\">Castelo de Leiria<\/a><em>&nbsp;or&nbsp;<\/em><a href=\"https:\/\/www.cm-leiria.pt\/pages\/849\" target=\"_blank\" rel=\"noreferrer noopener\">Museu de Leiria<\/a><em>&nbsp;(registration is mandatory)<\/em><\/p><p><strong>19h30 | <\/strong>Conference dinner &#8211; <a href=\"http:\/\/www.casadanora.com\/\" target=\"_blank\" rel=\"noreferrer noopener\">Restaurant Casa da Nora<\/a><\/p><\/blockquote>\n<\/div><\/div>\n\n\n\n<p><strong>6 july 2023<\/strong><\/p>\n\n\n\n<div class=\"wp-block-group\"><div class=\"wp-block-group__inner-container is-layout-flow wp-block-group-is-layout-flow\">\n<blockquote class=\"wp-block-quote is-layout-flow wp-block-quote-is-layout-flow\"><p><strong>09h30 &#8211; 10h15 | <\/strong>Easy audiovisual content and easy Internet &#8211; which is harder? &#8211; <em>Rocio Barnabe Caro<\/em><\/p><p><strong>10h15 &#8211; 11h00 |<\/strong> Cognitive accessibility: An question of rights &#8211; <em>Ulla Bohman<\/em><\/p><p><strong>11h00 &#8211; 11h30 |<\/strong> Coffee-break <\/p><p><strong>11h30 &#8211; 12h15 |<\/strong> Accessible language and communication &#8211; Paths to accessible work &#8211; <em>Marta Nogueira<\/em><\/p><p><strong>12h15 &#8211; 13h00 |<\/strong> Networking<\/p><p><strong>13h00 &#8211; 14h30 |<\/strong> Lunch<\/p><p><strong>14h30 &#8211; 15h30 |<\/strong> <a href=\"http:\/\/sites.ipleiria.pt\/congressoklaara\/files\/2023\/07\/PARALLEL-EN-6.pdf\">Parallel Sessions <\/a><\/p><p><strong>15h30 \u2013 16h00 |<\/strong>\u00a0Visit to\u00a0<a href=\"https:\/\/crid.esecs.ipleiria.pt\/\">CRID<\/a>\u00a0<em>(limited to 25 persons)<\/em><\/p><p><strong>16h00 \u2013 16h30 |<\/strong>\u00a0Coffee-break<\/p><p><strong>16h30 \u2013 17h30 |<\/strong>\u00a0<a href=\"http:\/\/sites.ipleiria.pt\/congressoklaara\/files\/2023\/07\/PARALLEL-EN-6.pdf\">Parallel Sessions<\/a><\/p><p><strong>17h30 \u2013 18h00 |<\/strong>\u00a0Visit to\u00a0<a href=\"https:\/\/crid.esecs.ipleiria.pt\/\" target=\"_blank\" rel=\"noreferrer noopener\">CRID<\/a>\u00a0<em>(limited to 25 persons)<\/em><\/p><p><strong>17h30 \u2013 18h30 |<\/strong>\u00a0Peddy paper\u00a0<em>(limited to 25 persons | resgistration is mandatory)<\/em><\/p><\/blockquote>\n<\/div><\/div>\n\n\n\n<p><strong>7 july 2023<\/strong><\/p>\n\n\n\n<blockquote class=\"wp-block-quote is-layout-flow wp-block-quote-is-layout-flow\"><p><strong>09h30 &#8211; 10h30 | <\/strong>Cognitive accessibility and accessible information: a vision for the future &#8211; <em>Sandra Marques e C\u00e9lia Sousa<\/em><\/p><p><strong>10h30 &#8211; 11h00 |<\/strong> Coffee-break<\/p><p><strong>11h00 &#8211; 11h30 | <\/strong>KLAARA 2025 &#8211; Annoucement <\/p><p><strong>11h30 &#8211; 12h30 | <\/strong>Closing Session <br><em>ESECS SubDirector, Jorge Varela <br>FENACERCI Executive Director, Joaquim Pequicho<br>Message from His Excellency the President of the Republic, Marcelo Rebelo de Sousa <\/em><\/p><\/blockquote>\n","protected":false},"excerpt":{"rendered":"<p>3 july 2023 17h | Welcome event, Port of Honor &#8211; ESECS, Leiria 4 july 2023 14h00 &#8211; 14h30 | Opening session President of IPLeiria, Carlos Rabad\u00e3o President of FENACERCI, Julieta Sanches Mayor of the Ciy of Leiria, Gon\u00e7alo Lopes&hellip;  <\/p>\n<p class=\"more-link\"><a href=\"https:\/\/sites.ipleiria.pt\/congressoklaara\/en\/program\/\">Continue reading <span class=\"meta-nav\">&rarr;<\/span><\/a><\/p>\n","protected":false},"author":5506,"featured_media":0,"parent":0,"menu_order":0,"comment_status":"closed","ping_status":"closed","template":"","meta":{"_monsterinsights_skip_tracking":false,"_monsterinsights_sitenote_active":false,"_monsterinsights_sitenote_note":"","_monsterinsights_sitenote_category":0,"footnotes":""},"class_list":["post-301","page","type-page","status-publish","hentry"],"yoast_head":"<!-- This site is optimized with the Yoast SEO plugin v26.8 - https:\/\/yoast.com\/product\/yoast-seo-wordpress\/ -->\n<title>Programme - Klaara 2023<\/title>\n<meta name=\"robots\" content=\"index, follow, max-snippet:-1, max-image-preview:large, max-video-preview:-1\" \/>\n<link rel=\"canonical\" href=\"https:\/\/sites.ipleiria.pt\/congressoklaara\/en\/program\/\" \/>\n<meta property=\"og:locale\" content=\"pt_PT\" \/>\n<meta property=\"og:type\" content=\"article\" \/>\n<meta property=\"og:title\" content=\"Programme - Klaara 2023\" \/>\n<meta property=\"og:description\" content=\"3 july 2023 17h | Welcome event, Port of Honor &#8211; ESECS, Leiria 4 july 2023 14h00 &#8211; 14h30 | Opening session President of IPLeiria, Carlos Rabad\u00e3o President of FENACERCI, Julieta Sanches Mayor of the Ciy of Leiria, Gon\u00e7alo Lopes&hellip; Continue reading &rarr;\" \/>\n<meta property=\"og:url\" content=\"https:\/\/sites.ipleiria.pt\/congressoklaara\/en\/program\/\" \/>\n<meta property=\"og:site_name\" content=\"Klaara 2023\" \/>\n<meta property=\"article:modified_time\" content=\"2023-07-21T13:24:47+00:00\" \/>\n<meta name=\"twitter:card\" content=\"summary_large_image\" \/>\n<meta name=\"twitter:label1\" content=\"Tempo estimado de leitura\" \/>\n\t<meta name=\"twitter:data1\" content=\"2 minutos\" \/>\n<script type=\"application\/ld+json\" class=\"yoast-schema-graph\">{\"@context\":\"https:\/\/schema.org\",\"@graph\":[{\"@type\":\"WebPage\",\"@id\":\"https:\/\/sites.ipleiria.pt\/congressoklaara\/en\/program\/\",\"url\":\"https:\/\/sites.ipleiria.pt\/congressoklaara\/en\/program\/\",\"name\":\"Programme - Klaara 2023\",\"isPartOf\":{\"@id\":\"https:\/\/sites.ipleiria.pt\/congressoklaara\/#website\"},\"datePublished\":\"2022-12-15T17:52:50+00:00\",\"dateModified\":\"2023-07-21T13:24:47+00:00\",\"breadcrumb\":{\"@id\":\"https:\/\/sites.ipleiria.pt\/congressoklaara\/en\/program\/#breadcrumb\"},\"inLanguage\":\"pt-PT\",\"potentialAction\":[{\"@type\":\"ReadAction\",\"target\":[\"https:\/\/sites.ipleiria.pt\/congressoklaara\/en\/program\/\"]}]},{\"@type\":\"BreadcrumbList\",\"@id\":\"https:\/\/sites.ipleiria.pt\/congressoklaara\/en\/program\/#breadcrumb\",\"itemListElement\":[{\"@type\":\"ListItem\",\"position\":1,\"name\":\"In\u00edcio\",\"item\":\"https:\/\/sites.ipleiria.pt\/congressoklaara\/\"},{\"@type\":\"ListItem\",\"position\":2,\"name\":\"Programme\"}]},{\"@type\":\"WebSite\",\"@id\":\"https:\/\/sites.ipleiria.pt\/congressoklaara\/#website\",\"url\":\"https:\/\/sites.ipleiria.pt\/congressoklaara\/\",\"name\":\"Klaara 2023\",\"description\":\"Site da 3\u00aa Confer\u00eancia sobre investiga\u00e7\u00e3o na comunica\u00e7\u00e3o e linguagem acess\u00edveis\",\"potentialAction\":[{\"@type\":\"SearchAction\",\"target\":{\"@type\":\"EntryPoint\",\"urlTemplate\":\"https:\/\/sites.ipleiria.pt\/congressoklaara\/?s={search_term_string}\"},\"query-input\":{\"@type\":\"PropertyValueSpecification\",\"valueRequired\":true,\"valueName\":\"search_term_string\"}}],\"inLanguage\":\"pt-PT\"}]}<\/script>\n<!-- \/ Yoast SEO plugin. -->","yoast_head_json":{"title":"Programme - Klaara 2023","robots":{"index":"index","follow":"follow","max-snippet":"max-snippet:-1","max-image-preview":"max-image-preview:large","max-video-preview":"max-video-preview:-1"},"canonical":"https:\/\/sites.ipleiria.pt\/congressoklaara\/en\/program\/","og_locale":"pt_PT","og_type":"article","og_title":"Programme - Klaara 2023","og_description":"3 july 2023 17h | Welcome event, Port of Honor &#8211; ESECS, Leiria 4 july 2023 14h00 &#8211; 14h30 | Opening session President of IPLeiria, Carlos Rabad\u00e3o President of FENACERCI, Julieta Sanches Mayor of the Ciy of Leiria, Gon\u00e7alo Lopes&hellip; Continue reading &rarr;","og_url":"https:\/\/sites.ipleiria.pt\/congressoklaara\/en\/program\/","og_site_name":"Klaara 2023","article_modified_time":"2023-07-21T13:24:47+00:00","twitter_card":"summary_large_image","twitter_misc":{"Tempo estimado de leitura":"2 minutos"},"schema":{"@context":"https:\/\/schema.org","@graph":[{"@type":"WebPage","@id":"https:\/\/sites.ipleiria.pt\/congressoklaara\/en\/program\/","url":"https:\/\/sites.ipleiria.pt\/congressoklaara\/en\/program\/","name":"Programme - Klaara 2023","isPartOf":{"@id":"https:\/\/sites.ipleiria.pt\/congressoklaara\/#website"},"datePublished":"2022-12-15T17:52:50+00:00","dateModified":"2023-07-21T13:24:47+00:00","breadcrumb":{"@id":"https:\/\/sites.ipleiria.pt\/congressoklaara\/en\/program\/#breadcrumb"},"inLanguage":"pt-PT","potentialAction":[{"@type":"ReadAction","target":["https:\/\/sites.ipleiria.pt\/congressoklaara\/en\/program\/"]}]},{"@type":"BreadcrumbList","@id":"https:\/\/sites.ipleiria.pt\/congressoklaara\/en\/program\/#breadcrumb","itemListElement":[{"@type":"ListItem","position":1,"name":"In\u00edcio","item":"https:\/\/sites.ipleiria.pt\/congressoklaara\/"},{"@type":"ListItem","position":2,"name":"Programme"}]},{"@type":"WebSite","@id":"https:\/\/sites.ipleiria.pt\/congressoklaara\/#website","url":"https:\/\/sites.ipleiria.pt\/congressoklaara\/","name":"Klaara 2023","description":"Site da 3\u00aa Confer\u00eancia sobre investiga\u00e7\u00e3o na comunica\u00e7\u00e3o e linguagem acess\u00edveis","potentialAction":[{"@type":"SearchAction","target":{"@type":"EntryPoint","urlTemplate":"https:\/\/sites.ipleiria.pt\/congressoklaara\/?s={search_term_string}"},"query-input":{"@type":"PropertyValueSpecification","valueRequired":true,"valueName":"search_term_string"}}],"inLanguage":"pt-PT"}]}},"_links":{"self":[{"href":"https:\/\/sites.ipleiria.pt\/congressoklaara\/wp-json\/wp\/v2\/pages\/301","targetHints":{"allow":["GET"]}}],"collection":[{"href":"https:\/\/sites.ipleiria.pt\/congressoklaara\/wp-json\/wp\/v2\/pages"}],"about":[{"href":"https:\/\/sites.ipleiria.pt\/congressoklaara\/wp-json\/wp\/v2\/types\/page"}],"author":[{"embeddable":true,"href":"https:\/\/sites.ipleiria.pt\/congressoklaara\/wp-json\/wp\/v2\/users\/5506"}],"replies":[{"embeddable":true,"href":"https:\/\/sites.ipleiria.pt\/congressoklaara\/wp-json\/wp\/v2\/comments?post=301"}],"version-history":[{"count":18,"href":"https:\/\/sites.ipleiria.pt\/congressoklaara\/wp-json\/wp\/v2\/pages\/301\/revisions"}],"predecessor-version":[{"id":925,"href":"https:\/\/sites.ipleiria.pt\/congressoklaara\/wp-json\/wp\/v2\/pages\/301\/revisions\/925"}],"wp:attachment":[{"href":"https:\/\/sites.ipleiria.pt\/congressoklaara\/wp-json\/wp\/v2\/media?parent=301"}],"curies":[{"name":"wp","href":"https:\/\/api.w.org\/{rel}","templated":true}]}}