{"id":309,"date":"2022-12-15T18:12:06","date_gmt":"2022-12-15T18:12:06","guid":{"rendered":"https:\/\/sites.ipleiria.pt\/congressoklaara\/?page_id=309"},"modified":"2023-04-11T14:14:36","modified_gmt":"2023-04-11T14:14:36","slug":"organising-committee","status":"publish","type":"page","link":"https:\/\/sites.ipleiria.pt\/congressoklaara\/en\/organising-committee\/","title":{"rendered":"Keynote"},"content":{"rendered":"\n<p><strong>CATHY BASTERFIELD<\/strong><\/p>\n\n\n\n<p><img loading=\"lazy\" decoding=\"async\" width=\"566\" height=\"665\" class=\"wp-image-410\" style=\"width: 150px\" src=\"http:\/\/sites.ipleiria.pt\/congressoklaara\/files\/2023\/01\/Cathy-Basterfield-White.png\" alt=\"\" srcset=\"https:\/\/sites.ipleiria.pt\/congressoklaara\/files\/2023\/01\/Cathy-Basterfield-White.png 566w, https:\/\/sites.ipleiria.pt\/congressoklaara\/files\/2023\/01\/Cathy-Basterfield-White-255x300.png 255w\" sizes=\"auto, (max-width: 566px) 100vw, 566px\" \/><strong><br><\/strong><\/p>\n\n\n\n<p>Cathy is a highly experienced speech pathologist, with a background of more than 30 years\u2019 working with people with complex communication needs and in particular with people who have an intellectual disability.<\/p>\n\n\n\n<p>Nearly 20 years ago, Cathy started the development of Easy English in Australia, including writing the first guidelines for writing Easy English. This is still the basis of quality Easy English. The most up-to-date guidelines is a checklist expanding on the original work, with the results of current research and consumer feedback. A manual is under development, which will be available to the public ASAP.<\/p>\n\n\n\n<p>In 2019, her paper &#8220;Plain Language Easy English. What does it all mean&#8221; was published.<\/p>\n\n\n\n<p>Cathy is a member of a number of professional associations where access to written information is on the agenda including Speech Pathology Australia, the International Communication Rights Alliance, International PLAIN, and the International Association for the Scientific Study of Intellectual and Developmental Disabilities (IASSIDD).<br>She has a long list of research questions about the development and use of Easy English.<br>In 2022 Cathy and her team were recognised for their Easy English work with multiple national and international awards:<br>\u2022 International Zero Project Shortlist for 2023<br>\u2022 International Global Award 2022 \u2013 Most Outstanding Communicator for people with Disability<br>\u2022 Australian National Enablement Award 2022 &#8211; Most Outstanding Communicator in the NDIS Sector<br>\u2022 APAC Insider Small Business Award 2022 for our Easy English training<br>\u2022 Victorian Chamber of Commerce and Industry (VCCI )\u2013 COVID Safe Business Community Award Finalist 2022 for our pro bono COVID19 content development.<\/p>\n\n\n\n<p><strong>C\u00c9LIA SOUSA <\/strong><\/p>\n\n\n\n<figure class=\"wp-block-image size-large is-resized\"><img loading=\"lazy\" decoding=\"async\" src=\"http:\/\/sites.ipleiria.pt\/congressoklaara\/files\/2022\/09\/Celia-scaled-1-683x1024.jpg\" alt=\"\" class=\"wp-image-198\" width=\"143\" height=\"216\" srcset=\"https:\/\/sites.ipleiria.pt\/congressoklaara\/files\/2022\/09\/Celia-scaled-1-200x300.jpg 200w, https:\/\/sites.ipleiria.pt\/congressoklaara\/files\/2022\/09\/Celia-scaled-1-768x1152.jpg 768w, https:\/\/sites.ipleiria.pt\/congressoklaara\/files\/2022\/09\/Celia-scaled-1-1024x1536.jpg 1024w\" sizes=\"auto, (max-width: 143px) 100vw, 143px\" \/><\/figure>\n\n\n\n<p>PhD in Educational Sciences, in Communication, from the University of Extremadura. She is a Professor at<br>the School of Education and Social Sciences of the Polytechnic of Leiria and Integrated Researcher of the Interdisciplinary Research Center of Social Sciences of the Universidade Nova de Lisboa (CICS. NOVA. IPLeiria).<\/p>\n\n\n\n<p>She is also a member of the board of the Portuguese Society of Rehabilitation and Accessibility Engineering (SUPERA).<\/p>\n\n\n\n<p>In recent decades she has developed projects in the areas of support technologies, inclusive education, enhanced communication and accessible culture.<\/p>\n\n\n\n<p><\/p>\n\n\n\n<p><\/p>\n\n\n\n<p><strong>LEEALAURA LESKEL\u00c4<\/strong><\/p>\n\n\n\n<figure class=\"wp-block-image size-full is-resized\"><img loading=\"lazy\" decoding=\"async\" src=\"http:\/\/sites.ipleiria.pt\/congressoklaara\/files\/2022\/09\/leealaura_leskela_c.jpg\" alt=\"\" class=\"wp-image-199\" width=\"162\" height=\"251\"\/><\/figure>\n\n\n\n<p><\/p>\n\n\n\n<p>PhD&nbsp;in Finnish language, Finno-Ugrian&nbsp;and Scandinavian studies,&nbsp;from&nbsp;the University of Helsinki. Her research interests include Easy Finnish and&nbsp;spoken easy language in linguistically asymmetric interaction. She has been involved in several development projects and linguistic research on the Finnish language and easy Finnish. <\/p>\n\n\n\n<p>She was director of the Finnish Centre for Easy Language (Selkokeskus), where she developed principles for Easy Finnish and measuring tools for simplicity and understanding of language. She has been working as a trainer and consultant for Easy Finnish since 2001. <\/p>\n\n\n\n<p>She has published several theoretical guides on how to write in Easy Finnish.<\/p>\n\n\n\n<p><br><\/p>\n\n\n\n<p><strong><strong>Marta Nogueira<\/strong><\/strong><\/p>\n\n\n\n<figure class=\"wp-block-image size-large is-resized\"><img loading=\"lazy\" decoding=\"async\" src=\"http:\/\/sites.ipleiria.pt\/congressoklaara\/files\/2023\/04\/EU-796x1024.jpg\" alt=\"\" class=\"wp-image-773\" width=\"138\" height=\"178\" srcset=\"https:\/\/sites.ipleiria.pt\/congressoklaara\/files\/2023\/04\/EU-796x1024.jpg 796w, https:\/\/sites.ipleiria.pt\/congressoklaara\/files\/2023\/04\/EU-233x300.jpg 233w, https:\/\/sites.ipleiria.pt\/congressoklaara\/files\/2023\/04\/EU-768x988.jpg 768w, https:\/\/sites.ipleiria.pt\/congressoklaara\/files\/2023\/04\/EU.jpg 848w\" sizes=\"auto, (max-width: 138px) 100vw, 138px\" \/><\/figure>\n\n\n\n<p>PhD in Psychology, research line in Communicative Strategies and Interpersonal Communication, on the field of Employment Inclusion of People with Disabilities. Invited Assistant Professor at the School of Education and Social Sciences of the Polytechnic of Leiria. Integrated Researcher at the Life Quality Research Center (CIEQV). Accredited by the Scientific-Pedagogical Council for continuous training in C112 &#8211; Awareness of Special Education and A158 &#8211; Psychology. Collaborator at the Resource Center for Digital Inclusion (CRID) of the Polytechnic of Leiria. Participates in projects on inclusion, namely Accessible Culture, Inclusive Education and Inclusive Fitness. He has been carrying out research and participating in scientific meetings and projects in the area of \u200b\u200binclusion on a national and international level. <\/p>\n\n\n\n<p><\/p>\n\n\n\n<p><strong>NEVENKA KOS<\/strong><\/p>\n\n\n\n<figure class=\"wp-block-image size-full is-resized\"><img loading=\"lazy\" decoding=\"async\" src=\"http:\/\/sites.ipleiria.pt\/congressoklaara\/files\/2022\/10\/Nevenka_kos.jpg\" alt=\"\" class=\"wp-image-228\" width=\"145\" height=\"195\"\/><\/figure>\n\n\n\n<p>Works at the RISA Institute in Slovenia, as a validator and consultant in the area of Easy Reading and she is co-founder of LABRA, the Association for Adapted Communication.<\/p>\n\n\n\n<p>Since 2011, she has been an easy-toread content validator and editor of the magazine &#8220;20 minutes&#8221;, in easy reading.<\/p>\n\n\n\n<p>She co-authored several original, easy-to-read novels, as well as current guidelines for easy reading of Slovenia.<\/p>\n\n\n\n<p><\/p>\n\n\n\n<p><strong>ROCIO BARNABE CARO<\/strong><\/p>\n\n\n\n<figure class=\"wp-block-image size-full is-resized\"><img loading=\"lazy\" decoding=\"async\" src=\"http:\/\/sites.ipleiria.pt\/congressoklaara\/files\/2022\/10\/Rocio-Caro.png\" alt=\"\" class=\"wp-image-229\" width=\"158\" height=\"185\"\/><\/figure>\n\n\n\n<p>Professor of barrier-free communication at the International University of Applied Sciences at SDI Munich.<br>She has a Master&#8217;s degree in Translation (UGR) and another master&#8217;s degree in Documents, Technologies and Accessible Applications (UNIR).<\/p>\n\n\n\n<p>Her PhD was on easy audiovisual media services for all (UAB). She is deputy director of the Professional College of Translation and Interpretation of SDI in Munich (Germany).<\/p>\n\n\n\n<p>She led the project co-funded by EU Live Text Access, which aimed to create certified learning materials for real-time intralingual subtitlers through respeaking and velotyping<\/p>\n\n\n\n<p><\/p>\n\n\n\n<p><strong>SANDRA MARQUES<\/strong><\/p>\n\n\n\n<figure class=\"wp-block-image size-full is-resized\"><img loading=\"lazy\" decoding=\"async\" src=\"http:\/\/sites.ipleiria.pt\/congressoklaara\/files\/2022\/10\/Sandra-Marques.jpg\" alt=\"\" class=\"wp-image-230\" width=\"143\" height=\"191\"\/><\/figure>\n\n\n\n<p>Responsible for the area of innovation, research and development of FENACERCI. Since 1998 she has been developing, translating and adapting easy-to-read documents, having been involved in the European project that resulted in inclusion Europe&#8217;s European guidelines for easy reading.<\/p>\n\n\n\n<p>She is responsible for the adaptation to easy reading of the UN Convention on the Rights of Persons with<br>Disabilities, having developed several training curricula for people with intellectual disabilities and multidisability, as well as adapted other material, such as political programmes. Since 2008, she has been a trainer in the area of cognitive accessibility.<\/p>\n\n\n\n<p><\/p>\n\n\n\n<p><strong>TATJANA KNAPP<\/strong><\/p>\n\n\n\n<figure class=\"wp-block-image size-full is-resized\"><img loading=\"lazy\" decoding=\"async\" src=\"http:\/\/sites.ipleiria.pt\/congressoklaara\/files\/2022\/10\/Tatiana-Knapp.jpg\" alt=\"\" class=\"wp-image-232\" width=\"142\" height=\"167\" srcset=\"https:\/\/sites.ipleiria.pt\/congressoklaara\/files\/2022\/10\/Tatiana-Knapp.jpg 485w, https:\/\/sites.ipleiria.pt\/congressoklaara\/files\/2022\/10\/Tatiana-Knapp-255x300.jpg 255w\" sizes=\"auto, (max-width: 142px) 100vw, 142px\" \/><\/figure>\n\n\n\n<p>She holds a degree in cultural anthropology and has also studied art therapy and social work, and she is director and project coordinator of the RISA Institute, The General, Functional and Cultural Literacy Center of Slovenia.<\/p>\n\n\n\n<p>She was the first president of the Association for Adapted Communication LABRA. Her main areas of work and interest are Easy Language, research on disability from the point of view of anthropology and social service and the defense of the rights of people with disabilities.<\/p>\n\n\n\n<p><\/p>\n\n\n\n<p><strong>ULLA BOHMAN<\/strong><\/p>\n\n\n\n<figure class=\"wp-block-image size-full is-resized\"><img loading=\"lazy\" decoding=\"async\" src=\"http:\/\/sites.ipleiria.pt\/congressoklaara\/files\/2022\/10\/Ulla-Bohman.jpg\" alt=\"\" class=\"wp-image-231\" width=\"160\" height=\"222\"\/><\/figure>\n\n\n\n<p>She holds a degree in Cultural Sciences from Uppsala University, with a degree in Educational Psychology and Drama.<\/p>\n\n\n\n<p>She was director of the Easy Languages Service at the Swedish Easy Reading Centre between 2001- 2014 and a collaborator of the Swedish Agency for Accessible Means between 2015-2018.<\/p>\n\n\n\n<p>Since 2018 she is a consultant at Boarve konsult AB, offering training and lectures in Easy Language, accessibility and human rights, as well as in easy language editing services.<\/p>\n\n\n\n<p>She has experience in accessible and intercultural communication and has been invited to pray and give workshops at various international conferences.<\/p>\n\n\n<p><\/p>","protected":false},"excerpt":{"rendered":"<p>CATHY BASTERFIELD Cathy is a highly experienced speech pathologist, with a background of more than 30 years\u2019 working with people with complex communication needs and in particular with people who have an intellectual disability. Nearly 20 years ago, Cathy started&hellip;  <\/p>\n<p class=\"more-link\"><a href=\"https:\/\/sites.ipleiria.pt\/congressoklaara\/en\/organising-committee\/\">Continue reading <span class=\"meta-nav\">&rarr;<\/span><\/a><\/p>\n","protected":false},"author":5506,"featured_media":0,"parent":0,"menu_order":0,"comment_status":"closed","ping_status":"closed","template":"","meta":{"_monsterinsights_skip_tracking":false,"_monsterinsights_sitenote_active":false,"_monsterinsights_sitenote_note":"","_monsterinsights_sitenote_category":0,"footnotes":""},"class_list":["post-309","page","type-page","status-publish","hentry"],"yoast_head":"<!-- This site is optimized with the Yoast SEO plugin v26.8 - https:\/\/yoast.com\/product\/yoast-seo-wordpress\/ -->\n<title>Keynote - Klaara 2023<\/title>\n<meta name=\"robots\" content=\"index, follow, max-snippet:-1, max-image-preview:large, max-video-preview:-1\" \/>\n<link rel=\"canonical\" href=\"https:\/\/sites.ipleiria.pt\/congressoklaara\/en\/organising-committee\/\" \/>\n<meta property=\"og:locale\" content=\"pt_PT\" \/>\n<meta property=\"og:type\" content=\"article\" \/>\n<meta property=\"og:title\" content=\"Keynote - Klaara 2023\" \/>\n<meta property=\"og:description\" content=\"CATHY BASTERFIELD Cathy is a highly experienced speech pathologist, with a background of more than 30 years\u2019 working with people with complex communication needs and in particular with people who have an intellectual disability. Nearly 20 years ago, Cathy started&hellip; Continue reading &rarr;\" \/>\n<meta property=\"og:url\" content=\"https:\/\/sites.ipleiria.pt\/congressoklaara\/en\/organising-committee\/\" \/>\n<meta property=\"og:site_name\" content=\"Klaara 2023\" \/>\n<meta property=\"article:modified_time\" content=\"2023-04-11T14:14:36+00:00\" \/>\n<meta property=\"og:image\" content=\"http:\/\/sites.ipleiria.pt\/congressoklaara\/files\/2023\/01\/Cathy-Basterfield-White.png\" \/>\n<meta name=\"twitter:card\" content=\"summary_large_image\" \/>\n<meta name=\"twitter:label1\" content=\"Tempo estimado de leitura\" \/>\n\t<meta name=\"twitter:data1\" content=\"8 minutos\" \/>\n<script type=\"application\/ld+json\" class=\"yoast-schema-graph\">{\"@context\":\"https:\/\/schema.org\",\"@graph\":[{\"@type\":\"WebPage\",\"@id\":\"https:\/\/sites.ipleiria.pt\/congressoklaara\/en\/organising-committee\/\",\"url\":\"https:\/\/sites.ipleiria.pt\/congressoklaara\/en\/organising-committee\/\",\"name\":\"Keynote - Klaara 2023\",\"isPartOf\":{\"@id\":\"https:\/\/sites.ipleiria.pt\/congressoklaara\/#website\"},\"primaryImageOfPage\":{\"@id\":\"https:\/\/sites.ipleiria.pt\/congressoklaara\/en\/organising-committee\/#primaryimage\"},\"image\":{\"@id\":\"https:\/\/sites.ipleiria.pt\/congressoklaara\/en\/organising-committee\/#primaryimage\"},\"thumbnailUrl\":\"http:\/\/sites.ipleiria.pt\/congressoklaara\/files\/2023\/01\/Cathy-Basterfield-White.png\",\"datePublished\":\"2022-12-15T18:12:06+00:00\",\"dateModified\":\"2023-04-11T14:14:36+00:00\",\"breadcrumb\":{\"@id\":\"https:\/\/sites.ipleiria.pt\/congressoklaara\/en\/organising-committee\/#breadcrumb\"},\"inLanguage\":\"pt-PT\",\"potentialAction\":[{\"@type\":\"ReadAction\",\"target\":[\"https:\/\/sites.ipleiria.pt\/congressoklaara\/en\/organising-committee\/\"]}]},{\"@type\":\"ImageObject\",\"inLanguage\":\"pt-PT\",\"@id\":\"https:\/\/sites.ipleiria.pt\/congressoklaara\/en\/organising-committee\/#primaryimage\",\"url\":\"http:\/\/sites.ipleiria.pt\/congressoklaara\/files\/2023\/01\/Cathy-Basterfield-White.png\",\"contentUrl\":\"http:\/\/sites.ipleiria.pt\/congressoklaara\/files\/2023\/01\/Cathy-Basterfield-White.png\"},{\"@type\":\"BreadcrumbList\",\"@id\":\"https:\/\/sites.ipleiria.pt\/congressoklaara\/en\/organising-committee\/#breadcrumb\",\"itemListElement\":[{\"@type\":\"ListItem\",\"position\":1,\"name\":\"In\u00edcio\",\"item\":\"https:\/\/sites.ipleiria.pt\/congressoklaara\/\"},{\"@type\":\"ListItem\",\"position\":2,\"name\":\"Keynote\"}]},{\"@type\":\"WebSite\",\"@id\":\"https:\/\/sites.ipleiria.pt\/congressoklaara\/#website\",\"url\":\"https:\/\/sites.ipleiria.pt\/congressoklaara\/\",\"name\":\"Klaara 2023\",\"description\":\"Site da 3\u00aa Confer\u00eancia sobre investiga\u00e7\u00e3o na comunica\u00e7\u00e3o e linguagem acess\u00edveis\",\"potentialAction\":[{\"@type\":\"SearchAction\",\"target\":{\"@type\":\"EntryPoint\",\"urlTemplate\":\"https:\/\/sites.ipleiria.pt\/congressoklaara\/?s={search_term_string}\"},\"query-input\":{\"@type\":\"PropertyValueSpecification\",\"valueRequired\":true,\"valueName\":\"search_term_string\"}}],\"inLanguage\":\"pt-PT\"}]}<\/script>\n<!-- \/ Yoast SEO plugin. -->","yoast_head_json":{"title":"Keynote - Klaara 2023","robots":{"index":"index","follow":"follow","max-snippet":"max-snippet:-1","max-image-preview":"max-image-preview:large","max-video-preview":"max-video-preview:-1"},"canonical":"https:\/\/sites.ipleiria.pt\/congressoklaara\/en\/organising-committee\/","og_locale":"pt_PT","og_type":"article","og_title":"Keynote - Klaara 2023","og_description":"CATHY BASTERFIELD Cathy is a highly experienced speech pathologist, with a background of more than 30 years\u2019 working with people with complex communication needs and in particular with people who have an intellectual disability. Nearly 20 years ago, Cathy started&hellip; Continue reading &rarr;","og_url":"https:\/\/sites.ipleiria.pt\/congressoklaara\/en\/organising-committee\/","og_site_name":"Klaara 2023","article_modified_time":"2023-04-11T14:14:36+00:00","og_image":[{"url":"http:\/\/sites.ipleiria.pt\/congressoklaara\/files\/2023\/01\/Cathy-Basterfield-White.png","type":"","width":"","height":""}],"twitter_card":"summary_large_image","twitter_misc":{"Tempo estimado de leitura":"8 minutos"},"schema":{"@context":"https:\/\/schema.org","@graph":[{"@type":"WebPage","@id":"https:\/\/sites.ipleiria.pt\/congressoklaara\/en\/organising-committee\/","url":"https:\/\/sites.ipleiria.pt\/congressoklaara\/en\/organising-committee\/","name":"Keynote - Klaara 2023","isPartOf":{"@id":"https:\/\/sites.ipleiria.pt\/congressoklaara\/#website"},"primaryImageOfPage":{"@id":"https:\/\/sites.ipleiria.pt\/congressoklaara\/en\/organising-committee\/#primaryimage"},"image":{"@id":"https:\/\/sites.ipleiria.pt\/congressoklaara\/en\/organising-committee\/#primaryimage"},"thumbnailUrl":"http:\/\/sites.ipleiria.pt\/congressoklaara\/files\/2023\/01\/Cathy-Basterfield-White.png","datePublished":"2022-12-15T18:12:06+00:00","dateModified":"2023-04-11T14:14:36+00:00","breadcrumb":{"@id":"https:\/\/sites.ipleiria.pt\/congressoklaara\/en\/organising-committee\/#breadcrumb"},"inLanguage":"pt-PT","potentialAction":[{"@type":"ReadAction","target":["https:\/\/sites.ipleiria.pt\/congressoklaara\/en\/organising-committee\/"]}]},{"@type":"ImageObject","inLanguage":"pt-PT","@id":"https:\/\/sites.ipleiria.pt\/congressoklaara\/en\/organising-committee\/#primaryimage","url":"http:\/\/sites.ipleiria.pt\/congressoklaara\/files\/2023\/01\/Cathy-Basterfield-White.png","contentUrl":"http:\/\/sites.ipleiria.pt\/congressoklaara\/files\/2023\/01\/Cathy-Basterfield-White.png"},{"@type":"BreadcrumbList","@id":"https:\/\/sites.ipleiria.pt\/congressoklaara\/en\/organising-committee\/#breadcrumb","itemListElement":[{"@type":"ListItem","position":1,"name":"In\u00edcio","item":"https:\/\/sites.ipleiria.pt\/congressoklaara\/"},{"@type":"ListItem","position":2,"name":"Keynote"}]},{"@type":"WebSite","@id":"https:\/\/sites.ipleiria.pt\/congressoklaara\/#website","url":"https:\/\/sites.ipleiria.pt\/congressoklaara\/","name":"Klaara 2023","description":"Site da 3\u00aa Confer\u00eancia sobre investiga\u00e7\u00e3o na comunica\u00e7\u00e3o e linguagem acess\u00edveis","potentialAction":[{"@type":"SearchAction","target":{"@type":"EntryPoint","urlTemplate":"https:\/\/sites.ipleiria.pt\/congressoklaara\/?s={search_term_string}"},"query-input":{"@type":"PropertyValueSpecification","valueRequired":true,"valueName":"search_term_string"}}],"inLanguage":"pt-PT"}]}},"_links":{"self":[{"href":"https:\/\/sites.ipleiria.pt\/congressoklaara\/wp-json\/wp\/v2\/pages\/309","targetHints":{"allow":["GET"]}}],"collection":[{"href":"https:\/\/sites.ipleiria.pt\/congressoklaara\/wp-json\/wp\/v2\/pages"}],"about":[{"href":"https:\/\/sites.ipleiria.pt\/congressoklaara\/wp-json\/wp\/v2\/types\/page"}],"author":[{"embeddable":true,"href":"https:\/\/sites.ipleiria.pt\/congressoklaara\/wp-json\/wp\/v2\/users\/5506"}],"replies":[{"embeddable":true,"href":"https:\/\/sites.ipleiria.pt\/congressoklaara\/wp-json\/wp\/v2\/comments?post=309"}],"version-history":[{"count":15,"href":"https:\/\/sites.ipleiria.pt\/congressoklaara\/wp-json\/wp\/v2\/pages\/309\/revisions"}],"predecessor-version":[{"id":776,"href":"https:\/\/sites.ipleiria.pt\/congressoklaara\/wp-json\/wp\/v2\/pages\/309\/revisions\/776"}],"wp:attachment":[{"href":"https:\/\/sites.ipleiria.pt\/congressoklaara\/wp-json\/wp\/v2\/media?parent=309"}],"curies":[{"name":"wp","href":"https:\/\/api.w.org\/{rel}","templated":true}]}}