{"id":698,"date":"2023-03-01T16:23:57","date_gmt":"2023-03-01T16:23:57","guid":{"rendered":"https:\/\/sites.ipleiria.pt\/congressoklaara\/?page_id=698"},"modified":"2023-06-27T08:18:36","modified_gmt":"2023-06-27T08:18:36","slug":"conferencia","status":"publish","type":"page","link":"https:\/\/sites.ipleiria.pt\/congressoklaara\/conferencia\/","title":{"rendered":"Confer\u00eancia"},"content":{"rendered":"\n<figure class=\"wp-block-image is-resized\"><img loading=\"lazy\" decoding=\"async\" src=\"http:\/\/sites.ipleiria.pt\/congressoklaara\/files\/2022\/09\/Header-klaara-300x60.jpg\" alt=\"\" class=\"wp-image-159\" width=\"502\" height=\"100\" srcset=\"https:\/\/sites.ipleiria.pt\/congressoklaara\/files\/2022\/09\/Header-klaara-300x60.jpg 300w, https:\/\/sites.ipleiria.pt\/congressoklaara\/files\/2022\/09\/Header-klaara-1024x203.jpg 1024w, https:\/\/sites.ipleiria.pt\/congressoklaara\/files\/2022\/09\/Header-klaara-768x152.jpg 768w, https:\/\/sites.ipleiria.pt\/congressoklaara\/files\/2022\/09\/Header-klaara.jpg 1366w\" sizes=\"auto, (max-width: 502px) 100vw, 502px\" \/><\/figure>\n\n\n\n<h4 class=\"wp-block-heading\">KLAARA 2023 \u2013 3\u00aa Confer\u00eancia sobre Linguagem e Comunica\u00e7\u00e3o Acess\u00edvel<\/h4>\n\n\n\n<p><strong>Ap\u00f3s o lan\u00e7amento bem-sucedido da 2\u00aa Confer\u00eancia KLAARA\u00a0 \u2013\u00a0<\/strong>Confer\u00eancia sobre Linguagem e Comunica\u00e7\u00e3o Acess\u00edvel, a<strong>\u00a03\u00aa Confer\u00eancia KLAARA foi projetada numa parceria entre a FENACERCI e o Polit\u00e9cnico de Leiria atrav\u00e9s da Escola Superior de Educa\u00e7\u00e3o e Ci\u00eancias Sociais.\u00a0<\/strong><\/p>\n\n\n\n<p>A Confer\u00eancia multidisciplinar KLAARA \u00e9 o local para investigadores interessados no <strong>estudo das l\u00ednguas e comunica\u00e7\u00e3o acess\u00edvel<\/strong>. A confer\u00eancia tem como objetivo avan\u00e7ar na investiga\u00e7\u00e3o sobre linguagem modificada usada para comunica\u00e7\u00e3o com pessoas que t\u00eam v\u00e1rias\u00a0<strong>dificuldades em entender formas padr\u00e3o de linguagem<\/strong>. Ser\u00e3o apresentados e discutidos estudos de diferentes perspetivas disciplinares (ci\u00eancias sociais, lingu\u00edstica, educa\u00e7\u00e3o especial, comunica\u00e7\u00e3o visual, estudos de tradu\u00e7\u00e3o, design da informa\u00e7\u00e3o).<\/p>\n\n\n\n<p>A Conven\u00e7\u00e3o das Na\u00e7\u00f5es Unidas sobre os direitos das Pessoas com Defici\u00eancia refere, no seu artigo 9\u00ba, o&nbsp;<strong>direito das Pessoas com Defici\u00eancia ao acesso \u00e0 informa\u00e7\u00e3o, em igualdade com todas as outras pessoas<\/strong>. Pela primeira vez \u00e9 inclu\u00eddo o conceito da leitura f\u00e1cil num documento deste tipo, que obriga os signat\u00e1rios ao seu cumprimento.<\/p>\n\n\n\n<p>No entanto, existe ainda uma grande dificuldade por parte destas pessoas em aceder \u00e0 informa\u00e7\u00e3o e \u00e0 comunica\u00e7\u00e3o, sendo diariamente confrontadas com obst\u00e1culos que as impossibilitam de aceder a este direito.<\/p>\n\n\n\n<p>\u00c9 aqui que a Federa\u00e7\u00e3o Nacional de Cooperativas de Solidariedade Social (FENACERCI) e a Escola Superior de Educa\u00e7\u00e3o e Ci\u00eancias Sociais atrav\u00e9s do seu Centro de Recursos para a Inclus\u00e3o Digital (CRID), do Polit\u00e9cnico de Leiria t\u00eam vindo a intervir, atrav\u00e9s da cria\u00e7\u00e3o e adapta\u00e7\u00e3o de documentos, forma\u00e7\u00e3o no tema, desenvolvimento de livros acess\u00edveis e folhetos informativos, desenvolvimento de curr\u00edculos formativos adaptados, etc.<\/p>\n\n\n\n<p>A confer\u00eancia ter\u00e1 um conjunto de atividades de componente cient\u00edfica e cultural de forma a abranger este t\u00f3pico em contexto te\u00f3rico e pr\u00e1tico.&nbsp;<\/p>\n","protected":false},"excerpt":{"rendered":"<p>KLAARA 2023 \u2013 3\u00aa Confer\u00eancia sobre Linguagem e Comunica\u00e7\u00e3o Acess\u00edvel Ap\u00f3s o lan\u00e7amento bem-sucedido da 2\u00aa Confer\u00eancia KLAARA\u00a0 \u2013\u00a0Confer\u00eancia sobre Linguagem e Comunica\u00e7\u00e3o Acess\u00edvel, a\u00a03\u00aa Confer\u00eancia KLAARA foi projetada numa parceria entre a FENACERCI e o Polit\u00e9cnico de Leiria atrav\u00e9s&hellip;  <\/p>\n<p class=\"more-link\"><a href=\"https:\/\/sites.ipleiria.pt\/congressoklaara\/conferencia\/\">Continue reading <span class=\"meta-nav\">&rarr;<\/span><\/a><\/p>\n","protected":false},"author":102,"featured_media":0,"parent":0,"menu_order":0,"comment_status":"closed","ping_status":"closed","template":"","meta":{"_monsterinsights_skip_tracking":false,"_monsterinsights_sitenote_active":false,"_monsterinsights_sitenote_note":"","_monsterinsights_sitenote_category":0,"footnotes":""},"class_list":["post-698","page","type-page","status-publish","hentry"],"yoast_head":"<!-- This site is optimized with the Yoast SEO plugin v26.8 - https:\/\/yoast.com\/product\/yoast-seo-wordpress\/ -->\n<title>Confer\u00eancia - Klaara 2023<\/title>\n<meta name=\"robots\" content=\"index, follow, max-snippet:-1, max-image-preview:large, max-video-preview:-1\" \/>\n<link rel=\"canonical\" href=\"https:\/\/sites.ipleiria.pt\/congressoklaara\/conferencia\/\" \/>\n<meta property=\"og:locale\" content=\"pt_PT\" \/>\n<meta property=\"og:type\" content=\"article\" \/>\n<meta property=\"og:title\" content=\"Confer\u00eancia - Klaara 2023\" \/>\n<meta property=\"og:description\" content=\"KLAARA 2023 \u2013 3\u00aa Confer\u00eancia sobre Linguagem e Comunica\u00e7\u00e3o Acess\u00edvel Ap\u00f3s o lan\u00e7amento bem-sucedido da 2\u00aa Confer\u00eancia KLAARA\u00a0 \u2013\u00a0Confer\u00eancia sobre Linguagem e Comunica\u00e7\u00e3o Acess\u00edvel, a\u00a03\u00aa Confer\u00eancia KLAARA foi projetada numa parceria entre a FENACERCI e o Polit\u00e9cnico de Leiria atrav\u00e9s&hellip; Continue reading &rarr;\" \/>\n<meta property=\"og:url\" content=\"https:\/\/sites.ipleiria.pt\/congressoklaara\/conferencia\/\" \/>\n<meta property=\"og:site_name\" content=\"Klaara 2023\" \/>\n<meta property=\"article:modified_time\" content=\"2023-06-27T08:18:36+00:00\" \/>\n<meta property=\"og:image\" content=\"http:\/\/sites.ipleiria.pt\/congressoklaara\/files\/2022\/09\/Header-klaara-300x60.jpg\" \/>\n<meta name=\"twitter:card\" content=\"summary_large_image\" \/>\n<meta name=\"twitter:label1\" content=\"Tempo estimado de leitura\" \/>\n\t<meta name=\"twitter:data1\" content=\"2 minutos\" \/>\n<script type=\"application\/ld+json\" class=\"yoast-schema-graph\">{\"@context\":\"https:\/\/schema.org\",\"@graph\":[{\"@type\":\"WebPage\",\"@id\":\"https:\/\/sites.ipleiria.pt\/congressoklaara\/conferencia\/\",\"url\":\"https:\/\/sites.ipleiria.pt\/congressoklaara\/conferencia\/\",\"name\":\"Confer\u00eancia - Klaara 2023\",\"isPartOf\":{\"@id\":\"https:\/\/sites.ipleiria.pt\/congressoklaara\/#website\"},\"primaryImageOfPage\":{\"@id\":\"https:\/\/sites.ipleiria.pt\/congressoklaara\/conferencia\/#primaryimage\"},\"image\":{\"@id\":\"https:\/\/sites.ipleiria.pt\/congressoklaara\/conferencia\/#primaryimage\"},\"thumbnailUrl\":\"http:\/\/sites.ipleiria.pt\/congressoklaara\/files\/2022\/09\/Header-klaara-300x60.jpg\",\"datePublished\":\"2023-03-01T16:23:57+00:00\",\"dateModified\":\"2023-06-27T08:18:36+00:00\",\"breadcrumb\":{\"@id\":\"https:\/\/sites.ipleiria.pt\/congressoklaara\/conferencia\/#breadcrumb\"},\"inLanguage\":\"pt-PT\",\"potentialAction\":[{\"@type\":\"ReadAction\",\"target\":[\"https:\/\/sites.ipleiria.pt\/congressoklaara\/conferencia\/\"]}]},{\"@type\":\"ImageObject\",\"inLanguage\":\"pt-PT\",\"@id\":\"https:\/\/sites.ipleiria.pt\/congressoklaara\/conferencia\/#primaryimage\",\"url\":\"http:\/\/sites.ipleiria.pt\/congressoklaara\/files\/2022\/09\/Header-klaara-300x60.jpg\",\"contentUrl\":\"http:\/\/sites.ipleiria.pt\/congressoklaara\/files\/2022\/09\/Header-klaara-300x60.jpg\"},{\"@type\":\"BreadcrumbList\",\"@id\":\"https:\/\/sites.ipleiria.pt\/congressoklaara\/conferencia\/#breadcrumb\",\"itemListElement\":[{\"@type\":\"ListItem\",\"position\":1,\"name\":\"In\u00edcio\",\"item\":\"https:\/\/sites.ipleiria.pt\/congressoklaara\/\"},{\"@type\":\"ListItem\",\"position\":2,\"name\":\"Confer\u00eancia\"}]},{\"@type\":\"WebSite\",\"@id\":\"https:\/\/sites.ipleiria.pt\/congressoklaara\/#website\",\"url\":\"https:\/\/sites.ipleiria.pt\/congressoklaara\/\",\"name\":\"Klaara 2023\",\"description\":\"Site da 3\u00aa Confer\u00eancia sobre investiga\u00e7\u00e3o na comunica\u00e7\u00e3o e linguagem acess\u00edveis\",\"potentialAction\":[{\"@type\":\"SearchAction\",\"target\":{\"@type\":\"EntryPoint\",\"urlTemplate\":\"https:\/\/sites.ipleiria.pt\/congressoklaara\/?s={search_term_string}\"},\"query-input\":{\"@type\":\"PropertyValueSpecification\",\"valueRequired\":true,\"valueName\":\"search_term_string\"}}],\"inLanguage\":\"pt-PT\"}]}<\/script>\n<!-- \/ Yoast SEO plugin. -->","yoast_head_json":{"title":"Confer\u00eancia - Klaara 2023","robots":{"index":"index","follow":"follow","max-snippet":"max-snippet:-1","max-image-preview":"max-image-preview:large","max-video-preview":"max-video-preview:-1"},"canonical":"https:\/\/sites.ipleiria.pt\/congressoklaara\/conferencia\/","og_locale":"pt_PT","og_type":"article","og_title":"Confer\u00eancia - Klaara 2023","og_description":"KLAARA 2023 \u2013 3\u00aa Confer\u00eancia sobre Linguagem e Comunica\u00e7\u00e3o Acess\u00edvel Ap\u00f3s o lan\u00e7amento bem-sucedido da 2\u00aa Confer\u00eancia KLAARA\u00a0 \u2013\u00a0Confer\u00eancia sobre Linguagem e Comunica\u00e7\u00e3o Acess\u00edvel, a\u00a03\u00aa Confer\u00eancia KLAARA foi projetada numa parceria entre a FENACERCI e o Polit\u00e9cnico de Leiria atrav\u00e9s&hellip; Continue reading &rarr;","og_url":"https:\/\/sites.ipleiria.pt\/congressoklaara\/conferencia\/","og_site_name":"Klaara 2023","article_modified_time":"2023-06-27T08:18:36+00:00","og_image":[{"url":"http:\/\/sites.ipleiria.pt\/congressoklaara\/files\/2022\/09\/Header-klaara-300x60.jpg","type":"","width":"","height":""}],"twitter_card":"summary_large_image","twitter_misc":{"Tempo estimado de leitura":"2 minutos"},"schema":{"@context":"https:\/\/schema.org","@graph":[{"@type":"WebPage","@id":"https:\/\/sites.ipleiria.pt\/congressoklaara\/conferencia\/","url":"https:\/\/sites.ipleiria.pt\/congressoklaara\/conferencia\/","name":"Confer\u00eancia - Klaara 2023","isPartOf":{"@id":"https:\/\/sites.ipleiria.pt\/congressoklaara\/#website"},"primaryImageOfPage":{"@id":"https:\/\/sites.ipleiria.pt\/congressoklaara\/conferencia\/#primaryimage"},"image":{"@id":"https:\/\/sites.ipleiria.pt\/congressoklaara\/conferencia\/#primaryimage"},"thumbnailUrl":"http:\/\/sites.ipleiria.pt\/congressoklaara\/files\/2022\/09\/Header-klaara-300x60.jpg","datePublished":"2023-03-01T16:23:57+00:00","dateModified":"2023-06-27T08:18:36+00:00","breadcrumb":{"@id":"https:\/\/sites.ipleiria.pt\/congressoklaara\/conferencia\/#breadcrumb"},"inLanguage":"pt-PT","potentialAction":[{"@type":"ReadAction","target":["https:\/\/sites.ipleiria.pt\/congressoklaara\/conferencia\/"]}]},{"@type":"ImageObject","inLanguage":"pt-PT","@id":"https:\/\/sites.ipleiria.pt\/congressoklaara\/conferencia\/#primaryimage","url":"http:\/\/sites.ipleiria.pt\/congressoklaara\/files\/2022\/09\/Header-klaara-300x60.jpg","contentUrl":"http:\/\/sites.ipleiria.pt\/congressoklaara\/files\/2022\/09\/Header-klaara-300x60.jpg"},{"@type":"BreadcrumbList","@id":"https:\/\/sites.ipleiria.pt\/congressoklaara\/conferencia\/#breadcrumb","itemListElement":[{"@type":"ListItem","position":1,"name":"In\u00edcio","item":"https:\/\/sites.ipleiria.pt\/congressoklaara\/"},{"@type":"ListItem","position":2,"name":"Confer\u00eancia"}]},{"@type":"WebSite","@id":"https:\/\/sites.ipleiria.pt\/congressoklaara\/#website","url":"https:\/\/sites.ipleiria.pt\/congressoklaara\/","name":"Klaara 2023","description":"Site da 3\u00aa Confer\u00eancia sobre investiga\u00e7\u00e3o na comunica\u00e7\u00e3o e linguagem acess\u00edveis","potentialAction":[{"@type":"SearchAction","target":{"@type":"EntryPoint","urlTemplate":"https:\/\/sites.ipleiria.pt\/congressoklaara\/?s={search_term_string}"},"query-input":{"@type":"PropertyValueSpecification","valueRequired":true,"valueName":"search_term_string"}}],"inLanguage":"pt-PT"}]}},"_links":{"self":[{"href":"https:\/\/sites.ipleiria.pt\/congressoklaara\/wp-json\/wp\/v2\/pages\/698","targetHints":{"allow":["GET"]}}],"collection":[{"href":"https:\/\/sites.ipleiria.pt\/congressoklaara\/wp-json\/wp\/v2\/pages"}],"about":[{"href":"https:\/\/sites.ipleiria.pt\/congressoklaara\/wp-json\/wp\/v2\/types\/page"}],"author":[{"embeddable":true,"href":"https:\/\/sites.ipleiria.pt\/congressoklaara\/wp-json\/wp\/v2\/users\/102"}],"replies":[{"embeddable":true,"href":"https:\/\/sites.ipleiria.pt\/congressoklaara\/wp-json\/wp\/v2\/comments?post=698"}],"version-history":[{"count":4,"href":"https:\/\/sites.ipleiria.pt\/congressoklaara\/wp-json\/wp\/v2\/pages\/698\/revisions"}],"predecessor-version":[{"id":866,"href":"https:\/\/sites.ipleiria.pt\/congressoklaara\/wp-json\/wp\/v2\/pages\/698\/revisions\/866"}],"wp:attachment":[{"href":"https:\/\/sites.ipleiria.pt\/congressoklaara\/wp-json\/wp\/v2\/media?parent=698"}],"curies":[{"name":"wp","href":"https:\/\/api.w.org\/{rel}","templated":true}]}}