{"id":703,"date":"2023-03-01T16:27:20","date_gmt":"2023-03-01T16:27:20","guid":{"rendered":"https:\/\/sites.ipleiria.pt\/congressoklaara\/?page_id=703"},"modified":"2023-06-27T08:17:33","modified_gmt":"2023-06-27T08:17:33","slug":"conference","status":"publish","type":"page","link":"https:\/\/sites.ipleiria.pt\/congressoklaara\/conference\/","title":{"rendered":"Conference"},"content":{"rendered":"\n<h2 class=\"wp-block-heading\"><img loading=\"lazy\" decoding=\"async\" src=\"http:\/\/sites.ipleiria.pt\/congressoklaara\/files\/2022\/09\/Header-klaara-300x60.jpg\" alt=\"\" width=\"835\" height=\"167\"><\/h2>\n\n\n\n<h4 class=\"wp-block-heading\">KLAARA 2023 \u2013 3rd Conference on Accessible Language and Communication<\/h4>\n\n\n\n<p><em>After the successful launch of the 2nd KLAARA Conference \u2013 Conference on Accessible Language and Communication, the 3rd KLAARA Conference is designed in a partnership between FENACERCI and the Polytechnic of Leiria through the School of Education and Social Sciences.<\/em><\/p>\n\n\n\n<p>The multidisciplinary KLAARA conference is the venue for researchers interested in the study of language and accessible communication. The conference aims to advance research on modified language used to communicate with people who have various difficulties in understanding standard forms of language. Studies from different disciplinary perspectives (social sciences, linguistics, special education, visual communication, translation studies, and information design) will be presented and discussed.<\/p>\n\n\n\n<p>The United Nations Convention on the Rights of Persons with Disabilities refers, in its Article 9, to the right of persons with disabilities to access information on an equal basis with others. For the first time the concept of easy reading is included in a document of this kind, which obliges the signatories to comply with it.<\/p>\n\n\n\n<p>However, there is still great difficulty on the part of these people in accessing information and communication, being confronted daily with obstacles that make it impossible for them to access this right.<\/p>\n\n\n\n<p>This is where the National Federation of Social Solidarity Cooperatives (FENACERCI) and the School of Education and Social Sciences through its Centre of Resources for Digital Inclusion (CRID), of the Polytechnic of Leiria have been intervening, through the creation and adaptation of documents, training on the subject, development of accessible books and information leaflets, development of adapted training curricula, etc.<\/p>\n","protected":false},"excerpt":{"rendered":"<p>KLAARA 2023 \u2013 3rd Conference on Accessible Language and Communication After the successful launch of the 2nd KLAARA Conference \u2013 Conference on Accessible Language and Communication, the 3rd KLAARA Conference is designed in a partnership between FENACERCI and the Polytechnic&hellip;  <\/p>\n<p class=\"more-link\"><a href=\"https:\/\/sites.ipleiria.pt\/congressoklaara\/conference\/\">Continue reading <span class=\"meta-nav\">&rarr;<\/span><\/a><\/p>\n","protected":false},"author":102,"featured_media":0,"parent":0,"menu_order":0,"comment_status":"closed","ping_status":"closed","template":"","meta":{"_monsterinsights_skip_tracking":false,"_monsterinsights_sitenote_active":false,"_monsterinsights_sitenote_note":"","_monsterinsights_sitenote_category":0,"footnotes":""},"class_list":["post-703","page","type-page","status-publish","hentry"],"yoast_head":"<!-- This site is optimized with the Yoast SEO plugin v26.8 - https:\/\/yoast.com\/product\/yoast-seo-wordpress\/ -->\n<title>Conference - Klaara 2023<\/title>\n<meta name=\"robots\" content=\"index, follow, max-snippet:-1, max-image-preview:large, max-video-preview:-1\" \/>\n<link rel=\"canonical\" href=\"https:\/\/sites.ipleiria.pt\/congressoklaara\/conference\/\" \/>\n<meta property=\"og:locale\" content=\"pt_PT\" \/>\n<meta property=\"og:type\" content=\"article\" \/>\n<meta property=\"og:title\" content=\"Conference - Klaara 2023\" \/>\n<meta property=\"og:description\" content=\"KLAARA 2023 \u2013 3rd Conference on Accessible Language and Communication After the successful launch of the 2nd KLAARA Conference \u2013 Conference on Accessible Language and Communication, the 3rd KLAARA Conference is designed in a partnership between FENACERCI and the Polytechnic&hellip; Continue reading &rarr;\" \/>\n<meta property=\"og:url\" content=\"https:\/\/sites.ipleiria.pt\/congressoklaara\/conference\/\" \/>\n<meta property=\"og:site_name\" content=\"Klaara 2023\" \/>\n<meta property=\"article:modified_time\" content=\"2023-06-27T08:17:33+00:00\" \/>\n<meta property=\"og:image\" content=\"http:\/\/sites.ipleiria.pt\/congressoklaara\/files\/2022\/09\/Header-klaara-300x60.jpg\" \/>\n<meta name=\"twitter:card\" content=\"summary_large_image\" \/>\n<meta name=\"twitter:label1\" content=\"Tempo estimado de leitura\" \/>\n\t<meta name=\"twitter:data1\" content=\"2 minutos\" \/>\n<script type=\"application\/ld+json\" class=\"yoast-schema-graph\">{\"@context\":\"https:\/\/schema.org\",\"@graph\":[{\"@type\":\"WebPage\",\"@id\":\"https:\/\/sites.ipleiria.pt\/congressoklaara\/conference\/\",\"url\":\"https:\/\/sites.ipleiria.pt\/congressoklaara\/conference\/\",\"name\":\"Conference - Klaara 2023\",\"isPartOf\":{\"@id\":\"https:\/\/sites.ipleiria.pt\/congressoklaara\/#website\"},\"primaryImageOfPage\":{\"@id\":\"https:\/\/sites.ipleiria.pt\/congressoklaara\/conference\/#primaryimage\"},\"image\":{\"@id\":\"https:\/\/sites.ipleiria.pt\/congressoklaara\/conference\/#primaryimage\"},\"thumbnailUrl\":\"http:\/\/sites.ipleiria.pt\/congressoklaara\/files\/2022\/09\/Header-klaara-300x60.jpg\",\"datePublished\":\"2023-03-01T16:27:20+00:00\",\"dateModified\":\"2023-06-27T08:17:33+00:00\",\"breadcrumb\":{\"@id\":\"https:\/\/sites.ipleiria.pt\/congressoklaara\/conference\/#breadcrumb\"},\"inLanguage\":\"pt-PT\",\"potentialAction\":[{\"@type\":\"ReadAction\",\"target\":[\"https:\/\/sites.ipleiria.pt\/congressoklaara\/conference\/\"]}]},{\"@type\":\"ImageObject\",\"inLanguage\":\"pt-PT\",\"@id\":\"https:\/\/sites.ipleiria.pt\/congressoklaara\/conference\/#primaryimage\",\"url\":\"http:\/\/sites.ipleiria.pt\/congressoklaara\/files\/2022\/09\/Header-klaara-300x60.jpg\",\"contentUrl\":\"http:\/\/sites.ipleiria.pt\/congressoklaara\/files\/2022\/09\/Header-klaara-300x60.jpg\"},{\"@type\":\"BreadcrumbList\",\"@id\":\"https:\/\/sites.ipleiria.pt\/congressoklaara\/conference\/#breadcrumb\",\"itemListElement\":[{\"@type\":\"ListItem\",\"position\":1,\"name\":\"In\u00edcio\",\"item\":\"https:\/\/sites.ipleiria.pt\/congressoklaara\/\"},{\"@type\":\"ListItem\",\"position\":2,\"name\":\"Conference\"}]},{\"@type\":\"WebSite\",\"@id\":\"https:\/\/sites.ipleiria.pt\/congressoklaara\/#website\",\"url\":\"https:\/\/sites.ipleiria.pt\/congressoklaara\/\",\"name\":\"Klaara 2023\",\"description\":\"Site da 3\u00aa Confer\u00eancia sobre investiga\u00e7\u00e3o na comunica\u00e7\u00e3o e linguagem acess\u00edveis\",\"potentialAction\":[{\"@type\":\"SearchAction\",\"target\":{\"@type\":\"EntryPoint\",\"urlTemplate\":\"https:\/\/sites.ipleiria.pt\/congressoklaara\/?s={search_term_string}\"},\"query-input\":{\"@type\":\"PropertyValueSpecification\",\"valueRequired\":true,\"valueName\":\"search_term_string\"}}],\"inLanguage\":\"pt-PT\"}]}<\/script>\n<!-- \/ Yoast SEO plugin. -->","yoast_head_json":{"title":"Conference - Klaara 2023","robots":{"index":"index","follow":"follow","max-snippet":"max-snippet:-1","max-image-preview":"max-image-preview:large","max-video-preview":"max-video-preview:-1"},"canonical":"https:\/\/sites.ipleiria.pt\/congressoklaara\/conference\/","og_locale":"pt_PT","og_type":"article","og_title":"Conference - Klaara 2023","og_description":"KLAARA 2023 \u2013 3rd Conference on Accessible Language and Communication After the successful launch of the 2nd KLAARA Conference \u2013 Conference on Accessible Language and Communication, the 3rd KLAARA Conference is designed in a partnership between FENACERCI and the Polytechnic&hellip; Continue reading &rarr;","og_url":"https:\/\/sites.ipleiria.pt\/congressoklaara\/conference\/","og_site_name":"Klaara 2023","article_modified_time":"2023-06-27T08:17:33+00:00","og_image":[{"url":"http:\/\/sites.ipleiria.pt\/congressoklaara\/files\/2022\/09\/Header-klaara-300x60.jpg","type":"","width":"","height":""}],"twitter_card":"summary_large_image","twitter_misc":{"Tempo estimado de leitura":"2 minutos"},"schema":{"@context":"https:\/\/schema.org","@graph":[{"@type":"WebPage","@id":"https:\/\/sites.ipleiria.pt\/congressoklaara\/conference\/","url":"https:\/\/sites.ipleiria.pt\/congressoklaara\/conference\/","name":"Conference - Klaara 2023","isPartOf":{"@id":"https:\/\/sites.ipleiria.pt\/congressoklaara\/#website"},"primaryImageOfPage":{"@id":"https:\/\/sites.ipleiria.pt\/congressoklaara\/conference\/#primaryimage"},"image":{"@id":"https:\/\/sites.ipleiria.pt\/congressoklaara\/conference\/#primaryimage"},"thumbnailUrl":"http:\/\/sites.ipleiria.pt\/congressoklaara\/files\/2022\/09\/Header-klaara-300x60.jpg","datePublished":"2023-03-01T16:27:20+00:00","dateModified":"2023-06-27T08:17:33+00:00","breadcrumb":{"@id":"https:\/\/sites.ipleiria.pt\/congressoklaara\/conference\/#breadcrumb"},"inLanguage":"pt-PT","potentialAction":[{"@type":"ReadAction","target":["https:\/\/sites.ipleiria.pt\/congressoklaara\/conference\/"]}]},{"@type":"ImageObject","inLanguage":"pt-PT","@id":"https:\/\/sites.ipleiria.pt\/congressoklaara\/conference\/#primaryimage","url":"http:\/\/sites.ipleiria.pt\/congressoklaara\/files\/2022\/09\/Header-klaara-300x60.jpg","contentUrl":"http:\/\/sites.ipleiria.pt\/congressoklaara\/files\/2022\/09\/Header-klaara-300x60.jpg"},{"@type":"BreadcrumbList","@id":"https:\/\/sites.ipleiria.pt\/congressoklaara\/conference\/#breadcrumb","itemListElement":[{"@type":"ListItem","position":1,"name":"In\u00edcio","item":"https:\/\/sites.ipleiria.pt\/congressoklaara\/"},{"@type":"ListItem","position":2,"name":"Conference"}]},{"@type":"WebSite","@id":"https:\/\/sites.ipleiria.pt\/congressoklaara\/#website","url":"https:\/\/sites.ipleiria.pt\/congressoklaara\/","name":"Klaara 2023","description":"Site da 3\u00aa Confer\u00eancia sobre investiga\u00e7\u00e3o na comunica\u00e7\u00e3o e linguagem acess\u00edveis","potentialAction":[{"@type":"SearchAction","target":{"@type":"EntryPoint","urlTemplate":"https:\/\/sites.ipleiria.pt\/congressoklaara\/?s={search_term_string}"},"query-input":{"@type":"PropertyValueSpecification","valueRequired":true,"valueName":"search_term_string"}}],"inLanguage":"pt-PT"}]}},"_links":{"self":[{"href":"https:\/\/sites.ipleiria.pt\/congressoklaara\/wp-json\/wp\/v2\/pages\/703","targetHints":{"allow":["GET"]}}],"collection":[{"href":"https:\/\/sites.ipleiria.pt\/congressoklaara\/wp-json\/wp\/v2\/pages"}],"about":[{"href":"https:\/\/sites.ipleiria.pt\/congressoklaara\/wp-json\/wp\/v2\/types\/page"}],"author":[{"embeddable":true,"href":"https:\/\/sites.ipleiria.pt\/congressoklaara\/wp-json\/wp\/v2\/users\/102"}],"replies":[{"embeddable":true,"href":"https:\/\/sites.ipleiria.pt\/congressoklaara\/wp-json\/wp\/v2\/comments?post=703"}],"version-history":[{"count":2,"href":"https:\/\/sites.ipleiria.pt\/congressoklaara\/wp-json\/wp\/v2\/pages\/703\/revisions"}],"predecessor-version":[{"id":865,"href":"https:\/\/sites.ipleiria.pt\/congressoklaara\/wp-json\/wp\/v2\/pages\/703\/revisions\/865"}],"wp:attachment":[{"href":"https:\/\/sites.ipleiria.pt\/congressoklaara\/wp-json\/wp\/v2\/media?parent=703"}],"curies":[{"name":"wp","href":"https:\/\/api.w.org\/{rel}","templated":true}]}}