{"id":94,"date":"2019-05-30T13:52:03","date_gmt":"2019-05-30T13:52:03","guid":{"rendered":"http:\/\/resolucaoproblemasprimeirosanos.sites.ipleiria.pt\/?page_id=2"},"modified":"2023-07-21T13:36:26","modified_gmt":"2023-07-21T13:36:26","slug":"pagina-exemplo-2","status":"publish","type":"page","link":"https:\/\/sites.ipleiria.pt\/congressoklaara\/pagina-exemplo-2\/","title":{"rendered":"Programa"},"content":{"rendered":"\n<div class=\"wp-block-group\"><div class=\"wp-block-group__inner-container is-layout-flow wp-block-group-is-layout-flow\">\n<p><strong>3 julho 2023<\/strong><\/p>\n\n\n\n<blockquote class=\"wp-block-quote is-layout-flow wp-block-quote-is-layout-flow\"><p><strong>17h |<\/strong> Boas vindas, Porto de Honra &#8211; <a href=\"https:\/\/www.google.com\/maps\/place\/Polit%C3%A9cnico+de+Leiria+%2F+Escola+Superior+de+Educa%C3%A7%C3%A3o+e+Ci%C3%AAncias+Sociais+(ESECS)\/@39.7393102,-8.8124007,17.08z\/data=!4m6!3m5!1s0xd227368623fdacd:0xdec23e871edb415f!8m2!3d39.739764!4d-8.811366!16s%2Fg%2F120hnrs_?entry=ttu\" target=\"_blank\" rel=\"noreferrer noopener\">ESESC<\/a>, Leiria<\/p><\/blockquote>\n<\/div><\/div>\n\n\n\n<div class=\"wp-block-group\"><div class=\"wp-block-group__inner-container is-layout-flow wp-block-group-is-layout-flow\">\n<p><strong>4 julho 2023<\/strong><\/p>\n\n\n\n<div class=\"wp-block-group\"><div class=\"wp-block-group__inner-container is-layout-flow wp-block-group-is-layout-flow\">\n<div class=\"wp-block-group\"><div class=\"wp-block-group__inner-container is-layout-flow wp-block-group-is-layout-flow\">\n<blockquote class=\"wp-block-quote is-layout-flow wp-block-quote-is-layout-flow\"><p><strong>14h &#8211; 14h30 |<\/strong> Sess\u00e3o de Abertura &#8211; ESESC Leiria &#8211;<a href=\"https:\/\/www.google.com\/maps\/place\/Audit%C3%B3rio+2\/@39.7393102,-8.8124007,17.08z\/data=!4m14!1m7!3m6!1s0xd227368623fdacd:0xdec23e871edb415f!2sPolit%C3%A9cnico+de+Leiria+%2F+Escola+Superior+de+Educa%C3%A7%C3%A3o+e+Ci%C3%AAncias+Sociais+(ESECS)!8m2!3d39.739764!4d-8.811366!16s%2Fg%2F120hnrs_!3m5!1s0xd22739c757f3949:0xfa27ce0783fa6f48!8m2!3d39.7402383!4d-8.8112477!16s%2Fg%2F11rq7_9tgr?entry=ttu\" target=\"_blank\" rel=\"noreferrer noopener\"> Audit\u00f3rio 2<\/a><br><em>Presidente do Instituto Polit\u00e9cnico de Leiria, Carlos Rabad\u00e3o<\/em><\/p><p><em>Presidente da FENACERCI, Julieta Sanches <\/em><\/p><p><em>Presidente da C\u00e2mara Municipal de Leiria, Gon\u00e7alo Lopes<\/em><\/p><p><em>Secret\u00e1ria de Estado da Inclus\u00e3o<\/em>, <em>Ana Sofia Antunes  <\/em>                                                                                                 <\/p><p><em>Ministro da Educa\u00e7\u00e3o, Jo\u00e3o Costa<\/em>                                                                                                         <\/p><p><strong>14h30 &#8211; 15h30 | <\/strong>Desenvolvimento de linguagem clara e  de leitura f\u00e1cil. Dois grupos alvo distintos <em>\u2013 Cathy Basterfield<\/em><\/p><p><strong>15h30 &#8211; 16h00 | <\/strong>Pausa para caf\u00e9<\/p><p><strong>16h00 &#8211; 18h00 | <\/strong><a href=\"http:\/\/sites.ipleiria.pt\/congressoklaara\/files\/2023\/07\/PARALELAS-PT4.pdf\">Sess\u00f5es Paralelas<\/a><\/p><\/blockquote>\n<\/div><\/div>\n<\/div><\/div>\n<\/div><\/div>\n\n\n\n<p><strong>5 julho 2023<\/strong><\/p>\n\n\n\n<blockquote class=\"wp-block-quote is-layout-flow wp-block-quote-is-layout-flow\"><p><strong>9h30 &#8211; 10h15 | <\/strong>As pessoas com DID enquanto validadores de conte\u00fado &#8211; <em>Tatjana Knapp e Nevenka Kos<\/em><\/p><p><strong>10h15 &#8211; 11h00 |<\/strong> Assimetria lingu\u00edstica e an\u00e1lise da conversa\u00e7\u00e3o: Uma proposta de modelo &#8211; <em>Leealaura Leskel\u00e4<\/em><\/p><p><strong>11h00 &#8211; 11h30 |<\/strong> Pausa para caf\u00e9<\/p><p><strong>11h30 &#8211; 12h30 |<\/strong> <a href=\"http:\/\/sites.ipleiria.pt\/congressoklaara\/files\/2023\/07\/PARARELAS-PT-5.pdf\">Sess\u00f5es Paralelas<\/a><\/p><p><strong>12h30 &#8211; 14h00 |<\/strong> Almo\u00e7o<\/p><p><strong>14h00 &#8211; 16h00 |<\/strong> Uma comunidade acess\u00edvel &#8211; Mesa redonda                                                           <\/p><p><strong>16h30 |<\/strong> Visita ao <a href=\"https:\/\/www.cm-leiria.pt\/pages\/229\" target=\"_blank\" rel=\"noreferrer noopener\">Castelo de Leiria<\/a> ou <a href=\"https:\/\/www.cm-leiria.pt\/pages\/849\" target=\"_blank\" rel=\"noreferrer noopener\">Museu de Leiria<\/a> (registo obrigat\u00f3rio)                                                                   <\/p><p><strong>19h30 |<\/strong> Jantar &#8211; <a href=\"http:\/\/www.casadanora.com\/\" target=\"_blank\" rel=\"noreferrer noopener\">Restaurante Casa da Nora<\/a><\/p><\/blockquote>\n\n\n\n<p><strong>6 julho 2023<\/strong><\/p>\n\n\n\n<div class=\"wp-block-group\"><div class=\"wp-block-group__inner-container is-layout-flow wp-block-group-is-layout-flow\">\n<div class=\"wp-block-columns is-layout-flex wp-container-core-columns-is-layout-1 wp-block-columns-is-layout-flex\">\n<div class=\"wp-block-column is-layout-flow wp-block-column-is-layout-flow\" style=\"flex-basis:100%\">\n<blockquote class=\"wp-block-quote is-layout-flow wp-block-quote-is-layout-flow\"><p><strong>9h30 &#8211; 10h15 | <\/strong>Conte\u00fado audiovisual f\u00e1cil e Internet f\u00e1cil: qual \u00e9 mais dif\u00edcil? &#8211; <em>Rocio Barnabe Caro<\/em><\/p><p><strong>10h15 &#8211; 11h00 |<\/strong> Acessibilidade cognitiva: Uma quest\u00e3o de direitos &#8211; <em>Ulla Bohman<\/em>n<\/p><p><strong>11h00 &#8211; 11h30 | <\/strong>Pausa para caf\u00e9<\/p><p><strong>11h30 &#8211; 12h15 | <\/strong>Linguagem e comunica\u00e7\u00e3o acess\u00edvel &#8211; Caminhos para a acessibilidade laboral &#8211; <em>Marta Nogueira<\/em><\/p><p><strong>12h15 &#8211; 13h00 | <\/strong>Networking<\/p><p><strong>13h00 &#8211; 14h30 |<\/strong> Almo\u00e7o                                                                                                                     <\/p><p><strong>14h30 &#8211; 15h30 |<\/strong> <a href=\"http:\/\/sites.ipleiria.pt\/congressoklaara\/files\/2023\/07\/PARALELAS-PT-6.pdf\">Sess\u00f5es Paralelas<\/a><\/p><p><strong>15h30 &#8211; 16h30 |<\/strong> Visita ao <a href=\"https:\/\/crid.esecs.ipleiria.pt\/\">CRID<\/a> <em>(limitada a 25 pessoas)<\/em>                                                                     <\/p><p><strong>16h00 &#8211; 16h30 |<\/strong> Pausa para caf\u00e9                                                                                                        <\/p><p><strong>16h30 &#8211; 17h30 |<\/strong> <a href=\"http:\/\/sites.ipleiria.pt\/congressoklaara\/files\/2023\/07\/PARALELAS-PT-6_1.pdf\">Sess\u00f5es Paralelas <\/a>                                                                                                                     <\/p><p><strong>17h30 &#8211; 18h00 |<\/strong> Visita ao <a href=\"https:\/\/crid.esecs.ipleiria.pt\/\" target=\"_blank\" rel=\"noreferrer noopener\">CRID<\/a> <em>(limitada a 25 pessoas) <\/em>                                                                            <\/p><p><strong>17h30 &#8211; 18h30 |<\/strong> Peddy paper <em>(limitado a 25 pessoas e com registo obrigat\u00f3rio)<\/em>  <\/p><\/blockquote>\n<\/div>\n<\/div>\n<\/div><\/div>\n\n\n\n<p><strong>7 julho 2023<\/strong><\/p>\n\n\n\n<blockquote class=\"wp-block-quote is-layout-flow wp-block-quote-is-layout-flow\"><p><strong>10h00 &#8211; 11h00 |<\/strong> Acessibilidade cognitiva e informa\u00e7\u00e3o acess\u00edvel: Uma vis\u00e3o para o futuro &#8211; <em>Sandra Marques e C\u00e9lia Sousa<\/em><\/p><p><strong>11h00 &#8211; 11h30 |<\/strong> Pausa para o caf\u00e9<\/p><p><strong>11h30 &#8211; 11h45 |<\/strong> KLAARA 2025 &#8211; An\u00fancio <\/p><p><strong>11h30 &#8211; 12h30 |<\/strong> Sess\u00e3o de Encerramento<br><em>Subdiretor da ESECS, Jorge Varela<br>Administrador Executivo da FENACERCI, Joaquim Pequicho <\/em> <br><em>Mensagem de Sua Exa. O Sr. Presidente da Rep\u00fablica, Marcelo Rebelo de Sousa <\/em><\/p><\/blockquote>\n\n\n\n<p><\/p>\n","protected":false},"excerpt":{"rendered":"<p>3 julho 2023 17h | Boas vindas, Porto de Honra &#8211; ESESC, Leiria 4 julho 2023 14h &#8211; 14h30 | Sess\u00e3o de Abertura &#8211; ESESC Leiria &#8211; Audit\u00f3rio 2Presidente do Instituto Polit\u00e9cnico de Leiria, Carlos Rabad\u00e3o Presidente da FENACERCI, Julieta&hellip;  <\/p>\n<p class=\"more-link\"><a href=\"https:\/\/sites.ipleiria.pt\/congressoklaara\/pagina-exemplo-2\/\">Continue reading <span class=\"meta-nav\">&rarr;<\/span><\/a><\/p>\n","protected":false},"author":102,"featured_media":0,"parent":0,"menu_order":0,"comment_status":"closed","ping_status":"closed","template":"","meta":{"_monsterinsights_skip_tracking":false,"_monsterinsights_sitenote_active":false,"_monsterinsights_sitenote_note":"","_monsterinsights_sitenote_category":0,"footnotes":""},"class_list":["post-94","page","type-page","status-publish","hentry"],"yoast_head":"<!-- This site is optimized with the Yoast SEO plugin v26.8 - https:\/\/yoast.com\/product\/yoast-seo-wordpress\/ -->\n<title>Programa - Klaara 2023<\/title>\n<meta name=\"robots\" content=\"index, follow, max-snippet:-1, max-image-preview:large, max-video-preview:-1\" \/>\n<link rel=\"canonical\" href=\"https:\/\/sites.ipleiria.pt\/congressoklaara\/pagina-exemplo-2\/\" \/>\n<meta property=\"og:locale\" content=\"pt_PT\" \/>\n<meta property=\"og:type\" content=\"article\" \/>\n<meta property=\"og:title\" content=\"Programa - Klaara 2023\" \/>\n<meta property=\"og:description\" content=\"3 julho 2023 17h | Boas vindas, Porto de Honra &#8211; ESESC, Leiria 4 julho 2023 14h &#8211; 14h30 | Sess\u00e3o de Abertura &#8211; ESESC Leiria &#8211; Audit\u00f3rio 2Presidente do Instituto Polit\u00e9cnico de Leiria, Carlos Rabad\u00e3o Presidente da FENACERCI, Julieta&hellip; Continue reading &rarr;\" \/>\n<meta property=\"og:url\" content=\"https:\/\/sites.ipleiria.pt\/congressoklaara\/pagina-exemplo-2\/\" \/>\n<meta property=\"og:site_name\" content=\"Klaara 2023\" \/>\n<meta property=\"article:modified_time\" content=\"2023-07-21T13:36:26+00:00\" \/>\n<meta name=\"twitter:card\" content=\"summary_large_image\" \/>\n<meta name=\"twitter:label1\" content=\"Tempo estimado de leitura\" \/>\n\t<meta name=\"twitter:data1\" content=\"2 minutos\" \/>\n<script type=\"application\/ld+json\" class=\"yoast-schema-graph\">{\"@context\":\"https:\/\/schema.org\",\"@graph\":[{\"@type\":\"WebPage\",\"@id\":\"https:\/\/sites.ipleiria.pt\/congressoklaara\/pagina-exemplo-2\/\",\"url\":\"https:\/\/sites.ipleiria.pt\/congressoklaara\/pagina-exemplo-2\/\",\"name\":\"Programa - Klaara 2023\",\"isPartOf\":{\"@id\":\"https:\/\/sites.ipleiria.pt\/congressoklaara\/#website\"},\"datePublished\":\"2019-05-30T13:52:03+00:00\",\"dateModified\":\"2023-07-21T13:36:26+00:00\",\"breadcrumb\":{\"@id\":\"https:\/\/sites.ipleiria.pt\/congressoklaara\/pagina-exemplo-2\/#breadcrumb\"},\"inLanguage\":\"pt-PT\",\"potentialAction\":[{\"@type\":\"ReadAction\",\"target\":[\"https:\/\/sites.ipleiria.pt\/congressoklaara\/pagina-exemplo-2\/\"]}]},{\"@type\":\"BreadcrumbList\",\"@id\":\"https:\/\/sites.ipleiria.pt\/congressoklaara\/pagina-exemplo-2\/#breadcrumb\",\"itemListElement\":[{\"@type\":\"ListItem\",\"position\":1,\"name\":\"In\u00edcio\",\"item\":\"https:\/\/sites.ipleiria.pt\/congressoklaara\/\"},{\"@type\":\"ListItem\",\"position\":2,\"name\":\"Programa\"}]},{\"@type\":\"WebSite\",\"@id\":\"https:\/\/sites.ipleiria.pt\/congressoklaara\/#website\",\"url\":\"https:\/\/sites.ipleiria.pt\/congressoklaara\/\",\"name\":\"Klaara 2023\",\"description\":\"Site da 3\u00aa Confer\u00eancia sobre investiga\u00e7\u00e3o na comunica\u00e7\u00e3o e linguagem acess\u00edveis\",\"potentialAction\":[{\"@type\":\"SearchAction\",\"target\":{\"@type\":\"EntryPoint\",\"urlTemplate\":\"https:\/\/sites.ipleiria.pt\/congressoklaara\/?s={search_term_string}\"},\"query-input\":{\"@type\":\"PropertyValueSpecification\",\"valueRequired\":true,\"valueName\":\"search_term_string\"}}],\"inLanguage\":\"pt-PT\"}]}<\/script>\n<!-- \/ Yoast SEO plugin. -->","yoast_head_json":{"title":"Programa - Klaara 2023","robots":{"index":"index","follow":"follow","max-snippet":"max-snippet:-1","max-image-preview":"max-image-preview:large","max-video-preview":"max-video-preview:-1"},"canonical":"https:\/\/sites.ipleiria.pt\/congressoklaara\/pagina-exemplo-2\/","og_locale":"pt_PT","og_type":"article","og_title":"Programa - Klaara 2023","og_description":"3 julho 2023 17h | Boas vindas, Porto de Honra &#8211; ESESC, Leiria 4 julho 2023 14h &#8211; 14h30 | Sess\u00e3o de Abertura &#8211; ESESC Leiria &#8211; Audit\u00f3rio 2Presidente do Instituto Polit\u00e9cnico de Leiria, Carlos Rabad\u00e3o Presidente da FENACERCI, Julieta&hellip; Continue reading &rarr;","og_url":"https:\/\/sites.ipleiria.pt\/congressoklaara\/pagina-exemplo-2\/","og_site_name":"Klaara 2023","article_modified_time":"2023-07-21T13:36:26+00:00","twitter_card":"summary_large_image","twitter_misc":{"Tempo estimado de leitura":"2 minutos"},"schema":{"@context":"https:\/\/schema.org","@graph":[{"@type":"WebPage","@id":"https:\/\/sites.ipleiria.pt\/congressoklaara\/pagina-exemplo-2\/","url":"https:\/\/sites.ipleiria.pt\/congressoklaara\/pagina-exemplo-2\/","name":"Programa - Klaara 2023","isPartOf":{"@id":"https:\/\/sites.ipleiria.pt\/congressoklaara\/#website"},"datePublished":"2019-05-30T13:52:03+00:00","dateModified":"2023-07-21T13:36:26+00:00","breadcrumb":{"@id":"https:\/\/sites.ipleiria.pt\/congressoklaara\/pagina-exemplo-2\/#breadcrumb"},"inLanguage":"pt-PT","potentialAction":[{"@type":"ReadAction","target":["https:\/\/sites.ipleiria.pt\/congressoklaara\/pagina-exemplo-2\/"]}]},{"@type":"BreadcrumbList","@id":"https:\/\/sites.ipleiria.pt\/congressoklaara\/pagina-exemplo-2\/#breadcrumb","itemListElement":[{"@type":"ListItem","position":1,"name":"In\u00edcio","item":"https:\/\/sites.ipleiria.pt\/congressoklaara\/"},{"@type":"ListItem","position":2,"name":"Programa"}]},{"@type":"WebSite","@id":"https:\/\/sites.ipleiria.pt\/congressoklaara\/#website","url":"https:\/\/sites.ipleiria.pt\/congressoklaara\/","name":"Klaara 2023","description":"Site da 3\u00aa Confer\u00eancia sobre investiga\u00e7\u00e3o na comunica\u00e7\u00e3o e linguagem acess\u00edveis","potentialAction":[{"@type":"SearchAction","target":{"@type":"EntryPoint","urlTemplate":"https:\/\/sites.ipleiria.pt\/congressoklaara\/?s={search_term_string}"},"query-input":{"@type":"PropertyValueSpecification","valueRequired":true,"valueName":"search_term_string"}}],"inLanguage":"pt-PT"}]}},"_links":{"self":[{"href":"https:\/\/sites.ipleiria.pt\/congressoklaara\/wp-json\/wp\/v2\/pages\/94","targetHints":{"allow":["GET"]}}],"collection":[{"href":"https:\/\/sites.ipleiria.pt\/congressoklaara\/wp-json\/wp\/v2\/pages"}],"about":[{"href":"https:\/\/sites.ipleiria.pt\/congressoklaara\/wp-json\/wp\/v2\/types\/page"}],"author":[{"embeddable":true,"href":"https:\/\/sites.ipleiria.pt\/congressoklaara\/wp-json\/wp\/v2\/users\/102"}],"replies":[{"embeddable":true,"href":"https:\/\/sites.ipleiria.pt\/congressoklaara\/wp-json\/wp\/v2\/comments?post=94"}],"version-history":[{"count":36,"href":"https:\/\/sites.ipleiria.pt\/congressoklaara\/wp-json\/wp\/v2\/pages\/94\/revisions"}],"predecessor-version":[{"id":934,"href":"https:\/\/sites.ipleiria.pt\/congressoklaara\/wp-json\/wp\/v2\/pages\/94\/revisions\/934"}],"wp:attachment":[{"href":"https:\/\/sites.ipleiria.pt\/congressoklaara\/wp-json\/wp\/v2\/media?parent=94"}],"curies":[{"name":"wp","href":"https:\/\/api.w.org\/{rel}","templated":true}]}}