{"id":223,"date":"2014-02-26T17:56:21","date_gmt":"2014-02-26T17:56:21","guid":{"rendered":"http:\/\/sites.ipleiria.pt\/congressoria\/?page_id=223"},"modified":"2014-07-23T22:01:21","modified_gmt":"2014-07-23T22:01:21","slug":"apresentacao-2","status":"publish","type":"page","link":"https:\/\/sites.ipleiria.pt\/congressoria\/datas-importantes-2\/apresentacao-2\/","title":{"rendered":"Apresenta\u00e7\u00e3o"},"content":{"rendered":"<h2><span style=\"color: #339966\">\u00a0<em><span style=\"color: #000000\">Congresso\u00a0acreditado pelo\u00a0CCPFC &#8211; Braga (novo)<\/span><\/em><\/span><\/h2>\n<p>O V Congresso Iberoamericano de Anima\u00e7\u00e3o Sociocultural <em>Da participa\u00e7\u00e3o na cultura \u00e0 cultura da participa\u00e7\u00e3o<\/em>\u00a0\u00e9 um congresso internacional organizado pela Rede Iberoamericana de Anima\u00e7\u00e3o Sociocultural (RIA), que ocorre bianualmente num dos pa\u00edses pertencentes \u00e0 referida rede.<\/p>\n<p>O mesmo visa contribuir para o avan\u00e7o da teoria e pr\u00e1tica em anima\u00e7\u00e3o e insere-se num conjunto de atividades que a RIA tem vindo a desenvolver desde 2006. Tais atividades tendem a promover a colabora\u00e7\u00e3o entre investigadores, professores, estudantes e decisores com o intuito de identificar e discutir desafios e ainda solu\u00e7\u00f5es de envolvimento criativo das popula\u00e7\u00f5es, para os mais diversos problemas e contextos no mundo da Anima\u00e7\u00e3o.<\/p>\n<p>Este Congresso de 2014 visa abordar tamb\u00e9m a quest\u00e3o da anima\u00e7\u00e3o enquanto did\u00e1tica da participa\u00e7\u00e3o, apoiando o crescimento da democracia, desenvolvendo redes de trabalho e aproxima\u00e7\u00e3o entre as comunidades, em busca de uma melhor qualidade de vida, refor\u00e7ando-se o valor da metodologia ativa, participativa e criativa &#8211; carater\u00edstica desta \u00e1rea de interven\u00e7\u00e3o.<\/p>\n<p>Desta forma, \u00e9 preocupa\u00e7\u00e3o central deste congresso proporcionar um espa\u00e7o de encontro entre profissionais de v\u00e1rias \u00e1reas, nomeadamente da educa\u00e7\u00e3o, das artes e da cultura, afim de, em conjunto, partilharem abordagens de interven\u00e7\u00e3o e de investiga\u00e7\u00e3o que sejam mais participativas, sens\u00edveis e criativas.<\/p>\n<hr \/>\n<p><strong>Objetivos do Congresso<\/strong><\/p>\n<p>\u2022\u00a0Sedimentar a implementa\u00e7\u00e3o da RIA em Portugal e fortalecer o trabalho desenvolvido pelos SubNodos;<br \/>\n\u2022\u00a0Desenvolver um espa\u00e7o de produ\u00e7\u00e3o ao n\u00edvel do conhecimento e de divulga\u00e7\u00e3o de informa\u00e7\u00e3o cient\u00edfica na \u00e1rea da Anima\u00e7\u00e3o bem como de cria\u00e7\u00e3o de atividades;<br \/>\n\u2022\u00a0Permitir a troca de conhecimento, de experi\u00eancias e de pr\u00e1ticas no \u00e2mbito da Anima\u00e7\u00e3o Sociocultural;<br \/>\n\u2022\u00a0Debater e aprender novas t\u00e9cnicas, novas maneiras de abordar problemas, bem como visualizar conex\u00f5es com outros temas;<br \/>\n\u2022\u00a0Dar a conhecer experi\u00eancias e investiga\u00e7\u00f5es na \u00e1rea da Anima\u00e7\u00e3o Sociocultural existentes nos pa\u00edses iberoamericanos;<br \/>\n\u2022\u00a0Contribuir para a consolida\u00e7\u00e3o da Anima\u00e7\u00e3o Sociocultural como uma pr\u00e1tica que pode e deve, atrav\u00e9s do fomento da participa\u00e7\u00e3o, contribuir para a transforma\u00e7\u00e3o dos diversos contextos sociais, culturais e comunit\u00e1rios, em contextos mais saud\u00e1veis e solid\u00e1rios;<br \/>\n\u2022\u00a0Contribuir para o desenvolvimento da Anima\u00e7\u00e3o Sociocultural nos campos acad\u00e9micos, pol\u00edticos e comunit\u00e1rios;<br \/>\n\u2022\u00a0Consolidar novas din\u00e2micas relacionais e de interc\u00e2mbio entre os \u00e2mbitos cient\u00edficos, acad\u00e9micos e profissionais e entre diferentes coletivos e organiza\u00e7\u00f5es;<br \/>\n\u2022\u00a0Consolidar a Anima\u00e7\u00e3o Sociocultural enquanto did\u00e1tica da participa\u00e7\u00e3o;<br \/>\n\u2022\u00a0Refor\u00e7ar o papel da anima\u00e7\u00e3o enquanto m\u00e9todo de educa\u00e7\u00e3o para a participa\u00e7\u00e3o.<br \/>\n\u2022\u00a0Refletir sobre o papel da experi\u00eancia de cria\u00e7\u00e3o art\u00edstica como pr\u00e1tica da anima\u00e7\u00e3o;<br \/>\n\u2022\u00a0Refletir sobre a import\u00e2ncia de pr\u00e1ticas art\u00edsticas locais na dinamiza\u00e7\u00e3o e envolvimento das popula\u00e7\u00f5es.<\/p>\n<hr \/>\n<p><strong>Temas Principais<\/strong><\/p>\n<p>\u2022 Desenvolvimento Comunit\u00e1rio<br \/>\n\u2022 Educa\u00e7\u00e3o e Artes<br \/>\n\u2022 Educa\u00e7\u00e3o ao Longo da Vida<br \/>\n\u2022 Educa\u00e7\u00e3o para o Desenvolvimento<br \/>\n\u2022 Educa\u00e7\u00e3o na Sociedade do Conhecimento<br \/>\n\u2022 Interven\u00e7\u00e3o Art\u00edstica com diferentes p\u00fablicos<br \/>\n\u2022 \u00d3cio e anima\u00e7\u00e3o<br \/>\n\u2022 Associativismo e Participa\u00e7\u00e3o<br \/>\n\u2022 Autarquias e Comunidade<\/p>\n<p>\u2022 Patrim\u00f3nio Cultural<\/p>\n<p>&nbsp;<\/p>\n<p><strong>Participantes\/Destinat\u00e1rios<\/strong><\/p>\n<p>Animadores, educadores, professores, investigadores, estudantes do ensino superior, \u00f3rg\u00e3os de dire\u00e7\u00e3o e gest\u00e3o de institui\u00e7\u00f5es\/associa\u00e7\u00f5es e t\u00e9cnicos da \u00e1rea da anima\u00e7\u00e3o e educa\u00e7\u00e3o.<\/p>\n<p>=====<br \/>\n<span style=\"text-decoration: underline\"><span style=\"color: #000000\"><strong>O Congresso est\u00e1 acreditado pelo Conselho Cient\u00edfico-Pedag\u00f3gico da Forma\u00e7\u00e3o Cont\u00ednua, Braga.<br \/>\n<\/strong><\/span><\/span>=====<\/p>\n","protected":false},"excerpt":{"rendered":"<p>\u00a0Congresso\u00a0acreditado pelo\u00a0CCPFC &#8211; Braga (novo) O V Congresso Iberoamericano de Anima\u00e7\u00e3o Sociocultural Da participa\u00e7\u00e3o na cultura \u00e0 cultura da participa\u00e7\u00e3o\u00a0\u00e9 um congresso internacional organizado pela Rede Iberoamericana de Anima\u00e7\u00e3o Sociocultural (RIA), que ocorre bianualmente num dos pa\u00edses pertencentes \u00e0 referida rede. O mesmo visa contribuir para o avan\u00e7o da teoria e pr\u00e1tica em anima\u00e7\u00e3o e [&hellip;]<\/p>\n","protected":false},"author":102,"featured_media":0,"parent":245,"menu_order":0,"comment_status":"closed","ping_status":"closed","template":"","meta":{"footnotes":""},"class_list":["post-223","page","type-page","status-publish","hentry"],"_links":{"self":[{"href":"https:\/\/sites.ipleiria.pt\/congressoria\/wp-json\/wp\/v2\/pages\/223","targetHints":{"allow":["GET"]}}],"collection":[{"href":"https:\/\/sites.ipleiria.pt\/congressoria\/wp-json\/wp\/v2\/pages"}],"about":[{"href":"https:\/\/sites.ipleiria.pt\/congressoria\/wp-json\/wp\/v2\/types\/page"}],"author":[{"embeddable":true,"href":"https:\/\/sites.ipleiria.pt\/congressoria\/wp-json\/wp\/v2\/users\/102"}],"replies":[{"embeddable":true,"href":"https:\/\/sites.ipleiria.pt\/congressoria\/wp-json\/wp\/v2\/comments?post=223"}],"version-history":[{"count":25,"href":"https:\/\/sites.ipleiria.pt\/congressoria\/wp-json\/wp\/v2\/pages\/223\/revisions"}],"predecessor-version":[{"id":566,"href":"https:\/\/sites.ipleiria.pt\/congressoria\/wp-json\/wp\/v2\/pages\/223\/revisions\/566"}],"up":[{"embeddable":true,"href":"https:\/\/sites.ipleiria.pt\/congressoria\/wp-json\/wp\/v2\/pages\/245"}],"wp:attachment":[{"href":"https:\/\/sites.ipleiria.pt\/congressoria\/wp-json\/wp\/v2\/media?parent=223"}],"curies":[{"name":"wp","href":"https:\/\/api.w.org\/{rel}","templated":true}]}}