{"id":236,"date":"2014-02-26T18:01:54","date_gmt":"2014-02-26T18:01:54","guid":{"rendered":"http:\/\/sites.ipleiria.pt\/congressoria\/?page_id=236"},"modified":"2014-10-14T13:36:41","modified_gmt":"2014-10-14T13:36:41","slug":"organizacao-2","status":"publish","type":"page","link":"https:\/\/sites.ipleiria.pt\/congressoria\/organizacao-2\/","title":{"rendered":"Organiza\u00e7\u00e3o"},"content":{"rendered":"<p><strong>Comiss\u00e3o de Honra:<\/strong><\/p>\n<p><strong>Presidente:<\/strong><br \/>\nProf. Victor Ventosa, RIA e Universidade Pontif\u00edcia de Salamanca<\/p>\n<p><strong>Embaixadores:<\/strong><br \/>\nDr. Ra\u00fal Castro, Presidente da C\u00e2mara Municipal de Leiria<br \/>\nProf. Doutor Nuno Mangas, Presidente do Instituto Polit\u00e9cnico de Leiria<br \/>\nProf. Doutor Rui Matos, Diretor da Escola Superior de Educa\u00e7\u00e3o e Ci\u00eancias Sociais de Leiria<\/p>\n<p><strong>Representantes dos Nodos Internacionais da RIA:<\/strong><\/p>\n<p>Prof. M\u00e1rio Vich\u00e9, Represente da RIA em Espanha<br \/>\nProf. Hayd\u00e9e Alor, Representante da RIA no Peru<br \/>\nRepresente da RIA no Uruguay<br \/>\nRepresente da RIA na Bol\u00edvia<br \/>\nRepresentante da RIA na Argentina<br \/>\nRepresentante da RIA na Col\u00f4mbia<br \/>\nRepresentante da RIA no Brasil<\/p>\n<hr \/>\n<p><strong>Comiss\u00e3o Executiva:<\/strong><\/p>\n<p><strong>Presidente:<br \/>\n<\/strong>Dr.\u00aa Ana da Concei\u00e7\u00e3o de Jesus Fontes, Nodo de Portugal da RIA e ESECS &#8211; Instituto Polit\u00e9cnico de Leiria<br \/>\nProf.\u00aa Doutora Jenny Gil Sousa, Nodo de Leiria da RIA e ESECS &#8211; Instituto Polit\u00e9cnico de Leiria<br \/>\nProf\u00aa Doutora Sara M\u00f3nico Lopes, ESECS &#8211; Instituto Polit\u00e9cnico de Leiria<br \/>\nProf\u00aa Doutora Maria de S\u00e3o Pedro Lopes, ESECS &#8211; Instituto Polit\u00e9cnico de Leiria<br \/>\nProf. Dr. Andrzej Franciszek Kowalski, ESECS \u2013 Instituto Polit\u00e9cnico de Leiria<br \/>\nDr.\u00aa Cec\u00edlia Monteiro, Nodo de Leiria da RIA<br \/>\nDr.\u00aa Joana Gon\u00e7alves, Nodo de Leiria da RIA<br \/>\nDr.\u00aa Kelly Rodrigues, Nodo de Leiria da RIA<br \/>\nDr.\u00aa Melissa Rodrigues, Nodo de Leiria da RIA<br \/>\nDr.\u00aa Concei\u00e7\u00e3o Esperan\u00e7a, Nodo de Leiria da RIA<br \/>\nDr. Alexandre Soares (ESECS &#8211; Instituto Polit\u00e9cnico de Leiria)<strong><\/p>\n<p><\/strong><\/p>\n<p><strong>COMISS\u00c3O CIENT\u00cdFICA*<\/strong><\/p>\n<p><strong>Presidente:<\/strong> Prof. Doutor Marcelino de Sousa Lopes, Universidade de Tr\u00e1s-os-Montes e Alto Douro<\/p>\n<ul>\n<li>Prof. Doutor Avelino Fernando Pinheiro Bento, do Instituto Polit\u00e9cnico de Portalegre;<\/li>\n<li>Prof. Doutor Jos\u00e9 Ant\u00f3nio Caride Gomez, da Universidade de Santiago de Compostela;<\/li>\n<li>Prof. Doutor Jos\u00e9 Carlos Laranjo Marques, da Escola Superior de Educa\u00e7\u00e3o e Ci\u00eancias Sociais &#8211; do Instituto Polit\u00e9cnico de Leiria;<\/li>\n<li>Prof. Doutor Jos\u00e9 Vicente Merino Fernandez, da Universidade Complutense de Madrid;<\/li>\n<li>Prof. Doutor Manuel Cuenca Cabeza, da Universidade de Deusto;<\/li>\n<li>Prof. Doutor Ricardo Vieira, da Escola Superior de Educa\u00e7\u00e3o e Ci\u00eancias Socias &#8211; Instituto Polit\u00e9cnico de Leiria;<\/li>\n<li>Prof. Doutor Victor Ventosa, RIA e Universidade Pont\u00edfica de Salamanca;<\/li>\n<li>Prof. Doutora Gra\u00e7a Po\u00e7as Santos, na Escola Superior de Educa\u00e7\u00e3o e Ci\u00eancias Sociais &#8211; Instituto Polit\u00e9cnico de Leiria;<\/li>\n<li>Prof. Doutora Jenny Gil Sousa, na Escola Superior de Educa\u00e7\u00e3o e Ci\u00eancias Sociais &#8211; Instituto Polit\u00e9cnico de Leiria;<\/li>\n<li>Prof. Doutora L\u00facia Magueta, na Escola Superior de Educa\u00e7\u00e3o e Ci\u00eancias Sociais &#8211; Instituto Polit\u00e9cnico de Leiria;<\/li>\n<li>Prof. Doutora Luc\u00edlia Maria Cardoso Salgado, da Escola Superior de Educa\u00e7\u00e3o \u2013 Instituto Polit\u00e9cnico de Coimbra;<\/li>\n<li>Prof. Doutora Maria de S\u00e3o Pedro Lopes, da Escola Superior de Educa\u00e7\u00e3o e Ci\u00eancias Sociais &#8211; Instituto Polit\u00e9cnico de Leiria;<\/li>\n<li>Prof. Doutora Mar\u00eda Victoria P\u00e9rez de Guzm\u00e1n Puya, da Universidade Pablo de Olavide;<\/li>\n<li>Prof. Doutora Sandrine Milhano, da Escola Superior de Educa\u00e7\u00e3o e Ci\u00eancias Sociais &#8211; Instituto Polit\u00e9cnico de Leiria;<\/li>\n<li>Prof. Doutora Sara M\u00f3nico Lopes, da Escola Superior de Educa\u00e7\u00e3o e Ci\u00eancias Sociais &#8211; Instituto Polit\u00e9cnico de Leiria.<\/li>\n<\/ul>\n<p>* Cabe \u00e0 Comiss\u00e3o Cient\u00edfica analisar os resumos submetidos para serem apresentados nas sess\u00f5es paralelas do Congresso.<\/p>\n","protected":false},"excerpt":{"rendered":"<p>Comiss\u00e3o de Honra: Presidente: Prof. Victor Ventosa, RIA e Universidade Pontif\u00edcia de Salamanca Embaixadores: Dr. Ra\u00fal Castro, Presidente da C\u00e2mara Municipal de Leiria Prof. Doutor Nuno Mangas, Presidente do Instituto Polit\u00e9cnico de Leiria Prof. Doutor Rui Matos, Diretor da Escola Superior de Educa\u00e7\u00e3o e Ci\u00eancias Sociais de Leiria Representantes dos Nodos Internacionais da RIA: Prof. [&hellip;]<\/p>\n","protected":false},"author":102,"featured_media":0,"parent":0,"menu_order":0,"comment_status":"closed","ping_status":"closed","template":"","meta":{"footnotes":""},"class_list":["post-236","page","type-page","status-publish","hentry"],"_links":{"self":[{"href":"https:\/\/sites.ipleiria.pt\/congressoria\/wp-json\/wp\/v2\/pages\/236","targetHints":{"allow":["GET"]}}],"collection":[{"href":"https:\/\/sites.ipleiria.pt\/congressoria\/wp-json\/wp\/v2\/pages"}],"about":[{"href":"https:\/\/sites.ipleiria.pt\/congressoria\/wp-json\/wp\/v2\/types\/page"}],"author":[{"embeddable":true,"href":"https:\/\/sites.ipleiria.pt\/congressoria\/wp-json\/wp\/v2\/users\/102"}],"replies":[{"embeddable":true,"href":"https:\/\/sites.ipleiria.pt\/congressoria\/wp-json\/wp\/v2\/comments?post=236"}],"version-history":[{"count":19,"href":"https:\/\/sites.ipleiria.pt\/congressoria\/wp-json\/wp\/v2\/pages\/236\/revisions"}],"predecessor-version":[{"id":584,"href":"https:\/\/sites.ipleiria.pt\/congressoria\/wp-json\/wp\/v2\/pages\/236\/revisions\/584"}],"wp:attachment":[{"href":"https:\/\/sites.ipleiria.pt\/congressoria\/wp-json\/wp\/v2\/media?parent=236"}],"curies":[{"name":"wp","href":"https:\/\/api.w.org\/{rel}","templated":true}]}}