{"id":238,"date":"2014-02-26T18:02:45","date_gmt":"2014-02-26T18:02:45","guid":{"rendered":"http:\/\/sites.ipleiria.pt\/congressoria\/?page_id=238"},"modified":"2014-03-17T11:42:31","modified_gmt":"2014-03-17T11:42:31","slug":"ria","status":"publish","type":"page","link":"https:\/\/sites.ipleiria.pt\/congressoria\/ria\/","title":{"rendered":"RIA"},"content":{"rendered":"<p>A Red Iberoamericana de Animaci\u00f3n Sociocultural, abreviadamente conhecida por RIA, \u00e9 uma Organiza\u00e7\u00e3o N\u00e3o Governamental para o Desenvolvimento,\u00a0fundada em 2006.<\/p>\n<p>A RIA nasceu fruto da inquietude de pessoas, de natureza e proced\u00eancia distintas, mas que sentem a necessidade de reunir esfor\u00e7os para um caminho comum. Procuramos, por um lado, unir pessoas de natureza f\u00edsica ou jur\u00eddica, que estejam em contacto com a Anima\u00e7\u00e3o Sociocultural, nas suas m\u00faltiplas manifesta\u00e7\u00f5es e que a reconhecem como um instrumento atual para o desenvolvimento social. Por outro lado, pretende-se adequar a Anima\u00e7\u00e3o Sociocultural \u00e0s novas exig\u00eancias de um mundo em constante mudan\u00e7a, mediante o seu estudo e divulga\u00e7\u00e3o.<\/p>\n<p>A RIA \u00e9 presidida pelo Professor Victor J. Ventosa P\u00e9rez (de Espanha), desenvolvendo e operacionalizando o seu Plano nacional, estadual ou regional atrav\u00e9s dos seus n\u00facleos (m.q. nodo).<\/p>\n<p>Em Portugal, a\u00a0 RIA realiza a sua miss\u00e3o cient\u00edfica, t\u00e9cnica, social, pedag\u00f3gica e educacional baseada na perspetiva doc\u00eancia\/ forma\u00e7\u00e3o, investiga\u00e7\u00e3o e voluntariado organizado com base num compromisso \u00e9tico, cultural, numa vis\u00e3o holista, complexidade e transdisciplinaridade.<\/p>\n<p>Atualmente, a RIA \u00e9 a maior rede\u00a0de Anima\u00e7\u00e3o Sociocultural e tem mais de 200 membros individuais e institucionais.<\/p>\n<p><strong>Contactos RIA:<\/strong><br \/>\n\u2022 E-mail geral: <a href=\"mailto:contacto@rianimacion.org\">contacto@rianimacion.org<\/a><br \/>\n\u2022 E-mail secretaria: <a href=\"mailto:secretaria@rianimacion.org\">secretaria@rianimacion.org<\/a><br \/>\n\u2022 Site oficial: <a href=\"http:\/\/www.rianimacion.org\" target=\"blank\">http:\/\/www.rianimacion.org<\/a><\/p>\n<p><strong>O Nodo Portugu\u00eas\u00a0da Rede Iberoamericana de Anima\u00e7\u00e3o Sociocultural<\/strong><\/p>\n<p>Foi no m\u00eas de Outubro do ano 2008 que o Nodo RIA Portugal se constituiu oficialmente, com sede na Escola Superior de Educa\u00e7\u00e3o de Beja do Instituto Polit\u00e9cnico de Beja, sob a coordena\u00e7\u00e3o de T\u00e2nia Rodrigues e Marcelino de Sousa Lopes. Presentemente, o Nodo portugu\u00eas encontra-se juridicamente constitu\u00eddo enquanto Associa\u00e7\u00e3o em Portugal e a sua sede \u00e9 na Rua Comandante Jo\u00e3o Belo, 29, 2400-156 Leiria. Esta Associa\u00e7\u00e3o \u00e9 coordenada, atualmente, por Ana Concei\u00e7\u00e3o Fontes.<\/p>\n<p>Este nodo por sua vez deu origem a <strong>subnodos\/n\u00facleos regionais<\/strong> espalhados pelo pa\u00eds, nomeadamente:<\/p>\n<p>Aveiro<br \/>\nAlentejo-Algarve<br \/>\nCastelo Branco<br \/>\nLeiria<br \/>\nLisboa<br \/>\nMadeira<br \/>\nMinho<br \/>\nPorto<br \/>\nTr\u00e1s-os-Montes e Alto Douro<\/p>\n","protected":false},"excerpt":{"rendered":"<p>A Red Iberoamericana de Animaci\u00f3n Sociocultural, abreviadamente conhecida por RIA, \u00e9 uma Organiza\u00e7\u00e3o N\u00e3o Governamental para o Desenvolvimento,\u00a0fundada em 2006. A RIA nasceu fruto da inquietude de pessoas, de natureza e proced\u00eancia distintas, mas que sentem a necessidade de reunir esfor\u00e7os para um caminho comum. Procuramos, por um lado, unir pessoas de natureza f\u00edsica ou [&hellip;]<\/p>\n","protected":false},"author":102,"featured_media":0,"parent":0,"menu_order":0,"comment_status":"closed","ping_status":"closed","template":"","meta":{"footnotes":""},"class_list":["post-238","page","type-page","status-publish","hentry"],"_links":{"self":[{"href":"https:\/\/sites.ipleiria.pt\/congressoria\/wp-json\/wp\/v2\/pages\/238","targetHints":{"allow":["GET"]}}],"collection":[{"href":"https:\/\/sites.ipleiria.pt\/congressoria\/wp-json\/wp\/v2\/pages"}],"about":[{"href":"https:\/\/sites.ipleiria.pt\/congressoria\/wp-json\/wp\/v2\/types\/page"}],"author":[{"embeddable":true,"href":"https:\/\/sites.ipleiria.pt\/congressoria\/wp-json\/wp\/v2\/users\/102"}],"replies":[{"embeddable":true,"href":"https:\/\/sites.ipleiria.pt\/congressoria\/wp-json\/wp\/v2\/comments?post=238"}],"version-history":[{"count":15,"href":"https:\/\/sites.ipleiria.pt\/congressoria\/wp-json\/wp\/v2\/pages\/238\/revisions"}],"predecessor-version":[{"id":474,"href":"https:\/\/sites.ipleiria.pt\/congressoria\/wp-json\/wp\/v2\/pages\/238\/revisions\/474"}],"wp:attachment":[{"href":"https:\/\/sites.ipleiria.pt\/congressoria\/wp-json\/wp\/v2\/media?parent=238"}],"curies":[{"name":"wp","href":"https:\/\/api.w.org\/{rel}","templated":true}]}}