{"id":241,"date":"2014-02-26T18:10:43","date_gmt":"2014-02-26T18:10:43","guid":{"rendered":"http:\/\/sites.ipleiria.pt\/congressoria\/?page_id=241"},"modified":"2014-10-14T20:23:00","modified_gmt":"2014-10-14T20:23:00","slug":"programa","status":"publish","type":"page","link":"https:\/\/sites.ipleiria.pt\/congressoria\/programa\/","title":{"rendered":"Programa"},"content":{"rendered":"<p>Congresso acreditado pelo CCPFC \u2013 Braga<\/p>\n<p><strong>16 de outubro (5.\u00aa feira) &#8211; audit. 2<\/strong><\/p>\n<p><strong>14:00<\/strong> \u2013 Rece\u00e7\u00e3o dos Participantes<br \/>\n<strong>14:30<\/strong> \u2013 <strong>Cerim\u00f3nia de Abertura<\/strong> pelo <em><strong>Prof. Doutor Victor Ventosa<\/strong>, Presidente da RIA; <strong>Dr. Ra\u00fal Castro<\/strong>, Presidente da C\u00e2mara Municipal de Leiria; <strong>Prof. Doutor Nuno Mangas<\/strong>, Presidente do Instituto Polit\u00e9cnico de Leiria; <strong>Prof. Doutor Rui Matos<\/strong>, Diretor da Escola Superior de Educa\u00e7\u00e3o e Ci\u00eancias Sociais de Leiria<\/em><br \/>\nModerador: Ana Fontes \u2013 Docente ESECS\/IPL e RIA<br \/>\n<strong>15:15<\/strong> \u2013 <strong>Confer\u00eancia Inaugural<\/strong> por <em><strong>Prof. Ezequiel Ander Egg<\/strong>, Instituto de Ciencias Sociales Aplicadas (ICSA) &#8211; Buenos Aires\u00a0<\/em><br \/>\nModerador: Jenny Sousa \u2013 Docente ESECS\/IPL e RIA<br \/>\n<strong>16:00<\/strong> \u2013 <em>Coffee-break<\/em><br \/>\n<strong>16:15<\/strong> \u2013 <strong>Sess\u00e3o Plen\u00e1ria I: <em>\u201cAnima\u00e7\u00e3o, Participa\u00e7\u00e3o e Desenvolvimento\u201d Prof. Doutor Jos\u00e9 Ant\u00f3nio Caride Gomez<\/em><\/strong><em>, Universidade de Santiago de Compostela <\/em><br \/>\nModerador: Ana Vieira\u2013 Docente ESECS\/IPL<br \/>\n<strong>17:00<\/strong> \u2013 Debate<br \/>\n<strong>17:30<\/strong> \u2013 Apresenta\u00e7\u00e3o do livro intitulado <strong>Animaci\u00f3n Tur\u00edstica &#8211; Perfil profesional, metodolog\u00eda y pr\u00e1tica<\/strong>, da autoria de V\u00edctor J. Ventosa<br \/>\n<strong>17:45<\/strong> \u2013 Apresenta\u00e7\u00e3o de <strong><em>Posters <\/em><\/strong>(sala 0.33)<br \/>\n<strong>18:15<\/strong> \u2013 Atua\u00e7\u00e3o do <em><strong>Grupo Coral do Ateneu de Leiria<\/strong><\/em><br \/>\n<strong>18:45<\/strong> \u2013 Encaminhamento dos congressistas para a <strong>Feira de Anima\u00e7\u00e3o<\/strong>, no Mercado Santana.<br \/>\n<strong>19:00<\/strong> \u2013 <strong>Inaugura\u00e7\u00e3o da Feira de Anima\u00e7\u00e3o<\/strong>, no Mercado Santana<br \/>\n<strong>19:30<\/strong> \u2013 Apresenta\u00e7\u00f5es teatrais pelo <b>grupo de teatro O Nariz<\/b><br \/>\n<strong>20:00<\/strong> \u2013<strong> Jantar Social<\/strong> <em>Sopas &amp; Petiscos<\/em>, no Mercado Santana <span style=\"text-decoration: underline\"><em>(pagamento no local)<\/em><\/span><br \/>\n<strong>20:30<\/strong> \u2013 Apresenta\u00e7\u00e3o de <b>dan\u00e7as antigas \u2013 Pa\u00e7o da Rainha<\/b><br \/>\n<strong>22:00<\/strong> \u2013 <strong>Atividade Cultural<\/strong> <em>\u201cRomeu e Julieta\u201d<\/em>, pelo <strong>Grupo de Teatro Amador de Pombal (TAP)<\/strong>, no <strong>Teatro Miguel Franco<\/strong>, inserido no <em><strong>19\u00ba ACASO<\/strong><\/em> &#8211; <strong>Festival de Teatro <\/strong>&#8211; <span style=\"text-decoration: underline\"><em>(sujeito a pagamento de bilhete no local 4\u20ac\/pessoa).<\/em><\/span><\/p>\n<p>________________________________________<\/p>\n<p><strong>17 de outubro (6.\u00aa feira) &#8211;\u00a0audit. 2<\/strong><\/p>\n<p><strong>09:15<\/strong> &#8211; <strong>Anima\u00e7\u00e3o e Associativismo<\/strong> Victor Ventosa, Presidente da RIA e Jacinto Silva Duro, jornalista Jornal de Leiria.<br \/>\nModerador: Lu\u00eds Barbeiro \u2013 Docente ESECS\/IPL<br \/>\n<strong>10:00<\/strong>\u2013 Debate<br \/>\n<strong>10:15 <\/strong>&#8211; Apresenta\u00e7\u00f5es musicais de gamel\u00e3o Gong Kebyar<br \/>\n<strong>10:30<\/strong> \u2013 <em>Coffee-break<\/em><br \/>\n<strong>11:00<\/strong> \u2013 <strong><a title=\"Sess\u00f5es paralelas dia 17\" href=\"http:\/\/sites.ipleiria.pt\/congressoria\/files\/2014\/10\/CalendarioParalelas_17out.pdf\" target=\"_blank\">Sess\u00f5es paralelas<\/a><\/strong><br \/>\n<strong>12:15<\/strong> &#8211; Apresenta\u00e7\u00f5es musicais de gamel\u00e3o Gong Kebyar<br \/>\n<strong>12:30<\/strong> \u2013 Almo\u00e7o livre<br \/>\n<strong>14:00<\/strong> \u2013 <strong>Sess\u00e3o Plen\u00e1ria III: <em>\u201cCultura e participa\u00e7\u00e3o cidad\u00e3: contributos dos servi\u00e7os educativos dos museus\u201d Dr.\u00aa Susana Gomes da Silva<\/em><\/strong><em>, Coordenadora do Servi\u00e7o Educativo &#8211; Centro de Arte Moderna da Funda\u00e7\u00e3o Calouste Gulbenkian; <strong>Dr.\u00aa Ana Isabel Apolin\u00e1rio<\/strong>, Coordenadora do Servi\u00e7o Educativo &#8211; Eco Museu do Seixal; <strong>Dr.\u00aa Catarina Moura<\/strong>, Coordenadora do Servi\u00e7o Educativo Museu Nacional de Arte Contempor\u00e2nea &#8211; Museu do Chiado;\u00a0<\/em>Moderador: Maria de S\u00e3o Pedro Lopes \u2013 Docente ESECS\/IPL\u00a0e RIA<br \/>\n<strong>15:15<\/strong> \u2013 Debate<br \/>\n<strong>15:45<\/strong> \u2013 <em>Coffee-break<\/em><br \/>\n<strong>16:15<\/strong> \u2013 <em><strong><a href=\"http:\/\/sites.ipleiria.pt\/congressoria\/files\/2014\/10\/Workshops-na-ESECS-S\u00edntese-para-a-p\u00e1gina.pdf\" target=\"_blanK\">Workshops<\/a><\/strong><\/em> na ESECS<br \/>\n&#8211; <strong><em>Workshops<\/em><\/strong> na <strong>Feira de Anima\u00e7\u00e3o<\/strong> para congressistas, escolas e outras associa\u00e7\u00f5es<br \/>\n<strong>18:15<\/strong> \u2013 Acompanhamento dos congressistas para a <strong>Feira de Anima\u00e7\u00e3o<\/strong>, no Mercado Santana<br \/>\n<strong>19:00<\/strong> \u2013 Apresenta\u00e7\u00e3o de Marionetas Cantoras por estudantes da ESECS e IPDJ.<br \/>\n<strong>19:30<\/strong> \u2013 <strong>Jantar<\/strong> no Restaurante <em>\u201cO Pa\u00e7o\u201d &#8211; <span style=\"text-decoration: underline\">(Pago e sujeito a inscri\u00e7\u00e3o pr\u00e9via)<\/span><\/em><br \/>\n<strong>21:30<\/strong> \u2013 <strong>Atividade Cultural<\/strong> <em>\u201cO Rei dos Elfos\u201d<\/em>, pelo <strong>Grupo de Teatro<\/strong> <em>\u201cTE-ATO\u201d<\/em>, no <strong>Teatro Miguel Franco &#8211; <\/strong><span style=\"text-decoration: underline\"><em>(gratuito)<\/em><\/span><\/p>\n<p>________________________________________<\/p>\n<p><strong>18 de outubro (s\u00e1bado) &#8211;\u00a0audit. 2<\/strong><\/p>\n<p><strong>09:30<\/strong> \u2013 <strong>Sess\u00e3o Plen\u00e1ria IV: <em>\u201cProcessos emancipat\u00f3rios e participativos\u201d Prof. Doutor Manuel Cuenca Cabeza<\/em><\/strong><em>, Universidade de Deusto; <strong>Prof. Doutor M\u00e1rio Vich\u00e9<\/strong>, RIA, Universidade Nacional de Educa\u00e7\u00e3o \u00e0 Dist\u00e2ncia (UNED)<\/em><br \/>\nModerador: Jenny Sousa \u2013 Docente ESECS\/IPL e RIA<br \/>\n<strong>10:30<\/strong> \u2013 Debate<br \/>\n<strong>11:00<\/strong> \u2013 <em>Coffee-break<\/em><br \/>\n<strong>11:15<\/strong> \u2013 <strong><a title=\"Sess\u00f5es paralelas dia 18\" href=\"http:\/\/sites.ipleiria.pt\/congressoria\/files\/2014\/10\/CalendarioParalelas_18out.pdf\" target=\"_blank\">Sess\u00f5es paralelas<\/a><\/strong><br \/>\n<strong>12:45<\/strong> \u2013 Almo\u00e7o livre<br \/>\n<strong>14:00<\/strong> \u2013 <strong>Sess\u00e3o Plen\u00e1ria V: <em>\u201cA cria\u00e7\u00e3o art\u00edstica: trajetos participativos?\u201d Prof. Doutor Jo\u00e3o Serra<\/em><\/strong><em>, Instituto Polit\u00e9cnico de Leiria e Presidente de Guimar\u00e3es 2012\/ Capital Europeia da Cultura; <strong>Dr. Fabi\u00e1n Oliveros<\/strong>, RIA e Alcaravan Teatro<\/em><br \/>\nModerador: Sara M\u00f3nico \u2013 Docente ESECS\/IPL<br \/>\n<strong>15:00<\/strong> \u2013 Debate<br \/>\n<strong>15:15<\/strong> \u2013 <strong>Contadores de Hist\u00f3rias<\/strong>, <strong>Grupo de Teatro<\/strong> <em>\u201cO Nariz\u201d<\/em><br \/>\n<strong>15:30<\/strong> \u2013 <em>Coffee-break<\/em><br \/>\n<strong>15:45<\/strong> \u2013 <strong>Sess\u00e3o Plen\u00e1ria VI: <em>\u201cComo educar para a participa\u00e7\u00e3o?\u201d Prof.\u00aa Doutora Juliana Rodrigues<\/em><\/strong><em>, Nodo da RIA do Brasil, Professora da Universidade de S\u00e3o Paulo; <strong>Prof.\u00aa Doutora Isabel Baptista<\/strong>, Universidade Cat\u00f3lica Portuguesa; <strong>Prof. Doutor Joaquim Escola<\/strong>, Universidade de Tr\u00e1s-os-Montes e Alto Douro; <strong>Prof. Doutor Luciano Castro<\/strong>, Presidente del Nodo Per\u00fa da RIA, Universidade Inca Garcilaso de la Vega de Lima <\/em>Moderador: Jos\u00e9 Carlos Marques \u2013 Docente ESECS\/IPL<br \/>\n<strong>17:15<\/strong> \u2013 Debate<br \/>\n<strong>17:45<\/strong> &#8211; <em>Intervalo<\/em><br \/>\n<strong>18:00<\/strong> \u2013 <strong>Confer\u00eancia de Encerramento<\/strong> do Congresso: <em><strong>\u201cDa participa\u00e7\u00e3o na cultura \u00e0 cultura da participa\u00e7\u00e3o\u201d Prof. Doutor Augusto Santos Silva<\/strong>, Faculdade de Economia da Universidade do Porto<\/em><br \/>\nModerador: Ricardo Vieira \u2013 Docente ESECS\/IPL<br \/>\n<strong>18:30<\/strong> \u2013 <strong>Assembleia Geral da RIA<\/strong>:<br \/>\n\u2022 Balan\u00e7o do Plano Bianual RIA 2012-14 por parte da Junta Diretiva que finaliza fun\u00e7\u00f5es.<br \/>\n\u2022 Elei\u00e7\u00e3o da Nova Junta Diretiva da RIA para 2014-16.<br \/>\n<strong>18:45<\/strong>\u00a0\u2013 Apontamento cultural, no Mercado Santana, com o <strong>Teatro de Rua<\/strong> <em>\u201cMr. Swap\u201d<\/em>, pelo <strong>Grupo de Teatro<\/strong> <em>\u201cTE-ATO\u201d<\/em><br \/>\n<strong>19:30<\/strong> \u2013 Concerto de Filarm\u00f3nicas, Classe de Conjunto e Orquestra Solar \u2013 pela Associa\u00e7\u00e3o de Filarm\u00f3nicas do Concelho de Leiria<br \/>\n<strong>21:00<\/strong> \u2013 <strong>Jantar<\/strong> no Restaurante <em>\u201cPorto Artur\u201d &#8211; <span style=\"text-decoration: underline\">(Pago e sujeito a inscri\u00e7\u00e3o pr\u00e9via)<\/span><\/em><br \/>\n<strong>22:30<\/strong> &#8211; <strong>Momento Cultural<\/strong> do <strong>&#8220;Os Cecilia&#8221;<\/strong> grupo Pop Rock da filarm\u00f3nica do Arrabal, no <strong>Mercado Santana <\/strong>&#8211; <span style=\"text-decoration: underline\"><em>(gratuito)<\/em><\/span><\/p>\n<p>________________________________________<\/p>\n<p><strong>19 de outubro (domingo)<\/strong><\/p>\n<p><strong>10:00<\/strong> \u2013 Visita guiada ao castelo de Leiria e ao Mimo, organizada pela <strong>C\u00e2mara Municipal de Leiria <\/strong>&#8211; <span style=\"text-decoration: underline\"><em>(gratuito)<\/em><\/span><br \/>\n<strong>12:00<\/strong> \u2013 <strong>Sess\u00e3o de Encerramento<\/strong> do Congresso no <em>MIMO<\/em><br \/>\n<strong>13:00<\/strong> &#8211; Almo\u00e7o livre<br \/>\n<strong>16:00<\/strong> \u2013 <strong>Teatro de Rua<\/strong> <em>\u201cA Rota de um Crime\u201d<\/em>, <strong>Leirena Teatro <\/strong>&#8211; <span style=\"text-decoration: underline\"><em>(sujeito a pagamento de bilhete no local 4\u20ac\/pessoa).<\/em><\/span><\/p>\n<h1><\/h1>\n","protected":false},"excerpt":{"rendered":"<p>Congresso acreditado pelo CCPFC \u2013 Braga 16 de outubro (5.\u00aa feira) &#8211; audit. 2 14:00 \u2013 Rece\u00e7\u00e3o dos Participantes 14:30 \u2013 Cerim\u00f3nia de Abertura pelo Prof. Doutor Victor Ventosa, Presidente da RIA; Dr. Ra\u00fal Castro, Presidente da C\u00e2mara Municipal de Leiria; Prof. Doutor Nuno Mangas, Presidente do Instituto Polit\u00e9cnico de Leiria; Prof. Doutor Rui Matos, [&hellip;]<\/p>\n","protected":false},"author":102,"featured_media":0,"parent":0,"menu_order":0,"comment_status":"closed","ping_status":"closed","template":"","meta":{"footnotes":""},"class_list":["post-241","page","type-page","status-publish","hentry"],"_links":{"self":[{"href":"https:\/\/sites.ipleiria.pt\/congressoria\/wp-json\/wp\/v2\/pages\/241","targetHints":{"allow":["GET"]}}],"collection":[{"href":"https:\/\/sites.ipleiria.pt\/congressoria\/wp-json\/wp\/v2\/pages"}],"about":[{"href":"https:\/\/sites.ipleiria.pt\/congressoria\/wp-json\/wp\/v2\/types\/page"}],"author":[{"embeddable":true,"href":"https:\/\/sites.ipleiria.pt\/congressoria\/wp-json\/wp\/v2\/users\/102"}],"replies":[{"embeddable":true,"href":"https:\/\/sites.ipleiria.pt\/congressoria\/wp-json\/wp\/v2\/comments?post=241"}],"version-history":[{"count":82,"href":"https:\/\/sites.ipleiria.pt\/congressoria\/wp-json\/wp\/v2\/pages\/241\/revisions"}],"predecessor-version":[{"id":667,"href":"https:\/\/sites.ipleiria.pt\/congressoria\/wp-json\/wp\/v2\/pages\/241\/revisions\/667"}],"wp:attachment":[{"href":"https:\/\/sites.ipleiria.pt\/congressoria\/wp-json\/wp\/v2\/media?parent=241"}],"curies":[{"name":"wp","href":"https:\/\/api.w.org\/{rel}","templated":true}]}}