{"id":243,"date":"2014-02-26T18:11:30","date_gmt":"2014-02-26T18:11:30","guid":{"rendered":"http:\/\/sites.ipleiria.pt\/congressoria\/?page_id=243"},"modified":"2014-06-15T22:49:43","modified_gmt":"2014-06-15T22:49:43","slug":"submissao-de-trabalhos","status":"publish","type":"page","link":"https:\/\/sites.ipleiria.pt\/congressoria\/submissao-de-trabalhos\/","title":{"rendered":"Submiss\u00e3o de Trabalhos"},"content":{"rendered":"<p style=\"text-align: justify\">A Comiss\u00e3o Executiva do Congresso Iberoamericano de Anima\u00e7\u00e3o Sociocultural convida os animadores socioculturais e a comunidade educativa, nomeadamente, animadores, educadores, professores, investigadores, estudantes do ensino superior, \u00f3rg\u00e3os de dire\u00e7\u00e3o e gest\u00e3o de institui\u00e7\u00f5es\/associa\u00e7\u00f5es e outros t\u00e9cnicos da \u00e1rea da anima\u00e7\u00e3o e educa\u00e7\u00e3o, \u00e0 apresenta\u00e7\u00e3o de trabalhos num dos seguintes formatos:<\/p>\n<hr \/>\n<p><b>Artigo<\/b><\/p>\n<p style=\"text-align: justify\">A apresenta\u00e7\u00e3o de artigos visa a divulga\u00e7\u00e3o de trabalhos de investiga\u00e7\u00e3o, experi\u00eancias, projetos, ferramentas e materiais.<\/p>\n<p style=\"text-align: justify\">As propostas de comunica\u00e7\u00e3o devem ser submetidas <i>online<\/i> at\u00e9 dia\u00a0<strong>29 de junho de 2014<\/strong> com o m\u00e1ximo de 1700 carateres, incluindo espa\u00e7os.<\/p>\n<p style=\"text-align: justify\">O <b>texto definitivo<\/b> para publica\u00e7\u00e3o das comunica\u00e7\u00f5es dever\u00e1 ser enviado para o e-mail <a href=\"mailto:vcongressoria2014@gmail.com\">vcongressoria2014@gmail.com<\/a> <b>at\u00e9 dia 20 de julho<\/b> segundo as <a href=\"http:\/\/sites.ipleiria.pt\/congressoria\/files\/2014\/02\/Normas-para-Artigos.pdf\">Normas para Artigos<\/a> definidas que n\u00e3o dever\u00e1 ultrapassar as 12 p\u00e1ginas. Os textos ser\u00e3o sujeitos a arbitragem cient\u00edfica, publicados em livro que ser\u00e1 entregue no Congresso aos participantes inscritos.<\/p>\n<p style=\"text-align: justify\">Apresenta\u00e7\u00e3o oral (sess\u00f5es paralelas): 15 minutos<\/p>\n<p style=\"text-align: justify\">Equipamento dispon\u00edvel: PC, projetor, Internet wireless<\/p>\n<hr \/>\n<p><strong>Relato<\/strong><\/p>\n<p style=\"text-align: justify\">Visa a divulga\u00e7\u00e3o de experi\u00eancias de interven\u00e7\u00e3o, de projetos\/pesquisas de investiga\u00e7\u00e3o, de ferramentas e ou materiais. Este formato \u00e9 particularmente adequado a experi\u00eancias e\/ou projetos que ainda estejam a decorrer. A submiss\u00e3o \u00e9 feita na plataforma online at\u00e9 ao dia\u00a0<strong>29 de junho de 2014.<\/strong><\/p>\n<p style=\"text-align: justify\"><b>O texto final<\/b>, ap\u00f3s aceita\u00e7\u00e3o, deve ser submetido via resumo alargado com tamanho m\u00e1ximo de 2 p\u00e1ginas e <b>enviado at\u00e9 dia 20 de julho<\/b> para o e-mail <a href=\"mailto:vcongressoria2014@gmail.com\">vcongressoria2014@gmail.com<\/a><\/p>\n<p style=\"text-align: justify\">Apresenta\u00e7\u00e3o oral (sess\u00f5es paralelas): 15 minutos<\/p>\n<p style=\"text-align: justify\">Equipamento dispon\u00edvel: PC, projetor, Internet wireless<\/p>\n<hr \/>\n<p><b>Posters<\/b><\/p>\n<p style=\"text-align: justify\">A apresenta\u00e7\u00e3o de posters visa a divulga\u00e7\u00e3o de trabalhos de investiga\u00e7\u00e3o, experi\u00eancias, interven\u00e7\u00f5es, projetos, ferramentas e materiais. Esta constitui uma excelente oportunidade para os autores divulgarem e discutirem os seus trabalhos de um modo interativo e informal. Incentiva-se, portanto, os autores a complementarem as suas apresenta\u00e7\u00f5es com um <em>poster.<\/em><\/p>\n<p style=\"text-align: justify\"><b>As propostas para a submiss\u00e3o de <em>posters<\/em> ser\u00e3o feitas na plataforma de resumos <i>online<\/i> at\u00e9 ao dia\u00a029 de junho 2014.<\/b><\/p>\n<p style=\"text-align: justify\">Os posters aceites dever\u00e3o ser afixados no in\u00edcio do primeiro dia do Congresso, mantendo-se at\u00e9 ao final do mesmo (este t\u00eam de ter tamanho <b>70cm largura x 100 cm altura: orienta\u00e7\u00e3o vertical<\/b>). Os autores dever\u00e3o estar presentes durante a sess\u00e3o de apresenta\u00e7\u00e3o de <em>posters,<\/em> de modo a poderem apresentar e discutir informalmente o seu trabalho. A sess\u00e3o de apresenta\u00e7\u00e3o de <em>posters<\/em> durar\u00e1 uma hora. Os materiais a expor s\u00e3o da responsabilidade dos autores e dever\u00e3o ser preparados previamente \u00e0 confer\u00eancia.<\/p>\n<p style=\"text-align: justify\">&#8211; Dura\u00e7\u00e3o da sess\u00e3o de apresenta\u00e7\u00e3o de posters: 1 hora<\/p>\n<p style=\"text-align: justify\">&#8211; Equipamento dispon\u00edvel: Expositores Verticais (placards)<\/p>\n<hr \/>\n<p style=\"text-align: justify\">As propostas de comunica\u00e7\u00e3o para artigos, relatos e posters devem ser submetidas na plataforma <i>online<\/i> at\u00e9 dia\u00a0<strong>29 de junho de 2014 <\/strong>com o m\u00e1ximo de 1700 carateres, incluindo espa\u00e7os.<\/p>\n<p style=\"text-align: center\"><span style=\"color: #993300\"><strong><a title=\"Submiss\u00e3o de Resumos\" href=\"http:\/\/sites.ipleiria.pt\/congressoria\/resumos\/\">para submeter um resumo, clique aqui<\/a><\/strong><\/span><\/p>\n<p style=\"text-align: justify\">Cada proposta de comunica\u00e7\u00e3o ser\u00e1 submetida a uma revis\u00e3o em processo de <em>blind-review<\/em><i>.<\/i><\/p>\n<p><b><span style=\"text-decoration: underline\">Aceita\u00e7\u00e3o das propostas submetidas:<\/span><\/b><\/p>\n<p style=\"text-align: justify\">Ap\u00f3s a avalia\u00e7\u00e3o da Comiss\u00e3o Cient\u00edfica, a Comiss\u00e3o Executiva do Congresso enviar\u00e1 aos autores, por correio eletr\u00f3nico, uma nota sobre a aceita\u00e7\u00e3o das propostas submetidas, <b>at\u00e9 ao dia 30 de junho de 2014<\/b>.<\/p>\n<p style=\"text-align: justify\"><b>A apresenta\u00e7\u00e3o dos trabalhos aceites est\u00e1 dependente da inscri\u00e7\u00e3o no Congresso de pelo menos um dos autores<\/b>.<\/p>\n","protected":false},"excerpt":{"rendered":"<p>A Comiss\u00e3o Executiva do Congresso Iberoamericano de Anima\u00e7\u00e3o Sociocultural convida os animadores socioculturais e a comunidade educativa, nomeadamente, animadores, educadores, professores, investigadores, estudantes do ensino superior, \u00f3rg\u00e3os de dire\u00e7\u00e3o e gest\u00e3o de institui\u00e7\u00f5es\/associa\u00e7\u00f5es e outros t\u00e9cnicos da \u00e1rea da anima\u00e7\u00e3o e educa\u00e7\u00e3o, \u00e0 apresenta\u00e7\u00e3o de trabalhos num dos seguintes formatos: Artigo A apresenta\u00e7\u00e3o de artigos [&hellip;]<\/p>\n","protected":false},"author":102,"featured_media":0,"parent":0,"menu_order":0,"comment_status":"closed","ping_status":"closed","template":"","meta":{"footnotes":""},"class_list":["post-243","page","type-page","status-publish","hentry"],"_links":{"self":[{"href":"https:\/\/sites.ipleiria.pt\/congressoria\/wp-json\/wp\/v2\/pages\/243","targetHints":{"allow":["GET"]}}],"collection":[{"href":"https:\/\/sites.ipleiria.pt\/congressoria\/wp-json\/wp\/v2\/pages"}],"about":[{"href":"https:\/\/sites.ipleiria.pt\/congressoria\/wp-json\/wp\/v2\/types\/page"}],"author":[{"embeddable":true,"href":"https:\/\/sites.ipleiria.pt\/congressoria\/wp-json\/wp\/v2\/users\/102"}],"replies":[{"embeddable":true,"href":"https:\/\/sites.ipleiria.pt\/congressoria\/wp-json\/wp\/v2\/comments?post=243"}],"version-history":[{"count":53,"href":"https:\/\/sites.ipleiria.pt\/congressoria\/wp-json\/wp\/v2\/pages\/243\/revisions"}],"predecessor-version":[{"id":551,"href":"https:\/\/sites.ipleiria.pt\/congressoria\/wp-json\/wp\/v2\/pages\/243\/revisions\/551"}],"wp:attachment":[{"href":"https:\/\/sites.ipleiria.pt\/congressoria\/wp-json\/wp\/v2\/media?parent=243"}],"curies":[{"name":"wp","href":"https:\/\/api.w.org\/{rel}","templated":true}]}}