{"id":245,"date":"2014-02-26T18:11:56","date_gmt":"2014-02-26T18:11:56","guid":{"rendered":"http:\/\/sites.ipleiria.pt\/congressoria\/?page_id=245"},"modified":"2014-09-22T14:48:52","modified_gmt":"2014-09-22T14:48:52","slug":"datas-importantes-2","status":"publish","type":"page","link":"https:\/\/sites.ipleiria.pt\/congressoria\/datas-importantes-2\/","title":{"rendered":"Datas Importantes"},"content":{"rendered":"<p>Datas do Congresso: <strong>16, 17, 18 e 19 de outubro 2014<\/strong><\/p>\n<p>Inscri\u00e7\u00f5es no Congresso: <strong>at\u00e9 15 de outubro\u00a0de 2014<\/strong><\/p>\n<hr \/>\n<p><b>Artigos<\/b><\/p>\n<p>Limite para a submiss\u00e3o de resumos:\u00a0<strong>29 de\u00a0junho de 2014 <em><span style=\"text-decoration: underline\">(novo\u00a0&#8211; 3\u00aa e \u00faltima chamada<\/span>)<\/em><\/strong><\/p>\n<p>Notifica\u00e7\u00e3o dos autores sobre a aceita\u00e7\u00e3o de artigos:\u00a0<strong>30 de junho de 2014<\/strong><\/p>\n<p>Entrega final de artigos para publica\u00e7\u00e3o:\u00a0<strong>20 de julho de 2014<\/strong><\/p>\n<hr \/>\n<p><strong>Relatos<\/strong><!--?xml:namespace prefix = \"o\" ns = \"urn:schemas-microsoft-com:office:office\" \/--><\/p>\n<p>Limite para a submiss\u00e3o de resumos:\u00a0<strong>29 de\u00a0junho de 2014<\/strong><\/p>\n<p>Notifica\u00e7\u00e3o dos autores sobre a aceita\u00e7\u00e3o dos relatos:\u00a0<strong>30 de junho de 2014<\/strong><!--?xml:namespace prefix = \"o\" ns = \"urn:schemas-microsoft-com:office:office\" \/--><\/p>\n<hr \/>\n<p><b>Posters<\/b><\/p>\n<p>Limite para a submiss\u00e3o de posters:\u00a0<strong>29 de\u00a0junho de 2014<\/strong><\/p>\n<p>Notifica\u00e7\u00e3o dos autores sobre a aceita\u00e7\u00e3o de posters:\u00a0<strong>30 de junho de 2014<\/strong><\/p>\n<p>&nbsp;<\/p>\n","protected":false},"excerpt":{"rendered":"<p>Datas do Congresso: 16, 17, 18 e 19 de outubro 2014 Inscri\u00e7\u00f5es no Congresso: at\u00e9 15 de outubro\u00a0de 2014 Artigos Limite para a submiss\u00e3o de resumos:\u00a029 de\u00a0junho de 2014 (novo\u00a0&#8211; 3\u00aa e \u00faltima chamada) Notifica\u00e7\u00e3o dos autores sobre a aceita\u00e7\u00e3o de artigos:\u00a030 de junho de 2014 Entrega final de artigos para publica\u00e7\u00e3o:\u00a020 de julho de [&hellip;]<\/p>\n","protected":false},"author":102,"featured_media":0,"parent":0,"menu_order":0,"comment_status":"closed","ping_status":"closed","template":"","meta":{"footnotes":""},"class_list":["post-245","page","type-page","status-publish","hentry"],"_links":{"self":[{"href":"https:\/\/sites.ipleiria.pt\/congressoria\/wp-json\/wp\/v2\/pages\/245","targetHints":{"allow":["GET"]}}],"collection":[{"href":"https:\/\/sites.ipleiria.pt\/congressoria\/wp-json\/wp\/v2\/pages"}],"about":[{"href":"https:\/\/sites.ipleiria.pt\/congressoria\/wp-json\/wp\/v2\/types\/page"}],"author":[{"embeddable":true,"href":"https:\/\/sites.ipleiria.pt\/congressoria\/wp-json\/wp\/v2\/users\/102"}],"replies":[{"embeddable":true,"href":"https:\/\/sites.ipleiria.pt\/congressoria\/wp-json\/wp\/v2\/comments?post=245"}],"version-history":[{"count":26,"href":"https:\/\/sites.ipleiria.pt\/congressoria\/wp-json\/wp\/v2\/pages\/245\/revisions"}],"predecessor-version":[{"id":600,"href":"https:\/\/sites.ipleiria.pt\/congressoria\/wp-json\/wp\/v2\/pages\/245\/revisions\/600"}],"wp:attachment":[{"href":"https:\/\/sites.ipleiria.pt\/congressoria\/wp-json\/wp\/v2\/media?parent=245"}],"curies":[{"name":"wp","href":"https:\/\/api.w.org\/{rel}","templated":true}]}}