{"id":248,"date":"2014-02-26T18:12:43","date_gmt":"2014-02-26T18:12:43","guid":{"rendered":"http:\/\/sites.ipleiria.pt\/congressoria\/?page_id=248"},"modified":"2014-09-10T20:37:09","modified_gmt":"2014-09-10T20:37:09","slug":"inscricao","status":"publish","type":"page","link":"https:\/\/sites.ipleiria.pt\/congressoria\/inscricao\/","title":{"rendered":"Inscri\u00e7\u00e3o"},"content":{"rendered":"<p><span style=\"color: #000000\"><em><span style=\"font-family: Thread-00001588-Id-0000008b\">Congresso\u00a0acreditado pelo\u00a0CCPFC &#8211; Braga <\/span><\/em><\/span><\/p>\n<p><b>Inscri\u00e7\u00f5es at\u00e9 15 de outubro*<\/b><\/p>\n<p>Participante (Geral) \u2013 60\u20ac<br \/>\nEstudantes \u2013 50\u20ac<br \/>\nS\u00f3cio da RIA (Rede Iberoamericana de Anima\u00e7\u00e3o Sociocultural) \u2013 40\u20ac<\/p>\n<p>Grupos com\u00a015\u00a0ou mais pessoas &#8211; 40\u20ac<\/p>\n<p>*As inscri\u00e7\u00f5es efetuadas at\u00e9 15 de julho beneficiam de um desconto de 10% sobre os pre\u00e7os definidos.<\/p>\n<p>**********<br \/>\n<a href=\"http:\/\/goo.gl\/JLiZJ7\" target=\"blank\"><strong>Formul\u00e1rio de Inscri\u00e7\u00e3o<\/strong><\/a><br \/>\n**********<\/p>\n<p><b>Procedimentos:<\/b><\/p>\n<p style=\"text-align: justify\">Os interessados devem formalizar a inscri\u00e7\u00e3o, preenchendo o formul\u00e1rio indicado acima. O processo de inscri\u00e7\u00e3o apenas se torna definitivo ap\u00f3s a rece\u00e7\u00e3o do comprovativo de pagamento. O comprovativo de transfer\u00eancia banc\u00e1ria dever\u00e1 ser enviado por email para <a href=\"mailto:vcongressoria2014@gmail.com\">vcongressoria2014@gmail.com<\/a>, com o assunto \u201cComprovativo pagamento\u201d.<\/p>\n<p style=\"text-align: justify\">Dever\u00e1 tamb\u00e9m ser enviado por e-mail para <a href=\"mailto:vcongressoria2014@gmail.com\">vcongressoria2014@gmail.com<\/a> (Assunto: \u201cComprovativo estudante\u201d) o comprovativo da situa\u00e7\u00e3o de estudante, para que a inscri\u00e7\u00e3o seja considerada nas condi\u00e7\u00f5es especiais de estudante.<\/p>\n<hr \/>\n<p><b>Pagamento:<\/b><\/p>\n<p>Por favor, identifique a sua transfer\u00eancia banc\u00e1ria como <strong>RIA2014<\/strong><\/p>\n<p>Nome do Banco: Millennium BCP<\/p>\n<p>Titular da Conta: Riap &#8211; Associa\u00e7\u00e3o Rede Ibero Americana de Anima\u00e7\u00e3o Sociocultural<\/p>\n<p>NIB: 0033 0000 45446610430 05 <b><i>(Transfer\u00eancias Nacionais \u2013 Portugal)<\/i><\/b><i><\/i><\/p>\n<p>IBAN : PT50003300004544661043005 <b><i>(Transfer\u00eancias Internacionais)<\/i><\/b><br \/>\nSwift : BCOMPTPL <b><i>(Transfer\u00eancias Internacionais)<\/i><\/b><\/p>\n<p><b>NOTA:<\/b> <em>Todas as despesas banc\u00e1rias s\u00e3o da responsabilidade dos participantes.<\/em><\/p>\n<hr \/>\n<p><b>Termos e Condi\u00e7\u00f5es:<\/b><\/p>\n<p>A taxa de inscri\u00e7\u00e3o inclui a assist\u00eancia \u00e0 confer\u00eancia, o livro de publica\u00e7\u00f5es da confer\u00eancia, o acesso ao material informativo, aos <em>coffee-breaks<\/em>, \u00e0s Oficinas, Atividades Culturais e \u00e0 Feira de Anima\u00e7\u00e3o.<\/p>\n<p>O cancelamento de inscri\u00e7\u00f5es implica a perda total do valor da taxa de inscri\u00e7\u00e3o, n\u00e3o havendo lugar a reembolsos.<\/p>\n<p><span style=\"text-decoration: underline\"><b>Para mais informa\u00e7\u00f5es:<\/b><\/span><\/p>\n<p><b>Alexandre Soares <\/b><br \/>\nGabinete de Rela\u00e7\u00f5es P\u00fablicas e Coopera\u00e7\u00e3o Internacional<br \/>\nEscola Superior de Educa\u00e7\u00e3o e Ci\u00eancias Sociais (Instituto Polit\u00e9cnico de Leiria)<br \/>\nEmail: <a href=\"mailto:grpci.esecs@ipleiria.pt\">grpci.esecs@ipleiria.pt<\/a><br \/>\nTel: (+351) 244 829 471 \/ Fax: (+351) 244 829 499<\/p>\n<p><b>Concei\u00e7\u00e3o Esperan\u00e7a<\/b><br \/>\nSecretariado &#8211; Congresso Iberoamericano de Anima\u00e7\u00e3o Sociocultural<br \/>\nEmail: <a href=\"mailto:vcongressoria2014@gmail.com\">vcongressoria2014@gmail.com<\/a><\/p>\n","protected":false},"excerpt":{"rendered":"<p>Congresso\u00a0acreditado pelo\u00a0CCPFC &#8211; Braga Inscri\u00e7\u00f5es at\u00e9 15 de outubro* Participante (Geral) \u2013 60\u20ac Estudantes \u2013 50\u20ac S\u00f3cio da RIA (Rede Iberoamericana de Anima\u00e7\u00e3o Sociocultural) \u2013 40\u20ac Grupos com\u00a015\u00a0ou mais pessoas &#8211; 40\u20ac *As inscri\u00e7\u00f5es efetuadas at\u00e9 15 de julho beneficiam de um desconto de 10% sobre os pre\u00e7os definidos. ********** Formul\u00e1rio de Inscri\u00e7\u00e3o ********** Procedimentos: [&hellip;]<\/p>\n","protected":false},"author":102,"featured_media":0,"parent":0,"menu_order":0,"comment_status":"closed","ping_status":"closed","template":"","meta":{"footnotes":""},"class_list":["post-248","page","type-page","status-publish","hentry"],"_links":{"self":[{"href":"https:\/\/sites.ipleiria.pt\/congressoria\/wp-json\/wp\/v2\/pages\/248","targetHints":{"allow":["GET"]}}],"collection":[{"href":"https:\/\/sites.ipleiria.pt\/congressoria\/wp-json\/wp\/v2\/pages"}],"about":[{"href":"https:\/\/sites.ipleiria.pt\/congressoria\/wp-json\/wp\/v2\/types\/page"}],"author":[{"embeddable":true,"href":"https:\/\/sites.ipleiria.pt\/congressoria\/wp-json\/wp\/v2\/users\/102"}],"replies":[{"embeddable":true,"href":"https:\/\/sites.ipleiria.pt\/congressoria\/wp-json\/wp\/v2\/comments?post=248"}],"version-history":[{"count":29,"href":"https:\/\/sites.ipleiria.pt\/congressoria\/wp-json\/wp\/v2\/pages\/248\/revisions"}],"predecessor-version":[{"id":583,"href":"https:\/\/sites.ipleiria.pt\/congressoria\/wp-json\/wp\/v2\/pages\/248\/revisions\/583"}],"wp:attachment":[{"href":"https:\/\/sites.ipleiria.pt\/congressoria\/wp-json\/wp\/v2\/media?parent=248"}],"curies":[{"name":"wp","href":"https:\/\/api.w.org\/{rel}","templated":true}]}}