{"id":251,"date":"2014-02-26T18:13:35","date_gmt":"2014-02-26T18:13:35","guid":{"rendered":"http:\/\/sites.ipleiria.pt\/congressoria\/?page_id=251"},"modified":"2014-03-03T17:59:52","modified_gmt":"2014-03-03T17:59:52","slug":"alojamento","status":"publish","type":"page","link":"https:\/\/sites.ipleiria.pt\/congressoria\/alojamento\/","title":{"rendered":"Alojamento"},"content":{"rendered":"<p><strong>Hotel Eurosol Leiria ***<\/strong><br \/>\n<a href=\"http:\/\/www.eurosol.pt\/hoteis\/hotel-eurosol-leiria-jardim\/\" target=\"blank\">http:\/\/www.eurosol.pt\/hoteis\/hotel-eurosol-leiria-jardim\/<\/a><br \/>\n<i>(Localizado pr\u00f3ximo da Escola Superior de Educa\u00e7\u00e3o e Ci\u00eancias Sociais \u2013 7 minutos a p\u00e9)<\/i><\/p>\n<hr \/>\n<p><strong>Hotel S\u00e3o Lu\u00eds ***<\/strong><br \/>\n<a href=\"http:\/\/www.saoluishotel.com\/\" target=\"blank\">http:\/\/www.saoluishotel.com\/<\/a><br \/>\n<i>(Localizado pr\u00f3ximo do centro da cidade de Leiria e a 10 minutos a p\u00e9 da Escola Superior de Educa\u00e7\u00e3o e Ci\u00eancias Sociais)<\/i><\/p>\n<hr \/>\n<p><strong>Hotel Ibis **<\/strong><br \/>\n<a href=\"http:\/\/www.accorhotels.com\/pt\/hotel-3340-ibis-leiria\/index.shtml\" target=\"blank\">http:\/\/www.accorhotels.com\/pt\/hotel-3340-ibis-leiria\/index.shtml<\/a><br \/>\n<i>(Localizado a 20 minutos a p\u00e9 da Escola Superior de Educa\u00e7\u00e3o e Ci\u00eancias Sociais)<\/i><\/p>\n<hr \/>\n<p><strong>Resid\u00eancia Casulo<\/strong><br \/>\n<a href=\"http:\/\/www.casulo.pt\/\" target=\"blank\">http:\/\/www.casulo.pt\/<\/a><br \/>\n<i>(Localizado a 15 minutos a p\u00e9 da Escola Superior de Educa\u00e7\u00e3o e Ci\u00eancias Sociais)<\/i><\/p>\n<hr \/>\n<p><strong>Hostel Leiria<\/strong><br \/>\n<a href=\"http:\/\/www.hostelleiria.com\/\" target=\"blank\">http:\/\/www.hostelleiria.com<\/a><br \/>\n<i>(Localizado no centro da cidade de Leiria e a 10 minutos a p\u00e9 da Escola Superior de Educa\u00e7\u00e3o e Ci\u00eancias Sociais)<\/i><\/p>\n","protected":false},"excerpt":{"rendered":"<p>Hotel Eurosol Leiria *** http:\/\/www.eurosol.pt\/hoteis\/hotel-eurosol-leiria-jardim\/ (Localizado pr\u00f3ximo da Escola Superior de Educa\u00e7\u00e3o e Ci\u00eancias Sociais \u2013 7 minutos a p\u00e9) Hotel S\u00e3o Lu\u00eds *** http:\/\/www.saoluishotel.com\/ (Localizado pr\u00f3ximo do centro da cidade de Leiria e a 10 minutos a p\u00e9 da Escola Superior de Educa\u00e7\u00e3o e Ci\u00eancias Sociais) Hotel Ibis ** http:\/\/www.accorhotels.com\/pt\/hotel-3340-ibis-leiria\/index.shtml (Localizado a 20 minutos [&hellip;]<\/p>\n","protected":false},"author":102,"featured_media":0,"parent":0,"menu_order":0,"comment_status":"closed","ping_status":"closed","template":"","meta":{"footnotes":""},"class_list":["post-251","page","type-page","status-publish","hentry"],"_links":{"self":[{"href":"https:\/\/sites.ipleiria.pt\/congressoria\/wp-json\/wp\/v2\/pages\/251","targetHints":{"allow":["GET"]}}],"collection":[{"href":"https:\/\/sites.ipleiria.pt\/congressoria\/wp-json\/wp\/v2\/pages"}],"about":[{"href":"https:\/\/sites.ipleiria.pt\/congressoria\/wp-json\/wp\/v2\/types\/page"}],"author":[{"embeddable":true,"href":"https:\/\/sites.ipleiria.pt\/congressoria\/wp-json\/wp\/v2\/users\/102"}],"replies":[{"embeddable":true,"href":"https:\/\/sites.ipleiria.pt\/congressoria\/wp-json\/wp\/v2\/comments?post=251"}],"version-history":[{"count":7,"href":"https:\/\/sites.ipleiria.pt\/congressoria\/wp-json\/wp\/v2\/pages\/251\/revisions"}],"predecessor-version":[{"id":368,"href":"https:\/\/sites.ipleiria.pt\/congressoria\/wp-json\/wp\/v2\/pages\/251\/revisions\/368"}],"wp:attachment":[{"href":"https:\/\/sites.ipleiria.pt\/congressoria\/wp-json\/wp\/v2\/media?parent=251"}],"curies":[{"name":"wp","href":"https:\/\/api.w.org\/{rel}","templated":true}]}}