{"id":253,"date":"2014-02-26T18:14:11","date_gmt":"2014-02-26T18:14:11","guid":{"rendered":"http:\/\/sites.ipleiria.pt\/congressoria\/?page_id=253"},"modified":"2014-07-23T22:04:03","modified_gmt":"2014-07-23T22:04:03","slug":"contactoslocalizacao","status":"publish","type":"page","link":"https:\/\/sites.ipleiria.pt\/congressoria\/contactoslocalizacao\/","title":{"rendered":"Contactos\/Localiza\u00e7\u00e3o"},"content":{"rendered":"<p><strong>Comiss\u00e3o Executiva \/ Comiss\u00e3o Cient\u00edfica:<\/strong><br \/>\nE-mail: <a href=\"mailto:vcongressoria2014@gmail.com\">vcongressoria2014@gmail.com<\/a><\/p>\n<hr \/>\n<p><strong><span style=\"text-decoration: underline\">Secretariado:<\/span><\/strong><\/p>\n<p><strong>Alexandre Soares<\/strong><br \/>\nGabinete de Rela\u00e7\u00f5es P\u00fablicas e Coopera\u00e7\u00e3o Internacional<br \/>\nEscola Superior de Educa\u00e7\u00e3o e Ci\u00eancias Sociais (Instituto Polit\u00e9cnico de Leiria)<br \/>\nEmail: <a href=\"mailto:grpci.esecs@ipleiria.pt\">grpci.esecs@ipleiria.pt<\/a><br \/>\nTel: (+351) 244 829 471 \/ Fax: (+351) 244 829 499<\/p>\n<p><strong>Concei\u00e7\u00e3o Esperan\u00e7a<\/strong><br \/>\nSecretariado &#8211; Congresso Iberoamericano de Anima\u00e7\u00e3o Sociocultural<br \/>\nEmail:\u00a0<a href=\"mailto:vcongressoria2014@gmail.com\">vcongressoria2014@gmail.com<\/a><\/p>\n<hr \/>\n<p><strong><span style=\"text-decoration: underline\">Local do Congresso:<\/span><\/strong><\/p>\n<p><strong>Escola Superior de Educa\u00e7\u00e3o e Ci\u00eancias Sociais (Leiria)<\/strong><br \/>\nCampus 1 \u2014 Instituto Polit\u00e9cnico de Leiria<br \/>\nRua Dr. Jo\u00e3o Soares\u2028Apartado 4045\u20282411-901 Leiria \u2013 Portugal<br \/>\nTel: (+351) 244 829400 \u00b7 Fax:(+351) 244 829499<br \/>\nE-mail: <a href=\"mailto:esecs@ipleiria.pt\">esecs@ipleiria.pt<\/a><\/p>\n<p><span style=\"color: #000000\"><em><span style=\"font-family: Thread-000009ec-Id-000000fc\">Congresso\u00a0acreditado pelo\u00a0CCPFC &#8211; Braga <\/span><\/em><\/span><\/p>\n<p><a href=\"http:\/\/goo.gl\/C2nKJR\" target=\"blank\"><strong>Mapa de Localiza\u00e7\u00e3o do Congresso<\/strong><\/a><\/p>\n","protected":false},"excerpt":{"rendered":"<p>Comiss\u00e3o Executiva \/ Comiss\u00e3o Cient\u00edfica: E-mail: vcongressoria2014@gmail.com Secretariado: Alexandre Soares Gabinete de Rela\u00e7\u00f5es P\u00fablicas e Coopera\u00e7\u00e3o Internacional Escola Superior de Educa\u00e7\u00e3o e Ci\u00eancias Sociais (Instituto Polit\u00e9cnico de Leiria) Email: grpci.esecs@ipleiria.pt Tel: (+351) 244 829 471 \/ Fax: (+351) 244 829 499 Concei\u00e7\u00e3o Esperan\u00e7a Secretariado &#8211; Congresso Iberoamericano de Anima\u00e7\u00e3o Sociocultural Email:\u00a0vcongressoria2014@gmail.com Local do Congresso: Escola [&hellip;]<\/p>\n","protected":false},"author":102,"featured_media":0,"parent":0,"menu_order":0,"comment_status":"closed","ping_status":"closed","template":"","meta":{"footnotes":""},"class_list":["post-253","page","type-page","status-publish","hentry"],"_links":{"self":[{"href":"https:\/\/sites.ipleiria.pt\/congressoria\/wp-json\/wp\/v2\/pages\/253","targetHints":{"allow":["GET"]}}],"collection":[{"href":"https:\/\/sites.ipleiria.pt\/congressoria\/wp-json\/wp\/v2\/pages"}],"about":[{"href":"https:\/\/sites.ipleiria.pt\/congressoria\/wp-json\/wp\/v2\/types\/page"}],"author":[{"embeddable":true,"href":"https:\/\/sites.ipleiria.pt\/congressoria\/wp-json\/wp\/v2\/users\/102"}],"replies":[{"embeddable":true,"href":"https:\/\/sites.ipleiria.pt\/congressoria\/wp-json\/wp\/v2\/comments?post=253"}],"version-history":[{"count":16,"href":"https:\/\/sites.ipleiria.pt\/congressoria\/wp-json\/wp\/v2\/pages\/253\/revisions"}],"predecessor-version":[{"id":569,"href":"https:\/\/sites.ipleiria.pt\/congressoria\/wp-json\/wp\/v2\/pages\/253\/revisions\/569"}],"wp:attachment":[{"href":"https:\/\/sites.ipleiria.pt\/congressoria\/wp-json\/wp\/v2\/media?parent=253"}],"curies":[{"name":"wp","href":"https:\/\/api.w.org\/{rel}","templated":true}]}}