{"id":501,"date":"2014-05-08T08:47:58","date_gmt":"2014-05-08T08:47:58","guid":{"rendered":"http:\/\/sites.ipleiria.pt\/congressoria\/?page_id=501"},"modified":"2014-05-08T13:47:47","modified_gmt":"2014-05-08T13:47:47","slug":"resumos","status":"publish","type":"page","link":"https:\/\/sites.ipleiria.pt\/congressoria\/resumos\/","title":{"rendered":"Submiss\u00e3o de Resumos"},"content":{"rendered":"<form enctype=\"multipart\/form-data\" class=\"fm-form\" method=\"post\" action=\"https:\/\/sites.ipleiria.pt\/congressoria\/resumos\/\" name=\"fm-form-1\" id=\"fm-form-1\" autocomplete=\"on\" >\n\n\t\t\n\t\t\t\t\n\t\t<ul>\n\t\t\t\t\t\t<li id=\"fm-item-text-536b45027855e\">\n\t\t\t\t\t\t\t\t\t<table><tr>\n\t\t\t\t\t\t<td style=\"width:200px\"><label>T\u00edtulo da Comunica\u00e7\u00e3o&nbsp;<em>*<\/em><\/label><\/td>\n\t\t\t\t\t\t<td><input type=\"text\" name=\"text-536b45027855e\" id=\"text-536b45027855e\" style=\"width:300px;\" maxlength=\"80\" placeholder=\"\" \/><\/td>\n\t\t\t\t\t<\/tr><\/table>\n\t\t\t\t\t\t\t<\/li>\n\t\t\t\t\t\t<li id=\"fm-item-custom_list-536b4574ef4b3\">\n\t\t\t\t\t\t\t\t\t<table><tr>\n\t\t\t\t\t\t<td style=\"width:200px\"><label>Tipo de Comunica\u00e7\u00e3o<\/label><\/td>\n\t\t\t\t\t\t<td><input type=\"radio\" name=\"custom_list-536b4574ef4b3\" id=\"custom_list-536b4574ef4b3-0\" value=\"0\" \/>&nbsp;&nbsp;Artigo<input type=\"hidden\" id=\"custom_list-536b4574ef4b3-0-value\" value=\"Artigo\" \/><br><input type=\"radio\" name=\"custom_list-536b4574ef4b3\" id=\"custom_list-536b4574ef4b3-1\" value=\"1\" \/>&nbsp;&nbsp;Relato<input type=\"hidden\" id=\"custom_list-536b4574ef4b3-1-value\" value=\"Relato\" \/><br><input type=\"radio\" name=\"custom_list-536b4574ef4b3\" id=\"custom_list-536b4574ef4b3-2\" value=\"2\" \/>&nbsp;&nbsp;Poster<input type=\"hidden\" id=\"custom_list-536b4574ef4b3-2-value\" value=\"Poster\" \/><input type=\"hidden\" id=\"custom_list-536b4574ef4b3-list-style\" value=\"radio\" \/><input type=\"hidden\" id=\"custom_list-536b4574ef4b3-count\" value=\"3\" \/><\/td>\n\t\t\t\t\t<\/tr><\/table>\n\t\t\t\t\t\t\t<\/li>\n\t\t\t\t\t\t<li id=\"fm-item-custom_list-536b450ae7c4e\">\n\t\t\t\t\t\t\t\t\t<table><tr>\n\t\t\t\t\t\t<td style=\"width:200px\"><label>Tema<\/label><\/td>\n\t\t\t\t\t\t<td><select name=\"custom_list-536b450ae7c4e\" id=\"custom_list-536b450ae7c4e\" style=\"width:px;\" ><option value=\"0\">Desenvolvimento Comunit\u00e1rio<\/option><option value=\"1\">Educa\u00e7\u00e3o e Artes<\/option><option value=\"2\">Educa\u00e7\u00e3o ao Longo da Vida<\/option><option value=\"3\">Educa\u00e7\u00e3o para o Desenvolvimento<\/option><option value=\"4\">Educa\u00e7\u00e3o na Sociedade do Conhecimento<\/option><option value=\"5\">Interven\u00e7\u00e3o Art\u00edstica com diferentes p\u00fablicos<\/option><option value=\"6\">\u00d3cio e anima\u00e7\u00e3o<\/option><option value=\"7\">Associativismo e Participa\u00e7\u00e3o<\/option><option value=\"8\">Autarquias e Comunidade<\/option><option value=\"9\">Patrim\u00f3nio Cultural<\/option><\/select><input type=\"hidden\" id=\"custom_list-536b450ae7c4e-list-style\" value=\"select\" \/><input type=\"hidden\" id=\"custom_list-536b450ae7c4e-count\" value=\"10\" \/><\/td>\n\t\t\t\t\t<\/tr><\/table>\n\t\t\t\t\t\t\t<\/li>\n\t\t\t\t\t\t<li id=\"fm-item-text-536b480e240ec\">\n\t\t\t\t\t\t\t\t\t<table><tr>\n\t\t\t\t\t\t<td style=\"width:200px\"><label>Autores&nbsp;<em>*<\/em><\/label><\/td>\n\t\t\t\t\t\t<td><input type=\"text\" name=\"text-536b480e240ec\" id=\"text-536b480e240ec\" style=\"width:300px;\" placeholder=\"Exemplo: Santos A.*; Lopes \u00a0S.; Sousa J.\" \/><\/td>\n\t\t\t\t\t<\/tr><\/table>\n\t\t\t\t\t\t\t<\/li>\n\t\t\t\t\t\t<li id=\"fm-item-text-536b4837ca7f8\">\n\t\t\t\t\t\t\t\t\t<table><tr>\n\t\t\t\t\t\t<td style=\"width:200px\"><label>Afilia\u00e7\u00e3o&nbsp;<em>*<\/em><\/label><\/td>\n\t\t\t\t\t\t<td><input type=\"text\" name=\"text-536b4837ca7f8\" id=\"text-536b4837ca7f8\" style=\"width:300px;\" placeholder=\"Exemplo: ESECS\/IPL\" \/><\/td>\n\t\t\t\t\t<\/tr><\/table>\n\t\t\t\t\t\t\t<\/li>\n\t\t\t\t\t\t<li id=\"fm-item-text-537cde39a5b84\">\n\t\t\t\t\t\t\t\t\t<table><tr>\n\t\t\t\t\t\t<td style=\"width:200px\"><label>E-mail&nbsp;<em>*<\/em><\/label><\/td>\n\t\t\t\t\t\t<td><input type=\"text\" name=\"text-537cde39a5b84\" id=\"text-537cde39a5b84\" style=\"width:300px;\" placeholder=\"\" \/><\/td>\n\t\t\t\t\t<\/tr><\/table>\n\t\t\t\t\t\t\t<\/li>\n\t\t\t\t\t\t<li id=\"fm-item-textarea-536b4a01eea05\">\n\t\t\t\t\t\t\t\t\t<table><tr>\n\t\t\t\t\t\t<td style=\"width:200px\"><label>Resumo&nbsp;<em>*<\/em><\/label><\/td>\n\t\t\t\t\t\t<td><textarea name=\"textarea-536b4a01eea05\" id=\"textarea-536b4a01eea05\" style=\"width:500px;height:300px;\" placeholder=\"\"><\/textarea><\/td>\n\t\t\t\t\t<\/tr><\/table>\n\t\t\t\t\t\t\t<\/li>\n\t\t\t\t\t\t<li id=\"fm-item-note-536b487103630\">\n\t\t\t\t\t\t\t\t\t<table><tr>\n\t\t\t\t\t\t<td style=\"width:200px\"><label>Observa\u00e7\u00f5es<\/label><\/td>\n\t\t\t\t\t\t<td>Usar preferencialmente frases curtas e objetivas; \u2028evitar o uso de siglas, abreviaturas ou termos pouco usuais; \u2028n\u00e3o incluir refer\u00eancias bibliogr\u00e1ficas.<br>\n<br>\nEstrutura a seguir:\u2028\n<br>\u2014 Introdu\u00e7\u00e3o;\n<br>\u2014 Objetivos;\n<br>\u2014 Metodologia;\n<br>\u2014 Resultados\/Conclus\u00f5es.\n<br>\u2014 m\u00e1x. 1700 caracteres com espa\u00e7os.\n<hr><\/td>\n\t\t\t\t\t<\/tr><\/table>\n\t\t\t\t\t\t\t<\/li>\n\t\t\t\t\t\t<li id=\"fm-item-custom_list-53aa10938409a\">\n\t\t\t\t\t\t\t\t\t<table><tr>\n\t\t\t\t\t\t<td style=\"width:200px\"><label>Grupos com 15 ou mais pessoas<\/label><\/td>\n\t\t\t\t\t\t<td><div class=\"fm-checkbox-list\"><\/div><input type=\"hidden\" name=\"custom_list-53aa10938409a\" id=\"custom_list-53aa10938409a\" value=\"0\" \/><input type=\"hidden\" id=\"custom_list-53aa10938409a-list-style\" value=\"checkbox\" \/><input type=\"hidden\" id=\"custom_list-53aa10938409a-count\" value=\"0\" \/><\/td>\n\t\t\t\t\t<\/tr><\/table>\n\t\t\t\t\t\t\t<\/li>\n\t\t\t\t\t\t<li id=\"fm-item-note-53aa1196e12c5\">\n\t\t\t\t\t\t\t\t\t<table><tr>\n\t\t\t\t\t\t<td style=\"width:200px\"><label>New Note<\/label><\/td>\n\t\t\t\t\t\t<td>Se marcou a op\u00e7\u00e3o anterior (grupos com 15 ou mais pessoas), e ap\u00f3s submeter o seu formul\u00e1rio, necessita de enviar os seguintes detalhes para o e-mail vcongressoria2014@gmail.com:\n \u2022 indica\u00e7\u00e3o de um elemento respons\u00e1vel e de um contacto;\n\u2022 Dados de todos os elementos do grupo, nomeadamente: nome completo, Cart\u00e3o Cidad\u00e3o, filia\u00e7\u00e3o institucional.<\/td>\n\t\t\t\t\t<\/tr><\/table>\n\t\t\t\t\t\t\t<\/li>\n\t\t\t\t\t<\/ul>\n\n\t\t<div>\n\t\t <input type=\"submit\" name=\"fm_form_submit\" id=\"fm_form_submit\" class=\"submit\" value=\"Submeter\" onclick=\"return fm_submit_onclick(1)\"  \/>\n\t\t<\/div>\n\n\t\n\t<input type=\"hidden\" name=\"fm_nonce\" id=\"fm_nonce\" value=\"4fa87fd09d\" \/>\n<input type=\"hidden\" name=\"fm_id\" id=\"fm_id\" value=\"1\" \/>\n<input type=\"hidden\" name=\"fm_uniq_id\" id=\"fm_uniq_id\" value=\"fm-69e8ee46ce519\" \/>\n<input type=\"hidden\" name=\"fm_parent_post_id\" id=\"fm_parent_post_id\" value=\"501\" \/>\n<\/form>\n\n","protected":false},"excerpt":{"rendered":"","protected":false},"author":102,"featured_media":0,"parent":0,"menu_order":0,"comment_status":"closed","ping_status":"closed","template":"","meta":{"footnotes":""},"class_list":["post-501","page","type-page","status-publish","hentry"],"_links":{"self":[{"href":"https:\/\/sites.ipleiria.pt\/congressoria\/wp-json\/wp\/v2\/pages\/501","targetHints":{"allow":["GET"]}}],"collection":[{"href":"https:\/\/sites.ipleiria.pt\/congressoria\/wp-json\/wp\/v2\/pages"}],"about":[{"href":"https:\/\/sites.ipleiria.pt\/congressoria\/wp-json\/wp\/v2\/types\/page"}],"author":[{"embeddable":true,"href":"https:\/\/sites.ipleiria.pt\/congressoria\/wp-json\/wp\/v2\/users\/102"}],"replies":[{"embeddable":true,"href":"https:\/\/sites.ipleiria.pt\/congressoria\/wp-json\/wp\/v2\/comments?post=501"}],"version-history":[{"count":10,"href":"https:\/\/sites.ipleiria.pt\/congressoria\/wp-json\/wp\/v2\/pages\/501\/revisions"}],"predecessor-version":[{"id":521,"href":"https:\/\/sites.ipleiria.pt\/congressoria\/wp-json\/wp\/v2\/pages\/501\/revisions\/521"}],"wp:attachment":[{"href":"https:\/\/sites.ipleiria.pt\/congressoria\/wp-json\/wp\/v2\/media?parent=501"}],"curies":[{"name":"wp","href":"https:\/\/api.w.org\/{rel}","templated":true}]}}