{"id":669,"date":"2014-10-17T11:37:59","date_gmt":"2014-10-17T11:37:59","guid":{"rendered":"http:\/\/sites.ipleiria.pt\/congressoria\/?page_id=669"},"modified":"2014-10-17T11:49:22","modified_gmt":"2014-10-17T11:49:22","slug":"ebook-congresso","status":"publish","type":"page","link":"https:\/\/sites.ipleiria.pt\/congressoria\/","title":{"rendered":"Ebook do Congresso j\u00e1 dispon\u00edvel."},"content":{"rendered":"<p><iframe loading=\"lazy\" width=\"650\" height=\"498\" src=\"\/\/e.issuu.com\/embed.html#1077822\/9762385\" frameborder=\"0\" allowfullscreen><\/iframe><\/p>\n<p><strong>Cultura e Participa\u00e7\u00e3o: Anima\u00e7\u00e3o Sociocultural em contextos Iberoamericanos.<br \/>\n<\/strong><em>Clique <a href=\"https:\/\/dl.dropboxusercontent.com\/u\/4602618\/Ebook.pdf\" title=\"Ebook\" target=\"_blank\">aqui<\/a> para descarregar o ficheiro.<\/p>\n","protected":false},"excerpt":{"rendered":"<p>Cultura e Participa\u00e7\u00e3o: Anima\u00e7\u00e3o Sociocultural em contextos Iberoamericanos. Clique aqui para descarregar o ficheiro.<\/p>\n","protected":false},"author":102,"featured_media":0,"parent":0,"menu_order":0,"comment_status":"closed","ping_status":"closed","template":"page-templates\/full-width.php","meta":{"footnotes":""},"class_list":["post-669","page","type-page","status-publish","hentry"],"_links":{"self":[{"href":"https:\/\/sites.ipleiria.pt\/congressoria\/wp-json\/wp\/v2\/pages\/669","targetHints":{"allow":["GET"]}}],"collection":[{"href":"https:\/\/sites.ipleiria.pt\/congressoria\/wp-json\/wp\/v2\/pages"}],"about":[{"href":"https:\/\/sites.ipleiria.pt\/congressoria\/wp-json\/wp\/v2\/types\/page"}],"author":[{"embeddable":true,"href":"https:\/\/sites.ipleiria.pt\/congressoria\/wp-json\/wp\/v2\/users\/102"}],"replies":[{"embeddable":true,"href":"https:\/\/sites.ipleiria.pt\/congressoria\/wp-json\/wp\/v2\/comments?post=669"}],"version-history":[{"count":9,"href":"https:\/\/sites.ipleiria.pt\/congressoria\/wp-json\/wp\/v2\/pages\/669\/revisions"}],"predecessor-version":[{"id":678,"href":"https:\/\/sites.ipleiria.pt\/congressoria\/wp-json\/wp\/v2\/pages\/669\/revisions\/678"}],"wp:attachment":[{"href":"https:\/\/sites.ipleiria.pt\/congressoria\/wp-json\/wp\/v2\/media?parent=669"}],"curies":[{"name":"wp","href":"https:\/\/api.w.org\/{rel}","templated":true}]}}