{"id":11,"date":"2021-02-06T00:50:52","date_gmt":"2021-02-06T00:50:52","guid":{"rendered":"http:\/\/sites.ipleiria.pt\/jornadas-edu-ci\/?page_id=11"},"modified":"2022-12-06T17:16:03","modified_gmt":"2022-12-06T17:16:03","slug":"comissao-organizadora","status":"publish","type":"page","link":"https:\/\/sites.ipleiria.pt\/convencer\/comissao-organizadora\/","title":{"rendered":"Jurados"},"content":{"rendered":"\n<h4 class=\"wp-block-heading\">2023<\/h4>\n\n\n\n<p>Brevemente<\/p>\n\n\n\n<h4 class=\"wp-block-heading\">2022<\/h4>\n\n\n\n<p>Professora Catarina Mangas<br>Professora L\u00facia Magueta<br>Professor Lu\u00eds Miguel Oliveira<br>Professor Jos\u00e9 Carlos Marques<br>Professora Susana Reis<br>Professora Dina Tavares<br>Professor Romain Gillain<br>Dra. Marisa Gomes<br>Professor Jorge Varela (Moderador &#8211; Final)<br>Professor Pedro Mouro\u00e7o (Moderador &#8211; Meia Final)<br><\/p>\n","protected":false},"excerpt":{"rendered":"<p>2023 Brevemente 2022 Professora Catarina MangasProfessora L\u00facia MaguetaProfessor Lu\u00eds Miguel OliveiraProfessor Jos\u00e9 Carlos MarquesProfessora Susana ReisProfessora Dina TavaresProfessor Romain GillainDra. Marisa GomesProfessor Jorge Varela (Moderador &#8211; Final)Professor Pedro Mouro\u00e7o (Moderador &#8211; Meia Final)<\/p>\n","protected":false},"author":102,"featured_media":0,"parent":0,"menu_order":0,"comment_status":"closed","ping_status":"closed","template":"","meta":{"footnotes":""},"class_list":["post-11","page","type-page","status-publish","hentry"],"_links":{"self":[{"href":"https:\/\/sites.ipleiria.pt\/convencer\/wp-json\/wp\/v2\/pages\/11","targetHints":{"allow":["GET"]}}],"collection":[{"href":"https:\/\/sites.ipleiria.pt\/convencer\/wp-json\/wp\/v2\/pages"}],"about":[{"href":"https:\/\/sites.ipleiria.pt\/convencer\/wp-json\/wp\/v2\/types\/page"}],"author":[{"embeddable":true,"href":"https:\/\/sites.ipleiria.pt\/convencer\/wp-json\/wp\/v2\/users\/102"}],"replies":[{"embeddable":true,"href":"https:\/\/sites.ipleiria.pt\/convencer\/wp-json\/wp\/v2\/comments?post=11"}],"version-history":[{"count":8,"href":"https:\/\/sites.ipleiria.pt\/convencer\/wp-json\/wp\/v2\/pages\/11\/revisions"}],"predecessor-version":[{"id":501,"href":"https:\/\/sites.ipleiria.pt\/convencer\/wp-json\/wp\/v2\/pages\/11\/revisions\/501"}],"wp:attachment":[{"href":"https:\/\/sites.ipleiria.pt\/convencer\/wp-json\/wp\/v2\/media?parent=11"}],"curies":[{"name":"wp","href":"https:\/\/api.w.org\/{rel}","templated":true}]}}