{"id":405,"date":"2022-04-18T10:44:59","date_gmt":"2022-04-18T10:44:59","guid":{"rendered":"https:\/\/sites.ipleiria.pt\/convencer\/?page_id=405"},"modified":"2024-11-20T16:27:12","modified_gmt":"2024-11-20T16:27:12","slug":"convencer","status":"publish","type":"page","link":"https:\/\/sites.ipleiria.pt\/convencer\/","title":{"rendered":"(CON)VENCER"},"content":{"rendered":"<div class=\"elementToProof\">A Competi\u00e7\u00e3o (CON)VENCER \u00e9 uma competi\u00e7\u00e3o anual promovida pela ESECS, e que consiste num conjunto de debates, onde os estudantes da ESECS, organizados em equipas, apresentar\u00e3o argumentos para defenderem uma posi\u00e7\u00e3o, de concord\u00e2ncia ou de discord\u00e2ncia, sobre um determinado assunto.<\/div>\n<div>A competi\u00e7\u00e3o tem como principal objetivo&nbsp;potenciar a capacidade de argumenta\u00e7\u00e3o, no respeito pela diversidade de opini\u00f5es, valorizando, desse modo, a pr\u00f3pria democracia<\/div>\n\n\n<hr class=\"wp-block-separator has-text-color has-white-color has-css-opacity has-white-background-color has-background\"\/>\n\n\n\n<hr class=\"wp-block-separator has-text-color has-white-color has-css-opacity has-white-background-color has-background\"\/>\n\n\n\n<h2 class=\"wp-block-heading\"><\/h2>\n\n\n\n<figure class=\"wp-block-image size-large\"><img loading=\"lazy\" decoding=\"async\" width=\"1024\" height=\"576\" src=\"http:\/\/sites.ipleiria.pt\/convencer\/files\/2024\/11\/IVConvencer_Fundo-PC-1024x576.png\" alt=\"\" class=\"wp-image-530\" srcset=\"https:\/\/sites.ipleiria.pt\/convencer\/files\/2024\/11\/IVConvencer_Fundo-PC-1024x576.png 1024w, https:\/\/sites.ipleiria.pt\/convencer\/files\/2024\/11\/IVConvencer_Fundo-PC-300x169.png 300w, https:\/\/sites.ipleiria.pt\/convencer\/files\/2024\/11\/IVConvencer_Fundo-PC-768x432.png 768w, https:\/\/sites.ipleiria.pt\/convencer\/files\/2024\/11\/IVConvencer_Fundo-PC-1536x864.png 1536w, https:\/\/sites.ipleiria.pt\/convencer\/files\/2024\/11\/IVConvencer_Fundo-PC-2048x1152.png 2048w\" sizes=\"auto, (max-width: 1024px) 100vw, 1024px\" \/><\/figure>\n","protected":false},"excerpt":{"rendered":"<p>A Competi\u00e7\u00e3o (CON)VENCER \u00e9 uma competi\u00e7\u00e3o anual promovida pela ESECS, e que consiste num conjunto de debates, onde os estudantes da ESECS, organizados em equipas, apresentar\u00e3o argumentos para defenderem uma posi\u00e7\u00e3o, de concord\u00e2ncia ou de discord\u00e2ncia, sobre um determinado assunto.&hellip;  <\/p>\n<p class=\"more-link\"><a href=\"https:\/\/sites.ipleiria.pt\/convencer\/\">Continue reading <span class=\"meta-nav\">&rarr;<\/span><\/a><\/p>\n","protected":false},"author":102,"featured_media":0,"parent":0,"menu_order":0,"comment_status":"closed","ping_status":"closed","template":"","meta":{"footnotes":""},"class_list":["post-405","page","type-page","status-publish","hentry"],"_links":{"self":[{"href":"https:\/\/sites.ipleiria.pt\/convencer\/wp-json\/wp\/v2\/pages\/405","targetHints":{"allow":["GET"]}}],"collection":[{"href":"https:\/\/sites.ipleiria.pt\/convencer\/wp-json\/wp\/v2\/pages"}],"about":[{"href":"https:\/\/sites.ipleiria.pt\/convencer\/wp-json\/wp\/v2\/types\/page"}],"author":[{"embeddable":true,"href":"https:\/\/sites.ipleiria.pt\/convencer\/wp-json\/wp\/v2\/users\/102"}],"replies":[{"embeddable":true,"href":"https:\/\/sites.ipleiria.pt\/convencer\/wp-json\/wp\/v2\/comments?post=405"}],"version-history":[{"count":19,"href":"https:\/\/sites.ipleiria.pt\/convencer\/wp-json\/wp\/v2\/pages\/405\/revisions"}],"predecessor-version":[{"id":532,"href":"https:\/\/sites.ipleiria.pt\/convencer\/wp-json\/wp\/v2\/pages\/405\/revisions\/532"}],"wp:attachment":[{"href":"https:\/\/sites.ipleiria.pt\/convencer\/wp-json\/wp\/v2\/media?parent=405"}],"curies":[{"name":"wp","href":"https:\/\/api.w.org\/{rel}","templated":true}]}}