{"id":424,"date":"2022-04-18T10:59:09","date_gmt":"2022-04-18T10:59:09","guid":{"rendered":"https:\/\/sites.ipleiria.pt\/convencer\/?page_id=424"},"modified":"2022-04-18T11:13:30","modified_gmt":"2022-04-18T11:13:30","slug":"regulamento","status":"publish","type":"page","link":"https:\/\/sites.ipleiria.pt\/convencer\/regulamento\/","title":{"rendered":"Regulamento"},"content":{"rendered":"\n<p class=\"has-text-align-left has-small-font-size\"><em>Caso pretenda poder\u00e1 descarregar <a href=\"http:\/\/sites.ipleiria.pt\/convencer\/files\/2022\/04\/Regulamento_low.pdf\">aqui o regulamento completo<\/a><\/em><\/p>\n\n\n\n<hr class=\"wp-block-separator\"\/>\n\n\n\n<p class=\"has-text-align-left\">A Escola Superior de Educa\u00e7\u00e3o e Ci\u00eancias Sociais do Polit\u00e9cnico de Leiria (doravante apenas ESECS), procurando estimular a sua comunidade acad\u00e9mica para:<\/p>\n\n\n\n<p class=\"has-text-align-left\">&#8211; o respeito pela diversidade de opini\u00f5es, de modo a promover a pr\u00f3pria democracia;<\/p>\n\n\n\n<p class=\"has-text-align-left\">&#8211; a import\u00e2ncia da argumenta\u00e7\u00e3o oral como forma de desenvolvimento cognitivo;<\/p>\n\n\n\n<p class=\"has-text-align-left\">&#8211; a promo\u00e7\u00e3o da discuss\u00e3o de ideias para combater o pensamento \u00fanico;<\/p>\n\n\n\n<p class=\"has-text-align-left\">&#8211; e, ainda, manter-se atenta aos assuntos fraturantes da sociedade contempor\u00e2nea; realizar\u00e1 anualmente uma competi\u00e7\u00e3o de debates (doravante apenas Competi\u00e7\u00e3o) entre os seus estudantes, que se reger\u00e1 pelos seguintes preceitos:<\/p>\n\n\n\n<p class=\"has-text-align-left\"><strong>1\u00ba &#8211; \u00c2mbito da Competi\u00e7\u00e3o<\/strong><\/p>\n\n\n\n<p class=\"has-text-align-left\">1. A Competi\u00e7\u00e3o (CON)VENCER \u00e9 uma competi\u00e7\u00e3o anual promovida pela ESECS, e que consiste num conjunto de debates, onde os estudantes, organizados em equipas, apresentar\u00e3o argumentos para defenderem uma posi\u00e7\u00e3o, de concord\u00e2ncia ou de discord\u00e2ncia, sobre um determinado assunto.<\/p>\n\n\n\n<p class=\"has-text-align-left\">2. A competi\u00e7\u00e3o tem como principais objetivos potenciar a capacidade de argumenta\u00e7\u00e3o, no respeito pela diversidade de opini\u00f5es, valorizando, desse modo, a pr\u00f3pria democracia.<\/p>\n\n\n\n<p class=\"has-text-align-left\"><strong>2\u00ba &#8211; Participantes<\/strong><\/p>\n\n\n\n<p class=\"has-text-align-left\">1. Podem participar na Competi\u00e7\u00e3o todos os estudantes regularmente matriculados e inscritos em qualquer um dos ciclos de estudo da ESECS, organizados em equipas de 3 (tr\u00eas) elementos.<\/p>\n\n\n\n<p class=\"has-text-align-left\">2. Cada equipa dever\u00e1 sugerir, no ato da inscri\u00e7\u00e3o, tr\u00eas temas de debate que considerem controversos e antag\u00f3nicos.<\/p>\n\n\n\n<p class=\"has-text-align-left\"><strong>3\u00ba &#8211; Descri\u00e7\u00e3o da competi\u00e7\u00e3o<\/strong><\/p>\n\n\n\n<p class=\"has-text-align-left\">1. A competi\u00e7\u00e3o decorrer\u00e1 por rondas, com debates eliminat\u00f3rios, passando \u00e0 ronda seguinte as equipas de estudantes que ven\u00e7am os seus debates, ainda que por falta de compar\u00eancia da equipa oponente, e assim sucessivamente at\u00e9 que restem apenas duas equipas que far\u00e3o o Debate Final.<\/p>\n\n\n\n<p class=\"has-text-align-left\">2. O Diretor da ESECS, nomear\u00e1 os jurados da Competi\u00e7\u00e3o entre docentes ou t\u00e9cnicos da ESECS ou outras personalidades de idoneidade reconhecida.<\/p>\n\n\n\n<p class=\"has-text-align-left\">3. O grupo de jurados, presidido pelo Diretor da ESECS ou por quem este nomear, reunir\u00e1 para estabelecer uma lista de temas a debate, com base nas sugest\u00f5es das equipas (que os jurados aceitem como v\u00e1lidas) e em temas que considerem pertinentes, de modo a que a lista final tenha, pelo menos, o mesmo n\u00famero de temas que o n\u00famero de equipas concorrentes. Qualquer quest\u00e3o relacionada com a lista de temas a debate ser\u00e1 resolvida por decis\u00e3o da maioria dos jurados presentes, tendo o presidente dos jurados voto de qualidade.<\/p>\n\n\n\n<p class=\"has-text-align-left\">4. A Competi\u00e7\u00e3o termina numa Fase Final com quatro equipas.<\/p>\n\n\n\n<p class=\"has-text-align-left\"><strong>4\u00ba &#8211; Rondas<\/strong><\/p>\n\n\n\n<p class=\"has-text-align-left\">1. O n\u00famero de rondas ser\u00e1 definido em fun\u00e7\u00e3o do n\u00famero de equipas inscritas em cada edi\u00e7\u00e3o, n\u00e3o havendo Competi\u00e7\u00e3o se n\u00e3o existirem, no m\u00ednimo, oito equipas concorrentes.<\/p>\n\n\n\n<p class=\"has-text-align-left\">2. Se o n\u00famero de equipas numa ronda for \u00edmpar, poder\u00e1 ficar uma equipa isenta dessa ronda, n\u00e3o podendo, essa equipa, voltar a ficar isenta numa ronda posterior. Caso seja necess\u00e1rio, para haver quatro equipas na Fase Final, poder\u00e1 ser repescada a equipa derrotada na ronda anterior que tenha somado mais pontos.<\/p>\n\n\n\n<p class=\"has-text-align-left\">3. As equipas que se enfrentar\u00e3o em cada debate, os temas de cada debate, a posi\u00e7\u00e3o de concord\u00e2ncia ou discord\u00e2ncia que cada equipa dever\u00e1 defender no debate e a ordem das interven\u00e7\u00f5es ser\u00e3o, obrigatoriamente, escolhidos por sorteio.<\/p>\n\n\n\n<p class=\"has-text-align-left\">4. O grupo de jurados dever\u00e1, antes de come\u00e7ar cada uma das rondas da Competi\u00e7\u00e3o, efetuar os sorteios referidos no ponto anterior e decidir sobre a(s) data(s) dos debates dessa ronda.<\/p>\n\n\n\n<p class=\"has-text-align-left\">5. Os debates de cada ronda decorrer\u00e3o no mesmo dia, de forma consecutiva, numa tarde de uma quarta-feira.<\/p>\n\n\n\n<p class=\"has-text-align-left\">6. Se na mesma ronda existirem mais do que quatro debates, o grupo de jurados pode decidir agendar os debates para mais do que um dia, devendo, nesse caso, decorrer em quartas-feiras seguidas.<\/p>\n\n\n\n<p class=\"has-text-align-left\"><strong>5\u00ba &#8211; Debates<\/strong><\/p>\n\n\n\n<p class=\"has-text-align-left\">1. Os estudantes que integram cada equipa dever\u00e3o ser notificados, com 15 dias de anteced\u00eancia, para os seus emails institucionais, da data do debate em que participar\u00e3o, bem como do tema do debate, da posi\u00e7\u00e3o de concord\u00e2ncia ou discord\u00e2ncia que dever\u00e3o defender e da ordem das interven\u00e7\u00f5es.<\/p>\n\n\n\n<p class=\"has-text-align-left\">2. Caber\u00e1 ao Diretor da ESECS, ou a quem este nomear, indicar o moderador e 3 jurados para cada debate.<\/p>\n\n\n\n<p class=\"has-text-align-left\">3. Cada debate ser\u00e1 disputado por duas equipas.<\/p>\n\n\n\n<p class=\"has-text-align-left\">4. Nos debates, cada uma das equipas far\u00e1 quatro interven\u00e7\u00f5es de, no m\u00e1ximo, 1(um) minuto cada, sendo obrigat\u00f3ria, sob pena de desclassifica\u00e7\u00e3o, a participa\u00e7\u00e3o oral dos tr\u00eas elementos de cada equipa.<\/p>\n\n\n\n<p class=\"has-text-align-left\">5. A ordem das interven\u00e7\u00f5es \u00e9 a seguinte:<\/p>\n\n\n\n<p class=\"has-text-align-left\">a) Equipa \u201cA\u201d \u2013 introdu\u00e7\u00e3o;<\/p>\n\n\n\n<p class=\"has-text-align-left\">b) Equipa \u201cB\u201d \u2013 introdu\u00e7\u00e3o;<\/p>\n\n\n\n<p class=\"has-text-align-left\">c) Equipa \u201cA\u201d \u2013 ataque \u00e0 posi\u00e7\u00e3o da equipa oponente;<\/p>\n\n\n\n<p class=\"has-text-align-left\">d) Equipa \u201cB\u201d \u2013 resposta ao ataque da equipa oponente;<\/p>\n\n\n\n<p class=\"has-text-align-left\">e) Equipa \u201cB\u201d \u2013 ataque \u00e0 posi\u00e7\u00e3o da equipa oponente;<\/p>\n\n\n\n<p class=\"has-text-align-left\">f) Equipa \u201cA\u201d \u2013 resposta ao ataque da equipa oponente;<\/p>\n\n\n\n<p class=\"has-text-align-left\">g) Equipa \u201cA\u201d \u2013 conclus\u00e3o;<\/p>\n\n\n\n<p class=\"has-text-align-left\">h) Equipa \u201cB\u201d \u2013 conclus\u00e3o;<\/p>\n\n\n\n<p class=\"has-text-align-left\">6. A decis\u00e3o da equipa vencedora em cada debate cabe aos tr\u00eas jurados, devendo cada um pontuar cada equipa de 1 a 5 (o 1 valendo o m\u00ednimo e o 5 valendo o m\u00e1ximo), nos tr\u00eas seguintes par\u00e2metros\/quesitos:<\/p>\n\n\n\n<p class=\"has-text-align-left\">a) Estudo \u2013 a equipa demonstrou ter estudado o assunto a debate?<\/p>\n\n\n\n<p class=\"has-text-align-left\">b) Intelig\u00eancia \u2013 a equipa apresentou argumentos inteligentes?<\/p>\n\n\n\n<p class=\"has-text-align-left\">c) Forma \u2013 a equipa cumpriu as regras e exp\u00f4s as suas opini\u00f5es de forma convincente?<\/p>\n\n\n\n<p class=\"has-text-align-left\">7. A equipa que somar mais pontos no total vence o debate. Em caso de empate, a decis\u00e3o sobre o vencedor do debate cabe, sem hip\u00f3tese de recurso, ao moderador.<\/p>\n\n\n\n<p class=\"has-text-align-left\">8. Se, por impossibilidade justificada, um dos elementos da equipa n\u00e3o puder comparecer num debate, pode a equipa cooptar outro estudante da ESECS, desde que este n\u00e3o se tenha inscrito nessa edi\u00e7\u00e3o da Competi\u00e7\u00e3o. Se faltarem dois elementos, a + equipa perde, automaticamente, o debate.<\/p>\n\n\n\n<p class=\"has-text-align-left\"><strong>6\u00ba &#8211; Papel do moderador<\/strong><\/p>\n\n\n\n<p class=\"has-text-align-left\">1. Cada debate \u00e9 dirigido por um moderador, a quem cabe manter o respeito pelas regras e tempos de interven\u00e7\u00e3o.<\/p>\n\n\n\n<p class=\"has-text-align-left\">2. Cabe ainda ao moderador decidir, no momento, sobre qualquer quest\u00e3o ou reclama\u00e7\u00e3o apresentada, com possibilidade de recurso para os jurados, que decidir\u00e3o, tamb\u00e9m no momento, de forma definitiva.<\/p>\n\n\n\n<p class=\"has-text-align-left\"><strong>7\u00ba &#8211; Fase Final<\/strong><\/p>\n\n\n\n<p class=\"has-text-align-left\">1. A partir das meias-finais, ronda com apenas quatro equipas, os debates passam a respeitar tamb\u00e9m as seguintes regras:<\/p>\n\n\n\n<p class=\"has-text-align-left\">a) o n\u00famero de jurados pode ser superior a tr\u00eas;<\/p>\n\n\n\n<p class=\"has-text-align-left\">b) cada interven\u00e7\u00e3o passa a ser, no m\u00e1ximo, de 2 (dois) minutos; e<\/p>\n\n\n\n<p class=\"has-text-align-left\">c) a decis\u00e3o do vencedor dever\u00e1 incluir o voto do p\u00fablico que assistir ao debate presencialmente, que dever\u00e1 votar, de bra\u00e7o no ar e apenas depois dos jurados terem terminado a sua vota\u00e7\u00e3o, na equipa que entende merecer vencer o debate. \u00c0 equipa que tiver mais votos do p\u00fablico ser\u00e3o adicionados 5 pontos ao somat\u00f3rio final da pontua\u00e7\u00e3o do j\u00fari.<\/p>\n\n\n\n<p class=\"has-text-align-left\"><strong>8\u00ba &#8211; Vencedores e entrega de pr\u00e9mios<\/strong><\/p>\n\n\n\n<p class=\"has-text-align-left\">1. No final da Competi\u00e7\u00e3o:<\/p>\n\n\n\n<p class=\"has-text-align-left\">a) ser\u00e3o atribu\u00eddos certificados de participa\u00e7\u00e3o a todos os estudantes participantes;<\/p>\n\n\n\n<p class=\"has-text-align-left\">b) ser\u00e3o atribu\u00eddos pr\u00e9mios a definir por edi\u00e7\u00e3o;<\/p>\n\n\n\n<p class=\"has-text-align-left\">c) a lista de estudantes vencedores ser\u00e1 publicitada.<\/p>\n\n\n\n<p class=\"has-text-align-left\">2. A entrega de pr\u00e9mios realizar-se-\u00e1 no fim do Debate Final, juntamente com a sess\u00e3o de encerramento da Competi\u00e7\u00e3o.<\/p>\n\n\n\n<p class=\"has-text-align-left\">3. Durante a realiza\u00e7\u00e3o da Competi\u00e7\u00e3o (Con)Vencer ser\u00e1 feito o registo v\u00eddeo e fotogr\u00e1fico do evento. A participa\u00e7\u00e3o na Competi\u00e7\u00e3o pressup\u00f5e a autoriza\u00e7\u00e3o da utiliza\u00e7\u00e3o da sua imagem, por parte da ESECS e do Polit\u00e9cnico de Leiria para fins de divulga\u00e7\u00e3o e\/ou comerciais.<\/p>\n\n\n\n<p class=\"has-text-align-left\"><strong>9\u00ba &#8211; Disposi\u00e7\u00f5es finais<\/strong><\/p>\n\n\n\n<p class=\"has-text-align-left\">1. Todas as informa\u00e7\u00f5es relativas \u00e0 Competi\u00e7\u00e3o podem ser consultadas no site da ESECS.<\/p>\n\n\n\n<p class=\"has-text-align-left\">2. Qualquer d\u00favida dever\u00e1 ser remetida para o endere\u00e7o de correio<\/p>\n\n\n\n<p class=\"has-text-align-left\">eletr\u00f3nico&nbsp;<a href=\"mailto:esecs@ipleiria.pt\">esecs@ipleiria.pt<\/a><\/p>\n\n\n\n<p class=\"has-text-align-left\">3. As d\u00favidas de interpreta\u00e7\u00e3o do presente regulamento ser\u00e3o decididas pelo Diretor da ESECS.<\/p>\n","protected":false},"excerpt":{"rendered":"<p>Caso pretenda poder\u00e1 descarregar aqui o regulamento completo A Escola Superior de Educa\u00e7\u00e3o e Ci\u00eancias Sociais do Polit\u00e9cnico de Leiria (doravante apenas ESECS), procurando estimular a sua comunidade acad\u00e9mica para: &#8211; o respeito pela diversidade de opini\u00f5es, de modo a&hellip;  <\/p>\n<p class=\"more-link\"><a href=\"https:\/\/sites.ipleiria.pt\/convencer\/regulamento\/\">Continue reading <span class=\"meta-nav\">&rarr;<\/span><\/a><\/p>\n","protected":false},"author":102,"featured_media":0,"parent":0,"menu_order":0,"comment_status":"closed","ping_status":"closed","template":"","meta":{"footnotes":""},"class_list":["post-424","page","type-page","status-publish","hentry"],"_links":{"self":[{"href":"https:\/\/sites.ipleiria.pt\/convencer\/wp-json\/wp\/v2\/pages\/424","targetHints":{"allow":["GET"]}}],"collection":[{"href":"https:\/\/sites.ipleiria.pt\/convencer\/wp-json\/wp\/v2\/pages"}],"about":[{"href":"https:\/\/sites.ipleiria.pt\/convencer\/wp-json\/wp\/v2\/types\/page"}],"author":[{"embeddable":true,"href":"https:\/\/sites.ipleiria.pt\/convencer\/wp-json\/wp\/v2\/users\/102"}],"replies":[{"embeddable":true,"href":"https:\/\/sites.ipleiria.pt\/convencer\/wp-json\/wp\/v2\/comments?post=424"}],"version-history":[{"count":8,"href":"https:\/\/sites.ipleiria.pt\/convencer\/wp-json\/wp\/v2\/pages\/424\/revisions"}],"predecessor-version":[{"id":435,"href":"https:\/\/sites.ipleiria.pt\/convencer\/wp-json\/wp\/v2\/pages\/424\/revisions\/435"}],"wp:attachment":[{"href":"https:\/\/sites.ipleiria.pt\/convencer\/wp-json\/wp\/v2\/media?parent=424"}],"curies":[{"name":"wp","href":"https:\/\/api.w.org\/{rel}","templated":true}]}}