{"id":45,"date":"2021-03-04T11:24:51","date_gmt":"2021-03-04T11:24:51","guid":{"rendered":"http:\/\/sites.ipleiria.pt\/jornadaseduci\/?page_id=45"},"modified":"2022-04-19T09:33:28","modified_gmt":"2022-04-19T09:33:28","slug":"contactos","status":"publish","type":"page","link":"https:\/\/sites.ipleiria.pt\/convencer\/contactos\/","title":{"rendered":"Contactos"},"content":{"rendered":"\n<p><strong>Gest\u00e3o do evento<\/strong><br>Email: <a href=\"mailto:adelaide.ferreira@ipleiria.pt\">esecs@ipleiria.pt<\/a><br>Telefone: (+351) <a href=\"https:\/\/www.google.com\/search?client=safari&amp;rls=en&amp;q=esecs&amp;ie=UTF-8&amp;oe=UTF-8#\">244 829 400<\/a><\/p>\n\n\n\n<p>&#8212;&#8212;&#8212;&#8212;&#8212;&#8212;&#8212;&#8212;&#8212;&#8212;&#8212;&#8212;&#8212;&#8212;&#8212;&#8212;&#8212;&#8212;&#8212;&#8212;&#8212;&#8212;&#8212;&#8212;&#8212;&#8212;&#8212;&#8212;&#8212;&#8212;&#8212;&#8212;&#8212;-<\/p>\n\n\n\n<p class=\"has-medium-font-size\"><strong>LOCAL<\/strong><\/p>\n\n\n\n<p><strong>Escola Superior Educa\u00e7\u00e3o e Ci\u00eancias Sociais<br><em>Polit\u00e9cnico de Leiria<\/em><\/strong><br>Campus 1<br>Rua Dr. Jo\u00e3o Soares<br>Apartado 4045<br>2411-901 Leiria \u2013 Portugal<\/p>\n\n\n\n<p><strong>Coordenadas GPS da ESECS:<\/strong><br>N 39.739448 LATITUDE<br>W 8.811279 LONGITUDE<\/p>\n\n\n\n<p><\/p>\n\n\n\n<p><strong>Google Maps<\/strong><\/p>\n\n\n\n<div class=\"wp-block-group\"><div class=\"wp-block-group__inner-container is-layout-flow wp-block-group-is-layout-flow\">\n<figure class=\"wp-block-image size-large\"><a href=\"https:\/\/www.google.com\/maps\/place\/Polit%C3%A9cnico+de+Leiria+%2F+Escola+Superior+de+Educa%C3%A7%C3%A3o+e+Ci%C3%AAncias+Sociais+(ESECS)\/@39.739784,-8.8126137,497m\/data=!3m1!1e3!4m5!3m4!1s0xd227368623fdacd:0xdec23e871edb415f!8m2!3d39.739764!4d-8.811366?hl=pt-PT\" target=\"_blank\" rel=\"noopener\"><img loading=\"lazy\" decoding=\"async\" width=\"595\" height=\"447\" src=\"https:\/\/sites.ipleiria.pt\/jornadaseduci\/files\/2021\/03\/Untitled-1-1.png\" alt=\"\" class=\"wp-image-108\" srcset=\"https:\/\/sites.ipleiria.pt\/convencer\/files\/2021\/03\/Untitled-1-1.png 595w, https:\/\/sites.ipleiria.pt\/convencer\/files\/2021\/03\/Untitled-1-1-300x225.png 300w\" sizes=\"auto, (max-width: 595px) 100vw, 595px\" \/><\/a><\/figure>\n<\/div><\/div>\n\n\n\n<p><a rel=\"noreferrer noopener\" href=\"https:\/\/goo.gl\/maps\/3CQTiXNLfo6dqwCt9\" target=\"_blank\"><strong><span class=\"has-inline-color has-black-color\">Clique aqui para abrir o mapa<\/span><\/strong><\/a><\/p>\n","protected":false},"excerpt":{"rendered":"<p>Gest\u00e3o do eventoEmail: esecs@ipleiria.ptTelefone: (+351) 244 829 400 &#8212;&#8212;&#8212;&#8212;&#8212;&#8212;&#8212;&#8212;&#8212;&#8212;&#8212;&#8212;&#8212;&#8212;&#8212;&#8212;&#8212;&#8212;&#8212;&#8212;&#8212;&#8212;&#8212;&#8212;&#8212;&#8212;&#8212;&#8212;&#8212;&#8212;&#8212;&#8212;&#8212;- LOCAL Escola Superior Educa\u00e7\u00e3o e Ci\u00eancias SociaisPolit\u00e9cnico de LeiriaCampus 1Rua Dr. Jo\u00e3o SoaresApartado 40452411-901 Leiria \u2013 Portugal Coordenadas GPS da ESECS:N 39.739448 LATITUDEW 8.811279 LONGITUDE Google Maps Clique aqui para abrir&hellip;  <\/p>\n<p class=\"more-link\"><a href=\"https:\/\/sites.ipleiria.pt\/convencer\/contactos\/\">Continue reading <span class=\"meta-nav\">&rarr;<\/span><\/a><\/p>\n","protected":false},"author":102,"featured_media":0,"parent":0,"menu_order":0,"comment_status":"closed","ping_status":"closed","template":"","meta":{"footnotes":""},"class_list":["post-45","page","type-page","status-publish","hentry"],"_links":{"self":[{"href":"https:\/\/sites.ipleiria.pt\/convencer\/wp-json\/wp\/v2\/pages\/45","targetHints":{"allow":["GET"]}}],"collection":[{"href":"https:\/\/sites.ipleiria.pt\/convencer\/wp-json\/wp\/v2\/pages"}],"about":[{"href":"https:\/\/sites.ipleiria.pt\/convencer\/wp-json\/wp\/v2\/types\/page"}],"author":[{"embeddable":true,"href":"https:\/\/sites.ipleiria.pt\/convencer\/wp-json\/wp\/v2\/users\/102"}],"replies":[{"embeddable":true,"href":"https:\/\/sites.ipleiria.pt\/convencer\/wp-json\/wp\/v2\/comments?post=45"}],"version-history":[{"count":2,"href":"https:\/\/sites.ipleiria.pt\/convencer\/wp-json\/wp\/v2\/pages\/45\/revisions"}],"predecessor-version":[{"id":463,"href":"https:\/\/sites.ipleiria.pt\/convencer\/wp-json\/wp\/v2\/pages\/45\/revisions\/463"}],"wp:attachment":[{"href":"https:\/\/sites.ipleiria.pt\/convencer\/wp-json\/wp\/v2\/media?parent=45"}],"curies":[{"name":"wp","href":"https:\/\/api.w.org\/{rel}","templated":true}]}}