{"id":2868,"date":"2025-10-31T14:22:23","date_gmt":"2025-10-31T14:22:23","guid":{"rendered":"https:\/\/sites.ipleiria.pt\/crnec\/?page_id=2868"},"modified":"2026-04-06T19:51:34","modified_gmt":"2026-04-06T19:51:34","slug":"home","status":"publish","type":"page","link":"https:\/\/sites.ipleiria.pt\/crnec\/","title":{"rendered":"Apresenta\u00e7\u00e3o"},"content":{"rendered":"\n<p>O V Congresso da Rede Nacional em Estudos Culturais (RNEC) prop\u00f5e um espa\u00e7o de reflex\u00e3o cr\u00edtica sobre as pr\u00e1ticas culturais que moldam o presente e os horizontes futuros. Sob o tema <strong>\u201cCultura e Interven\u00e7\u00e3o: de Pr\u00e1ticas Significantes a Cen\u00e1rios Futuros\u201d<\/strong>, o encontro convida investigadores, artistas, docentes, estudantes e agentes culturais a debater os modos como a cultura atua, interv\u00e9m e projeta transforma\u00e7\u00f5es sociais. O congresso pretende mapear as din\u00e2micas culturais contempor\u00e2neas, evidenciar metodologias inovadoras e abrir espa\u00e7o para discuss\u00f5es que atravessam a cultura visual, os media, as artes, a interven\u00e7\u00e3o comunit\u00e1ria, as pedagogias cr\u00edticas, os estudos de tend\u00eancias culturais, as pol\u00edticas culturais e os futuros poss\u00edveis. Interessa-nos compreender como pr\u00e1ticas significantes, simb\u00f3licas, est\u00e9ticas, pol\u00edticas, educativas ou performativas participam na constru\u00e7\u00e3o de novas gram\u00e1ticas culturais e na imagina\u00e7\u00e3o de futuros socialmente relevantes. O V Congresso RNEC pretende consolidar-se como um espa\u00e7o de di\u00e1logo aberto, interdisciplinar e plural, refor\u00e7ando a relev\u00e2ncia p\u00fablica dos Estudos Culturais em Portugal e na Europa. Nesse sentido, convidam-se propostas de comunica\u00e7\u00e3o que dialoguem com os seguintes <a href=\"https:\/\/sites.ipleiria.pt\/crnec\/call-for-communications\/\" data-type=\"link\" data-id=\"https:\/\/sites.ipleiria.pt\/crnec\/call-for-communications\/\">eixos tem\u00e1ticos<\/a>:<\/p>\n\n\n\n<ul class=\"wp-block-list\">\n<li><strong>Pr\u00e1ticas Significantes e Produ\u00e7\u00e3o de Sentido<\/strong><\/li>\n\n\n\n<li><strong>Media, Digitalidade e Transforma\u00e7\u00f5es Culturais<\/strong><\/li>\n\n\n\n<li><strong>Cultura Visual, Imagem e Configura\u00e7\u00f5es do Presente<\/strong><\/li>\n\n\n\n<li><strong>Pol\u00edticas Culturais e Din\u00e2micas Coletivas<\/strong><\/li>\n\n\n\n<li><strong>Interculturalidades, Hegemonias e Resist\u00eancias<\/strong><\/li>\n\n\n\n<li><strong>Identidades e Circula\u00e7\u00f5es Culturais no espa\u00e7o Lus\u00f3fono<\/strong><\/li>\n\n\n\n<li><strong>Representa\u00e7\u00f5es de G\u00e9nero e Perspetivas Interseccionais<\/strong><\/li>\n\n\n\n<li><strong>Educa\u00e7\u00e3o, Cultura e Processos de Transforma\u00e7\u00e3o<\/strong><\/li>\n\n\n\n<li><strong>Corpo, Artes, Performance e Modos de Interven\u00e7\u00e3o<\/strong><\/li>\n\n\n\n<li><strong>Mem\u00f3ria, Patrim\u00f3nio e Reconfigura\u00e7\u00e3o Social<\/strong><\/li>\n\n\n\n<li><strong>Tend\u00eancias Culturais e Cen\u00e1rios Futuros<\/strong><\/li>\n<\/ul>\n\n\n\n<p><\/p>\n\n\n\n<p>Organiza\u00e7\u00e3o:<\/p>\n\n\n\n<figure class=\"wp-block-image size-large\"><img loading=\"lazy\" decoding=\"async\" width=\"1024\" height=\"116\" src=\"https:\/\/sites.ipleiria.pt\/crnec\/files\/2026\/02\/Screenshot-2026-02-13-at-16.42.56-1024x116.png\" alt=\"\" class=\"wp-image-3032\" srcset=\"https:\/\/sites.ipleiria.pt\/crnec\/files\/2026\/02\/Screenshot-2026-02-13-at-16.42.56-1024x116.png 1024w, https:\/\/sites.ipleiria.pt\/crnec\/files\/2026\/02\/Screenshot-2026-02-13-at-16.42.56-300x34.png 300w, https:\/\/sites.ipleiria.pt\/crnec\/files\/2026\/02\/Screenshot-2026-02-13-at-16.42.56-768x87.png 768w, https:\/\/sites.ipleiria.pt\/crnec\/files\/2026\/02\/Screenshot-2026-02-13-at-16.42.56-1536x174.png 1536w, https:\/\/sites.ipleiria.pt\/crnec\/files\/2026\/02\/Screenshot-2026-02-13-at-16.42.56-2048x232.png 2048w\" sizes=\"auto, (max-width: 706px) 89vw, (max-width: 767px) 82vw, 740px\" \/><\/figure>\n\n\n\n<p><\/p>\n\n\n\n<p>Rede Nacional em Estudos Culturais:<\/p>\n\n\n\n<figure class=\"wp-block-image size-large\"><img loading=\"lazy\" decoding=\"async\" width=\"1024\" height=\"125\" src=\"https:\/\/sites.ipleiria.pt\/crnec\/files\/2026\/02\/Screenshot-2026-02-04-at-16.51.30-1024x125.png\" alt=\"\" class=\"wp-image-2999\" srcset=\"https:\/\/sites.ipleiria.pt\/crnec\/files\/2026\/02\/Screenshot-2026-02-04-at-16.51.30-1024x125.png 1024w, https:\/\/sites.ipleiria.pt\/crnec\/files\/2026\/02\/Screenshot-2026-02-04-at-16.51.30-300x37.png 300w, https:\/\/sites.ipleiria.pt\/crnec\/files\/2026\/02\/Screenshot-2026-02-04-at-16.51.30-768x94.png 768w, https:\/\/sites.ipleiria.pt\/crnec\/files\/2026\/02\/Screenshot-2026-02-04-at-16.51.30.png 1256w\" sizes=\"auto, (max-width: 706px) 89vw, (max-width: 767px) 82vw, 740px\" \/><\/figure>\n\n\n\n<figure class=\"wp-block-image size-large\"><img loading=\"lazy\" decoding=\"async\" width=\"1024\" height=\"125\" src=\"https:\/\/sites.ipleiria.pt\/crnec\/files\/2026\/02\/Screenshot-2026-02-04-at-16.51.20-1024x125.png\" alt=\"\" class=\"wp-image-3000\" srcset=\"https:\/\/sites.ipleiria.pt\/crnec\/files\/2026\/02\/Screenshot-2026-02-04-at-16.51.20-1024x125.png 1024w, https:\/\/sites.ipleiria.pt\/crnec\/files\/2026\/02\/Screenshot-2026-02-04-at-16.51.20-300x37.png 300w, https:\/\/sites.ipleiria.pt\/crnec\/files\/2026\/02\/Screenshot-2026-02-04-at-16.51.20-768x94.png 768w, https:\/\/sites.ipleiria.pt\/crnec\/files\/2026\/02\/Screenshot-2026-02-04-at-16.51.20.png 1256w\" sizes=\"auto, (max-width: 706px) 89vw, (max-width: 767px) 82vw, 740px\" \/><\/figure>\n\n\n\n<figure class=\"wp-block-image size-large\"><img loading=\"lazy\" decoding=\"async\" width=\"1024\" height=\"125\" src=\"https:\/\/sites.ipleiria.pt\/crnec\/files\/2026\/02\/Screenshot-2026-02-04-at-16.51.05-1024x125.png\" alt=\"\" class=\"wp-image-3002\" srcset=\"https:\/\/sites.ipleiria.pt\/crnec\/files\/2026\/02\/Screenshot-2026-02-04-at-16.51.05-1024x125.png 1024w, https:\/\/sites.ipleiria.pt\/crnec\/files\/2026\/02\/Screenshot-2026-02-04-at-16.51.05-300x37.png 300w, https:\/\/sites.ipleiria.pt\/crnec\/files\/2026\/02\/Screenshot-2026-02-04-at-16.51.05-768x94.png 768w, https:\/\/sites.ipleiria.pt\/crnec\/files\/2026\/02\/Screenshot-2026-02-04-at-16.51.05.png 1256w\" sizes=\"auto, (max-width: 706px) 89vw, (max-width: 767px) 82vw, 740px\" \/><\/figure>\n\n\n\n<p>Rede Europeia em Estudos Culturais:<\/p>\n\n\n\n<div class=\"wp-block-group is-nowrap is-layout-flex wp-container-core-group-is-layout-1 wp-block-group-is-layout-flex\">\n<figure class=\"wp-block-image size-full is-resized\"><img loading=\"lazy\" decoding=\"async\" width=\"236\" height=\"480\" src=\"https:\/\/sites.ipleiria.pt\/crnec\/files\/2026\/03\/logo-SU-ENG-vertical-no-background.png\" alt=\"\" class=\"wp-image-3175\" style=\"width:55px;height:auto\" srcset=\"https:\/\/sites.ipleiria.pt\/crnec\/files\/2026\/03\/logo-SU-ENG-vertical-no-background.png 236w, https:\/\/sites.ipleiria.pt\/crnec\/files\/2026\/03\/logo-SU-ENG-vertical-no-background-148x300.png 148w\" sizes=\"auto, (max-width: 236px) 100vw, 236px\" \/><\/figure>\n\n\n\n<figure class=\"wp-block-image size-full is-resized\"><img loading=\"lazy\" decoding=\"async\" width=\"866\" height=\"334\" src=\"https:\/\/sites.ipleiria.pt\/crnec\/files\/2026\/04\/LogoUnil-BlueSignature-2025.png\" alt=\"\" class=\"wp-image-3252\" style=\"width:175px;height:auto\" srcset=\"https:\/\/sites.ipleiria.pt\/crnec\/files\/2026\/04\/LogoUnil-BlueSignature-2025.png 866w, https:\/\/sites.ipleiria.pt\/crnec\/files\/2026\/04\/LogoUnil-BlueSignature-2025-300x116.png 300w, https:\/\/sites.ipleiria.pt\/crnec\/files\/2026\/04\/LogoUnil-BlueSignature-2025-768x296.png 768w\" sizes=\"auto, (max-width: 706px) 89vw, (max-width: 767px) 82vw, 740px\" \/><\/figure>\n\n\n\n<figure class=\"wp-block-image size-large is-resized\"><img loading=\"lazy\" decoding=\"async\" width=\"1024\" height=\"311\" src=\"https:\/\/sites.ipleiria.pt\/crnec\/files\/2026\/04\/UOSLogo_Primary_Violet_RGB-1024x311.png\" alt=\"\" class=\"wp-image-3253\" style=\"width:140px;height:auto\" srcset=\"https:\/\/sites.ipleiria.pt\/crnec\/files\/2026\/04\/UOSLogo_Primary_Violet_RGB-1024x311.png 1024w, https:\/\/sites.ipleiria.pt\/crnec\/files\/2026\/04\/UOSLogo_Primary_Violet_RGB-300x91.png 300w, https:\/\/sites.ipleiria.pt\/crnec\/files\/2026\/04\/UOSLogo_Primary_Violet_RGB-768x233.png 768w, https:\/\/sites.ipleiria.pt\/crnec\/files\/2026\/04\/UOSLogo_Primary_Violet_RGB.png 1500w\" sizes=\"auto, (max-width: 706px) 89vw, (max-width: 767px) 82vw, 740px\" \/><\/figure>\n<\/div>\n\n\n\n<p class=\"has-small-font-size\">De Montfort University | UNINT Roma | Universitat Aut\u00f2noma de Barcelona | Universitat Pompeu Fabra Barcelona | University of Lodz | University of Twente<\/p>\n\n\n\n<p><\/p>\n","protected":false},"excerpt":{"rendered":"<p>O V Congresso da Rede Nacional em Estudos Culturais (RNEC) prop\u00f5e um espa\u00e7o de reflex\u00e3o cr\u00edtica sobre as pr\u00e1ticas culturais que moldam o presente e os horizontes futuros. Sob o tema \u201cCultura e Interven\u00e7\u00e3o: de Pr\u00e1ticas Significantes a Cen\u00e1rios Futuros\u201d, o encontro convida investigadores, artistas, docentes, estudantes e agentes culturais a debater os modos como &hellip; <\/p>\n<p class=\"link-more\"><a href=\"https:\/\/sites.ipleiria.pt\/crnec\/\" class=\"more-link\">Continuar a ler <span class=\"screen-reader-text\">&#8220;Apresenta\u00e7\u00e3o&#8221;<\/span><\/a><\/p>\n","protected":false},"author":102,"featured_media":0,"parent":0,"menu_order":0,"comment_status":"closed","ping_status":"closed","template":"","meta":{"footnotes":""},"class_list":["post-2868","page","type-page","status-publish","hentry"],"_links":{"self":[{"href":"https:\/\/sites.ipleiria.pt\/crnec\/wp-json\/wp\/v2\/pages\/2868","targetHints":{"allow":["GET"]}}],"collection":[{"href":"https:\/\/sites.ipleiria.pt\/crnec\/wp-json\/wp\/v2\/pages"}],"about":[{"href":"https:\/\/sites.ipleiria.pt\/crnec\/wp-json\/wp\/v2\/types\/page"}],"author":[{"embeddable":true,"href":"https:\/\/sites.ipleiria.pt\/crnec\/wp-json\/wp\/v2\/users\/102"}],"replies":[{"embeddable":true,"href":"https:\/\/sites.ipleiria.pt\/crnec\/wp-json\/wp\/v2\/comments?post=2868"}],"version-history":[{"count":33,"href":"https:\/\/sites.ipleiria.pt\/crnec\/wp-json\/wp\/v2\/pages\/2868\/revisions"}],"predecessor-version":[{"id":3255,"href":"https:\/\/sites.ipleiria.pt\/crnec\/wp-json\/wp\/v2\/pages\/2868\/revisions\/3255"}],"wp:attachment":[{"href":"https:\/\/sites.ipleiria.pt\/crnec\/wp-json\/wp\/v2\/media?parent=2868"}],"curies":[{"name":"wp","href":"https:\/\/api.w.org\/{rel}","templated":true}]}}