{"id":2879,"date":"2025-10-31T14:47:26","date_gmt":"2025-10-31T14:47:26","guid":{"rendered":"https:\/\/sites.ipleiria.pt\/crnec\/?page_id=2879"},"modified":"2026-03-04T12:38:47","modified_gmt":"2026-03-04T12:38:47","slug":"key-dates","status":"publish","type":"page","link":"https:\/\/sites.ipleiria.pt\/crnec\/key-dates\/","title":{"rendered":"Datas e Local"},"content":{"rendered":"\n<p>O congresso decorrer\u00e1 em formato presencial, promovendo o encontro e o debate acad\u00e9mico entre investigadores e participantes.<\/p>\n\n\n\n<div class=\"wp-block-group is-nowrap is-layout-flex wp-container-core-group-is-layout-1 wp-block-group-is-layout-flex\">\n<h2 class=\"wp-block-heading has-medium-font-size\"><strong>02 de julho de 2026<\/strong> | 5\u00aa feira<\/h2>\n<\/div>\n\n\n\n<div class=\"wp-block-columns is-layout-flex wp-container-core-columns-is-layout-1 wp-block-columns-is-layout-flex\">\n<div class=\"wp-block-column is-layout-flow wp-block-column-is-layout-flow\" style=\"flex-basis:33.34%\">\n<p>\ud83c\udff0 Castelo de Leiria<\/p>\n<\/div>\n\n\n\n<div class=\"wp-block-column is-layout-flow wp-block-column-is-layout-flow\" style=\"flex-basis:33.34%\">\n<p>Endere\u00e7o: <a href=\"https:\/\/www.google.com\/maps\/place\/\/data=!4m2!3m1!1s0xd22736b7b3b4249:0x17a07e00c42a8333?sa=X&amp;ved=1t:8290&amp;ictx=111\">Largo de S\u00e3o Pedro, 2400-235 Leiria<\/a><\/p>\n<\/div>\n<\/div>\n\n\n\n<h2 class=\"wp-block-heading has-medium-font-size\"><strong>03 de julho de 2026 <\/strong>| 6\u00aa feira<span style=\"letter-spacing: -0.3px\">&nbsp;<\/span><\/h2>\n\n\n\n<div class=\"wp-block-columns is-layout-flex wp-container-core-columns-is-layout-2 wp-block-columns-is-layout-flex\">\n<div class=\"wp-block-column is-layout-flow wp-block-column-is-layout-flow\" style=\"flex-basis:33.34%\">\n<p>\ud83c\udfeb <strong>Escola Superior de Educa\u00e7\u00e3o e Ci\u00eancias Sociais<\/strong> do Instituto Polit\u00e9cnico de Leiria<\/p>\n<\/div>\n\n\n\n<div class=\"wp-block-column is-layout-flow wp-block-column-is-layout-flow\" style=\"flex-basis:33.34%\">\n<p>Endere\u00e7o: <a href=\"https:\/\/www.google.com\/maps\/place\/\/data=!4m2!3m1!1s0xd227368623fdacd:0xdec23e871edb415f?sa=X&amp;ved=1t:8290&amp;ictx=111\">Campus 1, R. Dr. Jo\u00e3o Soares Apt 4045, 2411-901 Leiria<\/a><\/p>\n<\/div>\n<\/div>\n\n\n\n<p><\/p>\n\n\n\n<div class=\"wp-block-cover\"><span aria-hidden=\"true\" class=\"wp-block-cover__background has-background-dim\"><\/span><img loading=\"lazy\" decoding=\"async\" width=\"1024\" height=\"526\" class=\"wp-block-cover__image-background wp-image-2982\" alt=\"\" src=\"https:\/\/sites.ipleiria.pt\/crnec\/files\/2026\/02\/image-1-1024x526.png\" data-object-fit=\"cover\" srcset=\"https:\/\/sites.ipleiria.pt\/crnec\/files\/2026\/02\/image-1-1024x526.png 1024w, https:\/\/sites.ipleiria.pt\/crnec\/files\/2026\/02\/image-1-300x154.png 300w, https:\/\/sites.ipleiria.pt\/crnec\/files\/2026\/02\/image-1-768x395.png 768w, https:\/\/sites.ipleiria.pt\/crnec\/files\/2026\/02\/image-1.png 1434w\" sizes=\"auto, (max-width: 706px) 89vw, (max-width: 767px) 82vw, 740px\" \/><div class=\"wp-block-cover__inner-container is-layout-flow wp-block-cover-is-layout-flow\">\n<p class=\"has-text-align-center has-large-font-size\">Castelo de Leiria<\/p>\n<\/div><\/div>\n\n\n\n<div class=\"wp-block-group is-nowrap is-layout-flex wp-container-core-group-is-layout-2 wp-block-group-is-layout-flex\">\n<div class=\"wp-block-cover\" style=\"min-height:449px;aspect-ratio:unset;\"><span aria-hidden=\"true\" class=\"wp-block-cover__background has-background-dim\"><\/span><img loading=\"lazy\" decoding=\"async\" width=\"500\" height=\"328\" class=\"wp-block-cover__image-background wp-image-2981\" alt=\"\" src=\"https:\/\/sites.ipleiria.pt\/crnec\/files\/2026\/02\/image.png\" data-object-fit=\"cover\" srcset=\"https:\/\/sites.ipleiria.pt\/crnec\/files\/2026\/02\/image.png 500w, https:\/\/sites.ipleiria.pt\/crnec\/files\/2026\/02\/image-300x197.png 300w\" sizes=\"auto, (max-width: 500px) 100vw, 500px\" \/><div class=\"wp-block-cover__inner-container is-layout-flow wp-block-cover-is-layout-flow\">\n<p class=\"has-text-align-center has-large-font-size\">Escola Superior de Educa\u00e7\u00e3o e Ci\u00eancias Sociais do Polit\u00e9cnico de Leiria<\/p>\n<\/div><\/div>\n<\/div>\n\n\n\n<figure class=\"wp-block-image size-large\"><img loading=\"lazy\" decoding=\"async\" width=\"724\" height=\"1024\" src=\"https:\/\/sites.ipleiria.pt\/crnec\/files\/2026\/03\/poster-rnec-leiria-2026-1-724x1024.jpg\" alt=\"\" class=\"wp-image-3106\" srcset=\"https:\/\/sites.ipleiria.pt\/crnec\/files\/2026\/03\/poster-rnec-leiria-2026-1-724x1024.jpg 724w, https:\/\/sites.ipleiria.pt\/crnec\/files\/2026\/03\/poster-rnec-leiria-2026-1-212x300.jpg 212w, https:\/\/sites.ipleiria.pt\/crnec\/files\/2026\/03\/poster-rnec-leiria-2026-1-768x1086.jpg 768w, https:\/\/sites.ipleiria.pt\/crnec\/files\/2026\/03\/poster-rnec-leiria-2026-1-1086x1536.jpg 1086w, https:\/\/sites.ipleiria.pt\/crnec\/files\/2026\/03\/poster-rnec-leiria-2026-1-1449x2048.jpg 1449w, https:\/\/sites.ipleiria.pt\/crnec\/files\/2026\/03\/poster-rnec-leiria-2026-1-scaled.jpg 1811w\" sizes=\"auto, (max-width: 724px) 100vw, 724px\" \/><\/figure>\n","protected":false},"excerpt":{"rendered":"<p>O congresso decorrer\u00e1 em formato presencial, promovendo o encontro e o debate acad\u00e9mico entre investigadores e participantes. 02 de julho de 2026 | 5\u00aa feira \ud83c\udff0 Castelo de Leiria Endere\u00e7o: Largo de S\u00e3o Pedro, 2400-235 Leiria 03 de julho de 2026 | 6\u00aa feira&nbsp; \ud83c\udfeb Escola Superior de Educa\u00e7\u00e3o e Ci\u00eancias Sociais do Instituto Polit\u00e9cnico &hellip; <\/p>\n<p class=\"link-more\"><a href=\"https:\/\/sites.ipleiria.pt\/crnec\/key-dates\/\" class=\"more-link\">Continuar a ler <span class=\"screen-reader-text\">&#8220;Datas e Local&#8221;<\/span><\/a><\/p>\n","protected":false},"author":102,"featured_media":0,"parent":0,"menu_order":0,"comment_status":"closed","ping_status":"closed","template":"","meta":{"footnotes":""},"class_list":["post-2879","page","type-page","status-publish","hentry"],"_links":{"self":[{"href":"https:\/\/sites.ipleiria.pt\/crnec\/wp-json\/wp\/v2\/pages\/2879","targetHints":{"allow":["GET"]}}],"collection":[{"href":"https:\/\/sites.ipleiria.pt\/crnec\/wp-json\/wp\/v2\/pages"}],"about":[{"href":"https:\/\/sites.ipleiria.pt\/crnec\/wp-json\/wp\/v2\/types\/page"}],"author":[{"embeddable":true,"href":"https:\/\/sites.ipleiria.pt\/crnec\/wp-json\/wp\/v2\/users\/102"}],"replies":[{"embeddable":true,"href":"https:\/\/sites.ipleiria.pt\/crnec\/wp-json\/wp\/v2\/comments?post=2879"}],"version-history":[{"count":13,"href":"https:\/\/sites.ipleiria.pt\/crnec\/wp-json\/wp\/v2\/pages\/2879\/revisions"}],"predecessor-version":[{"id":3107,"href":"https:\/\/sites.ipleiria.pt\/crnec\/wp-json\/wp\/v2\/pages\/2879\/revisions\/3107"}],"wp:attachment":[{"href":"https:\/\/sites.ipleiria.pt\/crnec\/wp-json\/wp\/v2\/media?parent=2879"}],"curies":[{"name":"wp","href":"https:\/\/api.w.org\/{rel}","templated":true}]}}