{"id":3123,"date":"2026-03-04T16:56:47","date_gmt":"2026-03-04T16:56:47","guid":{"rendered":"https:\/\/sites.ipleiria.pt\/crnec\/?page_id=3123"},"modified":"2026-03-17T16:59:03","modified_gmt":"2026-03-17T16:59:03","slug":"committees","status":"publish","type":"page","link":"https:\/\/sites.ipleiria.pt\/crnec\/en-us\/committees\/","title":{"rendered":"Committees"},"content":{"rendered":"\n<h2 class=\"wp-block-heading\">Organising Committee<\/h2>\n\n\n\n<ul class=\"wp-block-list\">\n<li>Jenny Gil Sousa (Instituto Polit\u00e9cnico de Leiria)<\/li>\n\n\n\n<li>William Afonso Cant\u00fa (Instituto Polit\u00e9cnico de Leiria)<\/li>\n<\/ul>\n\n\n\n<h2 class=\"wp-block-heading\">Comiss\u00e3o Cient\u00edfica<\/h2>\n\n\n\n<ul class=\"wp-block-list\">\n<li>Alexandre Almeida (Universidade de Aveiro)<\/li>\n\n\n\n<li>Arnau Roig Mora (Universitat Pompeu Fabra Barcelona)<\/li>\n\n\n\n<li>Carina Cerqueira (Instituto Polit\u00e9cnico do Porto &#8211; ISCAP)<\/li>\n\n\n\n<li>Carla Cerqueira (Universidade Lus\u00f3fona)<\/li>\n\n\n\n<li>Carlos Guardado da Silva (Universidade de Lisboa)<\/li>\n\n\n\n<li>Carmen M Ramos Villar (University of Sheffield, Inglaterra)<\/li>\n\n\n\n<li>Clara Sarmento (Instituto Polit\u00e9cnico do Porto &#8211; ISCAP)<\/li>\n\n\n\n<li>Diana Gon\u00e7alves (Universidade Cat\u00f3lica Portuguesa)<\/li>\n\n\n\n<li>Eduarda Raba\u00e7al (Universidade Portucalense)<\/li>\n\n\n\n<li>Fernando Alberto Torres Moreira (Universidade de Tr\u00e1s-os-Montes e Alto Douro)<\/li>\n\n\n\n<li>Gabriela Borges (Universidade do Algarve)<\/li>\n\n\n\n<li>Isabel Capeloa Gil (Universidade Cat\u00f3lica Portuguesa)<\/li>\n\n\n\n<li>Isabel Macedo (Universidade do Minho)<\/li>\n\n\n\n<li>Isabel Maria Marinho Vaz de Freitas (Universidade Portucalense)<\/li>\n\n\n\n<li>Isis Giraldo (Faculty of Arts, University of Lausanne)<\/li>\n\n\n\n<li>Jenny Sousa (Instituto Polit\u00e9cnico de Leiria)<\/li>\n\n\n\n<li>Letizia Chiappini (University of Twente)<\/li>\n\n\n\n<li>Lu\u00edsa Antunes Paolinelli (Universidade da Madeira)<\/li>\n\n\n\n<li>Maria da Luz Correia (Universidade dos A\u00e7ores)<\/li>\n\n\n\n<li>Maria Leonor Sampaio Silva (Universidade dos A\u00e7ores)<\/li>\n\n\n\n<li>Maria Manuel Baptista (Universidade de Aveiro)<\/li>\n\n\n\n<li>Mariagrazia Russo (UNINT Roma)<\/li>\n\n\n\n<li>Marek Wojtaszek (University of Lodz)<\/li>\n\n\n\n<li>Mirian Nogueira Tavares (Universidade do Algarve)<\/li>\n\n\n\n<li>Mois\u00e9s de Lemos Martins (Universidade Lus\u00f3fona)<\/li>\n\n\n\n<li>Nelson Pinheiro (Universidade de Lisboa)<\/li>\n\n\n\n<li>N\u00faria Simelio Sol\u00e0 (Universitat Aut\u00f2noma de Barcelona)<\/li>\n\n\n\n<li>Orqu\u00eddea Ribeiro (Universidade de Tr\u00e1s-os-Montes e Alto Douro)<\/li>\n\n\n\n<li>Rita Himmel (Universidade de Aveiro)<\/li>\n\n\n\n<li>Rosa Cabecinhas (Universidade do Minho)<\/li>\n\n\n\n<li>Rui Gr\u00e1cio (Universidade de Aveiro)<\/li>\n\n\n\n<li>Sonia Mileva (Sofia University \u201cSt. Kliment Ohridski\u201d)<\/li>\n\n\n\n<li>Tijana Raki\u0107 (De Montfort University &#8211; UK)<\/li>\n\n\n\n<li>William Cant\u00fa (Instituto Polit\u00e9cnico de Leiria)<\/li>\n<\/ul>\n","protected":false},"excerpt":{"rendered":"<p>Organising Committee Comiss\u00e3o Cient\u00edfica<\/p>\n","protected":false},"author":102,"featured_media":0,"parent":0,"menu_order":0,"comment_status":"closed","ping_status":"closed","template":"","meta":{"footnotes":""},"class_list":["post-3123","page","type-page","status-publish","hentry"],"_links":{"self":[{"href":"https:\/\/sites.ipleiria.pt\/crnec\/wp-json\/wp\/v2\/pages\/3123","targetHints":{"allow":["GET"]}}],"collection":[{"href":"https:\/\/sites.ipleiria.pt\/crnec\/wp-json\/wp\/v2\/pages"}],"about":[{"href":"https:\/\/sites.ipleiria.pt\/crnec\/wp-json\/wp\/v2\/types\/page"}],"author":[{"embeddable":true,"href":"https:\/\/sites.ipleiria.pt\/crnec\/wp-json\/wp\/v2\/users\/102"}],"replies":[{"embeddable":true,"href":"https:\/\/sites.ipleiria.pt\/crnec\/wp-json\/wp\/v2\/comments?post=3123"}],"version-history":[{"count":4,"href":"https:\/\/sites.ipleiria.pt\/crnec\/wp-json\/wp\/v2\/pages\/3123\/revisions"}],"predecessor-version":[{"id":3222,"href":"https:\/\/sites.ipleiria.pt\/crnec\/wp-json\/wp\/v2\/pages\/3123\/revisions\/3222"}],"wp:attachment":[{"href":"https:\/\/sites.ipleiria.pt\/crnec\/wp-json\/wp\/v2\/media?parent=3123"}],"curies":[{"name":"wp","href":"https:\/\/api.w.org\/{rel}","templated":true}]}}