{"id":3125,"date":"2026-03-04T16:57:32","date_gmt":"2026-03-04T16:57:32","guid":{"rendered":"https:\/\/sites.ipleiria.pt\/crnec\/?page_id=3125"},"modified":"2026-03-04T21:08:26","modified_gmt":"2026-03-04T21:08:26","slug":"dates-and-venue","status":"publish","type":"page","link":"https:\/\/sites.ipleiria.pt\/crnec\/en-us\/dates-and-venue\/","title":{"rendered":"Dates and Venue"},"content":{"rendered":"\n<p>The congress will take place&nbsp;in person, promoting academic exchange and debate among researchers and participants.<\/p>\n\n\n\n<div class=\"wp-block-group is-nowrap is-layout-flex wp-container-core-group-is-layout-1 wp-block-group-is-layout-flex\">\n<h3 class=\"wp-block-heading\"><strong>2 July 2026 <\/strong>| Thursday<\/h3>\n<\/div>\n\n\n\n<p>\ud83c\udff0 Castelo de Leiria<\/p>\n\n\n\n<p>Address:\u00a0<a href=\"https:\/\/www.google.com\/maps\/place\/\/data=!4m2!3m1!1s0xd22736b7b3b4249:0x17a07e00c42a8333?sa=X&amp;ved=1t:8290&amp;ictx=111\">Largo de S\u00e3o Pedro, 2400-235 Leiria<\/a><\/p>\n\n\n\n<h3 class=\"wp-block-heading\"><strong>3 July 2026 <\/strong>| Friday<\/h3>\n\n\n\n<p>\ud83c\udfeb&nbsp;<strong>Escola Superior de Educa\u00e7\u00e3o e Ci\u00eancias Sociais<\/strong>&nbsp;do Instituto Polit\u00e9cnico de Leiria<\/p>\n\n\n\n<p>Address:\u00a0<a href=\"https:\/\/www.google.com\/maps\/place\/\/data=!4m2!3m1!1s0xd227368623fdacd:0xdec23e871edb415f?sa=X&amp;ved=1t:8290&amp;ictx=111\">Campus 1, R. Dr. Jo\u00e3o Soares Apt 4045, 2411-901 Leiria<\/a><\/p>\n\n\n\n<div class=\"wp-block-cover\"><span aria-hidden=\"true\" class=\"wp-block-cover__background has-background-dim\"><\/span><img decoding=\"async\" class=\"wp-block-cover__image-background\" alt=\"\" src=\"https:\/\/sites.ipleiria.pt\/crnec\/files\/2026\/02\/image-1.png\" data-object-fit=\"cover\" \/><div class=\"wp-block-cover__inner-container is-layout-flow wp-block-cover-is-layout-flow\">\n<p class=\"has-text-align-center has-large-font-size\">Leiria Castle<\/p>\n<\/div><\/div>\n\n\n\n<div class=\"wp-block-cover\"><span aria-hidden=\"true\" class=\"wp-block-cover__background has-background-dim\"><\/span><img decoding=\"async\" class=\"wp-block-cover__image-background\" alt=\"\" src=\"https:\/\/sites.ipleiria.pt\/crnec\/files\/2026\/02\/image.png\" data-object-fit=\"cover\" \/><div class=\"wp-block-cover__inner-container is-layout-flow wp-block-cover-is-layout-flow\">\n<p class=\"has-text-align-center has-large-font-size\">Escola Superior de Educa\u00e7\u00e3o e Ci\u00eancias Sociais do Polit\u00e9cnico de Leiria<\/p>\n<\/div><\/div>\n\n\n\n<p><\/p>\n\n\n\n<figure class=\"wp-block-image\"><img loading=\"lazy\" decoding=\"async\" width=\"724\" height=\"1024\" src=\"https:\/\/sites.ipleiria.pt\/crnec\/files\/2026\/03\/poster-rnec-leiria-2026-1-724x1024.jpg\" alt=\"\" class=\"wp-image-3106\" srcset=\"https:\/\/sites.ipleiria.pt\/crnec\/files\/2026\/03\/poster-rnec-leiria-2026-1-724x1024.jpg 724w, https:\/\/sites.ipleiria.pt\/crnec\/files\/2026\/03\/poster-rnec-leiria-2026-1-212x300.jpg 212w, https:\/\/sites.ipleiria.pt\/crnec\/files\/2026\/03\/poster-rnec-leiria-2026-1-768x1086.jpg 768w, https:\/\/sites.ipleiria.pt\/crnec\/files\/2026\/03\/poster-rnec-leiria-2026-1-1086x1536.jpg 1086w, https:\/\/sites.ipleiria.pt\/crnec\/files\/2026\/03\/poster-rnec-leiria-2026-1-1449x2048.jpg 1449w, https:\/\/sites.ipleiria.pt\/crnec\/files\/2026\/03\/poster-rnec-leiria-2026-1-scaled.jpg 1811w\" sizes=\"auto, (max-width: 724px) 100vw, 724px\" \/><\/figure>\n","protected":false},"excerpt":{"rendered":"<p>The congress will take place&nbsp;in person, promoting academic exchange and debate among researchers and participants. 2 July 2026 | Thursday \ud83c\udff0 Castelo de Leiria Address:\u00a0Largo de S\u00e3o Pedro, 2400-235 Leiria 3 July 2026 | Friday \ud83c\udfeb&nbsp;Escola Superior de Educa\u00e7\u00e3o e Ci\u00eancias Sociais&nbsp;do Instituto Polit\u00e9cnico de Leiria Address:\u00a0Campus 1, R. Dr. Jo\u00e3o Soares Apt 4045, 2411-901 &hellip; <\/p>\n<p class=\"link-more\"><a href=\"https:\/\/sites.ipleiria.pt\/crnec\/en-us\/dates-and-venue\/\" class=\"more-link\">Continuar a ler <span class=\"screen-reader-text\">&#8220;Dates and Venue&#8221;<\/span><\/a><\/p>\n","protected":false},"author":102,"featured_media":0,"parent":0,"menu_order":0,"comment_status":"closed","ping_status":"closed","template":"","meta":{"footnotes":""},"class_list":["post-3125","page","type-page","status-publish","hentry"],"_links":{"self":[{"href":"https:\/\/sites.ipleiria.pt\/crnec\/wp-json\/wp\/v2\/pages\/3125","targetHints":{"allow":["GET"]}}],"collection":[{"href":"https:\/\/sites.ipleiria.pt\/crnec\/wp-json\/wp\/v2\/pages"}],"about":[{"href":"https:\/\/sites.ipleiria.pt\/crnec\/wp-json\/wp\/v2\/types\/page"}],"author":[{"embeddable":true,"href":"https:\/\/sites.ipleiria.pt\/crnec\/wp-json\/wp\/v2\/users\/102"}],"replies":[{"embeddable":true,"href":"https:\/\/sites.ipleiria.pt\/crnec\/wp-json\/wp\/v2\/comments?post=3125"}],"version-history":[{"count":5,"href":"https:\/\/sites.ipleiria.pt\/crnec\/wp-json\/wp\/v2\/pages\/3125\/revisions"}],"predecessor-version":[{"id":3169,"href":"https:\/\/sites.ipleiria.pt\/crnec\/wp-json\/wp\/v2\/pages\/3125\/revisions\/3169"}],"wp:attachment":[{"href":"https:\/\/sites.ipleiria.pt\/crnec\/wp-json\/wp\/v2\/media?parent=3125"}],"curies":[{"name":"wp","href":"https:\/\/api.w.org\/{rel}","templated":true}]}}