{"id":3234,"date":"2026-04-04T14:29:00","date_gmt":"2026-04-04T14:29:00","guid":{"rendered":"https:\/\/sites.ipleiria.pt\/crnec\/?page_id=3234"},"modified":"2026-04-04T18:44:43","modified_gmt":"2026-04-04T18:44:43","slug":"alojamento","status":"publish","type":"page","link":"https:\/\/sites.ipleiria.pt\/crnec\/alojamento\/","title":{"rendered":"Alojamento"},"content":{"rendered":"\n<p><strong>Sugest\u00e3o de alojamento<\/strong><\/p>\n\n\n\n<p>Para os participantes que pretendam ficar alojados em Leiria durante os dias do Congresso, sugerimos o <strong>Hotel Eurosol Leiria<\/strong> <strong>&amp; Jardim***<\/strong> , parceiro do evento, situado em zona central e com acesso conveniente \u00e0 cidade. Este hotel encontra-se pr\u00f3ximo da ESECS &#8211; Polit\u00e9cnico de Leiria, com uma dist\u00e2ncia aproximada de 7 minutos a p\u00e9 da escola, disponibilizando estacionamento.<\/p>\n\n\n\n<ul class=\"wp-block-list\">\n<li>Hotel Eurosol Leiria &amp; Jardim***<\/li>\n\n\n\n<li>Rua D. Jos\u00e9 Alves Correia da Silva, 2410-117 Leiria<\/li>\n\n\n\n<li>Telefone: +351 244 849 849<\/li>\n\n\n\n<li><a href=\"https:\/\/maps.app.goo.gl\/pxdFUXCeMN61Kvmd9\">https:\/\/maps.app.goo.gl\/pxdFUXCeMN61Kvmd9<\/a><\/li>\n<\/ul>\n\n\n\n<p>No momento da reserva, os participantes poder\u00e3o beneficiar de <strong>4% de desconto<\/strong> sobre a tarifa dispon\u00edvel, mediante a utiliza\u00e7\u00e3o do c\u00f3digo promocional: <strong>CEC26<\/strong><\/p>\n\n\n\n<p>A reserva dever\u00e1 ser efetuada diretamente no site do hotel: <strong><a href=\"https:\/\/www.eurosol.pt\/leiria-jardim\/\" data-type=\"link\" data-id=\"https:\/\/www.eurosol.pt\/leiria-jardim\/\">www.eurosol.pt<\/a><\/strong><\/p>\n\n\n\n<p>O c\u00f3digo promocional deve ser inserido em letras <strong>mai\u00fasculas<\/strong>.<\/p>\n\n\n\n<figure class=\"wp-block-image size-large is-resized\"><img loading=\"lazy\" decoding=\"async\" width=\"768\" height=\"1024\" src=\"https:\/\/sites.ipleiria.pt\/crnec\/files\/2026\/04\/image-768x1024.png\" alt=\"\" class=\"wp-image-3236\" style=\"aspect-ratio:1;width:600px;height:auto\" srcset=\"https:\/\/sites.ipleiria.pt\/crnec\/files\/2026\/04\/image-768x1024.png 768w, https:\/\/sites.ipleiria.pt\/crnec\/files\/2026\/04\/image-225x300.png 225w, https:\/\/sites.ipleiria.pt\/crnec\/files\/2026\/04\/image-1152x1536.png 1152w, https:\/\/sites.ipleiria.pt\/crnec\/files\/2026\/04\/image.png 1425w\" sizes=\"auto, (max-width: 706px) 89vw, (max-width: 767px) 82vw, 740px\" \/><\/figure>\n\n\n\n<p><\/p>\n","protected":false},"excerpt":{"rendered":"<p>Sugest\u00e3o de alojamento Para os participantes que pretendam ficar alojados em Leiria durante os dias do Congresso, sugerimos o Hotel Eurosol Leiria &amp; Jardim*** , parceiro do evento, situado em zona central e com acesso conveniente \u00e0 cidade. Este hotel encontra-se pr\u00f3ximo da ESECS &#8211; Polit\u00e9cnico de Leiria, com uma dist\u00e2ncia aproximada de 7 minutos &hellip; <\/p>\n<p class=\"link-more\"><a href=\"https:\/\/sites.ipleiria.pt\/crnec\/alojamento\/\" class=\"more-link\">Continuar a ler <span class=\"screen-reader-text\">&#8220;Alojamento&#8221;<\/span><\/a><\/p>\n","protected":false},"author":6001,"featured_media":0,"parent":0,"menu_order":0,"comment_status":"closed","ping_status":"closed","template":"","meta":{"footnotes":""},"class_list":["post-3234","page","type-page","status-publish","hentry"],"_links":{"self":[{"href":"https:\/\/sites.ipleiria.pt\/crnec\/wp-json\/wp\/v2\/pages\/3234","targetHints":{"allow":["GET"]}}],"collection":[{"href":"https:\/\/sites.ipleiria.pt\/crnec\/wp-json\/wp\/v2\/pages"}],"about":[{"href":"https:\/\/sites.ipleiria.pt\/crnec\/wp-json\/wp\/v2\/types\/page"}],"author":[{"embeddable":true,"href":"https:\/\/sites.ipleiria.pt\/crnec\/wp-json\/wp\/v2\/users\/6001"}],"replies":[{"embeddable":true,"href":"https:\/\/sites.ipleiria.pt\/crnec\/wp-json\/wp\/v2\/comments?post=3234"}],"version-history":[{"count":4,"href":"https:\/\/sites.ipleiria.pt\/crnec\/wp-json\/wp\/v2\/pages\/3234\/revisions"}],"predecessor-version":[{"id":3243,"href":"https:\/\/sites.ipleiria.pt\/crnec\/wp-json\/wp\/v2\/pages\/3234\/revisions\/3243"}],"wp:attachment":[{"href":"https:\/\/sites.ipleiria.pt\/crnec\/wp-json\/wp\/v2\/media?parent=3234"}],"curies":[{"name":"wp","href":"https:\/\/api.w.org\/{rel}","templated":true}]}}