{"id":11,"date":"2020-01-22T10:39:39","date_gmt":"2020-01-22T10:39:39","guid":{"rendered":"http:\/\/sites.ipleiria.pt\/culturamotora\/?page_id=11"},"modified":"2021-04-23T17:36:15","modified_gmt":"2021-04-23T17:36:15","slug":"inscricoes","status":"publish","type":"page","link":"https:\/\/sites.ipleiria.pt\/culturamotora\/inscricoes\/","title":{"rendered":"Inscri\u00e7\u00f5es"},"content":{"rendered":"\n<p> ______________________________________________________________________________<br> <\/p>\n\n\n\n<p> A inscri\u00e7\u00e3o inclui livro de resumos eletr\u00f3nico (a enviar posteriormente), o(s) certificado(s) de participa\u00e7\u00e3o\/comunica\u00e7\u00e3o e certificado de acredita\u00e7\u00e3o (se aplic\u00e1vel).<\/p>\n\n\n\n<p>&#8211; Semin\u00e1rio acreditado pelo IPDJ para Treinadores (componente geral): 1,2 cr\u00e9ditos. <br>&#8211; A\u00e7\u00e3o de curta dura\u00e7\u00e3o (6 horas) acreditada para os grupos: 110; 910; 920; 930; 260; 620.     <\/p>\n\n\n\n<p><strong>Valor da inscri\u00e7\u00e3o:<\/strong><br>&#8211;  5\u20ac  (Estudantes; <em>alumni <\/em>do Polit\u00e9cnico de Leiria)   <br>&#8211; 10\u20ac (Associados CNAPEF\/SPEF; Professores cooperantes da ESECS) <br>&#8211; 15\u20ac (Restantes participantes, com ou sem comunica\u00e7\u00e3o); <\/p>\n\n\n\n<p class=\"has-text-align-center\"><strong><a rel=\"noreferrer noopener\" aria-label=\"Inscri\u00e7\u00f5es aqui at\u00e9 dia 11 de Maio de 2020. (abre num novo separador)\" href=\"http:\/\/www.eventos.ipleiria.pt\/portal\/eventos?p_id=25412\" target=\"_blank\">Inscri\u00e7\u00f5es aqui at\u00e9 dia 10 de maio de 2021.<\/a><\/strong><\/p>\n\n\n\n<p class=\"has-text-align-center\">\n\n______________________________________________________________________________\n\n<\/p>\n","protected":false},"excerpt":{"rendered":"<p>______________________________________________________________________________ A inscri\u00e7\u00e3o inclui livro de resumos eletr\u00f3nico (a enviar posteriormente), o(s) certificado(s) de participa\u00e7\u00e3o\/comunica\u00e7\u00e3o e certificado de acredita\u00e7\u00e3o (se aplic\u00e1vel). &#8211; Semin\u00e1rio acreditado pelo IPDJ para Treinadores (componente geral): 1,2 cr\u00e9ditos. &#8211; A\u00e7\u00e3o de curta dura\u00e7\u00e3o (6 horas) acreditada&hellip;  <\/p>\n<p class=\"more-link\"><a href=\"https:\/\/sites.ipleiria.pt\/culturamotora\/inscricoes\/\">Continue reading <span class=\"meta-nav\">&rarr;<\/span><\/a><\/p>\n","protected":false},"author":102,"featured_media":0,"parent":0,"menu_order":0,"comment_status":"closed","ping_status":"closed","template":"","meta":{"footnotes":""},"class_list":["post-11","page","type-page","status-publish","hentry"],"_links":{"self":[{"href":"https:\/\/sites.ipleiria.pt\/culturamotora\/wp-json\/wp\/v2\/pages\/11","targetHints":{"allow":["GET"]}}],"collection":[{"href":"https:\/\/sites.ipleiria.pt\/culturamotora\/wp-json\/wp\/v2\/pages"}],"about":[{"href":"https:\/\/sites.ipleiria.pt\/culturamotora\/wp-json\/wp\/v2\/types\/page"}],"author":[{"embeddable":true,"href":"https:\/\/sites.ipleiria.pt\/culturamotora\/wp-json\/wp\/v2\/users\/102"}],"replies":[{"embeddable":true,"href":"https:\/\/sites.ipleiria.pt\/culturamotora\/wp-json\/wp\/v2\/comments?post=11"}],"version-history":[{"count":28,"href":"https:\/\/sites.ipleiria.pt\/culturamotora\/wp-json\/wp\/v2\/pages\/11\/revisions"}],"predecessor-version":[{"id":263,"href":"https:\/\/sites.ipleiria.pt\/culturamotora\/wp-json\/wp\/v2\/pages\/11\/revisions\/263"}],"wp:attachment":[{"href":"https:\/\/sites.ipleiria.pt\/culturamotora\/wp-json\/wp\/v2\/media?parent=11"}],"curies":[{"name":"wp","href":"https:\/\/api.w.org\/{rel}","templated":true}]}}