{"id":13,"date":"2020-01-22T10:39:49","date_gmt":"2020-01-22T10:39:49","guid":{"rendered":"http:\/\/sites.ipleiria.pt\/culturamotora\/?page_id=13"},"modified":"2021-04-05T17:26:17","modified_gmt":"2021-04-05T17:26:17","slug":"submissoes","status":"publish","type":"page","link":"https:\/\/sites.ipleiria.pt\/culturamotora\/submissoes\/","title":{"rendered":"Submiss\u00f5es"},"content":{"rendered":"\n<p>______________________________________________________________________________<br><\/p>\n\n\n\n<p>Os resumos a serem submetidos devem relatar investiga\u00e7\u00f5es, estudos, projetos, relatos de experi\u00eancia, workshops laboratoriais, ensaios, boas pr\u00e1ticas ou outras relacionadas com as tem\u00e1ticas do semin\u00e1rio, nomeadamente (mas n\u00e3o exclusivamente):  <\/p>\n\n\n\n<ol class=\"wp-block-list\"><li>Educa\u00e7\u00e3o F\u00edsica e AEC<\/li><li>Inclus\u00e3o<\/li><li>Coadjuva\u00e7\u00e3o\/Professor especialista<\/li><li>Estilos de vida saud\u00e1veis<\/li><li>Provas de aferi\u00e7\u00e3o<\/li><li>Aprendizagens essenciais <\/li><li>Locais alternativos para pr\u00e1ticas motoras<\/li><li>Pluri, inter e transdisciplinaridade<\/li><\/ol>\n\n\n\n<p><strong>Prazo de submiss\u00e3o:<\/strong>  At\u00e9 23 de abril de 2021 (<strong>NOVA DATA<\/strong>). <\/p>\n\n\n\n<p><strong>Prazo de notifica\u00e7\u00e3o de aceita\u00e7\u00e3o:<\/strong> At\u00e9 30 de abril de 2021.<\/p>\n\n\n\n<p class=\"has-text-align-center\"><strong>INSTRU\u00c7\u00d5ES PARA OS AUTORES<\/strong><\/p>\n\n\n\n<ul class=\"wp-block-list\"><li>Quando adequado, os resumos podem ser estruturados da seguinte forma: <strong><em>Introdu\u00e7\u00e3o<\/em><\/strong>, <strong><em>Objetivos<\/em><\/strong>, <strong><em>Metodologia<\/em><\/strong>, <em style=\"font-weight: bold\">Resultados<\/em> e <strong><em>Conclus\u00f5es<\/em><\/strong>.  Deve indicar um m\u00ednimo de 3 palavras-chave. <\/li><li>Os resumos devem ter um m\u00e1ximo de 300 palavras, incluindo espa\u00e7os.<\/li><li>  Apenas ser\u00e3o aceites os resumos enviados no formul\u00e1rio de submiss\u00e3o de propostas. <\/li><li>Os resumos podem ser submetidos em portugu\u00eas, espanhol ou ingl\u00eas. <\/li><li>Os resumos recebidos ser\u00e3o submetidos a avalia\u00e7\u00e3o de pares.<\/li><li>Ap\u00f3s a notifica\u00e7\u00e3o de aceita\u00e7\u00e3o, ser\u00e1 obrigat\u00f3rio que, pelo menos, um dos autores se inscreva, para que o trabalho seja apresentado (Painel III) e possa constar no livro de resumos eletr\u00f3nico. <\/li><li>Qualquer pedido de altera\u00e7\u00e3o ao resumo enviado dever\u00e1 ser enviado para <a rel=\"noreferrer noopener\" href=\"mailto:culturamotora1ceb@ipleiria.pt\" target=\"_blank\">culturamotora1ceb@ipleiria.pt<\/a>.<\/li><li>Os resumos aceites ser\u00e3o apresentados em formato de comunica\u00e7\u00e3o oral breve, sem recurso a meios digitais de suporte (PPT ou outro).<\/li><li> Os resumos das Confer\u00eancias plen\u00e1rias e das comunica\u00e7\u00f5es dos pain\u00e9is ser\u00e3o publicados sob o formato de um livro de resumos eletr\u00f3nico. <\/li><\/ul>\n\n\n\n<p class=\"has-text-align-center\"><strong><a href=\"https:\/\/forms.gle\/ttePBRpPMymqRi2E6\" target=\"_blank\" rel=\"noreferrer noopener\" aria-label=\" (abre num novo separador)\">FORMUL\u00c1RIO DE SUBMISS\u00c3O DE RESUMOS<\/a><\/strong><a href=\"https:\/\/forms.gle\/ttePBRpPMymqRi2E6\" target=\"_blank\" rel=\"noreferrer noopener\" aria-label=\" (abre num novo separador)\"> <\/a><\/p>\n\n\n\n<p>______________________________________________________________________________ <\/p>\n","protected":false},"excerpt":{"rendered":"<p>______________________________________________________________________________ Os resumos a serem submetidos devem relatar investiga\u00e7\u00f5es, estudos, projetos, relatos de experi\u00eancia, workshops laboratoriais, ensaios, boas pr\u00e1ticas ou outras relacionadas com as tem\u00e1ticas do semin\u00e1rio, nomeadamente (mas n\u00e3o exclusivamente): Educa\u00e7\u00e3o F\u00edsica e AEC Inclus\u00e3o Coadjuva\u00e7\u00e3o\/Professor especialista Estilos de&hellip;  <\/p>\n<p class=\"more-link\"><a href=\"https:\/\/sites.ipleiria.pt\/culturamotora\/submissoes\/\">Continue reading <span class=\"meta-nav\">&rarr;<\/span><\/a><\/p>\n","protected":false},"author":102,"featured_media":0,"parent":0,"menu_order":0,"comment_status":"closed","ping_status":"closed","template":"","meta":{"footnotes":""},"class_list":["post-13","page","type-page","status-publish","hentry"],"_links":{"self":[{"href":"https:\/\/sites.ipleiria.pt\/culturamotora\/wp-json\/wp\/v2\/pages\/13","targetHints":{"allow":["GET"]}}],"collection":[{"href":"https:\/\/sites.ipleiria.pt\/culturamotora\/wp-json\/wp\/v2\/pages"}],"about":[{"href":"https:\/\/sites.ipleiria.pt\/culturamotora\/wp-json\/wp\/v2\/types\/page"}],"author":[{"embeddable":true,"href":"https:\/\/sites.ipleiria.pt\/culturamotora\/wp-json\/wp\/v2\/users\/102"}],"replies":[{"embeddable":true,"href":"https:\/\/sites.ipleiria.pt\/culturamotora\/wp-json\/wp\/v2\/comments?post=13"}],"version-history":[{"count":32,"href":"https:\/\/sites.ipleiria.pt\/culturamotora\/wp-json\/wp\/v2\/pages\/13\/revisions"}],"predecessor-version":[{"id":262,"href":"https:\/\/sites.ipleiria.pt\/culturamotora\/wp-json\/wp\/v2\/pages\/13\/revisions\/262"}],"wp:attachment":[{"href":"https:\/\/sites.ipleiria.pt\/culturamotora\/wp-json\/wp\/v2\/media?parent=13"}],"curies":[{"name":"wp","href":"https:\/\/api.w.org\/{rel}","templated":true}]}}