{"id":17,"date":"2020-01-22T10:40:10","date_gmt":"2020-01-22T10:40:10","guid":{"rendered":"http:\/\/sites.ipleiria.pt\/culturamotora\/?page_id=17"},"modified":"2021-02-03T15:09:04","modified_gmt":"2021-02-03T15:09:04","slug":"localizacao","status":"publish","type":"page","link":"https:\/\/sites.ipleiria.pt\/culturamotora\/localizacao\/","title":{"rendered":"Localiza\u00e7\u00e3o (o evento ser\u00e1 realizado a dist\u00e2ncia)"},"content":{"rendered":"\n\n\n\n\n<h3 class=\"wp-block-heading\">Escola Superior Educa\u00e7\u00e3o e Ci\u00eancias Sociais<\/h3>\n\n\n\n<p>Campus 1<br>Rua Dr. Jo\u00e3o Soares<br>Apartado 4045<br>2411-901 Leiria \u2013 Portugal<br>E-mail:&nbsp;<a href=\"mailto:esecs@ipleiria.pt\" target=\"_blank\" rel=\"noreferrer noopener\">esecs@ipleiria.pt<\/a><\/p>\n\n\n\n<p>Tel: (+351) 244 829 400<br>Fax:(+351) 244 829 499<\/p>\n\n\n\n<p>Coordenadas GPS da ESECS:<br>N 39.739448 LATITUDE<br>W 8.811279 LONGITUDE<\/p>\n","protected":false},"excerpt":{"rendered":"<p>Escola Superior Educa\u00e7\u00e3o e Ci\u00eancias Sociais Campus 1Rua Dr. Jo\u00e3o SoaresApartado 40452411-901 Leiria \u2013 PortugalE-mail:&nbsp;esecs@ipleiria.pt Tel: (+351) 244 829 400Fax:(+351) 244 829 499 Coordenadas GPS da ESECS:N 39.739448 LATITUDEW 8.811279 LONGITUDE<\/p>\n","protected":false},"author":102,"featured_media":0,"parent":0,"menu_order":0,"comment_status":"closed","ping_status":"closed","template":"","meta":{"footnotes":""},"class_list":["post-17","page","type-page","status-publish","hentry"],"_links":{"self":[{"href":"https:\/\/sites.ipleiria.pt\/culturamotora\/wp-json\/wp\/v2\/pages\/17","targetHints":{"allow":["GET"]}}],"collection":[{"href":"https:\/\/sites.ipleiria.pt\/culturamotora\/wp-json\/wp\/v2\/pages"}],"about":[{"href":"https:\/\/sites.ipleiria.pt\/culturamotora\/wp-json\/wp\/v2\/types\/page"}],"author":[{"embeddable":true,"href":"https:\/\/sites.ipleiria.pt\/culturamotora\/wp-json\/wp\/v2\/users\/102"}],"replies":[{"embeddable":true,"href":"https:\/\/sites.ipleiria.pt\/culturamotora\/wp-json\/wp\/v2\/comments?post=17"}],"version-history":[{"count":7,"href":"https:\/\/sites.ipleiria.pt\/culturamotora\/wp-json\/wp\/v2\/pages\/17\/revisions"}],"predecessor-version":[{"id":234,"href":"https:\/\/sites.ipleiria.pt\/culturamotora\/wp-json\/wp\/v2\/pages\/17\/revisions\/234"}],"wp:attachment":[{"href":"https:\/\/sites.ipleiria.pt\/culturamotora\/wp-json\/wp\/v2\/media?parent=17"}],"curies":[{"name":"wp","href":"https:\/\/api.w.org\/{rel}","templated":true}]}}