{"id":7,"date":"2020-01-22T10:39:00","date_gmt":"2020-01-22T10:39:00","guid":{"rendered":"http:\/\/sites.ipleiria.pt\/culturamotora\/?page_id=7"},"modified":"2020-02-01T18:43:00","modified_gmt":"2020-02-01T18:43:00","slug":"comissoes","status":"publish","type":"page","link":"https:\/\/sites.ipleiria.pt\/culturamotora\/comissoes\/","title":{"rendered":"Comiss\u00f5es"},"content":{"rendered":"\n<p>\n\n______________________________________________________________________________\n\n<\/p>\n\n\n\n<p><strong>Comiss\u00e3o Organizadora<\/strong> (<em><a href=\"mailto:culturamotora1ceb@ipleiria.pt\">culturamotora1ceb@ipleiria.pt<\/a><\/em>)<\/p>\n\n\n\n<p>Rui Matos  <\/p>\n\n\n\n<p>Nuno Amaro  <\/p>\n\n\n\n<p>Lu\u00eds Coelho  <\/p>\n\n\n\n<p>Ricardo Rebelo-Gon\u00e7alves  <\/p>\n\n\n\n<p>Ra\u00fal Antunes <\/p>\n\n\n\n<p>Maria Jos\u00e9 Gamboa  <\/p>\n\n\n\n<p>______________________________________________________________________________<\/p>\n\n\n\n<p><strong>Comiss\u00e3o\nCient\u00edfica<\/strong><\/p>\n\n\n\n<p>Carlos Neto \u2013 Faculdade de Motricidade\nHumana, ULisboa (Membro de Honra)<\/p>\n\n\n\n<p>Abel Figueiredo \u2013 Escola Superior de\nEduca\u00e7\u00e3o, IPViseu<\/p>\n\n\n\n<p>Am\u00e1lia Rebolo \u2013 Escola Superior de Educa\u00e7\u00e3o, Instituto Piaget de Almada<\/p>\n\n\n\n<p>Ana Quit\u00e9rio \u2013 Faculdade de\nMotricidade Humana, ULisboa <\/p>\n\n\n\n<p>Ant\u00f3nio Camilo Cunha  \u2013  Instituto de Educa\u00e7\u00e3o, UMinho <\/p>\n\n\n\n<p>Beatriz Pereira \u2013 Instituto de Educa\u00e7\u00e3o,\nUMinho <\/p>\n\n\n\n<p>Carla Rocha \u2013 Escola Superior de\nEduca\u00e7\u00e3o, IPLisboa<\/p>\n\n\n\n<p>C\u00e9sar S\u00e1 \u2013 Escola Superior de\nEduca\u00e7\u00e3o, IP Viana do Castelo<\/p>\n\n\n\n<p>H\u00e9lder Lopes \u2013 Faculdade de Ci\u00eancias\nSociais e Humanas, UMadeira <\/p>\n\n\n\n<p>Isabel Condessa \u2013 Faculdade de\nCi\u00eancias Sociais e Humanas, UA\u00e7ores <\/p>\n\n\n\n<p>Jo\u00e3o Petrica \u2013 Escola Superior de\nEduca\u00e7\u00e3o, IP Castelo Branco <\/p>\n\n\n\n<p>Jo\u00e3o Serrano &#8211; Escola Superior de\nEduca\u00e7\u00e3o, IP Castelo Branco <\/p>\n\n\n\n<p>Linda Saraiva \u2013 Escola Superior de\nEduca\u00e7\u00e3o, IP Viana Castelo <\/p>\n\n\n\n<p>Lu\u00eds Murta  \u2013  Escola Superior de Educa\u00e7\u00e3o, IPBeja<\/p>\n\n\n\n<p>Nuno Amaro  \u2013  Escola Superior de Educa\u00e7\u00e3o e Ci\u00eancias Sociais, IPLeiria<\/p>\n\n\n\n<p>Paulo Pereira \u2013 Escola Superior de\nEduca\u00e7\u00e3o, IPPorto<\/p>\n\n\n\n<p>Rui Matos \u2013 Escola Superior de\nEduca\u00e7\u00e3o e Ci\u00eancias Sociais, IPLeiria<\/p>\n\n\n\n<p>Rui Mendes \u2013 Escola Superior de\nEduca\u00e7\u00e3o, IPCoimbra<\/p>\n\n\n\n<p>Rui Neves \u2013 Departamento de Psicologia e Educa\u00e7\u00e3o, UAveiro<\/p>\n\n\n\n<p>M\u00e1rio Guimar\u00e3es &#8211; Universidade Lus\u00f3fona<\/p>\n\n\n\n<p>Z\u00e9lia Anast\u00e1cio \u2013 Instituto de Educa\u00e7\u00e3o, UMinho<\/p>\n\n\n\n<p>\n\n______________________________________________________________________________\n\n<\/p>\n","protected":false},"excerpt":{"rendered":"<p>______________________________________________________________________________ Comiss\u00e3o Organizadora (culturamotora1ceb@ipleiria.pt) Rui Matos Nuno Amaro Lu\u00eds Coelho Ricardo Rebelo-Gon\u00e7alves Ra\u00fal Antunes Maria Jos\u00e9 Gamboa ______________________________________________________________________________ Comiss\u00e3o Cient\u00edfica Carlos Neto \u2013 Faculdade de Motricidade Humana, ULisboa (Membro de Honra) Abel Figueiredo \u2013 Escola Superior de Educa\u00e7\u00e3o, IPViseu Am\u00e1lia&hellip;  <\/p>\n<p class=\"more-link\"><a href=\"https:\/\/sites.ipleiria.pt\/culturamotora\/comissoes\/\">Continue reading <span class=\"meta-nav\">&rarr;<\/span><\/a><\/p>\n","protected":false},"author":102,"featured_media":0,"parent":0,"menu_order":0,"comment_status":"closed","ping_status":"closed","template":"","meta":{"footnotes":""},"class_list":["post-7","page","type-page","status-publish","hentry"],"_links":{"self":[{"href":"https:\/\/sites.ipleiria.pt\/culturamotora\/wp-json\/wp\/v2\/pages\/7","targetHints":{"allow":["GET"]}}],"collection":[{"href":"https:\/\/sites.ipleiria.pt\/culturamotora\/wp-json\/wp\/v2\/pages"}],"about":[{"href":"https:\/\/sites.ipleiria.pt\/culturamotora\/wp-json\/wp\/v2\/types\/page"}],"author":[{"embeddable":true,"href":"https:\/\/sites.ipleiria.pt\/culturamotora\/wp-json\/wp\/v2\/users\/102"}],"replies":[{"embeddable":true,"href":"https:\/\/sites.ipleiria.pt\/culturamotora\/wp-json\/wp\/v2\/comments?post=7"}],"version-history":[{"count":17,"href":"https:\/\/sites.ipleiria.pt\/culturamotora\/wp-json\/wp\/v2\/pages\/7\/revisions"}],"predecessor-version":[{"id":204,"href":"https:\/\/sites.ipleiria.pt\/culturamotora\/wp-json\/wp\/v2\/pages\/7\/revisions\/204"}],"wp:attachment":[{"href":"https:\/\/sites.ipleiria.pt\/culturamotora\/wp-json\/wp\/v2\/media?parent=7"}],"curies":[{"name":"wp","href":"https:\/\/api.w.org\/{rel}","templated":true}]}}