{"id":9,"date":"2020-01-22T10:39:18","date_gmt":"2020-01-22T10:39:18","guid":{"rendered":"http:\/\/sites.ipleiria.pt\/culturamotora\/?page_id=9"},"modified":"2021-05-14T12:59:50","modified_gmt":"2021-05-14T12:59:50","slug":"programa","status":"publish","type":"page","link":"https:\/\/sites.ipleiria.pt\/culturamotora\/programa\/","title":{"rendered":"Programa"},"content":{"rendered":"\n<p>\n\n______________________________________________________________________________\n\n<\/p>\n\n\n\n<p><strong>9h30<\/strong>: Sess\u00e3o de Abertura <\/p>\n\n\n\n<p>Sandrina Milhano (Diretora da ESECS-IPLeiria)<\/p>\n\n\n\n<p>Rui Neves (Comiss\u00e3o Cient\u00edfica)<\/p>\n\n\n\n<p>Abel Figueiredo (Vice-Presidente da REDESPP)<\/p>\n\n\n\n<p>David Silva (Presidente da Dire\u00e7\u00e3o da APEFIL)<\/p>\n\n\n\n<p>Rui Matos (CIEQV; Lic. Desporto e Bem-Estar e Mestrado em Prescri\u00e7\u00e3o do Exerc\u00edcio e Promo\u00e7\u00e3o da Sa\u00fade; Comiss\u00e3o Organizadora)<\/p>\n\n\n\n<p>Maria Jos\u00e9 Gamboa (Coordenadora da Lic. em Ed. B\u00e1sica);<\/p>\n\n\n\n<p>Anabela Gra\u00e7a (Vereadora da Cultura da CMLeiria) <\/p>\n\n\n\n<p><strong>10h00\/10h50<\/strong>: Confer\u00eancia de Abertura &#8211; Lu\u00eds Bom<br><strong>A Educa\u00e7\u00e3o F\u00edsica no 1\u00ba CEB. A lei do melhor esfor\u00e7o<\/strong>.   <br>(moderador: Ant\u00f3nio Camilo Cunha)<\/p>\n\n\n\n<p><strong>10h50\/11h00<\/strong>: Pausa<\/p>\n\n\n\n<p><strong>11h00\/12h30<\/strong>: Painel I <br><strong>Potencialidades educativas dos ambientes exteriores<\/strong><br>(moderador: Rui Mendes)<\/p>\n\n\n\n<p>\u2013 Ana Louren\u00e7o (IAC e CIEC-UMinho) &#8211; <em>Para al\u00e9m das quatro paredes: o direito a brincar nas escolas do 1\u00ba CEB<\/em><\/p>\n\n\n\n<p>\u2013 Lina Louren\u00e7o (Agrup. Esc. Marrazes) &#8211; <em>A Escola na Natureza<\/em><\/p>\n\n\n\n<p>\u2013 Jos\u00e9 Gabriel (Associa\u00e7\u00e3o Casa d\u2019\u00c1rvore) &#8211; <em>Brincar na Natureza e em Comunidade<\/em><\/p>\n\n\n\n<p><strong>12h30\/14h00<\/strong>: Pausa<\/p>\n\n\n\n<p><strong>14h00\/15h30<\/strong>: Painel II <br><strong>O envolvimento familiar na promo\u00e7\u00e3o da compet\u00eancia motora das crian\u00e7as do 1\u00ba CEB<\/strong> <br>(moderadora: Isabel Condessa)<\/p>\n\n\n\n<p>\u2013 Lu\u00eds Paulo Rodrigues (IPVC) &#8211; <em>How much motor competence is competence enough?<\/em><\/p>\n\n\n\n<p>\u2013 Rui Matos (PLeiria &amp; CIEQV) &#8211; <em>Os pais como agentes provocadores e promotores de AF dos filhos<\/em><\/p>\n\n\n\n<p>\u2013 Am\u00e1lia Rebolo (ESE\u2013 Instituto Piaget, Almada; AE Boa \u00c1gua, Sesimbra) &#8211; <em>Estimular ou inibir a pr\u00e1tica de jogos de apanhada e de luta? Opini\u00e3o de pais e encarregados de educa\u00e7\u00e3o<\/em><\/p>\n\n\n\n<p><strong>15h30\/17h00<\/strong>: Painel III <br><strong>Boas<\/strong> <strong>pr\u00e1ticas pedag\u00f3gicas em tempos de pandemia<\/strong> <br>(moderador: Abel Figueiredo)<\/p>\n\n\n\n<p>&#8211; Denise Bolsan (U. Feevale, Brasil) &#8211; <em>Exergames como ferramenta pedag\u00f3gica para o ensino a dist\u00e2ncia nas aulas de Educa\u00e7\u00e3o F\u00edsica<\/em><\/p>\n\n\n\n<p>&#8211; Santos Canales Lagos (Universidad Pedagogica Nacional Francisco Morazan, Honduras) &#8211; <em>Ensino das habilidades b\u00e1sicas do primeiro ciclo em tempos de pandemia<\/em><\/p>\n\n\n\n<p><em>&#8211; <\/em>Cl\u00e1udia Freitas<sup>1<\/sup>, In\u00eas Pereira<sup>1<\/sup>, Vanessa Pacheco<sup>1<\/sup>, Isabel Condessa<sup>1,2<\/sup> (<sup>1<\/sup>Faculdade de Ci\u00eancias Sociais e Humanas, Universidade dos A\u00e7ores; <sup>2<\/sup>CIEC, Universidade do Minho) &#8211; <em>Pr\u00e1ticas de Atividade F\u00edsica de Crian\u00e7as no(s) Per\u00edodo(s) de Confinamento!&nbsp; An\u00e1lise de pr\u00e1ticas referidas por familiares de um grupo de menin@s a\u00e7orian@s<\/em><\/p>\n\n\n\n<p>&#8211; Ana Oliveira<sup>1,2<\/sup>; M\u00e1rcia Pereira<sup>1,2<\/sup>; Rui Mendes<sup>3<\/sup> (<sup>1<\/sup>AERSI &#8211; Agrupamento de Escolas Rainha Santa Isabel, Coimbra; <sup>2<\/sup>Mestrado em Jogo e Motricidade na Inf\u00e2ncia, ESE &#8211; Instituto Polit\u00e9cnico de Coimbra; <sup>3<\/sup>ESE &#8211; Instituto Polit\u00e9cnico de Coimbra) &#8211; <em>As potencialidades da educa\u00e7\u00e3o na natureza<\/em><\/p>\n\n\n\n<p>&#8211; Zenaide Galv\u00e3o<sup>1<\/sup>; Ant\u00f3nio Camilo Cunha<sup>1<\/sup> (<sup>1<\/sup>Universidade do Minho &#8211; IE &#8211; CIEC) &#8211; <em>Os saberes necess\u00e1rios para uma a\u00e7\u00e3o pedag\u00f3gica cr\u00edtico reflexiva em Educa\u00e7\u00e3o F\u00edsica no primeiro ciclo: a vis\u00e3o de \u201cbons\u201d professores<\/em><\/p>\n\n\n\n<p>&#8211; Francisca Sal\u00e9<sup>1<\/sup>; Margarida Alves<sup>1<\/sup>; Fernando Santos<sup>1,3<\/sup> ; C\u00e9sar S\u00e1<sup>1,2<\/sup> e Linda Saraiva<sup>1,2<\/sup> (<sup>1<\/sup>Escola Superior de Educa\u00e7\u00e3o do Instituto Polit\u00e9cnico de Viana do Castelo; <sup>2<\/sup>CIEC \u2013 Universidade do Minho; <sup>3<\/sup>Escola Superior de Educa\u00e7\u00e3o do Instituto Polit\u00e9cnico do Porto) &#8211; <em>O Comportamento L\u00fadico-Motor e Social das Crian\u00e7as do 1.\u00ba CEB em contexto n\u00e3o formal<\/em><\/p>\n\n\n\n<p>&#8211; Carla Louren\u00e7o<sup>1,2<\/sup>; Dulce Esteves<sup>1,3<\/sup> (<sup>1<\/sup>Universidade da Beira Interior; <sup>2<\/sup>CI&amp;DEI; <sup>3<\/sup>CIDESD) &#8211; <em>Perce\u00e7\u00e3o dos professores de Educa\u00e7\u00e3o F\u00edsica sobre a inclus\u00e3o de alunos com Necessidades Educativas Especificas nas suas aulas<\/em><\/p>\n\n\n\n<p>&#8211; Elsa Correia<sup>1<\/sup>; Isabel Melo<sup>1<\/sup>; Rute Pav\u00e3o<sup>1<\/sup>; Isabel Condessa<sup>1,2<\/sup> (<sup>1<\/sup>Faculdade de Ci\u00eancias Sociais e Humanas, Universidade dos A\u00e7ores; <sup>2<\/sup>CIEC, Universidade do Minho) &#8211; <em>Testemunhos de Professores sobre a Inclus\u00e3o nas Aulas de Educa\u00e7\u00e3o F\u00edsica do Ensino B\u00e1sico &#8211; 1.\u00ba Ciclo<\/em><\/p>\n\n\n\n<div class=\"wp-block-group\"><div class=\"wp-block-group__inner-container is-layout-flow wp-block-group-is-layout-flow\">\n<div class=\"wp-block-group\"><div class=\"wp-block-group__inner-container is-layout-flow wp-block-group-is-layout-flow\">\n<p><strong>17h00\/17h50: <\/strong>Confer\u00eancia de Encerramento &#8211; Carlos Neto<br><strong>Atividades de Enriquecimento Curricular (AEC): tempo e&nbsp; espa\u00e7o para a crian\u00e7a brincar livre na escola a tempo inteiro<\/strong> <br>(moderador: Jo\u00e3o Serrano)<br><br><strong>17h50\/18h00: Sess\u00e3o de encerramento<\/strong><\/p>\n\n\n\n<div class=\"wp-block-group\"><div class=\"wp-block-group__inner-container is-layout-flow wp-block-group-is-layout-flow\">\n<p><\/p>\n<\/div><\/div>\n<\/div><\/div>\n\n\n\n<p><\/p>\n<\/div><\/div>\n\n\n\n<div class=\"wp-block-group\"><div class=\"wp-block-group__inner-container is-layout-flow wp-block-group-is-layout-flow\">\n<p><\/p>\n<\/div><\/div>\n\n\n\n<p>\n\n______________________________________________________________________________\n\n<\/p>\n","protected":false},"excerpt":{"rendered":"<p>______________________________________________________________________________ 9h30: Sess\u00e3o de Abertura Sandrina Milhano (Diretora da ESECS-IPLeiria) Rui Neves (Comiss\u00e3o Cient\u00edfica) Abel Figueiredo (Vice-Presidente da REDESPP) David Silva (Presidente da Dire\u00e7\u00e3o da APEFIL) Rui Matos (CIEQV; Lic. Desporto e Bem-Estar e Mestrado em Prescri\u00e7\u00e3o do Exerc\u00edcio e&hellip;  <\/p>\n<p class=\"more-link\"><a href=\"https:\/\/sites.ipleiria.pt\/culturamotora\/programa\/\">Continue reading <span class=\"meta-nav\">&rarr;<\/span><\/a><\/p>\n","protected":false},"author":102,"featured_media":0,"parent":0,"menu_order":0,"comment_status":"closed","ping_status":"closed","template":"","meta":{"footnotes":""},"class_list":["post-9","page","type-page","status-publish","hentry"],"_links":{"self":[{"href":"https:\/\/sites.ipleiria.pt\/culturamotora\/wp-json\/wp\/v2\/pages\/9","targetHints":{"allow":["GET"]}}],"collection":[{"href":"https:\/\/sites.ipleiria.pt\/culturamotora\/wp-json\/wp\/v2\/pages"}],"about":[{"href":"https:\/\/sites.ipleiria.pt\/culturamotora\/wp-json\/wp\/v2\/types\/page"}],"author":[{"embeddable":true,"href":"https:\/\/sites.ipleiria.pt\/culturamotora\/wp-json\/wp\/v2\/users\/102"}],"replies":[{"embeddable":true,"href":"https:\/\/sites.ipleiria.pt\/culturamotora\/wp-json\/wp\/v2\/comments?post=9"}],"version-history":[{"count":46,"href":"https:\/\/sites.ipleiria.pt\/culturamotora\/wp-json\/wp\/v2\/pages\/9\/revisions"}],"predecessor-version":[{"id":280,"href":"https:\/\/sites.ipleiria.pt\/culturamotora\/wp-json\/wp\/v2\/pages\/9\/revisions\/280"}],"wp:attachment":[{"href":"https:\/\/sites.ipleiria.pt\/culturamotora\/wp-json\/wp\/v2\/media?parent=9"}],"curies":[{"name":"wp","href":"https:\/\/api.w.org\/{rel}","templated":true}]}}