{"id":119,"date":"2015-01-15T16:35:01","date_gmt":"2015-01-15T16:35:01","guid":{"rendered":"http:\/\/sites.ipleiria.pt\/desafiosmatematica\/?page_id=119"},"modified":"2025-01-28T15:16:55","modified_gmt":"2025-01-28T15:16:55","slug":"ficha-de-inscricao-2-o-ciclo","status":"publish","type":"page","link":"https:\/\/sites.ipleiria.pt\/desafiosmatematica\/ficha-de-inscricao-2-o-ciclo\/","title":{"rendered":"Ficha de Inscri\u00e7\u00e3o"},"content":{"rendered":"<p><iframe loading=\"lazy\" \n<iframe loading=\"lazy\" src=\"https:\/\/docs.google.com\/forms\/d\/e\/1FAIpQLSe5ZWzyfswiwniDCqZTAD7IL-0ATak9SyidfcOmQpFY2_2G8Q\/viewform?embedded=true\" width=\"640\" height=\"1666\" frameborder=\"0\" marginheight=\"0\" marginwidth=\"0\">A carregar\u2026<\/iframe><\/p>\n","protected":false},"excerpt":{"rendered":"","protected":false},"author":102,"featured_media":791,"parent":0,"menu_order":0,"comment_status":"closed","ping_status":"closed","template":"","meta":{"footnotes":""},"class_list":["post-119","page","type-page","status-publish","has-post-thumbnail","hentry"],"yoast_head":"<!-- This site is optimized with the Yoast SEO plugin v26.8 - https:\/\/yoast.com\/product\/yoast-seo-wordpress\/ -->\n<title>Ficha de Inscri\u00e7\u00e3o - Desafios Matem\u00e1tica<\/title>\n<meta name=\"robots\" content=\"index, follow, max-snippet:-1, max-image-preview:large, max-video-preview:-1\" \/>\n<link rel=\"canonical\" href=\"https:\/\/sites.ipleiria.pt\/desafiosmatematica\/ficha-de-inscricao-2-o-ciclo\/\" \/>\n<meta property=\"og:locale\" content=\"pt_PT\" \/>\n<meta property=\"og:type\" content=\"article\" \/>\n<meta property=\"og:title\" content=\"Ficha de Inscri\u00e7\u00e3o - Desafios Matem\u00e1tica\" \/>\n<meta property=\"og:url\" content=\"https:\/\/sites.ipleiria.pt\/desafiosmatematica\/ficha-de-inscricao-2-o-ciclo\/\" \/>\n<meta property=\"og:site_name\" content=\"Desafios Matem\u00e1tica\" \/>\n<meta property=\"article:modified_time\" content=\"2025-01-28T15:16:55+00:00\" \/>\n<meta property=\"og:image\" content=\"https:\/\/sites.ipleiria.pt\/desafiosmatematica\/files\/2020\/01\/BannerSite_2ciclo_Desafios2020.png\" \/>\n\t<meta property=\"og:image:width\" content=\"609\" \/>\n\t<meta property=\"og:image:height\" content=\"165\" \/>\n\t<meta property=\"og:image:type\" content=\"image\/png\" \/>\n<meta name=\"twitter:card\" content=\"summary_large_image\" \/>\n<script type=\"application\/ld+json\" class=\"yoast-schema-graph\">{\"@context\":\"https:\/\/schema.org\",\"@graph\":[{\"@type\":\"WebPage\",\"@id\":\"https:\/\/sites.ipleiria.pt\/desafiosmatematica\/ficha-de-inscricao-2-o-ciclo\/\",\"url\":\"https:\/\/sites.ipleiria.pt\/desafiosmatematica\/ficha-de-inscricao-2-o-ciclo\/\",\"name\":\"Ficha de Inscri\u00e7\u00e3o - Desafios Matem\u00e1tica\",\"isPartOf\":{\"@id\":\"https:\/\/sites.ipleiria.pt\/desafiosmatematica\/#website\"},\"primaryImageOfPage\":{\"@id\":\"https:\/\/sites.ipleiria.pt\/desafiosmatematica\/ficha-de-inscricao-2-o-ciclo\/#primaryimage\"},\"image\":{\"@id\":\"https:\/\/sites.ipleiria.pt\/desafiosmatematica\/ficha-de-inscricao-2-o-ciclo\/#primaryimage\"},\"thumbnailUrl\":\"https:\/\/sites.ipleiria.pt\/desafiosmatematica\/files\/2020\/01\/BannerSite_2ciclo_Desafios2020.png\",\"datePublished\":\"2015-01-15T16:35:01+00:00\",\"dateModified\":\"2025-01-28T15:16:55+00:00\",\"breadcrumb\":{\"@id\":\"https:\/\/sites.ipleiria.pt\/desafiosmatematica\/ficha-de-inscricao-2-o-ciclo\/#breadcrumb\"},\"inLanguage\":\"pt-PT\",\"potentialAction\":[{\"@type\":\"ReadAction\",\"target\":[\"https:\/\/sites.ipleiria.pt\/desafiosmatematica\/ficha-de-inscricao-2-o-ciclo\/\"]}]},{\"@type\":\"ImageObject\",\"inLanguage\":\"pt-PT\",\"@id\":\"https:\/\/sites.ipleiria.pt\/desafiosmatematica\/ficha-de-inscricao-2-o-ciclo\/#primaryimage\",\"url\":\"https:\/\/sites.ipleiria.pt\/desafiosmatematica\/files\/2020\/01\/BannerSite_2ciclo_Desafios2020.png\",\"contentUrl\":\"https:\/\/sites.ipleiria.pt\/desafiosmatematica\/files\/2020\/01\/BannerSite_2ciclo_Desafios2020.png\",\"width\":609,\"height\":165},{\"@type\":\"BreadcrumbList\",\"@id\":\"https:\/\/sites.ipleiria.pt\/desafiosmatematica\/ficha-de-inscricao-2-o-ciclo\/#breadcrumb\",\"itemListElement\":[{\"@type\":\"ListItem\",\"position\":1,\"name\":\"In\u00edcio\",\"item\":\"https:\/\/sites.ipleiria.pt\/desafiosmatematica\/\"},{\"@type\":\"ListItem\",\"position\":2,\"name\":\"Ficha de Inscri\u00e7\u00e3o\"}]},{\"@type\":\"WebSite\",\"@id\":\"https:\/\/sites.ipleiria.pt\/desafiosmatematica\/#website\",\"url\":\"https:\/\/sites.ipleiria.pt\/desafiosmatematica\/\",\"name\":\"Desafios Matem\u00e1tica\",\"description\":\"Os Desafios Matem\u00e1ticos s\u00e3o uma iniciativa conjunta da Sec\u00e7\u00e3o de Matem\u00e1tica da Escola Superior de Educa\u00e7\u00e3o e Ci\u00eancias Sociais (ESECS) com a Associa\u00e7\u00e3o de Professores de Matem\u00e1tica (APM).\",\"publisher\":{\"@id\":\"https:\/\/sites.ipleiria.pt\/desafiosmatematica\/#organization\"},\"potentialAction\":[{\"@type\":\"SearchAction\",\"target\":{\"@type\":\"EntryPoint\",\"urlTemplate\":\"https:\/\/sites.ipleiria.pt\/desafiosmatematica\/?s={search_term_string}\"},\"query-input\":{\"@type\":\"PropertyValueSpecification\",\"valueRequired\":true,\"valueName\":\"search_term_string\"}}],\"inLanguage\":\"pt-PT\"},{\"@type\":\"Organization\",\"@id\":\"https:\/\/sites.ipleiria.pt\/desafiosmatematica\/#organization\",\"name\":\"Desafios Matem\u00e1tica\",\"url\":\"https:\/\/sites.ipleiria.pt\/desafiosmatematica\/\",\"logo\":{\"@type\":\"ImageObject\",\"inLanguage\":\"pt-PT\",\"@id\":\"https:\/\/sites.ipleiria.pt\/desafiosmatematica\/#\/schema\/logo\/image\/\",\"url\":\"http:\/\/sites.ipleiria.pt\/desafiosmatematica\/files\/2025\/01\/slogo.png\",\"contentUrl\":\"http:\/\/sites.ipleiria.pt\/desafiosmatematica\/files\/2025\/01\/slogo.png\",\"width\":3509,\"height\":889,\"caption\":\"Desafios Matem\u00e1tica\"},\"image\":{\"@id\":\"https:\/\/sites.ipleiria.pt\/desafiosmatematica\/#\/schema\/logo\/image\/\"}}]}<\/script>\n<!-- \/ Yoast SEO plugin. -->","yoast_head_json":{"title":"Ficha de Inscri\u00e7\u00e3o - Desafios Matem\u00e1tica","robots":{"index":"index","follow":"follow","max-snippet":"max-snippet:-1","max-image-preview":"max-image-preview:large","max-video-preview":"max-video-preview:-1"},"canonical":"https:\/\/sites.ipleiria.pt\/desafiosmatematica\/ficha-de-inscricao-2-o-ciclo\/","og_locale":"pt_PT","og_type":"article","og_title":"Ficha de Inscri\u00e7\u00e3o - Desafios Matem\u00e1tica","og_url":"https:\/\/sites.ipleiria.pt\/desafiosmatematica\/ficha-de-inscricao-2-o-ciclo\/","og_site_name":"Desafios Matem\u00e1tica","article_modified_time":"2025-01-28T15:16:55+00:00","og_image":[{"width":609,"height":165,"url":"https:\/\/sites.ipleiria.pt\/desafiosmatematica\/files\/2020\/01\/BannerSite_2ciclo_Desafios2020.png","type":"image\/png"}],"twitter_card":"summary_large_image","schema":{"@context":"https:\/\/schema.org","@graph":[{"@type":"WebPage","@id":"https:\/\/sites.ipleiria.pt\/desafiosmatematica\/ficha-de-inscricao-2-o-ciclo\/","url":"https:\/\/sites.ipleiria.pt\/desafiosmatematica\/ficha-de-inscricao-2-o-ciclo\/","name":"Ficha de Inscri\u00e7\u00e3o - Desafios Matem\u00e1tica","isPartOf":{"@id":"https:\/\/sites.ipleiria.pt\/desafiosmatematica\/#website"},"primaryImageOfPage":{"@id":"https:\/\/sites.ipleiria.pt\/desafiosmatematica\/ficha-de-inscricao-2-o-ciclo\/#primaryimage"},"image":{"@id":"https:\/\/sites.ipleiria.pt\/desafiosmatematica\/ficha-de-inscricao-2-o-ciclo\/#primaryimage"},"thumbnailUrl":"https:\/\/sites.ipleiria.pt\/desafiosmatematica\/files\/2020\/01\/BannerSite_2ciclo_Desafios2020.png","datePublished":"2015-01-15T16:35:01+00:00","dateModified":"2025-01-28T15:16:55+00:00","breadcrumb":{"@id":"https:\/\/sites.ipleiria.pt\/desafiosmatematica\/ficha-de-inscricao-2-o-ciclo\/#breadcrumb"},"inLanguage":"pt-PT","potentialAction":[{"@type":"ReadAction","target":["https:\/\/sites.ipleiria.pt\/desafiosmatematica\/ficha-de-inscricao-2-o-ciclo\/"]}]},{"@type":"ImageObject","inLanguage":"pt-PT","@id":"https:\/\/sites.ipleiria.pt\/desafiosmatematica\/ficha-de-inscricao-2-o-ciclo\/#primaryimage","url":"https:\/\/sites.ipleiria.pt\/desafiosmatematica\/files\/2020\/01\/BannerSite_2ciclo_Desafios2020.png","contentUrl":"https:\/\/sites.ipleiria.pt\/desafiosmatematica\/files\/2020\/01\/BannerSite_2ciclo_Desafios2020.png","width":609,"height":165},{"@type":"BreadcrumbList","@id":"https:\/\/sites.ipleiria.pt\/desafiosmatematica\/ficha-de-inscricao-2-o-ciclo\/#breadcrumb","itemListElement":[{"@type":"ListItem","position":1,"name":"In\u00edcio","item":"https:\/\/sites.ipleiria.pt\/desafiosmatematica\/"},{"@type":"ListItem","position":2,"name":"Ficha de Inscri\u00e7\u00e3o"}]},{"@type":"WebSite","@id":"https:\/\/sites.ipleiria.pt\/desafiosmatematica\/#website","url":"https:\/\/sites.ipleiria.pt\/desafiosmatematica\/","name":"Desafios Matem\u00e1tica","description":"Os Desafios Matem\u00e1ticos s\u00e3o uma iniciativa conjunta da Sec\u00e7\u00e3o de Matem\u00e1tica da Escola Superior de Educa\u00e7\u00e3o e Ci\u00eancias Sociais (ESECS) com a Associa\u00e7\u00e3o de Professores de Matem\u00e1tica (APM).","publisher":{"@id":"https:\/\/sites.ipleiria.pt\/desafiosmatematica\/#organization"},"potentialAction":[{"@type":"SearchAction","target":{"@type":"EntryPoint","urlTemplate":"https:\/\/sites.ipleiria.pt\/desafiosmatematica\/?s={search_term_string}"},"query-input":{"@type":"PropertyValueSpecification","valueRequired":true,"valueName":"search_term_string"}}],"inLanguage":"pt-PT"},{"@type":"Organization","@id":"https:\/\/sites.ipleiria.pt\/desafiosmatematica\/#organization","name":"Desafios Matem\u00e1tica","url":"https:\/\/sites.ipleiria.pt\/desafiosmatematica\/","logo":{"@type":"ImageObject","inLanguage":"pt-PT","@id":"https:\/\/sites.ipleiria.pt\/desafiosmatematica\/#\/schema\/logo\/image\/","url":"http:\/\/sites.ipleiria.pt\/desafiosmatematica\/files\/2025\/01\/slogo.png","contentUrl":"http:\/\/sites.ipleiria.pt\/desafiosmatematica\/files\/2025\/01\/slogo.png","width":3509,"height":889,"caption":"Desafios Matem\u00e1tica"},"image":{"@id":"https:\/\/sites.ipleiria.pt\/desafiosmatematica\/#\/schema\/logo\/image\/"}}]}},"_links":{"self":[{"href":"https:\/\/sites.ipleiria.pt\/desafiosmatematica\/wp-json\/wp\/v2\/pages\/119","targetHints":{"allow":["GET"]}}],"collection":[{"href":"https:\/\/sites.ipleiria.pt\/desafiosmatematica\/wp-json\/wp\/v2\/pages"}],"about":[{"href":"https:\/\/sites.ipleiria.pt\/desafiosmatematica\/wp-json\/wp\/v2\/types\/page"}],"author":[{"embeddable":true,"href":"https:\/\/sites.ipleiria.pt\/desafiosmatematica\/wp-json\/wp\/v2\/users\/102"}],"replies":[{"embeddable":true,"href":"https:\/\/sites.ipleiria.pt\/desafiosmatematica\/wp-json\/wp\/v2\/comments?post=119"}],"version-history":[{"count":28,"href":"https:\/\/sites.ipleiria.pt\/desafiosmatematica\/wp-json\/wp\/v2\/pages\/119\/revisions"}],"predecessor-version":[{"id":1044,"href":"https:\/\/sites.ipleiria.pt\/desafiosmatematica\/wp-json\/wp\/v2\/pages\/119\/revisions\/1044"}],"wp:featuredmedia":[{"embeddable":true,"href":"https:\/\/sites.ipleiria.pt\/desafiosmatematica\/wp-json\/wp\/v2\/media\/791"}],"wp:attachment":[{"href":"https:\/\/sites.ipleiria.pt\/desafiosmatematica\/wp-json\/wp\/v2\/media?parent=119"}],"curies":[{"name":"wp","href":"https:\/\/api.w.org\/{rel}","templated":true}]}}