{"id":125,"date":"2015-01-15T16:36:29","date_gmt":"2015-01-15T16:36:29","guid":{"rendered":"http:\/\/sites.ipleiria.pt\/desafiosmatematica\/?page_id=125"},"modified":"2022-05-11T15:46:00","modified_gmt":"2022-05-11T15:46:00","slug":"lista-de-participantes-2-o-ciclo","status":"publish","type":"page","link":"https:\/\/sites.ipleiria.pt\/desafiosmatematica\/lista-de-participantes-2-o-ciclo\/","title":{"rendered":"Lista de Finalistas"},"content":{"rendered":"<p><span style=\"color: #000080;\"><strong>Para a final do concurso do 2.\u00ba ciclo de 2022 foram apurados 47 alunos.<\/strong><\/span><\/p>\n<p><span style=\"color: #333333;\"><a style=\"color: #333333;\" href=\"http:\/\/sites.ipleiria.pt\/desafiosmatematica\/files\/2022\/05\/Desafios_2.oCEB_2022.pdf\">Lista de alunos finalistas 2022<\/a><\/span><\/p>\n<p><span style=\"color: #000080;\"><strong>Para a final do concurso do 2.\u00ba ciclo de 2019 foram apurados 47 alunos.<\/strong><\/span><\/p>\n<p><span style=\"color: #333333;\"><a style=\"color: #333333;\" href=\"http:\/\/sites.ipleiria.pt\/desafiosmatematica\/files\/2019\/05\/Lista_selecionados_Desafios_2ciclo-2019.pdf\">Lista de alunos finalistas 2019<\/a><\/span><\/p>\n<p><span style=\"color: #000080;\"><strong>Para a final do concurso do 2.\u00ba ciclo de 2018 foram apurados 42 alunos.<\/strong><\/span><\/p>\n<p><a href=\"http:\/\/sites.ipleiria.pt\/desafiosmatematica\/files\/2018\/05\/Lista_selecionados_Desafios_2ciclo-2018.pdf\"><span style=\"color: #333333;\">Lista <\/span><\/a><a style=\"color: #333333;\" href=\"http:\/\/sites.ipleiria.pt\/desafiosmatematica\/files\/2015\/01\/Lista_selecionados_Desafios_2ciclo-2017.pdf\">de alunos finalistas<\/a> 2018<\/p>\n<p><span style=\"color: #000080;\"><strong>Para a final do concurso do 2.\u00ba ciclo de 2017 foram apurados 45 alunos.<\/strong><\/span><\/p>\n<p><a href=\"http:\/\/sites.ipleiria.pt\/desafiosmatematica\/files\/2015\/01\/Lista_selecionados_Desafios_2ciclo-2017.pdf\"><span style=\"color: #333333;\">Lista de alunos finalistas 2017<\/span><\/a><\/p>\n<p><span style=\"color: #000080;\"><strong>Para a final do concurso do 2.\u00ba ciclo de 2016 foram apurados 53 alunos.<\/strong><\/span><\/p>\n<p><span style=\"color: #333333;\"><a style=\"color: #333333;\" href=\"http:\/\/sites.ipleiria.pt\/desafiosmatematica\/files\/2016\/01\/Desafios_2ciclo_Finalistas_2016.pdf\">Lista de alunos finalistas 201<\/a>6<\/span><\/p>\n<p><span style=\"color: #000080;\">Para a final do concurso do 2.\u00ba ciclo de 2015 foram apurados 42 alunos.<\/span><\/p>\n<p><span style=\"color: #000000;\"><a style=\"color: #000000;\" href=\"https:\/\/docs.google.com\/spreadsheets\/d\/1qrI6OrrMRcZyWXwwgSzN1saoLE5ZACqZbrbkawSwW1o\/edit?usp=sharing\"><span style=\"color: #333333;\">Lista de alunos finalistas 2015<\/span><\/a><\/span><\/p>\n","protected":false},"excerpt":{"rendered":"<p>Para a final do concurso do 2.\u00ba ciclo de 2022 foram apurados 47 alunos. Lista de alunos finalistas 2022 Para a final do concurso do 2.\u00ba ciclo de 2019 foram apurados 47 alunos. Lista de alunos finalistas 2019 Para a<\/p>\n","protected":false},"author":102,"featured_media":0,"parent":0,"menu_order":0,"comment_status":"closed","ping_status":"closed","template":"","meta":{"footnotes":""},"class_list":["post-125","page","type-page","status-publish","hentry"],"yoast_head":"<!-- This site is optimized with the Yoast SEO plugin v26.8 - https:\/\/yoast.com\/product\/yoast-seo-wordpress\/ -->\n<title>Lista de Finalistas - Desafios Matem\u00e1tica<\/title>\n<meta name=\"robots\" content=\"index, follow, max-snippet:-1, max-image-preview:large, max-video-preview:-1\" \/>\n<link rel=\"canonical\" href=\"https:\/\/sites.ipleiria.pt\/desafiosmatematica\/lista-de-participantes-2-o-ciclo\/\" \/>\n<meta property=\"og:locale\" content=\"pt_PT\" \/>\n<meta property=\"og:type\" content=\"article\" \/>\n<meta property=\"og:title\" content=\"Lista de Finalistas - Desafios Matem\u00e1tica\" \/>\n<meta property=\"og:description\" content=\"Para a final do concurso do 2.\u00ba ciclo de 2022 foram apurados 47 alunos. Lista de alunos finalistas 2022 Para a final do concurso do 2.\u00ba ciclo de 2019 foram apurados 47 alunos. Lista de alunos finalistas 2019 Para a\" \/>\n<meta property=\"og:url\" content=\"https:\/\/sites.ipleiria.pt\/desafiosmatematica\/lista-de-participantes-2-o-ciclo\/\" \/>\n<meta property=\"og:site_name\" content=\"Desafios Matem\u00e1tica\" \/>\n<meta property=\"article:modified_time\" content=\"2022-05-11T15:46:00+00:00\" \/>\n<meta name=\"twitter:card\" content=\"summary_large_image\" \/>\n<script type=\"application\/ld+json\" class=\"yoast-schema-graph\">{\"@context\":\"https:\/\/schema.org\",\"@graph\":[{\"@type\":\"WebPage\",\"@id\":\"https:\/\/sites.ipleiria.pt\/desafiosmatematica\/lista-de-participantes-2-o-ciclo\/\",\"url\":\"https:\/\/sites.ipleiria.pt\/desafiosmatematica\/lista-de-participantes-2-o-ciclo\/\",\"name\":\"Lista de Finalistas - Desafios Matem\u00e1tica\",\"isPartOf\":{\"@id\":\"https:\/\/sites.ipleiria.pt\/desafiosmatematica\/#website\"},\"datePublished\":\"2015-01-15T16:36:29+00:00\",\"dateModified\":\"2022-05-11T15:46:00+00:00\",\"breadcrumb\":{\"@id\":\"https:\/\/sites.ipleiria.pt\/desafiosmatematica\/lista-de-participantes-2-o-ciclo\/#breadcrumb\"},\"inLanguage\":\"pt-PT\",\"potentialAction\":[{\"@type\":\"ReadAction\",\"target\":[\"https:\/\/sites.ipleiria.pt\/desafiosmatematica\/lista-de-participantes-2-o-ciclo\/\"]}]},{\"@type\":\"BreadcrumbList\",\"@id\":\"https:\/\/sites.ipleiria.pt\/desafiosmatematica\/lista-de-participantes-2-o-ciclo\/#breadcrumb\",\"itemListElement\":[{\"@type\":\"ListItem\",\"position\":1,\"name\":\"In\u00edcio\",\"item\":\"https:\/\/sites.ipleiria.pt\/desafiosmatematica\/\"},{\"@type\":\"ListItem\",\"position\":2,\"name\":\"Lista de Finalistas\"}]},{\"@type\":\"WebSite\",\"@id\":\"https:\/\/sites.ipleiria.pt\/desafiosmatematica\/#website\",\"url\":\"https:\/\/sites.ipleiria.pt\/desafiosmatematica\/\",\"name\":\"Desafios Matem\u00e1tica\",\"description\":\"Os Desafios Matem\u00e1ticos s\u00e3o uma iniciativa conjunta da Sec\u00e7\u00e3o de Matem\u00e1tica da Escola Superior de Educa\u00e7\u00e3o e Ci\u00eancias Sociais (ESECS) com a Associa\u00e7\u00e3o de Professores de Matem\u00e1tica (APM).\",\"publisher\":{\"@id\":\"https:\/\/sites.ipleiria.pt\/desafiosmatematica\/#organization\"},\"potentialAction\":[{\"@type\":\"SearchAction\",\"target\":{\"@type\":\"EntryPoint\",\"urlTemplate\":\"https:\/\/sites.ipleiria.pt\/desafiosmatematica\/?s={search_term_string}\"},\"query-input\":{\"@type\":\"PropertyValueSpecification\",\"valueRequired\":true,\"valueName\":\"search_term_string\"}}],\"inLanguage\":\"pt-PT\"},{\"@type\":\"Organization\",\"@id\":\"https:\/\/sites.ipleiria.pt\/desafiosmatematica\/#organization\",\"name\":\"Desafios Matem\u00e1tica\",\"url\":\"https:\/\/sites.ipleiria.pt\/desafiosmatematica\/\",\"logo\":{\"@type\":\"ImageObject\",\"inLanguage\":\"pt-PT\",\"@id\":\"https:\/\/sites.ipleiria.pt\/desafiosmatematica\/#\/schema\/logo\/image\/\",\"url\":\"http:\/\/sites.ipleiria.pt\/desafiosmatematica\/files\/2025\/01\/slogo.png\",\"contentUrl\":\"http:\/\/sites.ipleiria.pt\/desafiosmatematica\/files\/2025\/01\/slogo.png\",\"width\":3509,\"height\":889,\"caption\":\"Desafios Matem\u00e1tica\"},\"image\":{\"@id\":\"https:\/\/sites.ipleiria.pt\/desafiosmatematica\/#\/schema\/logo\/image\/\"}}]}<\/script>\n<!-- \/ Yoast SEO plugin. -->","yoast_head_json":{"title":"Lista de Finalistas - Desafios Matem\u00e1tica","robots":{"index":"index","follow":"follow","max-snippet":"max-snippet:-1","max-image-preview":"max-image-preview:large","max-video-preview":"max-video-preview:-1"},"canonical":"https:\/\/sites.ipleiria.pt\/desafiosmatematica\/lista-de-participantes-2-o-ciclo\/","og_locale":"pt_PT","og_type":"article","og_title":"Lista de Finalistas - Desafios Matem\u00e1tica","og_description":"Para a final do concurso do 2.\u00ba ciclo de 2022 foram apurados 47 alunos. Lista de alunos finalistas 2022 Para a final do concurso do 2.\u00ba ciclo de 2019 foram apurados 47 alunos. Lista de alunos finalistas 2019 Para a","og_url":"https:\/\/sites.ipleiria.pt\/desafiosmatematica\/lista-de-participantes-2-o-ciclo\/","og_site_name":"Desafios Matem\u00e1tica","article_modified_time":"2022-05-11T15:46:00+00:00","twitter_card":"summary_large_image","schema":{"@context":"https:\/\/schema.org","@graph":[{"@type":"WebPage","@id":"https:\/\/sites.ipleiria.pt\/desafiosmatematica\/lista-de-participantes-2-o-ciclo\/","url":"https:\/\/sites.ipleiria.pt\/desafiosmatematica\/lista-de-participantes-2-o-ciclo\/","name":"Lista de Finalistas - Desafios Matem\u00e1tica","isPartOf":{"@id":"https:\/\/sites.ipleiria.pt\/desafiosmatematica\/#website"},"datePublished":"2015-01-15T16:36:29+00:00","dateModified":"2022-05-11T15:46:00+00:00","breadcrumb":{"@id":"https:\/\/sites.ipleiria.pt\/desafiosmatematica\/lista-de-participantes-2-o-ciclo\/#breadcrumb"},"inLanguage":"pt-PT","potentialAction":[{"@type":"ReadAction","target":["https:\/\/sites.ipleiria.pt\/desafiosmatematica\/lista-de-participantes-2-o-ciclo\/"]}]},{"@type":"BreadcrumbList","@id":"https:\/\/sites.ipleiria.pt\/desafiosmatematica\/lista-de-participantes-2-o-ciclo\/#breadcrumb","itemListElement":[{"@type":"ListItem","position":1,"name":"In\u00edcio","item":"https:\/\/sites.ipleiria.pt\/desafiosmatematica\/"},{"@type":"ListItem","position":2,"name":"Lista de Finalistas"}]},{"@type":"WebSite","@id":"https:\/\/sites.ipleiria.pt\/desafiosmatematica\/#website","url":"https:\/\/sites.ipleiria.pt\/desafiosmatematica\/","name":"Desafios Matem\u00e1tica","description":"Os Desafios Matem\u00e1ticos s\u00e3o uma iniciativa conjunta da Sec\u00e7\u00e3o de Matem\u00e1tica da Escola Superior de Educa\u00e7\u00e3o e Ci\u00eancias Sociais (ESECS) com a Associa\u00e7\u00e3o de Professores de Matem\u00e1tica (APM).","publisher":{"@id":"https:\/\/sites.ipleiria.pt\/desafiosmatematica\/#organization"},"potentialAction":[{"@type":"SearchAction","target":{"@type":"EntryPoint","urlTemplate":"https:\/\/sites.ipleiria.pt\/desafiosmatematica\/?s={search_term_string}"},"query-input":{"@type":"PropertyValueSpecification","valueRequired":true,"valueName":"search_term_string"}}],"inLanguage":"pt-PT"},{"@type":"Organization","@id":"https:\/\/sites.ipleiria.pt\/desafiosmatematica\/#organization","name":"Desafios Matem\u00e1tica","url":"https:\/\/sites.ipleiria.pt\/desafiosmatematica\/","logo":{"@type":"ImageObject","inLanguage":"pt-PT","@id":"https:\/\/sites.ipleiria.pt\/desafiosmatematica\/#\/schema\/logo\/image\/","url":"http:\/\/sites.ipleiria.pt\/desafiosmatematica\/files\/2025\/01\/slogo.png","contentUrl":"http:\/\/sites.ipleiria.pt\/desafiosmatematica\/files\/2025\/01\/slogo.png","width":3509,"height":889,"caption":"Desafios Matem\u00e1tica"},"image":{"@id":"https:\/\/sites.ipleiria.pt\/desafiosmatematica\/#\/schema\/logo\/image\/"}}]}},"_links":{"self":[{"href":"https:\/\/sites.ipleiria.pt\/desafiosmatematica\/wp-json\/wp\/v2\/pages\/125","targetHints":{"allow":["GET"]}}],"collection":[{"href":"https:\/\/sites.ipleiria.pt\/desafiosmatematica\/wp-json\/wp\/v2\/pages"}],"about":[{"href":"https:\/\/sites.ipleiria.pt\/desafiosmatematica\/wp-json\/wp\/v2\/types\/page"}],"author":[{"embeddable":true,"href":"https:\/\/sites.ipleiria.pt\/desafiosmatematica\/wp-json\/wp\/v2\/users\/102"}],"replies":[{"embeddable":true,"href":"https:\/\/sites.ipleiria.pt\/desafiosmatematica\/wp-json\/wp\/v2\/comments?post=125"}],"version-history":[{"count":25,"href":"https:\/\/sites.ipleiria.pt\/desafiosmatematica\/wp-json\/wp\/v2\/pages\/125\/revisions"}],"predecessor-version":[{"id":936,"href":"https:\/\/sites.ipleiria.pt\/desafiosmatematica\/wp-json\/wp\/v2\/pages\/125\/revisions\/936"}],"wp:attachment":[{"href":"https:\/\/sites.ipleiria.pt\/desafiosmatematica\/wp-json\/wp\/v2\/media?parent=125"}],"curies":[{"name":"wp","href":"https:\/\/api.w.org\/{rel}","templated":true}]}}