{"id":131,"date":"2015-01-15T16:38:14","date_gmt":"2015-01-15T16:38:14","guid":{"rendered":"http:\/\/sites.ipleiria.pt\/desafiosmatematica\/?page_id=131"},"modified":"2025-05-15T10:08:50","modified_gmt":"2025-05-15T10:08:50","slug":"repositorio-de-provas-2-o-ciclo","status":"publish","type":"page","link":"https:\/\/sites.ipleiria.pt\/desafiosmatematica\/repositorio-de-provas-2-o-ciclo\/","title":{"rendered":"Reposit\u00f3rio de Provas &#8211; 2.\u00ba Ciclo"},"content":{"rendered":"\n<p>2<strong>02<\/strong>5<\/p>\n\n\n\n<p><strong>Prova Final de 2025<\/strong><br><a href=\"http:\/\/sites.ipleiria.pt\/desafiosmatematica\/files\/2025\/05\/Desafios-2025_Final_2.oCEB_VF.pdf\">Clique para aceder<\/a><\/p>\n\n\n\n<p><strong>Prova Eliminat\u00f3ria de 2025<\/strong><br><a href=\"http:\/\/sites.ipleiria.pt\/desafiosmatematica\/files\/2025\/05\/Desafios-2025_Eliminatoria_2oCEB_VF.pdf\">Clique para aceder<\/a><\/p>\n\n\n\n<hr class=\"wp-block-separator has-css-opacity\"\/>\n\n\n\n<p><strong>202<\/strong>4<\/p>\n\n\n\n<p><strong>Prova Final de 2024<\/strong><br><a href=\"http:\/\/sites.ipleiria.pt\/desafiosmatematica\/files\/2025\/01\/Desafios2024_2CEB_Eliminatoria_VF.pdf\">Clique para aceder<\/a><\/p>\n\n\n\n<p><strong>Prova Eliminat\u00f3ria de 2024<\/strong><br><a href=\"http:\/\/sites.ipleiria.pt\/desafiosmatematica\/files\/2025\/01\/Desafios2024_2CEB_Final.pdf\">Clique para aceder<\/a><\/p>\n\n\n\n<hr class=\"wp-block-separator has-css-opacity\"\/>\n\n\n\n<p><strong>2023<\/strong><\/p>\n\n\n\n<p><strong>Prova Final de 2023<\/strong><br><a href=\"http:\/\/sites.ipleiria.pt\/desafiosmatematica\/files\/2024\/02\/Desafios2023_2CEB_FINAL.pdf\">Clique para aceder<\/a><\/p>\n\n\n\n<p><strong>Prova Eliminat\u00f3ria de 2023<\/strong><br><a href=\"http:\/\/sites.ipleiria.pt\/desafiosmatematica\/files\/2024\/02\/Desafios2023_2CEB_Eliminatoria.pdf\">Clique para aceder<\/a><\/p>\n\n\n\n<hr class=\"wp-block-separator has-css-opacity\"\/>\n\n\n\n<p><strong>2022<\/strong><\/p>\n\n\n\n<p><strong>Prova Final de 2022<\/strong><br><a href=\"http:\/\/sites.ipleiria.pt\/desafiosmatematica\/files\/2023\/01\/Prova_final2022_2ceb.pdf\">Clique para aceder<\/a><\/p>\n\n\n\n<p><strong>Prova Eliminat\u00f3ria de 2022<\/strong><br><a href=\"http:\/\/sites.ipleiria.pt\/desafiosmatematica\/files\/2023\/01\/Prova_eliminatoria2022_2ceb.pdf\">Clique para aceder<\/a><\/p>\n\n\n\n<hr class=\"wp-block-separator has-css-opacity\"\/>\n\n\n\n<p><strong>2020<\/strong><\/p>\n\n\n\n<p><strong>Prova Eliminat\u00f3ria de 2020<\/strong><br><a href=\"http:\/\/sites.ipleiria.pt\/desafiosmatematica\/files\/2020\/04\/Desafios2020_2CEB_Prova_Eliminat\u00f3ria.pdf\">Clique para aceder<\/a><\/p>\n\n\n\n<hr class=\"wp-block-separator has-css-opacity\"\/>\n\n\n\n<p><strong>2019<\/strong><\/p>\n\n\n\n<p><strong>Prova Final de 2019<\/strong><br><a href=\"http:\/\/sites.ipleiria.pt\/desafiosmatematica\/files\/2019\/05\/Desafios2019_2CEB_Prova_Final.pdf\">Clique para aceder<\/a><\/p>\n\n\n\n<p><strong>Prova Eliminat\u00f3ria de 2019<\/strong><br><a href=\"http:\/\/sites.ipleiria.pt\/desafiosmatematica\/files\/2019\/03\/Desafios2019_2CEB_Prova_Eliminat\u00f3ria.pdf\">Clique para aceder<\/a><\/p>\n\n\n\n<hr class=\"wp-block-separator has-css-opacity\"\/>\n\n\n\n<p><strong>2018<\/strong><\/p>\n\n\n\n<p><strong>Prova Final de 2018<\/strong><br><a href=\"http:\/\/sites.ipleiria.pt\/desafiosmatematica\/files\/2018\/05\/Prova-desafios-final-2Ciclo_2018.pdf\">Clique par<\/a><a href=\"http:\/\/sites.ipleiria.pt\/desafiosmatematica\/files\/2018\/05\/Prova-desafios-final-2Ciclo_2018.pdf\">a aceder<\/a><\/p>\n\n\n\n<p><strong>Prova Eliminat\u00f3ria de 2018<\/strong><br><a href=\"http:\/\/sites.ipleiria.pt\/desafiosmatematica\/files\/2018\/03\/Prova-desafios-eliminat\u00f3ria-2Ciclo_2018.pdf\">Clique para aceder<\/a><\/p>\n\n\n\n<hr class=\"wp-block-separator has-css-opacity\"\/>\n\n\n\n<p><strong>2017<\/strong><\/p>\n\n\n\n<p><strong>Prova Final de 2017<\/strong><br><a href=\"http:\/\/sites.ipleiria.pt\/desafiosmatematica\/files\/2015\/01\/Prova-desafios-final-2Ciclo_2017.pdf\">Clique para aceder<\/a><\/p>\n\n\n\n<p><strong>Prova Eliminat\u00f3ria de 2017<\/strong><br><a href=\"http:\/\/sites.ipleiria.pt\/desafiosmatematica\/files\/2015\/01\/Prova-Desafios-2CICLO-Elim-2017.pdf\">Clique para aceder<\/a><\/p>\n\n\n\n<hr class=\"wp-block-separator has-css-opacity\"\/>\n\n\n\n<p><strong>2016<\/strong><\/p>\n\n\n\n<p><strong>Prova Final de 2016<\/strong><br><a href=\"http:\/\/sites.ipleiria.pt\/desafiosmatematica\/files\/2015\/01\/Prova-desafios-final-2Ciclo_2016.pdf\">Clique para aceder<\/a><\/p>\n\n\n\n<p><strong>Prova Eliminat\u00f3ria de 2016<\/strong><br><a href=\"http:\/\/sites.ipleiria.pt\/desafiosmatematica\/files\/2019\/01\/Prova_Desafios_2CICLO_Eliminatoria_2016.pdf\">Clique para aceder<\/a><\/p>\n\n\n\n<hr class=\"wp-block-separator has-css-opacity\"\/>\n\n\n\n<p><strong>2015<\/strong><\/p>\n\n\n\n<p><strong>Prova Final de 2015<\/strong><br><a href=\"\/\/sites.ipleiria.pt\/desafiosmatematica\/files\/2015\/01\/desafios-final-2-ciclo_VF.pdf\" target=\"_blank\" rel=\"noreferrer noopener\">Clique para aceder<\/a><\/p>\n\n\n\n<p><strong>Prova Eliminat\u00f3ria de 2015<\/strong><br><a href=\"\/\/sites.ipleiria.pt\/desafiosmatematica\/files\/2015\/04\/Prova_Desafios_2CICLO_Eliminatoria_2015.pdf\" target=\"_blank\" rel=\"noreferrer noopener\">Clique para aceder<\/a><\/p>\n","protected":false},"excerpt":{"rendered":"<p>2025 Prova Final de 2025Clique para aceder Prova Eliminat\u00f3ria de 2025Clique para aceder 2024 Prova Final de 2024Clique para aceder Prova Eliminat\u00f3ria de 2024Clique para aceder 2023 Prova Final de 2023Clique para aceder Prova Eliminat\u00f3ria de 2023Clique para aceder 2022<\/p>\n","protected":false},"author":102,"featured_media":0,"parent":0,"menu_order":0,"comment_status":"closed","ping_status":"closed","template":"","meta":{"footnotes":""},"class_list":["post-131","page","type-page","status-publish","hentry"],"yoast_head":"<!-- This site is optimized with the Yoast SEO plugin v26.8 - https:\/\/yoast.com\/product\/yoast-seo-wordpress\/ -->\n<title>Reposit\u00f3rio de Provas - 2.\u00ba Ciclo - Desafios Matem\u00e1tica<\/title>\n<meta name=\"robots\" content=\"index, follow, max-snippet:-1, max-image-preview:large, max-video-preview:-1\" \/>\n<link rel=\"canonical\" href=\"https:\/\/sites.ipleiria.pt\/desafiosmatematica\/repositorio-de-provas-2-o-ciclo\/\" \/>\n<meta property=\"og:locale\" content=\"pt_PT\" \/>\n<meta property=\"og:type\" content=\"article\" \/>\n<meta property=\"og:title\" content=\"Reposit\u00f3rio de Provas - 2.\u00ba Ciclo - Desafios Matem\u00e1tica\" \/>\n<meta property=\"og:description\" content=\"2025 Prova Final de 2025Clique para aceder Prova Eliminat\u00f3ria de 2025Clique para aceder 2024 Prova Final de 2024Clique para aceder Prova Eliminat\u00f3ria de 2024Clique para aceder 2023 Prova Final de 2023Clique para aceder Prova Eliminat\u00f3ria de 2023Clique para aceder 2022\" \/>\n<meta property=\"og:url\" content=\"https:\/\/sites.ipleiria.pt\/desafiosmatematica\/repositorio-de-provas-2-o-ciclo\/\" \/>\n<meta property=\"og:site_name\" content=\"Desafios Matem\u00e1tica\" \/>\n<meta property=\"article:modified_time\" content=\"2025-05-15T10:08:50+00:00\" \/>\n<meta name=\"twitter:card\" content=\"summary_large_image\" \/>\n<meta name=\"twitter:label1\" content=\"Tempo estimado de leitura\" \/>\n\t<meta name=\"twitter:data1\" content=\"1 minuto\" \/>\n<script type=\"application\/ld+json\" class=\"yoast-schema-graph\">{\"@context\":\"https:\/\/schema.org\",\"@graph\":[{\"@type\":\"WebPage\",\"@id\":\"https:\/\/sites.ipleiria.pt\/desafiosmatematica\/repositorio-de-provas-2-o-ciclo\/\",\"url\":\"https:\/\/sites.ipleiria.pt\/desafiosmatematica\/repositorio-de-provas-2-o-ciclo\/\",\"name\":\"Reposit\u00f3rio de Provas - 2.\u00ba Ciclo - Desafios Matem\u00e1tica\",\"isPartOf\":{\"@id\":\"https:\/\/sites.ipleiria.pt\/desafiosmatematica\/#website\"},\"datePublished\":\"2015-01-15T16:38:14+00:00\",\"dateModified\":\"2025-05-15T10:08:50+00:00\",\"breadcrumb\":{\"@id\":\"https:\/\/sites.ipleiria.pt\/desafiosmatematica\/repositorio-de-provas-2-o-ciclo\/#breadcrumb\"},\"inLanguage\":\"pt-PT\",\"potentialAction\":[{\"@type\":\"ReadAction\",\"target\":[\"https:\/\/sites.ipleiria.pt\/desafiosmatematica\/repositorio-de-provas-2-o-ciclo\/\"]}]},{\"@type\":\"BreadcrumbList\",\"@id\":\"https:\/\/sites.ipleiria.pt\/desafiosmatematica\/repositorio-de-provas-2-o-ciclo\/#breadcrumb\",\"itemListElement\":[{\"@type\":\"ListItem\",\"position\":1,\"name\":\"In\u00edcio\",\"item\":\"https:\/\/sites.ipleiria.pt\/desafiosmatematica\/\"},{\"@type\":\"ListItem\",\"position\":2,\"name\":\"Reposit\u00f3rio de Provas &#8211; 2.\u00ba Ciclo\"}]},{\"@type\":\"WebSite\",\"@id\":\"https:\/\/sites.ipleiria.pt\/desafiosmatematica\/#website\",\"url\":\"https:\/\/sites.ipleiria.pt\/desafiosmatematica\/\",\"name\":\"Desafios Matem\u00e1tica\",\"description\":\"Os Desafios Matem\u00e1ticos s\u00e3o uma iniciativa conjunta da Sec\u00e7\u00e3o de Matem\u00e1tica da Escola Superior de Educa\u00e7\u00e3o e Ci\u00eancias Sociais (ESECS) com a Associa\u00e7\u00e3o de Professores de Matem\u00e1tica (APM).\",\"publisher\":{\"@id\":\"https:\/\/sites.ipleiria.pt\/desafiosmatematica\/#organization\"},\"potentialAction\":[{\"@type\":\"SearchAction\",\"target\":{\"@type\":\"EntryPoint\",\"urlTemplate\":\"https:\/\/sites.ipleiria.pt\/desafiosmatematica\/?s={search_term_string}\"},\"query-input\":{\"@type\":\"PropertyValueSpecification\",\"valueRequired\":true,\"valueName\":\"search_term_string\"}}],\"inLanguage\":\"pt-PT\"},{\"@type\":\"Organization\",\"@id\":\"https:\/\/sites.ipleiria.pt\/desafiosmatematica\/#organization\",\"name\":\"Desafios Matem\u00e1tica\",\"url\":\"https:\/\/sites.ipleiria.pt\/desafiosmatematica\/\",\"logo\":{\"@type\":\"ImageObject\",\"inLanguage\":\"pt-PT\",\"@id\":\"https:\/\/sites.ipleiria.pt\/desafiosmatematica\/#\/schema\/logo\/image\/\",\"url\":\"http:\/\/sites.ipleiria.pt\/desafiosmatematica\/files\/2025\/01\/slogo.png\",\"contentUrl\":\"http:\/\/sites.ipleiria.pt\/desafiosmatematica\/files\/2025\/01\/slogo.png\",\"width\":3509,\"height\":889,\"caption\":\"Desafios Matem\u00e1tica\"},\"image\":{\"@id\":\"https:\/\/sites.ipleiria.pt\/desafiosmatematica\/#\/schema\/logo\/image\/\"}}]}<\/script>\n<!-- \/ Yoast SEO plugin. -->","yoast_head_json":{"title":"Reposit\u00f3rio de Provas - 2.\u00ba Ciclo - Desafios Matem\u00e1tica","robots":{"index":"index","follow":"follow","max-snippet":"max-snippet:-1","max-image-preview":"max-image-preview:large","max-video-preview":"max-video-preview:-1"},"canonical":"https:\/\/sites.ipleiria.pt\/desafiosmatematica\/repositorio-de-provas-2-o-ciclo\/","og_locale":"pt_PT","og_type":"article","og_title":"Reposit\u00f3rio de Provas - 2.\u00ba Ciclo - Desafios Matem\u00e1tica","og_description":"2025 Prova Final de 2025Clique para aceder Prova Eliminat\u00f3ria de 2025Clique para aceder 2024 Prova Final de 2024Clique para aceder Prova Eliminat\u00f3ria de 2024Clique para aceder 2023 Prova Final de 2023Clique para aceder Prova Eliminat\u00f3ria de 2023Clique para aceder 2022","og_url":"https:\/\/sites.ipleiria.pt\/desafiosmatematica\/repositorio-de-provas-2-o-ciclo\/","og_site_name":"Desafios Matem\u00e1tica","article_modified_time":"2025-05-15T10:08:50+00:00","twitter_card":"summary_large_image","twitter_misc":{"Tempo estimado de leitura":"1 minuto"},"schema":{"@context":"https:\/\/schema.org","@graph":[{"@type":"WebPage","@id":"https:\/\/sites.ipleiria.pt\/desafiosmatematica\/repositorio-de-provas-2-o-ciclo\/","url":"https:\/\/sites.ipleiria.pt\/desafiosmatematica\/repositorio-de-provas-2-o-ciclo\/","name":"Reposit\u00f3rio de Provas - 2.\u00ba Ciclo - Desafios Matem\u00e1tica","isPartOf":{"@id":"https:\/\/sites.ipleiria.pt\/desafiosmatematica\/#website"},"datePublished":"2015-01-15T16:38:14+00:00","dateModified":"2025-05-15T10:08:50+00:00","breadcrumb":{"@id":"https:\/\/sites.ipleiria.pt\/desafiosmatematica\/repositorio-de-provas-2-o-ciclo\/#breadcrumb"},"inLanguage":"pt-PT","potentialAction":[{"@type":"ReadAction","target":["https:\/\/sites.ipleiria.pt\/desafiosmatematica\/repositorio-de-provas-2-o-ciclo\/"]}]},{"@type":"BreadcrumbList","@id":"https:\/\/sites.ipleiria.pt\/desafiosmatematica\/repositorio-de-provas-2-o-ciclo\/#breadcrumb","itemListElement":[{"@type":"ListItem","position":1,"name":"In\u00edcio","item":"https:\/\/sites.ipleiria.pt\/desafiosmatematica\/"},{"@type":"ListItem","position":2,"name":"Reposit\u00f3rio de Provas &#8211; 2.\u00ba Ciclo"}]},{"@type":"WebSite","@id":"https:\/\/sites.ipleiria.pt\/desafiosmatematica\/#website","url":"https:\/\/sites.ipleiria.pt\/desafiosmatematica\/","name":"Desafios Matem\u00e1tica","description":"Os Desafios Matem\u00e1ticos s\u00e3o uma iniciativa conjunta da Sec\u00e7\u00e3o de Matem\u00e1tica da Escola Superior de Educa\u00e7\u00e3o e Ci\u00eancias Sociais (ESECS) com a Associa\u00e7\u00e3o de Professores de Matem\u00e1tica (APM).","publisher":{"@id":"https:\/\/sites.ipleiria.pt\/desafiosmatematica\/#organization"},"potentialAction":[{"@type":"SearchAction","target":{"@type":"EntryPoint","urlTemplate":"https:\/\/sites.ipleiria.pt\/desafiosmatematica\/?s={search_term_string}"},"query-input":{"@type":"PropertyValueSpecification","valueRequired":true,"valueName":"search_term_string"}}],"inLanguage":"pt-PT"},{"@type":"Organization","@id":"https:\/\/sites.ipleiria.pt\/desafiosmatematica\/#organization","name":"Desafios Matem\u00e1tica","url":"https:\/\/sites.ipleiria.pt\/desafiosmatematica\/","logo":{"@type":"ImageObject","inLanguage":"pt-PT","@id":"https:\/\/sites.ipleiria.pt\/desafiosmatematica\/#\/schema\/logo\/image\/","url":"http:\/\/sites.ipleiria.pt\/desafiosmatematica\/files\/2025\/01\/slogo.png","contentUrl":"http:\/\/sites.ipleiria.pt\/desafiosmatematica\/files\/2025\/01\/slogo.png","width":3509,"height":889,"caption":"Desafios Matem\u00e1tica"},"image":{"@id":"https:\/\/sites.ipleiria.pt\/desafiosmatematica\/#\/schema\/logo\/image\/"}}]}},"_links":{"self":[{"href":"https:\/\/sites.ipleiria.pt\/desafiosmatematica\/wp-json\/wp\/v2\/pages\/131","targetHints":{"allow":["GET"]}}],"collection":[{"href":"https:\/\/sites.ipleiria.pt\/desafiosmatematica\/wp-json\/wp\/v2\/pages"}],"about":[{"href":"https:\/\/sites.ipleiria.pt\/desafiosmatematica\/wp-json\/wp\/v2\/types\/page"}],"author":[{"embeddable":true,"href":"https:\/\/sites.ipleiria.pt\/desafiosmatematica\/wp-json\/wp\/v2\/users\/102"}],"replies":[{"embeddable":true,"href":"https:\/\/sites.ipleiria.pt\/desafiosmatematica\/wp-json\/wp\/v2\/comments?post=131"}],"version-history":[{"count":23,"href":"https:\/\/sites.ipleiria.pt\/desafiosmatematica\/wp-json\/wp\/v2\/pages\/131\/revisions"}],"predecessor-version":[{"id":1072,"href":"https:\/\/sites.ipleiria.pt\/desafiosmatematica\/wp-json\/wp\/v2\/pages\/131\/revisions\/1072"}],"wp:attachment":[{"href":"https:\/\/sites.ipleiria.pt\/desafiosmatematica\/wp-json\/wp\/v2\/media?parent=131"}],"curies":[{"name":"wp","href":"https:\/\/api.w.org\/{rel}","templated":true}]}}