{"id":17,"date":"2014-11-21T01:50:09","date_gmt":"2014-11-21T01:50:09","guid":{"rendered":"http:\/\/sites.ipleiria.pt\/desafiosmatematica\/?page_id=17"},"modified":"2025-01-28T15:45:01","modified_gmt":"2025-01-28T15:45:01","slug":"regulamento","status":"publish","type":"page","link":"https:\/\/sites.ipleiria.pt\/desafiosmatematica\/regulamento\/","title":{"rendered":"Regulamento"},"content":{"rendered":"<p><strong>Regulamento do Concurso<br \/>\nDESAFIOS 1.\u00ba Ciclo<\/strong><br \/>\n<a href=\"http:\/\/sites.ipleiria.pt\/desafiosmatematica\/files\/2025\/01\/DESAFIOS-1ociclo_Regulamento_B_2025.pdf\">Clique para aceder<\/a><\/p>\n","protected":false},"excerpt":{"rendered":"<p>Regulamento do Concurso DESAFIOS 1.\u00ba Ciclo Clique para aceder<\/p>\n","protected":false},"author":498,"featured_media":0,"parent":0,"menu_order":1,"comment_status":"closed","ping_status":"closed","template":"","meta":{"footnotes":""},"class_list":["post-17","page","type-page","status-publish","hentry"],"yoast_head":"<!-- This site is optimized with the Yoast SEO plugin v26.8 - https:\/\/yoast.com\/product\/yoast-seo-wordpress\/ -->\n<title>Regulamento - Desafios Matem\u00e1tica<\/title>\n<meta name=\"robots\" content=\"index, follow, max-snippet:-1, max-image-preview:large, max-video-preview:-1\" \/>\n<link rel=\"canonical\" href=\"https:\/\/sites.ipleiria.pt\/desafiosmatematica\/regulamento\/\" \/>\n<meta property=\"og:locale\" content=\"pt_PT\" \/>\n<meta property=\"og:type\" content=\"article\" \/>\n<meta property=\"og:title\" content=\"Regulamento - Desafios Matem\u00e1tica\" \/>\n<meta property=\"og:description\" content=\"Regulamento do Concurso DESAFIOS 1.\u00ba Ciclo Clique para aceder\" \/>\n<meta property=\"og:url\" content=\"https:\/\/sites.ipleiria.pt\/desafiosmatematica\/regulamento\/\" \/>\n<meta property=\"og:site_name\" content=\"Desafios Matem\u00e1tica\" \/>\n<meta property=\"article:modified_time\" content=\"2025-01-28T15:45:01+00:00\" \/>\n<meta name=\"twitter:card\" content=\"summary_large_image\" \/>\n<script type=\"application\/ld+json\" class=\"yoast-schema-graph\">{\"@context\":\"https:\/\/schema.org\",\"@graph\":[{\"@type\":\"WebPage\",\"@id\":\"https:\/\/sites.ipleiria.pt\/desafiosmatematica\/regulamento\/\",\"url\":\"https:\/\/sites.ipleiria.pt\/desafiosmatematica\/regulamento\/\",\"name\":\"Regulamento - Desafios Matem\u00e1tica\",\"isPartOf\":{\"@id\":\"https:\/\/sites.ipleiria.pt\/desafiosmatematica\/#website\"},\"datePublished\":\"2014-11-21T01:50:09+00:00\",\"dateModified\":\"2025-01-28T15:45:01+00:00\",\"breadcrumb\":{\"@id\":\"https:\/\/sites.ipleiria.pt\/desafiosmatematica\/regulamento\/#breadcrumb\"},\"inLanguage\":\"pt-PT\",\"potentialAction\":[{\"@type\":\"ReadAction\",\"target\":[\"https:\/\/sites.ipleiria.pt\/desafiosmatematica\/regulamento\/\"]}]},{\"@type\":\"BreadcrumbList\",\"@id\":\"https:\/\/sites.ipleiria.pt\/desafiosmatematica\/regulamento\/#breadcrumb\",\"itemListElement\":[{\"@type\":\"ListItem\",\"position\":1,\"name\":\"In\u00edcio\",\"item\":\"https:\/\/sites.ipleiria.pt\/desafiosmatematica\/\"},{\"@type\":\"ListItem\",\"position\":2,\"name\":\"Regulamento\"}]},{\"@type\":\"WebSite\",\"@id\":\"https:\/\/sites.ipleiria.pt\/desafiosmatematica\/#website\",\"url\":\"https:\/\/sites.ipleiria.pt\/desafiosmatematica\/\",\"name\":\"Desafios Matem\u00e1tica\",\"description\":\"Os Desafios Matem\u00e1ticos s\u00e3o uma iniciativa conjunta da Sec\u00e7\u00e3o de Matem\u00e1tica da Escola Superior de Educa\u00e7\u00e3o e Ci\u00eancias Sociais (ESECS) com a Associa\u00e7\u00e3o de Professores de Matem\u00e1tica (APM).\",\"publisher\":{\"@id\":\"https:\/\/sites.ipleiria.pt\/desafiosmatematica\/#organization\"},\"potentialAction\":[{\"@type\":\"SearchAction\",\"target\":{\"@type\":\"EntryPoint\",\"urlTemplate\":\"https:\/\/sites.ipleiria.pt\/desafiosmatematica\/?s={search_term_string}\"},\"query-input\":{\"@type\":\"PropertyValueSpecification\",\"valueRequired\":true,\"valueName\":\"search_term_string\"}}],\"inLanguage\":\"pt-PT\"},{\"@type\":\"Organization\",\"@id\":\"https:\/\/sites.ipleiria.pt\/desafiosmatematica\/#organization\",\"name\":\"Desafios Matem\u00e1tica\",\"url\":\"https:\/\/sites.ipleiria.pt\/desafiosmatematica\/\",\"logo\":{\"@type\":\"ImageObject\",\"inLanguage\":\"pt-PT\",\"@id\":\"https:\/\/sites.ipleiria.pt\/desafiosmatematica\/#\/schema\/logo\/image\/\",\"url\":\"http:\/\/sites.ipleiria.pt\/desafiosmatematica\/files\/2025\/01\/slogo.png\",\"contentUrl\":\"http:\/\/sites.ipleiria.pt\/desafiosmatematica\/files\/2025\/01\/slogo.png\",\"width\":3509,\"height\":889,\"caption\":\"Desafios Matem\u00e1tica\"},\"image\":{\"@id\":\"https:\/\/sites.ipleiria.pt\/desafiosmatematica\/#\/schema\/logo\/image\/\"}}]}<\/script>\n<!-- \/ Yoast SEO plugin. -->","yoast_head_json":{"title":"Regulamento - Desafios Matem\u00e1tica","robots":{"index":"index","follow":"follow","max-snippet":"max-snippet:-1","max-image-preview":"max-image-preview:large","max-video-preview":"max-video-preview:-1"},"canonical":"https:\/\/sites.ipleiria.pt\/desafiosmatematica\/regulamento\/","og_locale":"pt_PT","og_type":"article","og_title":"Regulamento - Desafios Matem\u00e1tica","og_description":"Regulamento do Concurso DESAFIOS 1.\u00ba Ciclo Clique para aceder","og_url":"https:\/\/sites.ipleiria.pt\/desafiosmatematica\/regulamento\/","og_site_name":"Desafios Matem\u00e1tica","article_modified_time":"2025-01-28T15:45:01+00:00","twitter_card":"summary_large_image","schema":{"@context":"https:\/\/schema.org","@graph":[{"@type":"WebPage","@id":"https:\/\/sites.ipleiria.pt\/desafiosmatematica\/regulamento\/","url":"https:\/\/sites.ipleiria.pt\/desafiosmatematica\/regulamento\/","name":"Regulamento - Desafios Matem\u00e1tica","isPartOf":{"@id":"https:\/\/sites.ipleiria.pt\/desafiosmatematica\/#website"},"datePublished":"2014-11-21T01:50:09+00:00","dateModified":"2025-01-28T15:45:01+00:00","breadcrumb":{"@id":"https:\/\/sites.ipleiria.pt\/desafiosmatematica\/regulamento\/#breadcrumb"},"inLanguage":"pt-PT","potentialAction":[{"@type":"ReadAction","target":["https:\/\/sites.ipleiria.pt\/desafiosmatematica\/regulamento\/"]}]},{"@type":"BreadcrumbList","@id":"https:\/\/sites.ipleiria.pt\/desafiosmatematica\/regulamento\/#breadcrumb","itemListElement":[{"@type":"ListItem","position":1,"name":"In\u00edcio","item":"https:\/\/sites.ipleiria.pt\/desafiosmatematica\/"},{"@type":"ListItem","position":2,"name":"Regulamento"}]},{"@type":"WebSite","@id":"https:\/\/sites.ipleiria.pt\/desafiosmatematica\/#website","url":"https:\/\/sites.ipleiria.pt\/desafiosmatematica\/","name":"Desafios Matem\u00e1tica","description":"Os Desafios Matem\u00e1ticos s\u00e3o uma iniciativa conjunta da Sec\u00e7\u00e3o de Matem\u00e1tica da Escola Superior de Educa\u00e7\u00e3o e Ci\u00eancias Sociais (ESECS) com a Associa\u00e7\u00e3o de Professores de Matem\u00e1tica (APM).","publisher":{"@id":"https:\/\/sites.ipleiria.pt\/desafiosmatematica\/#organization"},"potentialAction":[{"@type":"SearchAction","target":{"@type":"EntryPoint","urlTemplate":"https:\/\/sites.ipleiria.pt\/desafiosmatematica\/?s={search_term_string}"},"query-input":{"@type":"PropertyValueSpecification","valueRequired":true,"valueName":"search_term_string"}}],"inLanguage":"pt-PT"},{"@type":"Organization","@id":"https:\/\/sites.ipleiria.pt\/desafiosmatematica\/#organization","name":"Desafios Matem\u00e1tica","url":"https:\/\/sites.ipleiria.pt\/desafiosmatematica\/","logo":{"@type":"ImageObject","inLanguage":"pt-PT","@id":"https:\/\/sites.ipleiria.pt\/desafiosmatematica\/#\/schema\/logo\/image\/","url":"http:\/\/sites.ipleiria.pt\/desafiosmatematica\/files\/2025\/01\/slogo.png","contentUrl":"http:\/\/sites.ipleiria.pt\/desafiosmatematica\/files\/2025\/01\/slogo.png","width":3509,"height":889,"caption":"Desafios Matem\u00e1tica"},"image":{"@id":"https:\/\/sites.ipleiria.pt\/desafiosmatematica\/#\/schema\/logo\/image\/"}}]}},"_links":{"self":[{"href":"https:\/\/sites.ipleiria.pt\/desafiosmatematica\/wp-json\/wp\/v2\/pages\/17","targetHints":{"allow":["GET"]}}],"collection":[{"href":"https:\/\/sites.ipleiria.pt\/desafiosmatematica\/wp-json\/wp\/v2\/pages"}],"about":[{"href":"https:\/\/sites.ipleiria.pt\/desafiosmatematica\/wp-json\/wp\/v2\/types\/page"}],"author":[{"embeddable":true,"href":"https:\/\/sites.ipleiria.pt\/desafiosmatematica\/wp-json\/wp\/v2\/users\/498"}],"replies":[{"embeddable":true,"href":"https:\/\/sites.ipleiria.pt\/desafiosmatematica\/wp-json\/wp\/v2\/comments?post=17"}],"version-history":[{"count":29,"href":"https:\/\/sites.ipleiria.pt\/desafiosmatematica\/wp-json\/wp\/v2\/pages\/17\/revisions"}],"predecessor-version":[{"id":1055,"href":"https:\/\/sites.ipleiria.pt\/desafiosmatematica\/wp-json\/wp\/v2\/pages\/17\/revisions\/1055"}],"wp:attachment":[{"href":"https:\/\/sites.ipleiria.pt\/desafiosmatematica\/wp-json\/wp\/v2\/media?parent=17"}],"curies":[{"name":"wp","href":"https:\/\/api.w.org\/{rel}","templated":true}]}}