{"id":340,"date":"2015-05-24T22:54:53","date_gmt":"2015-05-24T22:54:53","guid":{"rendered":"http:\/\/sites.ipleiria.pt\/desafiosmatematica\/?page_id=340"},"modified":"2024-02-05T16:06:55","modified_gmt":"2024-02-05T16:06:55","slug":"vencedores","status":"publish","type":"page","link":"https:\/\/sites.ipleiria.pt\/desafiosmatematica\/vencedores\/","title":{"rendered":"Vencedores"},"content":{"rendered":"<p><span style=\"color: #0000ff;\"><strong>VENCEDORES 2023<\/strong><\/span><\/p>\n<p><strong>+++++ Primeiro Ciclo +++++<\/strong><\/p>\n<div class=\"x_elementToProof\">\n<p style=\"font-weight: 400;\"><strong>Francisca Figueiredo<br \/><\/strong><strong>98 pontos<br \/><\/strong>EB1 Touria, AE Dr. Correia Mateus<\/p>\n<p style=\"font-weight: 400;\"><strong>Martim Barateiro<br \/><\/strong><strong style=\"font-size: revert;\">97 pontos<br \/><\/strong>Centro Escolar Barreira, AE Domingos Sequeira<\/p>\n<p style=\"font-weight: 400;\"><strong>Xinya Wang<br \/><\/strong><strong style=\"font-size: revert;\">97 pontos<br \/><\/strong>EB Pombal, AE Pombal<\/p>\n<p><strong>+++++ Segundo Ciclo +++++<\/strong><\/p>\n<p style=\"font-weight: 400;\"><strong>Rafael Domingues<br \/><\/strong><strong>98 pontos<br \/><\/strong>Col\u00e9gio Jo\u00e3o de Barros\u00a0<\/p>\n<p style=\"font-weight: 400;\"><strong>Mauro Ferreira<br \/><\/strong><strong>95 pontos<br \/><\/strong>AE Henrique Sommer\u00a0<\/p>\n<p style=\"font-weight: 400;\"><strong>David Morgado<br \/><\/strong><strong>94 pontos<br \/><\/strong>AE Guia<\/p>\n<\/div>\n<p><span style=\"color: #0000ff;\"><strong>VENCEDORES 2022<\/strong><\/span><\/p>\n<p><strong>+++++ Primeiro Ciclo +++++<\/strong><\/p>\n<div class=\"x_elementToProof\">\n<p><strong>Lucas Moleirinho<\/strong><br \/><strong>93 pontos<\/strong><br \/>EB1 Coucinheira, AE Marrazes<\/p>\n<p><strong>Nina Sardenberger<\/strong><br \/><strong>92 pontos<\/strong><br \/>EB1 Santo Onofre, AE Raul Proen\u00e7a<\/p>\n<p><strong>Daniel Escaleira<\/strong><br \/><strong>91 pontos<\/strong><br \/>CE Valado dos Frades, AE Nazar\u00e9<\/p>\n<p><strong>+++++ Segundo Ciclo +++++<\/strong><\/p>\n<p><strong>Margarida Godinho<\/strong><br \/><strong>95 pontos<\/strong><br \/>Col\u00e9gio Nossa Senhora de F\u00e1tima, Leiria<\/p>\n<p><strong>Nicole Matos<\/strong><br \/><strong>94 pontos<\/strong><br \/>AE Vieira de Leiria<\/p>\n<p><strong>Ana Saraiva<\/strong><br \/><strong>93 pontos<\/strong><br \/>Col\u00e9gio Nossa Senhora de F\u00e1tima, Leiria<\/p>\n<\/div>\n<p><span style=\"color: #0000ff;\"><strong>VENCEDORES 2019<\/strong><\/span><\/p>\n<p><strong>+++++ Primeiro Ciclo +++++<\/strong><\/p>\n<p><strong>Vladimir Vladimirovich Gryaznov<\/strong><br \/>AE Raul Proen\u00e7a<\/p>\n<p><strong>Afonso Fino\u00a0 Santos<\/strong><br \/>AE da Benedita<\/p>\n<p><strong>Diogo Manso Lopes Menino<\/strong><br \/>AE Caranguejeira e St.\u00aa Catarina da Serra<\/p>\n<p><strong>+++++ Segundo Ciclo +++++<\/strong><\/p>\n<p><strong>Jos\u00e9\u00a0 Maria Lu\u00eds Ferreira<\/strong><br \/>EB2 da Benedita<\/p>\n<p><strong>Leonor Pessoa Pinto<\/strong><br \/>Externato Liceal Albergaria dos Doze<\/p>\n<p><strong>Jo\u00e3o Gaspar Belo<\/strong><br \/>Col\u00e9gio Nossa Sra. F\u00e1tima<\/p>\n<p><span style=\"color: #0000ff;\"><strong>VENCEDORES 2018<\/strong><\/span><\/p>\n<p><strong>+++++ Primeiro Ciclo +++++<\/strong><\/p>\n<p><strong>Diogo Gon\u00e7alves Carecho<\/strong><br \/><strong>98 pontos<\/strong><br \/>Col\u00e9gio Conciliar Maria Imaculada<\/p>\n<p><strong>Louren\u00e7o Fetal<\/strong><br \/><strong>91 pontos<\/strong><br \/>AE da Benedita<\/p>\n<p><strong>Tiago Neto<\/strong><br \/><strong>88 pontos<\/strong><br \/>AE Caranguejeira e St\u00aa. Catarina da Serra<\/p>\n<p><strong>+++++ Segundo Ciclo +++++<\/strong><\/p>\n<p><strong>Laura Alves Moura<\/strong><br \/><strong>100 pontos<\/strong><br \/>EB2 da Benedita<\/p>\n<p><strong>Manuel Mota<\/strong><br \/><strong>100 pontos<\/strong><br \/><strong>Ext. L. Albergaria dos Doze<\/strong><\/p>\n<p><strong>Enzo Afonso Silva<\/strong><br \/><strong>96 pontos<\/strong><br \/>Col\u00e9gio de S\u00e3o Miguel<\/p>\n<p><span style=\"color: #0000ff;\"><strong>VENCEDORES 2017<\/strong><\/span><\/p>\n<p><strong>+++++ Primeiro Ciclo +++++<\/strong><\/p>\n<p><strong>Hugo Neto Henriques<\/strong><br \/><strong>97,5 pontos<\/strong><br \/>AE Guia- Pombal<\/p>\n<p><strong>Alice Reis Mota<\/strong><br \/><strong>97,5 pontos<\/strong><br \/>Col\u00e9gio Nossa Senhora de F\u00e1tima<\/p>\n<p><strong>Ana Rita Cruz Branco<\/strong><br \/><strong>94 pontos<\/strong><br \/>AE Domingos Sequeira<\/p>\n<p><strong>+++++ Segundo Ciclo +++++<\/strong><\/p>\n<p><strong>Ana Castro<\/strong><br \/><strong>98 pontos<\/strong><br \/>Col\u00e9gio Nossa Senhora de F\u00e1tima<\/p>\n<p><strong>Maria\u00a0Carolina Lalanda<\/strong><br \/><strong>98 pontos<\/strong><br \/>Col\u00e9gio Rainha D Leonor<\/p>\n<p><strong>Gon\u00e7alo Braz<\/strong><\/p>\n<p><strong>97,5 pontos<br \/><\/strong>Col\u00e9gio Nossa Senhora de F\u00e1tima<strong><br \/><\/strong><\/p>\n<p><span style=\"color: #0000ff;\"><strong>VENCEDORES 2016<\/strong><\/span><\/p>\n<p><strong>+++++ Primeiro Ciclo +++++ <\/strong><\/p>\n<p><strong>Jos\u00e9 Monteiro<\/strong><br \/><strong>98 pontos<\/strong><br \/>Col\u00e9gio Conciliar Maria Imaculada<\/p>\n<p><strong>Rita de Sousa Gago<\/strong><br \/><strong>96 pontos<\/strong><br \/>Col\u00e9gio Nossa Senhora de F\u00e1tima<\/p>\n<p><strong>Sofia Castanheira Gomes<\/strong><br \/><strong>96 pontos<\/strong><br \/>Centro Escolar da Barreira<\/p>\n<p><strong>+++++ Segundo Ciclo +++++ <\/strong><\/p>\n<p><strong>Alexandre Rodrigues Leal<\/strong><br \/><strong>97 pontos<\/strong><br \/>EB Secund\u00e1ria Fern\u00e3o do P\u00f3<\/p>\n<p><strong>Maria Matilde Pires<\/strong><br \/><strong>97 pontos<\/strong><br \/>Col\u00e9gio C. de Maria Imaculada<\/p>\n<p><strong>Ana Francisca Ladeira Vieira<\/strong><\/p>\n<p><strong> <strong>97 pontos<\/strong><br \/><\/strong>EB Secund\u00e1ria Fern\u00e3o do P\u00f3<strong><br \/><\/strong><\/p>\n<p><span style=\"color: #0000ff;\"><strong>VENCEDORES 2015<\/strong><\/span><\/p>\n<p><strong> +++++ Primeiro Ciclo +++++ <\/strong><br \/><strong>Laura Pedro de Sousa Cust\u00f3dio<\/strong><br \/><strong>93 pontos<\/strong><br \/>AE Domingos Sequeira EB1 Parceiros<\/p>\n<p><strong>Tom\u00e1s Gon\u00e7alves Ribeiro Lopes<\/strong><br \/><strong>88 pontos<\/strong><br \/>AE de Pombal &#8211; EB1 de Carvalhal<\/p>\n<p><strong>Laura Vieira Bernhard<\/strong><br \/><strong>87 pontos<\/strong><br \/>Jardim Escola Jo\u00e3o de Deus de Leiria<\/p>\n<p><strong> +++++ Segundo Ciclo +++++ <\/strong><br \/><strong>Rafael Almeida<\/strong><br \/><strong>92 pontos<\/strong><br \/>AE de Vieira de Leiria: EB2 Padre Franklin<\/p>\n<p><strong>Joana Pires<\/strong><br \/><strong>92 pontos<\/strong><br \/>AE da Batalha: EB\/S da Batalha<\/p>\n<p><strong>Sofia Balau<\/strong><br \/><strong>91 pontos<\/strong><br \/>Col\u00e9gio Nossa Senhora de F\u00e1tima<\/p>\n\n\n<p><\/p>\n","protected":false},"excerpt":{"rendered":"<p>VENCEDORES 2023 +++++ Primeiro Ciclo +++++ Francisca Figueiredo98 pontosEB1 Touria, AE Dr. Correia Mateus Martim Barateiro97 pontosCentro Escolar Barreira, AE Domingos Sequeira Xinya Wang97 pontosEB Pombal, AE Pombal +++++ Segundo Ciclo +++++ Rafael Domingues98 pontosCol\u00e9gio Jo\u00e3o de Barros\u00a0 Mauro Ferreira95<\/p>\n","protected":false},"author":2439,"featured_media":0,"parent":0,"menu_order":5,"comment_status":"closed","ping_status":"closed","template":"","meta":{"footnotes":""},"class_list":["post-340","page","type-page","status-publish","hentry"],"yoast_head":"<!-- This site is optimized with the Yoast SEO plugin v26.8 - https:\/\/yoast.com\/product\/yoast-seo-wordpress\/ -->\n<title>Vencedores - Desafios Matem\u00e1tica<\/title>\n<meta name=\"robots\" content=\"index, follow, max-snippet:-1, max-image-preview:large, max-video-preview:-1\" \/>\n<link rel=\"canonical\" href=\"https:\/\/sites.ipleiria.pt\/desafiosmatematica\/vencedores\/\" \/>\n<meta property=\"og:locale\" content=\"pt_PT\" \/>\n<meta property=\"og:type\" content=\"article\" \/>\n<meta property=\"og:title\" content=\"Vencedores - Desafios Matem\u00e1tica\" \/>\n<meta property=\"og:description\" content=\"VENCEDORES 2023 +++++ Primeiro Ciclo +++++ Francisca Figueiredo98 pontosEB1 Touria, AE Dr. Correia Mateus Martim Barateiro97 pontosCentro Escolar Barreira, AE Domingos Sequeira Xinya Wang97 pontosEB Pombal, AE Pombal +++++ Segundo Ciclo +++++ Rafael Domingues98 pontosCol\u00e9gio Jo\u00e3o de Barros\u00a0 Mauro Ferreira95\" \/>\n<meta property=\"og:url\" content=\"https:\/\/sites.ipleiria.pt\/desafiosmatematica\/vencedores\/\" \/>\n<meta property=\"og:site_name\" content=\"Desafios Matem\u00e1tica\" \/>\n<meta property=\"article:modified_time\" content=\"2024-02-05T16:06:55+00:00\" \/>\n<meta name=\"twitter:card\" content=\"summary_large_image\" \/>\n<meta name=\"twitter:label1\" content=\"Tempo estimado de leitura\" \/>\n\t<meta name=\"twitter:data1\" content=\"2 minutos\" \/>\n<script type=\"application\/ld+json\" class=\"yoast-schema-graph\">{\"@context\":\"https:\/\/schema.org\",\"@graph\":[{\"@type\":\"WebPage\",\"@id\":\"https:\/\/sites.ipleiria.pt\/desafiosmatematica\/vencedores\/\",\"url\":\"https:\/\/sites.ipleiria.pt\/desafiosmatematica\/vencedores\/\",\"name\":\"Vencedores - Desafios Matem\u00e1tica\",\"isPartOf\":{\"@id\":\"https:\/\/sites.ipleiria.pt\/desafiosmatematica\/#website\"},\"datePublished\":\"2015-05-24T22:54:53+00:00\",\"dateModified\":\"2024-02-05T16:06:55+00:00\",\"breadcrumb\":{\"@id\":\"https:\/\/sites.ipleiria.pt\/desafiosmatematica\/vencedores\/#breadcrumb\"},\"inLanguage\":\"pt-PT\",\"potentialAction\":[{\"@type\":\"ReadAction\",\"target\":[\"https:\/\/sites.ipleiria.pt\/desafiosmatematica\/vencedores\/\"]}]},{\"@type\":\"BreadcrumbList\",\"@id\":\"https:\/\/sites.ipleiria.pt\/desafiosmatematica\/vencedores\/#breadcrumb\",\"itemListElement\":[{\"@type\":\"ListItem\",\"position\":1,\"name\":\"In\u00edcio\",\"item\":\"https:\/\/sites.ipleiria.pt\/desafiosmatematica\/\"},{\"@type\":\"ListItem\",\"position\":2,\"name\":\"Vencedores\"}]},{\"@type\":\"WebSite\",\"@id\":\"https:\/\/sites.ipleiria.pt\/desafiosmatematica\/#website\",\"url\":\"https:\/\/sites.ipleiria.pt\/desafiosmatematica\/\",\"name\":\"Desafios Matem\u00e1tica\",\"description\":\"Os Desafios Matem\u00e1ticos s\u00e3o uma iniciativa conjunta da Sec\u00e7\u00e3o de Matem\u00e1tica da Escola Superior de Educa\u00e7\u00e3o e Ci\u00eancias Sociais (ESECS) com a Associa\u00e7\u00e3o de Professores de Matem\u00e1tica (APM).\",\"publisher\":{\"@id\":\"https:\/\/sites.ipleiria.pt\/desafiosmatematica\/#organization\"},\"potentialAction\":[{\"@type\":\"SearchAction\",\"target\":{\"@type\":\"EntryPoint\",\"urlTemplate\":\"https:\/\/sites.ipleiria.pt\/desafiosmatematica\/?s={search_term_string}\"},\"query-input\":{\"@type\":\"PropertyValueSpecification\",\"valueRequired\":true,\"valueName\":\"search_term_string\"}}],\"inLanguage\":\"pt-PT\"},{\"@type\":\"Organization\",\"@id\":\"https:\/\/sites.ipleiria.pt\/desafiosmatematica\/#organization\",\"name\":\"Desafios Matem\u00e1tica\",\"url\":\"https:\/\/sites.ipleiria.pt\/desafiosmatematica\/\",\"logo\":{\"@type\":\"ImageObject\",\"inLanguage\":\"pt-PT\",\"@id\":\"https:\/\/sites.ipleiria.pt\/desafiosmatematica\/#\/schema\/logo\/image\/\",\"url\":\"http:\/\/sites.ipleiria.pt\/desafiosmatematica\/files\/2025\/01\/slogo.png\",\"contentUrl\":\"http:\/\/sites.ipleiria.pt\/desafiosmatematica\/files\/2025\/01\/slogo.png\",\"width\":3509,\"height\":889,\"caption\":\"Desafios Matem\u00e1tica\"},\"image\":{\"@id\":\"https:\/\/sites.ipleiria.pt\/desafiosmatematica\/#\/schema\/logo\/image\/\"}}]}<\/script>\n<!-- \/ Yoast SEO plugin. -->","yoast_head_json":{"title":"Vencedores - Desafios Matem\u00e1tica","robots":{"index":"index","follow":"follow","max-snippet":"max-snippet:-1","max-image-preview":"max-image-preview:large","max-video-preview":"max-video-preview:-1"},"canonical":"https:\/\/sites.ipleiria.pt\/desafiosmatematica\/vencedores\/","og_locale":"pt_PT","og_type":"article","og_title":"Vencedores - Desafios Matem\u00e1tica","og_description":"VENCEDORES 2023 +++++ Primeiro Ciclo +++++ Francisca Figueiredo98 pontosEB1 Touria, AE Dr. Correia Mateus Martim Barateiro97 pontosCentro Escolar Barreira, AE Domingos Sequeira Xinya Wang97 pontosEB Pombal, AE Pombal +++++ Segundo Ciclo +++++ Rafael Domingues98 pontosCol\u00e9gio Jo\u00e3o de Barros\u00a0 Mauro Ferreira95","og_url":"https:\/\/sites.ipleiria.pt\/desafiosmatematica\/vencedores\/","og_site_name":"Desafios Matem\u00e1tica","article_modified_time":"2024-02-05T16:06:55+00:00","twitter_card":"summary_large_image","twitter_misc":{"Tempo estimado de leitura":"2 minutos"},"schema":{"@context":"https:\/\/schema.org","@graph":[{"@type":"WebPage","@id":"https:\/\/sites.ipleiria.pt\/desafiosmatematica\/vencedores\/","url":"https:\/\/sites.ipleiria.pt\/desafiosmatematica\/vencedores\/","name":"Vencedores - Desafios Matem\u00e1tica","isPartOf":{"@id":"https:\/\/sites.ipleiria.pt\/desafiosmatematica\/#website"},"datePublished":"2015-05-24T22:54:53+00:00","dateModified":"2024-02-05T16:06:55+00:00","breadcrumb":{"@id":"https:\/\/sites.ipleiria.pt\/desafiosmatematica\/vencedores\/#breadcrumb"},"inLanguage":"pt-PT","potentialAction":[{"@type":"ReadAction","target":["https:\/\/sites.ipleiria.pt\/desafiosmatematica\/vencedores\/"]}]},{"@type":"BreadcrumbList","@id":"https:\/\/sites.ipleiria.pt\/desafiosmatematica\/vencedores\/#breadcrumb","itemListElement":[{"@type":"ListItem","position":1,"name":"In\u00edcio","item":"https:\/\/sites.ipleiria.pt\/desafiosmatematica\/"},{"@type":"ListItem","position":2,"name":"Vencedores"}]},{"@type":"WebSite","@id":"https:\/\/sites.ipleiria.pt\/desafiosmatematica\/#website","url":"https:\/\/sites.ipleiria.pt\/desafiosmatematica\/","name":"Desafios Matem\u00e1tica","description":"Os Desafios Matem\u00e1ticos s\u00e3o uma iniciativa conjunta da Sec\u00e7\u00e3o de Matem\u00e1tica da Escola Superior de Educa\u00e7\u00e3o e Ci\u00eancias Sociais (ESECS) com a Associa\u00e7\u00e3o de Professores de Matem\u00e1tica (APM).","publisher":{"@id":"https:\/\/sites.ipleiria.pt\/desafiosmatematica\/#organization"},"potentialAction":[{"@type":"SearchAction","target":{"@type":"EntryPoint","urlTemplate":"https:\/\/sites.ipleiria.pt\/desafiosmatematica\/?s={search_term_string}"},"query-input":{"@type":"PropertyValueSpecification","valueRequired":true,"valueName":"search_term_string"}}],"inLanguage":"pt-PT"},{"@type":"Organization","@id":"https:\/\/sites.ipleiria.pt\/desafiosmatematica\/#organization","name":"Desafios Matem\u00e1tica","url":"https:\/\/sites.ipleiria.pt\/desafiosmatematica\/","logo":{"@type":"ImageObject","inLanguage":"pt-PT","@id":"https:\/\/sites.ipleiria.pt\/desafiosmatematica\/#\/schema\/logo\/image\/","url":"http:\/\/sites.ipleiria.pt\/desafiosmatematica\/files\/2025\/01\/slogo.png","contentUrl":"http:\/\/sites.ipleiria.pt\/desafiosmatematica\/files\/2025\/01\/slogo.png","width":3509,"height":889,"caption":"Desafios Matem\u00e1tica"},"image":{"@id":"https:\/\/sites.ipleiria.pt\/desafiosmatematica\/#\/schema\/logo\/image\/"}}]}},"_links":{"self":[{"href":"https:\/\/sites.ipleiria.pt\/desafiosmatematica\/wp-json\/wp\/v2\/pages\/340","targetHints":{"allow":["GET"]}}],"collection":[{"href":"https:\/\/sites.ipleiria.pt\/desafiosmatematica\/wp-json\/wp\/v2\/pages"}],"about":[{"href":"https:\/\/sites.ipleiria.pt\/desafiosmatematica\/wp-json\/wp\/v2\/types\/page"}],"author":[{"embeddable":true,"href":"https:\/\/sites.ipleiria.pt\/desafiosmatematica\/wp-json\/wp\/v2\/users\/2439"}],"replies":[{"embeddable":true,"href":"https:\/\/sites.ipleiria.pt\/desafiosmatematica\/wp-json\/wp\/v2\/comments?post=340"}],"version-history":[{"count":30,"href":"https:\/\/sites.ipleiria.pt\/desafiosmatematica\/wp-json\/wp\/v2\/pages\/340\/revisions"}],"predecessor-version":[{"id":1023,"href":"https:\/\/sites.ipleiria.pt\/desafiosmatematica\/wp-json\/wp\/v2\/pages\/340\/revisions\/1023"}],"wp:attachment":[{"href":"https:\/\/sites.ipleiria.pt\/desafiosmatematica\/wp-json\/wp\/v2\/media?parent=340"}],"curies":[{"name":"wp","href":"https:\/\/api.w.org\/{rel}","templated":true}]}}