{"id":46,"date":"2015-01-08T16:38:51","date_gmt":"2015-01-08T16:38:51","guid":{"rendered":"http:\/\/sites.ipleiria.pt\/desafiosmatematica\/?page_id=46"},"modified":"2022-01-12T16:50:24","modified_gmt":"2022-01-12T16:50:24","slug":"concursos","status":"publish","type":"page","link":"https:\/\/sites.ipleiria.pt\/desafiosmatematica\/concursos\/","title":{"rendered":"Concursos"},"content":{"rendered":"<p>No ano letivo de <strong>2021\/2022<\/strong>&nbsp;o projeto DESAFIOS contemplar\u00e1 concursos para o 1.\u00ba e para o 2.\u00ba CEB.<\/p>\n","protected":false},"excerpt":{"rendered":"<p>No ano letivo de 2021\/2022&nbsp;o projeto DESAFIOS contemplar\u00e1 concursos para o 1.\u00ba e para o 2.\u00ba CEB.<\/p>\n","protected":false},"author":102,"featured_media":0,"parent":0,"menu_order":3,"comment_status":"closed","ping_status":"closed","template":"","meta":{"footnotes":""},"class_list":["post-46","page","type-page","status-publish","hentry"],"yoast_head":"<!-- This site is optimized with the Yoast SEO plugin v26.8 - https:\/\/yoast.com\/product\/yoast-seo-wordpress\/ -->\n<title>Concursos - Desafios Matem\u00e1tica<\/title>\n<meta name=\"robots\" content=\"index, follow, max-snippet:-1, max-image-preview:large, max-video-preview:-1\" \/>\n<link rel=\"canonical\" href=\"https:\/\/sites.ipleiria.pt\/desafiosmatematica\/concursos\/\" \/>\n<meta property=\"og:locale\" content=\"pt_PT\" \/>\n<meta property=\"og:type\" content=\"article\" \/>\n<meta property=\"og:title\" content=\"Concursos - Desafios Matem\u00e1tica\" \/>\n<meta property=\"og:description\" content=\"No ano letivo de 2021\/2022&nbsp;o projeto DESAFIOS contemplar\u00e1 concursos para o 1.\u00ba e para o 2.\u00ba CEB.\" \/>\n<meta property=\"og:url\" content=\"https:\/\/sites.ipleiria.pt\/desafiosmatematica\/concursos\/\" \/>\n<meta property=\"og:site_name\" content=\"Desafios Matem\u00e1tica\" \/>\n<meta property=\"article:modified_time\" content=\"2022-01-12T16:50:24+00:00\" \/>\n<meta name=\"twitter:card\" content=\"summary_large_image\" \/>\n<script type=\"application\/ld+json\" class=\"yoast-schema-graph\">{\"@context\":\"https:\/\/schema.org\",\"@graph\":[{\"@type\":\"WebPage\",\"@id\":\"https:\/\/sites.ipleiria.pt\/desafiosmatematica\/concursos\/\",\"url\":\"https:\/\/sites.ipleiria.pt\/desafiosmatematica\/concursos\/\",\"name\":\"Concursos - Desafios Matem\u00e1tica\",\"isPartOf\":{\"@id\":\"https:\/\/sites.ipleiria.pt\/desafiosmatematica\/#website\"},\"datePublished\":\"2015-01-08T16:38:51+00:00\",\"dateModified\":\"2022-01-12T16:50:24+00:00\",\"breadcrumb\":{\"@id\":\"https:\/\/sites.ipleiria.pt\/desafiosmatematica\/concursos\/#breadcrumb\"},\"inLanguage\":\"pt-PT\",\"potentialAction\":[{\"@type\":\"ReadAction\",\"target\":[\"https:\/\/sites.ipleiria.pt\/desafiosmatematica\/concursos\/\"]}]},{\"@type\":\"BreadcrumbList\",\"@id\":\"https:\/\/sites.ipleiria.pt\/desafiosmatematica\/concursos\/#breadcrumb\",\"itemListElement\":[{\"@type\":\"ListItem\",\"position\":1,\"name\":\"In\u00edcio\",\"item\":\"https:\/\/sites.ipleiria.pt\/desafiosmatematica\/\"},{\"@type\":\"ListItem\",\"position\":2,\"name\":\"Concursos\"}]},{\"@type\":\"WebSite\",\"@id\":\"https:\/\/sites.ipleiria.pt\/desafiosmatematica\/#website\",\"url\":\"https:\/\/sites.ipleiria.pt\/desafiosmatematica\/\",\"name\":\"Desafios Matem\u00e1tica\",\"description\":\"Os Desafios Matem\u00e1ticos s\u00e3o uma iniciativa conjunta da Sec\u00e7\u00e3o de Matem\u00e1tica da Escola Superior de Educa\u00e7\u00e3o e Ci\u00eancias Sociais (ESECS) com a Associa\u00e7\u00e3o de Professores de Matem\u00e1tica (APM).\",\"publisher\":{\"@id\":\"https:\/\/sites.ipleiria.pt\/desafiosmatematica\/#organization\"},\"potentialAction\":[{\"@type\":\"SearchAction\",\"target\":{\"@type\":\"EntryPoint\",\"urlTemplate\":\"https:\/\/sites.ipleiria.pt\/desafiosmatematica\/?s={search_term_string}\"},\"query-input\":{\"@type\":\"PropertyValueSpecification\",\"valueRequired\":true,\"valueName\":\"search_term_string\"}}],\"inLanguage\":\"pt-PT\"},{\"@type\":\"Organization\",\"@id\":\"https:\/\/sites.ipleiria.pt\/desafiosmatematica\/#organization\",\"name\":\"Desafios Matem\u00e1tica\",\"url\":\"https:\/\/sites.ipleiria.pt\/desafiosmatematica\/\",\"logo\":{\"@type\":\"ImageObject\",\"inLanguage\":\"pt-PT\",\"@id\":\"https:\/\/sites.ipleiria.pt\/desafiosmatematica\/#\/schema\/logo\/image\/\",\"url\":\"http:\/\/sites.ipleiria.pt\/desafiosmatematica\/files\/2025\/01\/slogo.png\",\"contentUrl\":\"http:\/\/sites.ipleiria.pt\/desafiosmatematica\/files\/2025\/01\/slogo.png\",\"width\":3509,\"height\":889,\"caption\":\"Desafios Matem\u00e1tica\"},\"image\":{\"@id\":\"https:\/\/sites.ipleiria.pt\/desafiosmatematica\/#\/schema\/logo\/image\/\"}}]}<\/script>\n<!-- \/ Yoast SEO plugin. -->","yoast_head_json":{"title":"Concursos - Desafios Matem\u00e1tica","robots":{"index":"index","follow":"follow","max-snippet":"max-snippet:-1","max-image-preview":"max-image-preview:large","max-video-preview":"max-video-preview:-1"},"canonical":"https:\/\/sites.ipleiria.pt\/desafiosmatematica\/concursos\/","og_locale":"pt_PT","og_type":"article","og_title":"Concursos - Desafios Matem\u00e1tica","og_description":"No ano letivo de 2021\/2022&nbsp;o projeto DESAFIOS contemplar\u00e1 concursos para o 1.\u00ba e para o 2.\u00ba CEB.","og_url":"https:\/\/sites.ipleiria.pt\/desafiosmatematica\/concursos\/","og_site_name":"Desafios Matem\u00e1tica","article_modified_time":"2022-01-12T16:50:24+00:00","twitter_card":"summary_large_image","schema":{"@context":"https:\/\/schema.org","@graph":[{"@type":"WebPage","@id":"https:\/\/sites.ipleiria.pt\/desafiosmatematica\/concursos\/","url":"https:\/\/sites.ipleiria.pt\/desafiosmatematica\/concursos\/","name":"Concursos - Desafios Matem\u00e1tica","isPartOf":{"@id":"https:\/\/sites.ipleiria.pt\/desafiosmatematica\/#website"},"datePublished":"2015-01-08T16:38:51+00:00","dateModified":"2022-01-12T16:50:24+00:00","breadcrumb":{"@id":"https:\/\/sites.ipleiria.pt\/desafiosmatematica\/concursos\/#breadcrumb"},"inLanguage":"pt-PT","potentialAction":[{"@type":"ReadAction","target":["https:\/\/sites.ipleiria.pt\/desafiosmatematica\/concursos\/"]}]},{"@type":"BreadcrumbList","@id":"https:\/\/sites.ipleiria.pt\/desafiosmatematica\/concursos\/#breadcrumb","itemListElement":[{"@type":"ListItem","position":1,"name":"In\u00edcio","item":"https:\/\/sites.ipleiria.pt\/desafiosmatematica\/"},{"@type":"ListItem","position":2,"name":"Concursos"}]},{"@type":"WebSite","@id":"https:\/\/sites.ipleiria.pt\/desafiosmatematica\/#website","url":"https:\/\/sites.ipleiria.pt\/desafiosmatematica\/","name":"Desafios Matem\u00e1tica","description":"Os Desafios Matem\u00e1ticos s\u00e3o uma iniciativa conjunta da Sec\u00e7\u00e3o de Matem\u00e1tica da Escola Superior de Educa\u00e7\u00e3o e Ci\u00eancias Sociais (ESECS) com a Associa\u00e7\u00e3o de Professores de Matem\u00e1tica (APM).","publisher":{"@id":"https:\/\/sites.ipleiria.pt\/desafiosmatematica\/#organization"},"potentialAction":[{"@type":"SearchAction","target":{"@type":"EntryPoint","urlTemplate":"https:\/\/sites.ipleiria.pt\/desafiosmatematica\/?s={search_term_string}"},"query-input":{"@type":"PropertyValueSpecification","valueRequired":true,"valueName":"search_term_string"}}],"inLanguage":"pt-PT"},{"@type":"Organization","@id":"https:\/\/sites.ipleiria.pt\/desafiosmatematica\/#organization","name":"Desafios Matem\u00e1tica","url":"https:\/\/sites.ipleiria.pt\/desafiosmatematica\/","logo":{"@type":"ImageObject","inLanguage":"pt-PT","@id":"https:\/\/sites.ipleiria.pt\/desafiosmatematica\/#\/schema\/logo\/image\/","url":"http:\/\/sites.ipleiria.pt\/desafiosmatematica\/files\/2025\/01\/slogo.png","contentUrl":"http:\/\/sites.ipleiria.pt\/desafiosmatematica\/files\/2025\/01\/slogo.png","width":3509,"height":889,"caption":"Desafios Matem\u00e1tica"},"image":{"@id":"https:\/\/sites.ipleiria.pt\/desafiosmatematica\/#\/schema\/logo\/image\/"}}]}},"_links":{"self":[{"href":"https:\/\/sites.ipleiria.pt\/desafiosmatematica\/wp-json\/wp\/v2\/pages\/46","targetHints":{"allow":["GET"]}}],"collection":[{"href":"https:\/\/sites.ipleiria.pt\/desafiosmatematica\/wp-json\/wp\/v2\/pages"}],"about":[{"href":"https:\/\/sites.ipleiria.pt\/desafiosmatematica\/wp-json\/wp\/v2\/types\/page"}],"author":[{"embeddable":true,"href":"https:\/\/sites.ipleiria.pt\/desafiosmatematica\/wp-json\/wp\/v2\/users\/102"}],"replies":[{"embeddable":true,"href":"https:\/\/sites.ipleiria.pt\/desafiosmatematica\/wp-json\/wp\/v2\/comments?post=46"}],"version-history":[{"count":11,"href":"https:\/\/sites.ipleiria.pt\/desafiosmatematica\/wp-json\/wp\/v2\/pages\/46\/revisions"}],"predecessor-version":[{"id":849,"href":"https:\/\/sites.ipleiria.pt\/desafiosmatematica\/wp-json\/wp\/v2\/pages\/46\/revisions\/849"}],"wp:attachment":[{"href":"https:\/\/sites.ipleiria.pt\/desafiosmatematica\/wp-json\/wp\/v2\/media?parent=46"}],"curies":[{"name":"wp","href":"https:\/\/api.w.org\/{rel}","templated":true}]}}