{"id":58,"date":"2015-01-08T16:45:44","date_gmt":"2015-01-08T16:45:44","guid":{"rendered":"http:\/\/sites.ipleiria.pt\/desafiosmatematica\/?page_id=58"},"modified":"2025-01-28T15:03:55","modified_gmt":"2025-01-28T15:03:55","slug":"organizacao","status":"publish","type":"page","link":"https:\/\/sites.ipleiria.pt\/desafiosmatematica\/organizacao\/","title":{"rendered":"Organiza\u00e7\u00e3o"},"content":{"rendered":"<p><strong>Sec\u00e7\u00e3o de Matem\u00e1tica da ESECS do Polit\u00e9cnico de Leiria<br \/>\n<\/strong><\/p>\n<p>Ana Oliveira<\/p>\n<p>Dina Tavares<\/p>\n<p>Eul\u00e1lia Santos<\/p>\n<p>Isabel Rocha<\/p>\n<p>H\u00e9lia Pinto<\/p>\n<p>Hugo Menino<\/p>\n<p>Marina Pereira<\/p>\n<p>Marina Rodrigues<\/p>\n<p>Nicole Duarte<\/p>\n<p>Nuno Ra\u00ednho<\/p>\n<p>Raquel Vieira<\/p>\n<p>Rita Cadima<\/p>\n<p>Rog\u00e9rio Costa<\/p>\n<p>Soraia Farinha<\/p>\n","protected":false},"excerpt":{"rendered":"<p>Sec\u00e7\u00e3o de Matem\u00e1tica da ESECS do Polit\u00e9cnico de Leiria Ana Oliveira Dina Tavares Eul\u00e1lia Santos Isabel Rocha H\u00e9lia Pinto Hugo Menino Marina Pereira Marina Rodrigues Nicole Duarte Nuno Ra\u00ednho Raquel Vieira Rita Cadima Rog\u00e9rio Costa Soraia Farinha<\/p>\n","protected":false},"author":102,"featured_media":0,"parent":0,"menu_order":2,"comment_status":"closed","ping_status":"closed","template":"","meta":{"footnotes":""},"class_list":["post-58","page","type-page","status-publish","hentry"],"yoast_head":"<!-- This site is optimized with the Yoast SEO plugin v26.8 - https:\/\/yoast.com\/product\/yoast-seo-wordpress\/ -->\n<title>Organiza\u00e7\u00e3o - Desafios Matem\u00e1tica<\/title>\n<meta name=\"robots\" content=\"index, follow, max-snippet:-1, max-image-preview:large, max-video-preview:-1\" \/>\n<link rel=\"canonical\" href=\"https:\/\/sites.ipleiria.pt\/desafiosmatematica\/organizacao\/\" \/>\n<meta property=\"og:locale\" content=\"pt_PT\" \/>\n<meta property=\"og:type\" content=\"article\" \/>\n<meta property=\"og:title\" content=\"Organiza\u00e7\u00e3o - Desafios Matem\u00e1tica\" \/>\n<meta property=\"og:description\" content=\"Sec\u00e7\u00e3o de Matem\u00e1tica da ESECS do Polit\u00e9cnico de Leiria Ana Oliveira Dina Tavares Eul\u00e1lia Santos Isabel Rocha H\u00e9lia Pinto Hugo Menino Marina Pereira Marina Rodrigues Nicole Duarte Nuno Ra\u00ednho Raquel Vieira Rita Cadima Rog\u00e9rio Costa Soraia Farinha\" \/>\n<meta property=\"og:url\" content=\"https:\/\/sites.ipleiria.pt\/desafiosmatematica\/organizacao\/\" \/>\n<meta property=\"og:site_name\" content=\"Desafios Matem\u00e1tica\" \/>\n<meta property=\"article:modified_time\" content=\"2025-01-28T15:03:55+00:00\" \/>\n<meta name=\"twitter:card\" content=\"summary_large_image\" \/>\n<script type=\"application\/ld+json\" class=\"yoast-schema-graph\">{\"@context\":\"https:\/\/schema.org\",\"@graph\":[{\"@type\":\"WebPage\",\"@id\":\"https:\/\/sites.ipleiria.pt\/desafiosmatematica\/organizacao\/\",\"url\":\"https:\/\/sites.ipleiria.pt\/desafiosmatematica\/organizacao\/\",\"name\":\"Organiza\u00e7\u00e3o - Desafios Matem\u00e1tica\",\"isPartOf\":{\"@id\":\"https:\/\/sites.ipleiria.pt\/desafiosmatematica\/#website\"},\"datePublished\":\"2015-01-08T16:45:44+00:00\",\"dateModified\":\"2025-01-28T15:03:55+00:00\",\"breadcrumb\":{\"@id\":\"https:\/\/sites.ipleiria.pt\/desafiosmatematica\/organizacao\/#breadcrumb\"},\"inLanguage\":\"pt-PT\",\"potentialAction\":[{\"@type\":\"ReadAction\",\"target\":[\"https:\/\/sites.ipleiria.pt\/desafiosmatematica\/organizacao\/\"]}]},{\"@type\":\"BreadcrumbList\",\"@id\":\"https:\/\/sites.ipleiria.pt\/desafiosmatematica\/organizacao\/#breadcrumb\",\"itemListElement\":[{\"@type\":\"ListItem\",\"position\":1,\"name\":\"In\u00edcio\",\"item\":\"https:\/\/sites.ipleiria.pt\/desafiosmatematica\/\"},{\"@type\":\"ListItem\",\"position\":2,\"name\":\"Organiza\u00e7\u00e3o\"}]},{\"@type\":\"WebSite\",\"@id\":\"https:\/\/sites.ipleiria.pt\/desafiosmatematica\/#website\",\"url\":\"https:\/\/sites.ipleiria.pt\/desafiosmatematica\/\",\"name\":\"Desafios Matem\u00e1tica\",\"description\":\"Os Desafios Matem\u00e1ticos s\u00e3o uma iniciativa conjunta da Sec\u00e7\u00e3o de Matem\u00e1tica da Escola Superior de Educa\u00e7\u00e3o e Ci\u00eancias Sociais (ESECS) com a Associa\u00e7\u00e3o de Professores de Matem\u00e1tica (APM).\",\"publisher\":{\"@id\":\"https:\/\/sites.ipleiria.pt\/desafiosmatematica\/#organization\"},\"potentialAction\":[{\"@type\":\"SearchAction\",\"target\":{\"@type\":\"EntryPoint\",\"urlTemplate\":\"https:\/\/sites.ipleiria.pt\/desafiosmatematica\/?s={search_term_string}\"},\"query-input\":{\"@type\":\"PropertyValueSpecification\",\"valueRequired\":true,\"valueName\":\"search_term_string\"}}],\"inLanguage\":\"pt-PT\"},{\"@type\":\"Organization\",\"@id\":\"https:\/\/sites.ipleiria.pt\/desafiosmatematica\/#organization\",\"name\":\"Desafios Matem\u00e1tica\",\"url\":\"https:\/\/sites.ipleiria.pt\/desafiosmatematica\/\",\"logo\":{\"@type\":\"ImageObject\",\"inLanguage\":\"pt-PT\",\"@id\":\"https:\/\/sites.ipleiria.pt\/desafiosmatematica\/#\/schema\/logo\/image\/\",\"url\":\"http:\/\/sites.ipleiria.pt\/desafiosmatematica\/files\/2025\/01\/slogo.png\",\"contentUrl\":\"http:\/\/sites.ipleiria.pt\/desafiosmatematica\/files\/2025\/01\/slogo.png\",\"width\":3509,\"height\":889,\"caption\":\"Desafios Matem\u00e1tica\"},\"image\":{\"@id\":\"https:\/\/sites.ipleiria.pt\/desafiosmatematica\/#\/schema\/logo\/image\/\"}}]}<\/script>\n<!-- \/ Yoast SEO plugin. -->","yoast_head_json":{"title":"Organiza\u00e7\u00e3o - Desafios Matem\u00e1tica","robots":{"index":"index","follow":"follow","max-snippet":"max-snippet:-1","max-image-preview":"max-image-preview:large","max-video-preview":"max-video-preview:-1"},"canonical":"https:\/\/sites.ipleiria.pt\/desafiosmatematica\/organizacao\/","og_locale":"pt_PT","og_type":"article","og_title":"Organiza\u00e7\u00e3o - Desafios Matem\u00e1tica","og_description":"Sec\u00e7\u00e3o de Matem\u00e1tica da ESECS do Polit\u00e9cnico de Leiria Ana Oliveira Dina Tavares Eul\u00e1lia Santos Isabel Rocha H\u00e9lia Pinto Hugo Menino Marina Pereira Marina Rodrigues Nicole Duarte Nuno Ra\u00ednho Raquel Vieira Rita Cadima Rog\u00e9rio Costa Soraia Farinha","og_url":"https:\/\/sites.ipleiria.pt\/desafiosmatematica\/organizacao\/","og_site_name":"Desafios Matem\u00e1tica","article_modified_time":"2025-01-28T15:03:55+00:00","twitter_card":"summary_large_image","schema":{"@context":"https:\/\/schema.org","@graph":[{"@type":"WebPage","@id":"https:\/\/sites.ipleiria.pt\/desafiosmatematica\/organizacao\/","url":"https:\/\/sites.ipleiria.pt\/desafiosmatematica\/organizacao\/","name":"Organiza\u00e7\u00e3o - Desafios Matem\u00e1tica","isPartOf":{"@id":"https:\/\/sites.ipleiria.pt\/desafiosmatematica\/#website"},"datePublished":"2015-01-08T16:45:44+00:00","dateModified":"2025-01-28T15:03:55+00:00","breadcrumb":{"@id":"https:\/\/sites.ipleiria.pt\/desafiosmatematica\/organizacao\/#breadcrumb"},"inLanguage":"pt-PT","potentialAction":[{"@type":"ReadAction","target":["https:\/\/sites.ipleiria.pt\/desafiosmatematica\/organizacao\/"]}]},{"@type":"BreadcrumbList","@id":"https:\/\/sites.ipleiria.pt\/desafiosmatematica\/organizacao\/#breadcrumb","itemListElement":[{"@type":"ListItem","position":1,"name":"In\u00edcio","item":"https:\/\/sites.ipleiria.pt\/desafiosmatematica\/"},{"@type":"ListItem","position":2,"name":"Organiza\u00e7\u00e3o"}]},{"@type":"WebSite","@id":"https:\/\/sites.ipleiria.pt\/desafiosmatematica\/#website","url":"https:\/\/sites.ipleiria.pt\/desafiosmatematica\/","name":"Desafios Matem\u00e1tica","description":"Os Desafios Matem\u00e1ticos s\u00e3o uma iniciativa conjunta da Sec\u00e7\u00e3o de Matem\u00e1tica da Escola Superior de Educa\u00e7\u00e3o e Ci\u00eancias Sociais (ESECS) com a Associa\u00e7\u00e3o de Professores de Matem\u00e1tica (APM).","publisher":{"@id":"https:\/\/sites.ipleiria.pt\/desafiosmatematica\/#organization"},"potentialAction":[{"@type":"SearchAction","target":{"@type":"EntryPoint","urlTemplate":"https:\/\/sites.ipleiria.pt\/desafiosmatematica\/?s={search_term_string}"},"query-input":{"@type":"PropertyValueSpecification","valueRequired":true,"valueName":"search_term_string"}}],"inLanguage":"pt-PT"},{"@type":"Organization","@id":"https:\/\/sites.ipleiria.pt\/desafiosmatematica\/#organization","name":"Desafios Matem\u00e1tica","url":"https:\/\/sites.ipleiria.pt\/desafiosmatematica\/","logo":{"@type":"ImageObject","inLanguage":"pt-PT","@id":"https:\/\/sites.ipleiria.pt\/desafiosmatematica\/#\/schema\/logo\/image\/","url":"http:\/\/sites.ipleiria.pt\/desafiosmatematica\/files\/2025\/01\/slogo.png","contentUrl":"http:\/\/sites.ipleiria.pt\/desafiosmatematica\/files\/2025\/01\/slogo.png","width":3509,"height":889,"caption":"Desafios Matem\u00e1tica"},"image":{"@id":"https:\/\/sites.ipleiria.pt\/desafiosmatematica\/#\/schema\/logo\/image\/"}}]}},"_links":{"self":[{"href":"https:\/\/sites.ipleiria.pt\/desafiosmatematica\/wp-json\/wp\/v2\/pages\/58","targetHints":{"allow":["GET"]}}],"collection":[{"href":"https:\/\/sites.ipleiria.pt\/desafiosmatematica\/wp-json\/wp\/v2\/pages"}],"about":[{"href":"https:\/\/sites.ipleiria.pt\/desafiosmatematica\/wp-json\/wp\/v2\/types\/page"}],"author":[{"embeddable":true,"href":"https:\/\/sites.ipleiria.pt\/desafiosmatematica\/wp-json\/wp\/v2\/users\/102"}],"replies":[{"embeddable":true,"href":"https:\/\/sites.ipleiria.pt\/desafiosmatematica\/wp-json\/wp\/v2\/comments?post=58"}],"version-history":[{"count":12,"href":"https:\/\/sites.ipleiria.pt\/desafiosmatematica\/wp-json\/wp\/v2\/pages\/58\/revisions"}],"predecessor-version":[{"id":1035,"href":"https:\/\/sites.ipleiria.pt\/desafiosmatematica\/wp-json\/wp\/v2\/pages\/58\/revisions\/1035"}],"wp:attachment":[{"href":"https:\/\/sites.ipleiria.pt\/desafiosmatematica\/wp-json\/wp\/v2\/media?parent=58"}],"curies":[{"name":"wp","href":"https:\/\/api.w.org\/{rel}","templated":true}]}}