{"id":10,"date":"2021-07-01T17:42:45","date_gmt":"2021-07-01T17:42:45","guid":{"rendered":"https:\/\/sites.ipleiria.pt\/discursoacademico\/?page_id=10"},"modified":"2021-12-23T14:33:10","modified_gmt":"2021-12-23T14:33:10","slug":"oficina-de-trabalho-1","status":"publish","type":"page","link":"https:\/\/sites.ipleiria.pt\/discursoacademico\/oficina-de-trabalho-1\/","title":{"rendered":"Oficina de Trabalho 1 &#8211; 27 de novembro de 2021"},"content":{"rendered":"\n<p>A primeira Oficina de trabalho sobre discurso acad\u00e9mico <strong>realizou-se<\/strong> no dia <strong>27 de novembro de 2021<\/strong>, <strong>entre as 9h30 e as 17h00<\/strong> (hora de Portugal continental).<\/p>\n\n\n\n<figure class=\"wp-block-image size-large\"><img loading=\"lazy\" decoding=\"async\" width=\"1024\" height=\"490\" src=\"https:\/\/sites.ipleiria.pt\/discursoacademico\/files\/2021\/11\/Captura-de-ecra\u0303-2021-11-30-a\u0300s-18.16.33-1024x490.png\" alt=\"\" class=\"wp-image-165\" srcset=\"https:\/\/sites.ipleiria.pt\/discursoacademico\/files\/2021\/11\/Captura-de-ecra\u0303-2021-11-30-a\u0300s-18.16.33-1024x490.png 1024w, https:\/\/sites.ipleiria.pt\/discursoacademico\/files\/2021\/11\/Captura-de-ecra\u0303-2021-11-30-a\u0300s-18.16.33-300x144.png 300w, https:\/\/sites.ipleiria.pt\/discursoacademico\/files\/2021\/11\/Captura-de-ecra\u0303-2021-11-30-a\u0300s-18.16.33-768x368.png 768w, https:\/\/sites.ipleiria.pt\/discursoacademico\/files\/2021\/11\/Captura-de-ecra\u0303-2021-11-30-a\u0300s-18.16.33-624x299.png 624w, https:\/\/sites.ipleiria.pt\/discursoacademico\/files\/2021\/11\/Captura-de-ecra\u0303-2021-11-30-a\u0300s-18.16.33.png 1357w\" sizes=\"auto, (max-width: 1024px) 100vw, 1024px\" \/><\/figure>\n\n\n\n<p class=\"has-text-align-right has-blue-color has-text-color\">Os participantes puderam assistir <strong>presencialmente<\/strong>, na <a href=\"https:\/\/www.google.com\/maps\/d\/u\/0\/viewer?msa=0&amp;ll=39.73980201685088%2C-8.811727000000008&amp;spn=0.003048%2C0.005681&amp;mid=1Ic1JWI3Go_T9p32S0hd8c4OXlCI&amp;z=17\" data-type=\"URL\" data-id=\"https:\/\/www.google.com\/maps\/d\/u\/0\/viewer?msa=0&amp;ll=39.73980201685088%2C-8.811727000000008&amp;spn=0.003048%2C0.005681&amp;mid=1Ic1JWI3Go_T9p32S0hd8c4OXlCI&amp;z=17\">Escola Superior de Educa\u00e7\u00e3o e Ci\u00eancias Sociais do Polit\u00e9cnico de Leiria<\/a>, na sala A.0.16, ou<strong> atrav\u00e9s da sala zoom <\/strong>(acedendo ao link que lhes foi enviado).<\/p>\n\n\n\n<p><strong>Tema<\/strong> <br>Introdu\u00e7\u00e3o ao uso de corpora<\/p>\n\n\n\n<p class=\"has-dark-gray-color has-light-gray-background-color has-text-color has-background\"><strong>T\u00edtulo completo: <\/strong><br>Princ\u00edpios te\u00f3ricos e metodol\u00f3gicos para uso de corpus numa investiga\u00e7\u00e3o<\/p>\n\n\n\n<p><strong>Objetivo<\/strong>&nbsp;<br>Instrumentalizar os participantes com princ\u00edpios te\u00f3ricos e metodol\u00f3gicos para o uso de corpora em projetos de investiga\u00e7\u00e3o em lingu\u00edstica aplicada \u00e0 educa\u00e7\u00e3o.&nbsp;&nbsp;<\/p>\n\n\n\n<p><strong>Equipa dinamizadora<br><\/strong>Em\u00edlia Marrengula, Universidade Eduardo Mondlane, Mo\u00e7ambique<br>Mafalda Mendes, CELGA-ILTEC da Universidade de Coimbra, Portugal<br>M\u00e1rio Martins, UFERSA, Universidade Federal Rural do Semi-\u00c1rido, Brasil<br>Marta Sitoe, Universidade Eduardo Mondlane, Mo\u00e7ambique<\/p>\n\n\n\n<div class=\"wp-block-columns is-layout-flex wp-container-core-columns-is-layout-2 wp-block-columns-is-layout-flex\">\n<div class=\"wp-block-column is-layout-flow wp-block-column-is-layout-flow\">\n<figure class=\"wp-block-image size-large is-resized is-style-rounded\"><img loading=\"lazy\" decoding=\"async\" src=\"https:\/\/sites.ipleiria.pt\/discursoacademico\/files\/2021\/10\/245215121_1052129015591567_4850661528677947526_n-576x1024.jpg\" alt=\"\" class=\"wp-image-106\" width=\"144\" height=\"256\" srcset=\"https:\/\/sites.ipleiria.pt\/discursoacademico\/files\/2021\/10\/245215121_1052129015591567_4850661528677947526_n-576x1024.jpg 576w, https:\/\/sites.ipleiria.pt\/discursoacademico\/files\/2021\/10\/245215121_1052129015591567_4850661528677947526_n-169x300.jpg 169w, https:\/\/sites.ipleiria.pt\/discursoacademico\/files\/2021\/10\/245215121_1052129015591567_4850661528677947526_n-768x1365.jpg 768w, https:\/\/sites.ipleiria.pt\/discursoacademico\/files\/2021\/10\/245215121_1052129015591567_4850661528677947526_n-624x1109.jpg 624w, https:\/\/sites.ipleiria.pt\/discursoacademico\/files\/2021\/10\/245215121_1052129015591567_4850661528677947526_n.jpg 810w\" sizes=\"auto, (max-width: 144px) 100vw, 144px\" \/><figcaption>Em\u00edlia Marrengula<\/figcaption><\/figure>\n<\/div>\n\n\n\n<div class=\"wp-block-column is-layout-flow wp-block-column-is-layout-flow\">\n<figure class=\"wp-block-image size-large is-resized is-style-rounded\"><img loading=\"lazy\" decoding=\"async\" src=\"http:\/\/sites.ipleiria.pt\/discursoacademico\/files\/2021\/10\/admin-ajax-1.jpeg\" alt=\"\" class=\"wp-image-104\" width=\"169\" height=\"225\" \/><figcaption>Mafalda Mendes<\/figcaption><\/figure>\n<\/div>\n\n\n\n<div class=\"wp-block-column is-layout-flow wp-block-column-is-layout-flow\">\n<figure class=\"wp-block-image size-large is-resized is-style-rounded\"><img loading=\"lazy\" decoding=\"async\" src=\"http:\/\/sites.ipleiria.pt\/discursoacademico\/files\/2021\/10\/Foto-mario.jpeg\" alt=\"\" class=\"wp-image-107\" width=\"155\" height=\"256\" srcset=\"https:\/\/sites.ipleiria.pt\/discursoacademico\/files\/2021\/10\/Foto-mario.jpeg 621w, https:\/\/sites.ipleiria.pt\/discursoacademico\/files\/2021\/10\/Foto-mario-182x300.jpeg 182w\" sizes=\"auto, (max-width: 155px) 100vw, 155px\" \/><figcaption>M\u00e1rio Martins<\/figcaption><\/figure>\n\n\n\n<div class=\"wp-block-columns is-layout-flex wp-container-core-columns-is-layout-1 wp-block-columns-is-layout-flex\"><\/div>\n<\/div>\n\n\n\n<div class=\"wp-block-column is-layout-flow wp-block-column-is-layout-flow\">\n<figure class=\"wp-block-image size-large is-resized is-style-rounded\"><img loading=\"lazy\" decoding=\"async\" src=\"http:\/\/sites.ipleiria.pt\/discursoacademico\/files\/2021\/10\/marta_sitoe-768x1024-1.jpg\" alt=\"\" class=\"wp-image-103\" width=\"192\" height=\"256\" srcset=\"https:\/\/sites.ipleiria.pt\/discursoacademico\/files\/2021\/10\/marta_sitoe-768x1024-1.jpg 768w, https:\/\/sites.ipleiria.pt\/discursoacademico\/files\/2021\/10\/marta_sitoe-768x1024-1-225x300.jpg 225w, https:\/\/sites.ipleiria.pt\/discursoacademico\/files\/2021\/10\/marta_sitoe-768x1024-1-624x832.jpg 624w\" sizes=\"auto, (max-width: 192px) 100vw, 192px\" \/><figcaption>Marta Sitoe<\/figcaption><\/figure>\n\n\n\n<p><\/p>\n<\/div>\n<\/div>\n\n\n\n<p><strong>S\u00edntese<\/strong>&nbsp;<br>A oficina intercala momentos de exposi\u00e7\u00e3o e discuss\u00e3o te\u00f3rica com atividades pr\u00e1ticas. Num primeiro momento, faz-se uma breve apresenta\u00e7\u00e3o e discuss\u00e3o de conceitos b\u00e1sicos da lingu\u00edstica de corpus.&nbsp; Num segundo momento, s\u00e3o abordados alguns aspetos metodol\u00f3gicos inerentes ao desenho de um corpus. \u00c0 luz dos princ\u00edpios apresentados, os participantes s\u00e3o convidados a realizar atividades pr\u00e1ticas relacionadas com a tarefa de desenho de um corpus. Em seguida s\u00e3o apresentadas e demonstradas as t\u00e9cnicas b\u00e1sicas de explora\u00e7\u00e3o de corpora. Numa sess\u00e3o pr\u00e1tica, prop\u00f5e-se aos participantes a realiza\u00e7\u00e3o de atividades de pesquisa de informa\u00e7\u00e3o. A oficina termina com um momento de balan\u00e7o do trabalho realizado.&nbsp;<\/p>\n\n\n\n<p><strong>Destinat\u00e1rios<\/strong>&nbsp;<br>Interessados no uso de corpora para descri\u00e7\u00e3o e an\u00e1lise de padr\u00f5es lingu\u00edsticos ocorrentes em pr\u00e1ticas discursivas acad\u00e9micas. A oficina \u00e9 de natureza introdut\u00f3ria e n\u00e3o s\u00e3o exigidos conhecimentos pr\u00e9vios na \u00e1rea da lingu\u00edstica de corpus.<\/p>\n\n\n\n<p><strong>INSCRI\u00c7\u00c3O<\/strong><br><strong>Valor a pagar para validar a inscri\u00e7\u00e3o<\/strong><br><span style=\"text-decoration: underline\">Participa\u00e7\u00e3o presencial<\/span> (com acesso a refor\u00e7o energ\u00e9tico* a meio da tarde) &#8211; 15,00\u20ac<br><span style=\"text-decoration: underline\">Participa\u00e7\u00e3o online<\/span> &#8211; 10,00 \u20ac<br>* Pack de bolachas, fruta e \u00e1gua<\/p>\n\n\n\n<p><s>O <strong>formul\u00e1rio de inscri\u00e7\u00e3o<\/strong> j\u00e1 est\u00e1 dispon\u00edvel.<\/s><\/p>\n\n\n\n<p><em>O n\u00famero de participantes inscritos \u00e9 limitado a 15.<\/em><\/p>\n\n\n\n<figure class=\"wp-block-image size-large\"><img loading=\"lazy\" decoding=\"async\" width=\"922\" height=\"73\" src=\"http:\/\/sites.ipleiria.pt\/discursoacademico\/files\/2021\/07\/cropped-logotipos.001-e1625662828232.jpeg\" alt=\"\" class=\"wp-image-49\" srcset=\"https:\/\/sites.ipleiria.pt\/discursoacademico\/files\/2021\/07\/cropped-logotipos.001-e1625662828232.jpeg 922w, https:\/\/sites.ipleiria.pt\/discursoacademico\/files\/2021\/07\/cropped-logotipos.001-e1625662828232-300x24.jpeg 300w, https:\/\/sites.ipleiria.pt\/discursoacademico\/files\/2021\/07\/cropped-logotipos.001-e1625662828232-768x61.jpeg 768w, https:\/\/sites.ipleiria.pt\/discursoacademico\/files\/2021\/07\/cropped-logotipos.001-e1625662828232-624x49.jpeg 624w\" sizes=\"auto, (max-width: 922px) 100vw, 922px\" \/><\/figure>\n\n\n\n<p><\/p>\n","protected":false},"excerpt":{"rendered":"<p>A primeira Oficina de trabalho sobre discurso acad\u00e9mico realizou-se no dia 27 de novembro de 2021, entre as 9h30 e as 17h00 (hora de Portugal continental). Os participantes puderam assistir presencialmente, na Escola Superior de Educa\u00e7\u00e3o e Ci\u00eancias Sociais do Polit\u00e9cnico de Leiria, na sala A.0.16, ou atrav\u00e9s da sala zoom (acedendo ao link que [&hellip;]<\/p>\n","protected":false},"author":3183,"featured_media":0,"parent":0,"menu_order":0,"comment_status":"closed","ping_status":"closed","template":"","meta":{"ngg_post_thumbnail":0,"footnotes":""},"class_list":["post-10","page","type-page","status-publish","hentry"],"_links":{"self":[{"href":"https:\/\/sites.ipleiria.pt\/discursoacademico\/wp-json\/wp\/v2\/pages\/10","targetHints":{"allow":["GET"]}}],"collection":[{"href":"https:\/\/sites.ipleiria.pt\/discursoacademico\/wp-json\/wp\/v2\/pages"}],"about":[{"href":"https:\/\/sites.ipleiria.pt\/discursoacademico\/wp-json\/wp\/v2\/types\/page"}],"author":[{"embeddable":true,"href":"https:\/\/sites.ipleiria.pt\/discursoacademico\/wp-json\/wp\/v2\/users\/3183"}],"replies":[{"embeddable":true,"href":"https:\/\/sites.ipleiria.pt\/discursoacademico\/wp-json\/wp\/v2\/comments?post=10"}],"version-history":[{"count":25,"href":"https:\/\/sites.ipleiria.pt\/discursoacademico\/wp-json\/wp\/v2\/pages\/10\/revisions"}],"predecessor-version":[{"id":184,"href":"https:\/\/sites.ipleiria.pt\/discursoacademico\/wp-json\/wp\/v2\/pages\/10\/revisions\/184"}],"wp:attachment":[{"href":"https:\/\/sites.ipleiria.pt\/discursoacademico\/wp-json\/wp\/v2\/media?parent=10"}],"curies":[{"name":"wp","href":"https:\/\/api.w.org\/{rel}","templated":true}]}}