{"id":183,"date":"2021-12-23T14:34:05","date_gmt":"2021-12-23T14:34:05","guid":{"rendered":"https:\/\/sites.ipleiria.pt\/discursoacademico\/?page_id=183"},"modified":"2022-06-13T10:03:33","modified_gmt":"2022-06-13T10:03:33","slug":"oficina-de-trabalho-2-janeiro-de-2022","status":"publish","type":"page","link":"https:\/\/sites.ipleiria.pt\/discursoacademico\/oficina-de-trabalho-2-janeiro-de-2022\/","title":{"rendered":"Oficina de Trabalho 2 &#8211; 29 de janeiro de 2022"},"content":{"rendered":"\n<p><strong>Tema<\/strong><br>Etnografia lingu\u00edstica<\/p>\n\n\n\n<p class=\"has-light-gray-background-color has-background\"><strong>T\u00edtulo completo:<br><\/strong>A ETNOGRAFIA LINGU\u00cdSTICA NOS ESPA\u00c7OS DA ACADEMIA: que contribui\u00e7\u00f5es para o estudo do Discurso Acad\u00e9mico?<\/p>\n\n\n\n<p class=\"has-text-align-right has-white-color has-blue-background-color has-text-color has-background\"><s><strong>O <a href=\"http:\/\/eventos.ipleiria.pt\/portal\/eventos?p_id=26618\" data-type=\"URL\" data-id=\"http:\/\/eventos.ipleiria.pt\/portal\/eventos?p_id=26618\">formul\u00e1rio de inscri\u00e7\u00e3o est\u00e1 dispon\u00edvel<\/a><\/strong> <strong>at\u00e9 ao dia 27 de janeiro.<\/strong><\/s><br><strong>O n\u00famero de participantes \u00e9 limitado a 15.<\/strong><\/p>\n\n\n\n<p><strong>Dinamizadora<\/strong><br><a href=\"https:\/\/www.ces.uc.pt\/pt\/ces\/pessoas\/investigadoras-es\/clara-keating\" data-type=\"URL\" data-id=\"https:\/\/www.ces.uc.pt\/pt\/ces\/pessoas\/investigadoras-es\/clara-keating\">Clara Keating<\/a>, Faculdade de Letras da Universidade de Coimbra, Centro de Estudos Sociais da Universidade de Coimbra<\/p>\n\n\n\n<p><strong>Resumo<\/strong><br>\u201c<em>Etnografia lingu\u00edstica<\/em> \u00e9 um termo usado para descrever um conjunto de abordagens \u2013 principalmente desenvolvida no Reino Unido, e com algumas articula\u00e7\u00f5es com a antropologia lingu\u00edstica nos EUA \u2013 que combinam perspetivas te\u00f3ricas e metodol\u00f3gicas da lingu\u00edstica e da etnografia para responder a quest\u00f5es sociais que, de uma forma ou de outra, envolvem a atividade da \u2018l\u00edngua\u2019 e da linguagem. Enquanto a lingu\u00edstica propicia as ferramentas que permitem aten\u00e7\u00e3o e sensibilidade aos momentos e processos semi\u00f3ticos de um dado problema social ou cultural, a etnografia exige e propicia reflexividade face ao papel do\/a pesquisador\/a no seu trabalho de investiga\u00e7\u00e3o, \u00e0s perspetivas \u201c\u00e9micas\u201d dos e das participantes, `a compreens\u00e3o aprofundada dos espa\u00e7os e das situa\u00e7\u00f5es comunicativas, assim como se abre \u00e0 complexidade, \u00e0 contradi\u00e7\u00e3o e \u00e0 re-interpreta\u00e7\u00e3o ao longo do tempo\u201d (Tusting, 2020; Rampton, 2007).&nbsp;<\/p>\n\n\n\n<p>Esta oficina tem como objetivo apresentar e introduzir alguns dos princ\u00edpios sobre os quais operam as abordagens da etnografia lingu\u00edstica, convidando os\/as participantes a exercitar a sua reflexividade como investigadores\/as em espa\u00e7os lingu\u00edsticos e sociais concretos \u2013 que, no caso desta oficina, s\u00e3o os espa\u00e7os da academia e das institui\u00e7\u00f5es do ensino superior por onde circulam atores e discursos acad\u00e9micos.<\/p>\n\n\n\n<p>A oficina inicia-se com uma apresenta\u00e7\u00e3o desta abordagem: o que \u00e9 etnografia lingu\u00edstica, de onde surge e porqu\u00ea? Em que consiste esta articula\u00e7\u00e3o entre etnografia e lingu\u00edstica e para que fins? Partindo da experi\u00eancia dos participantes, apresentam-se alguns dos conceitos sobre os quais se apoiam estas abordagens, analisando de perto as suas implica\u00e7\u00f5es metodol\u00f3gicas, seja no desenho da pesquisa, nas pr\u00e1ticas de investiga\u00e7\u00e3o (ou de investiga\u00e7\u00e3o-a\u00e7\u00e3o), nos processos materiais de recolha, tratamento e an\u00e1lise dos dados, na apresenta\u00e7\u00e3o final de resultados.<\/p>\n\n\n\n<p>Segue-se uma introdu\u00e7\u00e3o aos m\u00e9todos normalmente utilizados nestes trabalhos, a partir das hist\u00f3rias contadas no terreno: observa\u00e7\u00e3o participante e notas de campo, a entrevista etnogr\u00e1fica, as intera\u00e7\u00f5es, textos e outros artefactos, quest\u00f5es de \u00e9tica e etnografia colaborativa. A oficina termina com uma reflex\u00e3o cr\u00edtica sobre as poss\u00edveis contribui\u00e7\u00f5es da etnografia lingu\u00edstica para o entendimento da natureza situada \u2013 hist\u00f3rica, sociocultural e lingu\u00edstica &#8211; dos problemas sobre os quais nos debru\u00e7amos nos nossos trabalhos de pesquisa.<\/p>\n\n\n\n<p>Tusting, Karin (2020) <em>The Routledge Handbook of Linguistic Ethnography.<\/em> London: Routledge.<\/p>\n\n\n\n<p>Rampton, B. et al (2007) Linguistic Ethnography: Links, problems and possibilities. Special issue of the <em>Journal of Sociolinguistics, <\/em>11 (5).<\/p>\n\n\n\n<p>Snell, J., Shaw, S. and Fiona Copland, eds. (2015) <em>Linguistic Ethnography: Interdisciplinary Explorations<\/em>. Palgrave Macmillan.<\/p>\n\n\n\n<figure class=\"wp-block-image size-full\"><img loading=\"lazy\" decoding=\"async\" width=\"922\" height=\"73\" src=\"http:\/\/sites.ipleiria.pt\/discursoacademico\/files\/2021\/07\/cropped-logotipos.001-e1625662828232.jpeg\" alt=\"\" class=\"wp-image-49\" srcset=\"https:\/\/sites.ipleiria.pt\/discursoacademico\/files\/2021\/07\/cropped-logotipos.001-e1625662828232.jpeg 922w, https:\/\/sites.ipleiria.pt\/discursoacademico\/files\/2021\/07\/cropped-logotipos.001-e1625662828232-300x24.jpeg 300w, https:\/\/sites.ipleiria.pt\/discursoacademico\/files\/2021\/07\/cropped-logotipos.001-e1625662828232-768x61.jpeg 768w, https:\/\/sites.ipleiria.pt\/discursoacademico\/files\/2021\/07\/cropped-logotipos.001-e1625662828232-624x49.jpeg 624w\" sizes=\"auto, (max-width: 922px) 100vw, 922px\" \/><\/figure>\n","protected":false},"excerpt":{"rendered":"<p>TemaEtnografia lingu\u00edstica T\u00edtulo completo:A ETNOGRAFIA LINGU\u00cdSTICA NOS ESPA\u00c7OS DA ACADEMIA: que contribui\u00e7\u00f5es para o estudo do Discurso Acad\u00e9mico? O formul\u00e1rio de inscri\u00e7\u00e3o est\u00e1 dispon\u00edvel at\u00e9 ao dia 27 de janeiro.O n\u00famero de participantes \u00e9 limitado a 15. DinamizadoraClara Keating, Faculdade de Letras da Universidade de Coimbra, Centro de Estudos Sociais da Universidade de Coimbra Resumo\u201cEtnografia [&hellip;]<\/p>\n","protected":false},"author":3183,"featured_media":0,"parent":0,"menu_order":0,"comment_status":"closed","ping_status":"closed","template":"","meta":{"ngg_post_thumbnail":0,"footnotes":""},"class_list":["post-183","page","type-page","status-publish","hentry"],"_links":{"self":[{"href":"https:\/\/sites.ipleiria.pt\/discursoacademico\/wp-json\/wp\/v2\/pages\/183","targetHints":{"allow":["GET"]}}],"collection":[{"href":"https:\/\/sites.ipleiria.pt\/discursoacademico\/wp-json\/wp\/v2\/pages"}],"about":[{"href":"https:\/\/sites.ipleiria.pt\/discursoacademico\/wp-json\/wp\/v2\/types\/page"}],"author":[{"embeddable":true,"href":"https:\/\/sites.ipleiria.pt\/discursoacademico\/wp-json\/wp\/v2\/users\/3183"}],"replies":[{"embeddable":true,"href":"https:\/\/sites.ipleiria.pt\/discursoacademico\/wp-json\/wp\/v2\/comments?post=183"}],"version-history":[{"count":12,"href":"https:\/\/sites.ipleiria.pt\/discursoacademico\/wp-json\/wp\/v2\/pages\/183\/revisions"}],"predecessor-version":[{"id":278,"href":"https:\/\/sites.ipleiria.pt\/discursoacademico\/wp-json\/wp\/v2\/pages\/183\/revisions\/278"}],"wp:attachment":[{"href":"https:\/\/sites.ipleiria.pt\/discursoacademico\/wp-json\/wp\/v2\/media?parent=183"}],"curies":[{"name":"wp","href":"https:\/\/api.w.org\/{rel}","templated":true}]}}