{"id":2,"date":"2021-06-23T16:14:01","date_gmt":"2021-06-23T16:14:01","guid":{"rendered":"http:\/\/discursoacademico.sites.ipleiria.pt\/?page_id=2"},"modified":"2022-06-13T10:02:50","modified_gmt":"2022-06-13T10:02:50","slug":"pagina-exemplo","status":"publish","type":"page","link":"https:\/\/sites.ipleiria.pt\/discursoacademico\/","title":{"rendered":"Informa\u00e7\u00f5es gerais"},"content":{"rendered":"\n<div class=\"wp-block-columns is-layout-flex wp-container-core-columns-is-layout-1 wp-block-columns-is-layout-flex\"><\/div>\n\n\n\n<p><\/p>\n\n\n\n<p><\/p>\n\n\n\n<p><\/p>\n\n\n\n<p>As&nbsp;Oficinas&nbsp;de&nbsp;Trabalho&nbsp;sobre&nbsp;Discurso&nbsp;Acad\u00e9mico&nbsp;s\u00e3o&nbsp;eventos&nbsp;com a&nbsp;dura\u00e7\u00e3o&nbsp;de um&nbsp;dia,&nbsp;dedicados&nbsp;ao&nbsp;trabalho&nbsp;pr\u00e1tico&nbsp;sobre&nbsp;metodologia&nbsp;e&nbsp;an\u00e1lise&nbsp;lingu\u00edstica do discurso das pr\u00e1ticas&nbsp;discursivas&nbsp;acad\u00e9micas&nbsp;em&nbsp;l\u00edngua&nbsp;portuguesa.<\/p>\n\n\n\n<p>As oficinas realizam-se num formato misto: alguns participantes poder\u00e3o estar a trabalhar presencialmente na ESECS-Polit\u00e9cnico de Leiria e outros poder\u00e3o participar remotamente, via zoom. T\u00eam lugar ao <strong>s\u00e1bado<\/strong> e compreendem <strong>6 horas de trabalho: das 9h30&nbsp;\u00e0s&nbsp;17h00<\/strong>,&nbsp;incluindo&nbsp;duas&nbsp;pequenas&nbsp;pausas&nbsp;para caf\u00e9 (manh\u00e3\/tarde)&nbsp;e uma&nbsp;pausa&nbsp;de 1h15m para&nbsp;almo\u00e7o.&nbsp;Realizam-se entre duas a tr\u00eas vezes por ano. <\/p>\n\n\n\n<p class=\"has-text-align-right has-blue-color has-text-color\"><em>Os participantes podem assistir&nbsp;<strong>presencialmente<\/strong>, na&nbsp;<a href=\"https:\/\/www.google.com\/maps\/d\/u\/0\/viewer?msa=0&amp;ll=39.73980201685088%2C-8.811727000000008&amp;spn=0.003048%2C0.005681&amp;mid=1Ic1JWI3Go_T9p32S0hd8c4OXlCI&amp;z=17\">Escola Superior de Educa\u00e7\u00e3o e Ci\u00eancias Sociais do Polit\u00e9cnico de Leiria<\/a>) ou<strong>&nbsp;atrav\u00e9s da sala zoom&nbsp;<\/strong>(acedendo ao link que lhes \u00e9 enviado ap\u00f3s a inscri\u00e7\u00e3o).<\/em><\/p>\n\n\n\n<p>Cada oficina \u00e9 dinamizada por um grupo de trabalho que prop\u00f5e um t\u00f3pico e organiza, previamente, um conjunto de materiais ou ferramentas para o efeito.&nbsp;<\/p>\n\n\n\n<p>A&nbsp;organiza\u00e7\u00e3o&nbsp;de&nbsp;cada&nbsp;oficina&nbsp;pode&nbsp;variar, mas&nbsp;predomina&nbsp;a&nbsp;abordagem&nbsp;pr\u00e1tica&nbsp;e o&nbsp;trabalho&nbsp;colaborativo.&nbsp;Na sequ\u00eancia de cada oficina, poder\u00e1 vir a ser publicado um Relat\u00f3rio de Oficina (em formato digital), de autoria coletiva dos participantes, por meio do qual se procurar\u00e1 documentar as metodologias e an\u00e1lises empreendidas.&nbsp;O Relat\u00f3rio ter\u00e1 ISBN e ficar\u00e1 dispon\u00edvel em acesso livre.&nbsp;<\/p>\n\n\n\n<p class=\"has-text-align-right\"><em><strong><a href=\"https:\/\/sites.ipleiria.pt\/discursoacademico\/agenda-de-oficinas-de-trabalho-para-2021-2022\/\" data-type=\"page\" data-id=\"22\">Consulte a agenda das oficinas previstas para o per\u00edodo 2021-2022<\/a><\/strong>.&nbsp;<\/em><\/p>\n\n\n\n<h2 class=\"wp-block-heading\">Destinat\u00e1rios <\/h2>\n\n\n\n<p>As Oficinas est\u00e3o abertas a todas as&nbsp;pessoas&nbsp;interessadas no t\u00f3pico proposto para cada edi\u00e7\u00e3o, que se sintam motivadas para trabalhar em conjunto,&nbsp;debater&nbsp;com outras pessoas as suas&nbsp;quest\u00f5es e&nbsp;partilhar os seus conhecimentos.&nbsp;<\/p>\n\n\n\n<h2 class=\"wp-block-heading\">Inscri\u00e7\u00e3o<\/h2>\n\n\n\n<p>A&nbsp;inscri\u00e7\u00e3o&nbsp;\u00e9&nbsp;<strong>obrigat\u00f3ria<\/strong>&nbsp;e&nbsp;dever\u00e1&nbsp;ser&nbsp;formalizada&nbsp;por&nbsp;meio&nbsp;de um&nbsp;pagamento.&nbsp;A inscri\u00e7\u00e3o confere acesso \u00e0 sess\u00e3o de trabalho, aos materiais preparados pelos dinamizadores&nbsp;e a participa\u00e7\u00e3o&nbsp;no Relat\u00f3rio. <strong>O n\u00famero de participantes para cada oficina \u00e9 limitado<\/strong> <strong>a 15<\/strong>.<br><br><strong>Valor a pagar para validar a inscri\u00e7\u00e3o<\/strong><br>&#8211; Participa\u00e7\u00e3o presencial (com acesso a refor\u00e7o energ\u00e9tico* a meio da tarde) &#8211; 15,00\u20ac<br>&#8211; Participa\u00e7\u00e3o online &nbsp; &#8211; 10,00 \u20ac<br>* Pack de bolachas, fruta e \u00e1gua<\/p>\n\n\n\n<p class=\"has-text-align-right has-blue-color has-text-color\"><em>Para cada oficina haver\u00e1 um per\u00edodo espec\u00edfico para as inscri\u00e7\u00f5es. <\/em><br><em>Apenas as inscri\u00e7\u00f5es validadas com pagamento asseguram a presen\u00e7a na oficina. <\/em><br><strong>A inscri\u00e7\u00e3o est\u00e1 completa ap\u00f3s a rece\u00e7\u00e3o da confirma\u00e7\u00e3o do pagamento<\/strong>.<\/p>\n\n\n\n<p><strong>Inscri\u00e7\u00e3o gratuita para estudantes<br><\/strong>A inscri\u00e7\u00e3o gratuita para estudantes aplica-se a quaisquer estudantes de licenciatura, p\u00f3s-gradua\u00e7\u00e3o ou doutoramento. \u00c9 necess\u00e1rio o envio de documento comprovativo da condi\u00e7\u00e3o de estudante no ato de preenchimento do formul\u00e1rio de inscri\u00e7\u00e3o. <br><em><strong>Apenas ser\u00e3o consideradas v\u00e1lidas as inscri\u00e7\u00f5es que sejam acompanhadas de documento comprovativo.&nbsp;<\/strong><\/em><\/p>\n\n\n\n<h2 class=\"wp-block-heading\">Certificados <\/h2>\n\n\n\n<p>Todos participantes recebem um certificado de participa\u00e7\u00e3o.<\/p>\n\n\n\n<h2 class=\"wp-block-heading\">Acredita\u00e7\u00e3o <\/h2>\n\n\n\n<p><em>Algumas oficinas ser\u00e3o acreditadas para efeitos de forma\u00e7\u00e3o.<\/em><br><em>Mais informa\u00e7\u00e3o ser\u00e1 disponibilizada oportunamente.<\/em><\/p>\n\n\n\n<p><\/p>\n\n\n\n<h2 class=\"wp-block-heading\"><strong>Apoio t\u00e9cnico<\/strong>&nbsp;e colabora\u00e7\u00e3o na divulga\u00e7\u00e3o<\/h2>\n\n\n\n<p>A realiza\u00e7\u00e3o dos encontros conta com o apoio da ESECS-Polit\u00e9cnico de Leiria, nomeadamente:<\/p>\n\n\n\n<ul class=\"wp-block-list\"><li>Centro de Recursos Audiovisuais<\/li><li>Centro de Recursos de Multim\u00e9dia<\/li><li>Servi\u00e7os Inform\u00e1ticos<\/li><\/ul>\n\n\n\n<p>Adicionalmente, a divulga\u00e7\u00e3o dos encontros realiza-se em colabora\u00e7\u00e3o com o Gabinete de Rela\u00e7\u00f5es P\u00fablicas e Coopera\u00e7\u00e3o Internacional da ESECS-Polit\u00e9cnico de Leiria.<\/p>\n\n\n\n<p>A todos, o nosso muito obrigado!<\/p>\n\n\n\n<figure class=\"wp-block-image size-full\"><img loading=\"lazy\" decoding=\"async\" width=\"922\" height=\"73\" src=\"http:\/\/sites.ipleiria.pt\/discursoacademico\/files\/2021\/07\/cropped-logotipos.001-e1625662828232.jpeg\" alt=\"\" class=\"wp-image-49\" srcset=\"https:\/\/sites.ipleiria.pt\/discursoacademico\/files\/2021\/07\/cropped-logotipos.001-e1625662828232.jpeg 922w, https:\/\/sites.ipleiria.pt\/discursoacademico\/files\/2021\/07\/cropped-logotipos.001-e1625662828232-300x24.jpeg 300w, https:\/\/sites.ipleiria.pt\/discursoacademico\/files\/2021\/07\/cropped-logotipos.001-e1625662828232-768x61.jpeg 768w, https:\/\/sites.ipleiria.pt\/discursoacademico\/files\/2021\/07\/cropped-logotipos.001-e1625662828232-624x49.jpeg 624w\" sizes=\"auto, (max-width: 922px) 100vw, 922px\" \/><\/figure>\n","protected":false},"excerpt":{"rendered":"<p>As&nbsp;Oficinas&nbsp;de&nbsp;Trabalho&nbsp;sobre&nbsp;Discurso&nbsp;Acad\u00e9mico&nbsp;s\u00e3o&nbsp;eventos&nbsp;com a&nbsp;dura\u00e7\u00e3o&nbsp;de um&nbsp;dia,&nbsp;dedicados&nbsp;ao&nbsp;trabalho&nbsp;pr\u00e1tico&nbsp;sobre&nbsp;metodologia&nbsp;e&nbsp;an\u00e1lise&nbsp;lingu\u00edstica do discurso das pr\u00e1ticas&nbsp;discursivas&nbsp;acad\u00e9micas&nbsp;em&nbsp;l\u00edngua&nbsp;portuguesa. As oficinas realizam-se num formato misto: alguns participantes poder\u00e3o estar a trabalhar presencialmente na ESECS-Polit\u00e9cnico de Leiria e outros poder\u00e3o participar remotamente, via zoom. T\u00eam lugar ao s\u00e1bado e compreendem 6 horas de trabalho: das 9h30&nbsp;\u00e0s&nbsp;17h00,&nbsp;incluindo&nbsp;duas&nbsp;pequenas&nbsp;pausas&nbsp;para caf\u00e9 (manh\u00e3\/tarde)&nbsp;e uma&nbsp;pausa&nbsp;de 1h15m para&nbsp;almo\u00e7o.&nbsp;Realizam-se entre duas a tr\u00eas vezes por ano. [&hellip;]<\/p>\n","protected":false},"author":102,"featured_media":0,"parent":0,"menu_order":0,"comment_status":"closed","ping_status":"open","template":"","meta":{"ngg_post_thumbnail":0,"footnotes":""},"class_list":["post-2","page","type-page","status-publish","hentry"],"_links":{"self":[{"href":"https:\/\/sites.ipleiria.pt\/discursoacademico\/wp-json\/wp\/v2\/pages\/2","targetHints":{"allow":["GET"]}}],"collection":[{"href":"https:\/\/sites.ipleiria.pt\/discursoacademico\/wp-json\/wp\/v2\/pages"}],"about":[{"href":"https:\/\/sites.ipleiria.pt\/discursoacademico\/wp-json\/wp\/v2\/types\/page"}],"author":[{"embeddable":true,"href":"https:\/\/sites.ipleiria.pt\/discursoacademico\/wp-json\/wp\/v2\/users\/102"}],"replies":[{"embeddable":true,"href":"https:\/\/sites.ipleiria.pt\/discursoacademico\/wp-json\/wp\/v2\/comments?post=2"}],"version-history":[{"count":41,"href":"https:\/\/sites.ipleiria.pt\/discursoacademico\/wp-json\/wp\/v2\/pages\/2\/revisions"}],"predecessor-version":[{"id":277,"href":"https:\/\/sites.ipleiria.pt\/discursoacademico\/wp-json\/wp\/v2\/pages\/2\/revisions\/277"}],"wp:attachment":[{"href":"https:\/\/sites.ipleiria.pt\/discursoacademico\/wp-json\/wp\/v2\/media?parent=2"}],"curies":[{"name":"wp","href":"https:\/\/api.w.org\/{rel}","templated":true}]}}