{"id":272,"date":"2022-06-13T09:55:21","date_gmt":"2022-06-13T09:55:21","guid":{"rendered":"https:\/\/sites.ipleiria.pt\/discursoacademico\/?page_id=272"},"modified":"2022-06-13T10:17:29","modified_gmt":"2022-06-13T10:17:29","slug":"contactos","status":"publish","type":"page","link":"https:\/\/sites.ipleiria.pt\/discursoacademico\/contactos\/","title":{"rendered":"Contactos"},"content":{"rendered":"\n<h4 class=\"wp-block-heading\">PARA QUEST\u00d5ES RELACIONADAS COM CERTIFICADOS, INSCRI\u00c7\u00d5ES E PAGAMENTOS:<\/h4>\n\n\n\n<p>Contacte o Gabinete de Rela\u00e7\u00f5es P\u00fablicas e Coopera\u00e7\u00e3o Internacional da ESECS-Polit\u00e9cnico de Leiria:&nbsp;<a href=\"mailto:grpci.esecs@ipleiria.pt\">grpci.esecs@ipleiria.pt<\/a><\/p>\n\n\n\n<h4 class=\"wp-block-heading\">PARA INFORMA\u00c7\u00d5ES GERAIS SOBRE AS OFICINAS E QUEST\u00d5ES DE NATUREZA ACAD\u00c9MICA: <\/h4>\n\n\n\n<figure class=\"wp-block-table\"><table><tbody><tr><td><strong>Contactos<\/strong> <strong>do Grupo de Trabalho \u201cDiscurso e Pr\u00e1ticas Discursivas Acad\u00e9micas\u201d<\/strong><\/td><\/tr><tr><td>    <img decoding=\"async\" style=\"width: 200px\" src=\"http:\/\/sites.ipleiria.pt\/discursoacademico\/files\/2022\/06\/CELGA.png\" alt=\"\"> <br><strong>   Centro de Estudos de Lingu\u00edstica Geral e Aplicada da Universidade de Coimbra<br><\/strong>   Faculdade de Letras<br>   Largo da Porta F\u00e9rrea<br>   3004-530 COIMBRA<br><br>   (+351) 239 859 900 \/ Fax: (+351) 239 836 733<br><\/td><\/tr><tr><td><br>    <img decoding=\"async\" style=\"width: 100px\" src=\"https:\/\/sites.ipleiria.pt\/discursoacademico\/files\/2022\/06\/1626200883313-150x150.jpeg\" alt=\"\"> <br>   <strong>Investigadora respons\u00e1vel do GT DPDA<\/strong><br>   Marta Filipe Alexandre &#8211; <a href=\"mailto:marta.alexandre@ipleiria.pt\">marta.alexandre@ipleiria.pt<\/a><br><\/td><\/tr><\/tbody><\/table><\/figure>\n\n\n\n<figure class=\"wp-block-image size-full\"><img loading=\"lazy\" decoding=\"async\" width=\"922\" height=\"73\" src=\"http:\/\/sites.ipleiria.pt\/discursoacademico\/files\/2021\/07\/cropped-logotipos.001-e1625662828232.jpeg\" alt=\"\" class=\"wp-image-49\" srcset=\"https:\/\/sites.ipleiria.pt\/discursoacademico\/files\/2021\/07\/cropped-logotipos.001-e1625662828232.jpeg 922w, https:\/\/sites.ipleiria.pt\/discursoacademico\/files\/2021\/07\/cropped-logotipos.001-e1625662828232-300x24.jpeg 300w, https:\/\/sites.ipleiria.pt\/discursoacademico\/files\/2021\/07\/cropped-logotipos.001-e1625662828232-768x61.jpeg 768w, https:\/\/sites.ipleiria.pt\/discursoacademico\/files\/2021\/07\/cropped-logotipos.001-e1625662828232-624x49.jpeg 624w\" sizes=\"auto, (max-width: 922px) 100vw, 922px\" \/><\/figure>\n\n\n\n<p><\/p>\n","protected":false},"excerpt":{"rendered":"<p>PARA QUEST\u00d5ES RELACIONADAS COM CERTIFICADOS, INSCRI\u00c7\u00d5ES E PAGAMENTOS: Contacte o Gabinete de Rela\u00e7\u00f5es P\u00fablicas e Coopera\u00e7\u00e3o Internacional da ESECS-Polit\u00e9cnico de Leiria:&nbsp;grpci.esecs@ipleiria.pt PARA INFORMA\u00c7\u00d5ES GERAIS SOBRE AS OFICINAS E QUEST\u00d5ES DE NATUREZA ACAD\u00c9MICA: Contactos do Grupo de Trabalho \u201cDiscurso e Pr\u00e1ticas Discursivas Acad\u00e9micas\u201d Centro de Estudos de Lingu\u00edstica Geral e Aplicada da Universidade de Coimbra Faculdade [&hellip;]<\/p>\n","protected":false},"author":3183,"featured_media":0,"parent":0,"menu_order":0,"comment_status":"closed","ping_status":"closed","template":"","meta":{"ngg_post_thumbnail":0,"footnotes":""},"class_list":["post-272","page","type-page","status-publish","hentry"],"_links":{"self":[{"href":"https:\/\/sites.ipleiria.pt\/discursoacademico\/wp-json\/wp\/v2\/pages\/272","targetHints":{"allow":["GET"]}}],"collection":[{"href":"https:\/\/sites.ipleiria.pt\/discursoacademico\/wp-json\/wp\/v2\/pages"}],"about":[{"href":"https:\/\/sites.ipleiria.pt\/discursoacademico\/wp-json\/wp\/v2\/types\/page"}],"author":[{"embeddable":true,"href":"https:\/\/sites.ipleiria.pt\/discursoacademico\/wp-json\/wp\/v2\/users\/3183"}],"replies":[{"embeddable":true,"href":"https:\/\/sites.ipleiria.pt\/discursoacademico\/wp-json\/wp\/v2\/comments?post=272"}],"version-history":[{"count":7,"href":"https:\/\/sites.ipleiria.pt\/discursoacademico\/wp-json\/wp\/v2\/pages\/272\/revisions"}],"predecessor-version":[{"id":289,"href":"https:\/\/sites.ipleiria.pt\/discursoacademico\/wp-json\/wp\/v2\/pages\/272\/revisions\/289"}],"wp:attachment":[{"href":"https:\/\/sites.ipleiria.pt\/discursoacademico\/wp-json\/wp\/v2\/media?parent=272"}],"curies":[{"name":"wp","href":"https:\/\/api.w.org\/{rel}","templated":true}]}}