{"id":33,"date":"2021-07-07T12:53:40","date_gmt":"2021-07-07T12:53:40","guid":{"rendered":"https:\/\/sites.ipleiria.pt\/discursoacademico\/?page_id=33"},"modified":"2022-03-28T08:11:53","modified_gmt":"2022-03-28T08:11:53","slug":"publicacoes","status":"publish","type":"page","link":"https:\/\/sites.ipleiria.pt\/discursoacademico\/publicacoes\/","title":{"rendered":"Publica\u00e7\u00f5es"},"content":{"rendered":"\n<p>Na sequ\u00eancia de cada oficina, est\u00e1 prevista a publica\u00e7\u00e3o um Relat\u00f3rio de Oficina (em formato digital), de autoria coletiva dos participantes, por meio do qual se procurar\u00e1 documentar as metodologias e an\u00e1lises empreendidas.&nbsp;<br>Pretende-se que cada Relat\u00f3rio tenha o seu ISBN e fique dispon\u00edvel em acesso livre nesta p\u00e1gina.<\/p>\n\n\n\n<p><\/p>\n\n\n\n<div class=\"wp-block-group\"><div class=\"wp-block-group__inner-container is-layout-flow wp-block-group-is-layout-flow\">\n<div class=\"wp-block-columns is-layout-flex wp-container-core-columns-is-layout-2 wp-block-columns-is-layout-flex\">\n<div class=\"wp-block-column is-layout-flow wp-block-column-is-layout-flow\" style=\"flex-basis:100%\">\n<div class=\"wp-block-group\"><div class=\"wp-block-group__inner-container is-layout-flow wp-block-group-is-layout-flow\">\n<div class=\"wp-block-columns is-layout-flex wp-container-core-columns-is-layout-1 wp-block-columns-is-layout-flex\">\n<div class=\"wp-block-column is-layout-flow wp-block-column-is-layout-flow\" style=\"flex-basis:33.33%\">\n<figure class=\"wp-block-image size-large\"><img loading=\"lazy\" decoding=\"async\" width=\"1024\" height=\"539\" src=\"https:\/\/sites.ipleiria.pt\/discursoacademico\/files\/2021\/11\/respositorio2-4-1024x539.png\" alt=\"\" class=\"wp-image-179\" srcset=\"https:\/\/sites.ipleiria.pt\/discursoacademico\/files\/2021\/11\/respositorio2-4-1024x539.png 1024w, https:\/\/sites.ipleiria.pt\/discursoacademico\/files\/2021\/11\/respositorio2-4-300x158.png 300w, https:\/\/sites.ipleiria.pt\/discursoacademico\/files\/2021\/11\/respositorio2-4-768x404.png 768w, https:\/\/sites.ipleiria.pt\/discursoacademico\/files\/2021\/11\/respositorio2-4-624x329.png 624w, https:\/\/sites.ipleiria.pt\/discursoacademico\/files\/2021\/11\/respositorio2-4.png 1069w\" sizes=\"auto, (max-width: 1024px) 100vw, 1024px\" \/><\/figure>\n<\/div>\n\n\n\n<div class=\"wp-block-column is-layout-flow wp-block-column-is-layout-flow\" style=\"flex-basis:66.66%\">\n<p><strong>O Relat\u00f3rio da <a href=\"https:\/\/sites.ipleiria.pt\/discursoacademico\/oficina-de-trabalho-1\/\">1.\u00aa Oficina<\/a> est\u00e1 <a href=\"http:\/\/hdl.handle.net\/10400.8\/6827\" data-type=\"URL\" data-id=\"http:\/\/hdl.handle.net\/10400.8\/6827\" target=\"_blank\" rel=\"noreferrer noopener\">dispon\u00edvel em acesso livre<\/a> no Reposit\u00f3rio Institucional de Informa\u00e7\u00e3o Cient\u00edfica do Instituto Polit\u00e9cnico de Leiria<\/strong>: <a href=\"http:\/\/hdl.handle.net\/10400.8\/6827\" data-type=\"URL\" data-id=\"http:\/\/hdl.handle.net\/10400.8\/6827\" target=\"_blank\" rel=\"noreferrer noopener\">clique aqui<\/a>.<\/p>\n\n\n\n<figure class=\"wp-block-image size-full is-resized is-style-default\"><a href=\"http:\/\/hdl.handle.net\/10400.8\/6827\"><img loading=\"lazy\" decoding=\"async\" src=\"https:\/\/sites.ipleiria.pt\/discursoacademico\/files\/2022\/03\/Captura-de-ecra\u0303-2022-03-28-a\u0300s-09.10.58.png\" alt=\"Capa do Relat\u00f3rio da 1.\u00aa Oficina de Trabalho sobre Discurso Acad\u00e9mico\" class=\"wp-image-260\" width=\"298\" height=\"419\" srcset=\"https:\/\/sites.ipleiria.pt\/discursoacademico\/files\/2022\/03\/Captura-de-ecra\u0303-2022-03-28-a\u0300s-09.10.58.png 397w, https:\/\/sites.ipleiria.pt\/discursoacademico\/files\/2022\/03\/Captura-de-ecra\u0303-2022-03-28-a\u0300s-09.10.58-213x300.png 213w\" sizes=\"auto, (max-width: 298px) 100vw, 298px\" \/><\/a><\/figure>\n<\/div>\n<\/div>\n<\/div><\/div>\n<\/div>\n<\/div>\n<\/div><\/div>\n\n\n\n<figure class=\"wp-block-image size-large\"><img loading=\"lazy\" decoding=\"async\" width=\"922\" height=\"73\" src=\"http:\/\/sites.ipleiria.pt\/discursoacademico\/files\/2021\/07\/cropped-logotipos.001-e1625662828232.jpeg\" alt=\"\" class=\"wp-image-49\" srcset=\"https:\/\/sites.ipleiria.pt\/discursoacademico\/files\/2021\/07\/cropped-logotipos.001-e1625662828232.jpeg 922w, https:\/\/sites.ipleiria.pt\/discursoacademico\/files\/2021\/07\/cropped-logotipos.001-e1625662828232-300x24.jpeg 300w, https:\/\/sites.ipleiria.pt\/discursoacademico\/files\/2021\/07\/cropped-logotipos.001-e1625662828232-768x61.jpeg 768w, https:\/\/sites.ipleiria.pt\/discursoacademico\/files\/2021\/07\/cropped-logotipos.001-e1625662828232-624x49.jpeg 624w\" sizes=\"auto, (max-width: 922px) 100vw, 922px\" \/><\/figure>\n\n\n\n<p><\/p>\n","protected":false},"excerpt":{"rendered":"<p>Na sequ\u00eancia de cada oficina, est\u00e1 prevista a publica\u00e7\u00e3o um Relat\u00f3rio de Oficina (em formato digital), de autoria coletiva dos participantes, por meio do qual se procurar\u00e1 documentar as metodologias e an\u00e1lises empreendidas.&nbsp;Pretende-se que cada Relat\u00f3rio tenha o seu ISBN e fique dispon\u00edvel em acesso livre nesta p\u00e1gina. O Relat\u00f3rio da 1.\u00aa Oficina est\u00e1 dispon\u00edvel [&hellip;]<\/p>\n","protected":false},"author":3183,"featured_media":0,"parent":0,"menu_order":0,"comment_status":"closed","ping_status":"closed","template":"","meta":{"ngg_post_thumbnail":0,"footnotes":""},"class_list":["post-33","page","type-page","status-publish","hentry"],"_links":{"self":[{"href":"https:\/\/sites.ipleiria.pt\/discursoacademico\/wp-json\/wp\/v2\/pages\/33","targetHints":{"allow":["GET"]}}],"collection":[{"href":"https:\/\/sites.ipleiria.pt\/discursoacademico\/wp-json\/wp\/v2\/pages"}],"about":[{"href":"https:\/\/sites.ipleiria.pt\/discursoacademico\/wp-json\/wp\/v2\/types\/page"}],"author":[{"embeddable":true,"href":"https:\/\/sites.ipleiria.pt\/discursoacademico\/wp-json\/wp\/v2\/users\/3183"}],"replies":[{"embeddable":true,"href":"https:\/\/sites.ipleiria.pt\/discursoacademico\/wp-json\/wp\/v2\/comments?post=33"}],"version-history":[{"count":11,"href":"https:\/\/sites.ipleiria.pt\/discursoacademico\/wp-json\/wp\/v2\/pages\/33\/revisions"}],"predecessor-version":[{"id":262,"href":"https:\/\/sites.ipleiria.pt\/discursoacademico\/wp-json\/wp\/v2\/pages\/33\/revisions\/262"}],"wp:attachment":[{"href":"https:\/\/sites.ipleiria.pt\/discursoacademico\/wp-json\/wp\/v2\/media?parent=33"}],"curies":[{"name":"wp","href":"https:\/\/api.w.org\/{rel}","templated":true}]}}