{"id":10,"date":"2012-11-21T17:22:16","date_gmt":"2012-11-21T17:22:16","guid":{"rendered":"http:\/\/sites.ipleiria.pt\/eclub\/?page_id=10"},"modified":"2012-12-07T16:46:02","modified_gmt":"2012-12-07T16:46:02","slug":"home","status":"publish","type":"page","link":"https:\/\/sites.ipleiria.pt\/eclub\/","title":{"rendered":"Home"},"content":{"rendered":"<p style=\"text-align: justify\"><strong>Bem vindo ao Clube de\u00a0Eletr\u00f3nica\u00a0do DEE &#8211; ESTG!<\/strong><\/p>\n<p style=\"text-align: justify\">Este clube virtual pretende\u00a0incentivar a participa\u00e7\u00e3o de professores e estudantes, na implementa\u00e7\u00e3o e divulga\u00e7\u00e3o de projetos eletr\u00f3nicos nas mais diversas \u00e1reas, bem como estimular os\u00a0estudantes na implementa\u00e7\u00e3o de circuitos propostos pelos docentes.\u00a0Para al\u00e9m da divulga\u00e7\u00e3o de\u00a0projetos eletr\u00f3nicos que podem ser \u00fateis, n\u00e3o s\u00f3 aos\u00a0estudantes do Departamento de Eng.\u00a0Eletrot\u00e9cnica como a\u00a0toda a comunidade da ESTG e\/ou IPLEIRIA, este clube virtual pretende estimular o trabalho em\u00a0equipa entre os participantes.\u00a0Para pertencer ao clube basta que te registes na p\u00e1gina (vai a &#8220;login&#8221; na lateral da p\u00e1gina).<\/p>\n<p style=\"text-align: justify\">Se quiseres divulgar os teus projetos, envia um documento com a descri\u00e7\u00e3o do circuito, incluindo esquem\u00e1ticos, fotografias, resultados, coment\u00e1rios, etc. para monica.figueiredo@ipleiria.pt. Depois \u00e9 s\u00f3 esperar alguns dias e o teu projeto ficar\u00e1 dispon\u00edvel na p\u00e1gina para todos!<\/p>\n<p style=\"text-align: justify\">Para implementares os teus circuitos, podes requisitar o material que precisas no Centro de Eletr\u00f3nica e usar a Sala de Apoio Laboratorial. No entanto, se quiseres montar o teu laborat\u00f3rio de eletr\u00f3nica em casa e ter o teu pr\u00f3prio material, a Sonigate, em parceria com a ESTG, disponibiliza-te alguns Kits de Eletr\u00f3nica a custo reduzido. V\u00ea <a href=\"http:\/\/sites.ipleiria.pt\/eclub\/kits-sonigate\/\">aqui<\/a>\u00a0mais informa\u00e7\u00e3o e como deves proceder se quiseres comparar um destes Kits.<\/p>\n<p style=\"text-align: justify\"><strong>Log\u00f3tipo<\/strong>: O Clube ainda n\u00e3o tem log\u00f3tipo! Em breve vamos lan\u00e7ar um concurso de ideias&#8230; podes j\u00e1 come\u00e7ar a pensar nisto. Para al\u00e9m de poderes ver o teu log\u00f3tipo na p\u00e1gina e em todos os eventos do clube, haver\u00e1 um grande pr\u00e9mio para a ideia vencedora!<\/p>\n<p style=\"text-align: justify\"><strong>Responsabilidade:<\/strong>\u00a0Os textos e circuitos publicados neste site s\u00e3o da total\u00a0responsabilidade dos seu autores.<\/p>\n<p style=\"text-align: justify\"><strong>Agradecimentos:<\/strong>\u00a0Agradecemos a todos aqueles que desejem colaborar, atrav\u00e9s do envio de ideias de projetos e\/ou corre\u00e7\u00f5es e coment\u00e1rios aos circuitos publicados.<\/p>\n","protected":false},"excerpt":{"rendered":"<p>Bem vindo ao Clube de\u00a0Eletr\u00f3nica\u00a0do DEE &#8211; ESTG! Este clube virtual pretende\u00a0incentivar a participa\u00e7\u00e3o de professores e estudantes, na implementa\u00e7\u00e3o e divulga\u00e7\u00e3o de projetos eletr\u00f3nicos nas mais diversas \u00e1reas, bem como estimular os\u00a0estudantes na implementa\u00e7\u00e3o de circuitos propostos pelos docentes.\u00a0Para &hellip; <a href=\"https:\/\/sites.ipleiria.pt\/eclub\/\">Continue reading <span class=\"meta-nav\">&rarr;<\/span><\/a><\/p>\n","protected":false},"author":1176,"featured_media":0,"parent":0,"menu_order":0,"comment_status":"open","ping_status":"open","template":"sidebar-page.php","meta":{"footnotes":""},"class_list":["post-10","page","type-page","status-publish","hentry"],"_links":{"self":[{"href":"https:\/\/sites.ipleiria.pt\/eclub\/wp-json\/wp\/v2\/pages\/10","targetHints":{"allow":["GET"]}}],"collection":[{"href":"https:\/\/sites.ipleiria.pt\/eclub\/wp-json\/wp\/v2\/pages"}],"about":[{"href":"https:\/\/sites.ipleiria.pt\/eclub\/wp-json\/wp\/v2\/types\/page"}],"author":[{"embeddable":true,"href":"https:\/\/sites.ipleiria.pt\/eclub\/wp-json\/wp\/v2\/users\/1176"}],"replies":[{"embeddable":true,"href":"https:\/\/sites.ipleiria.pt\/eclub\/wp-json\/wp\/v2\/comments?post=10"}],"version-history":[{"count":34,"href":"https:\/\/sites.ipleiria.pt\/eclub\/wp-json\/wp\/v2\/pages\/10\/revisions"}],"predecessor-version":[{"id":335,"href":"https:\/\/sites.ipleiria.pt\/eclub\/wp-json\/wp\/v2\/pages\/10\/revisions\/335"}],"wp:attachment":[{"href":"https:\/\/sites.ipleiria.pt\/eclub\/wp-json\/wp\/v2\/media?parent=10"}],"curies":[{"name":"wp","href":"https:\/\/api.w.org\/{rel}","templated":true}]}}